{"id":2637,"date":"2023-02-22T21:47:06","date_gmt":"2023-02-23T03:47:06","guid":{"rendered":"https:\/\/tecsecmty.com\/index.php\/producto\/dahua-hfw1200t-36-camara-bullet-hdcvi-1080p-90-grados-de-apertura-lente-fijo-de-3-6mm-ir-30-mts-ip67-metalica-tvi-ahd-y-cbvs\/"},"modified":"2023-03-22T23:22:45","modified_gmt":"2023-03-23T05:22:45","slug":"dahua-hfw1200t-36-camara-bullet-hdcvi-1080p-90-grados-de-apertura-lente-fijo-de-3-6mm-ir-30-mts-ip67-metalica-tvi-ahd-y-cbvs","status":"publish","type":"product","link":"https:\/\/tecsecmty.com\/index.php\/producto\/dahua-hfw1200t-36-camara-bullet-hdcvi-1080p-90-grados-de-apertura-lente-fijo-de-3-6mm-ir-30-mts-ip67-metalica-tvi-ahd-y-cbvs\/","title":{"rendered":"DAHUA HFW1200T-36- Camara Bullet HDCVI 1080p\/ 90 Grados de Apertura\/ Lente Fijo de 3.6mm\/ IR 30 Mts\/ IP67\/ Metalica\/ TVI AHD y CBVS\/"},"content":{"rendered":"<div class=\"row aling-items-center padding-bottom-2x\">\n<div class=\"col-lg-12\">\n<h5 class=\"card-title text-center\">Informaci\u00f3n General<\/h5>\n<p class=\"ql-align-justify\">El modelo\u00a0<strong>HFW1200T36<\/strong>\u00a0es una c\u00e1mara\u00a0de resoluci\u00f3n\u00a0<strong>1080P<\/strong>\u00a0(1920&#215;1080). que cuenta con un potente chipset que incorpora un sensor avanzado para proporcionar una excelente calidad en la imagen con colores vivos y abundantes detalles, tambi\u00e9n obtendremos un \u00e1ngulo de visi\u00f3n m\u00e1s amplio.<\/p>\n<p class=\"ql-align-justify\">Una de las ventajas que nos proporciona este modelo es que tendremos una visi\u00f3n de\u00a0<strong>90 grados<\/strong>\u00a0con su lente de\u00a0<strong>3.6 mm<\/strong>. Otra caracter\u00edsticas es a prueba de agua con \u00edndice de protecci\u00f3n\u00a0<strong>IP67<\/strong>\u00a0lo que le permite ser utilizada para el exterior, ya que esta dise\u00f1ada para que no ingrese polvo y agua.<\/p>\n<p><img decoding=\"async\" class=\"overview-center-img-web\" src=\"https:\/\/tvc.mx\/media\/441379\/camara-bullet-hdcvi-1080p-lente-fijo-3.6-ir-30-m--HFW1200T-dahua.png\" alt=\"\" \/><\/div>\n<\/div>\n<div class=\"row align-items-center padding-bottom-2x\">\n<div class=\"col-md-5 order-md-2\"><img decoding=\"async\" class=\"d-block m-auto img-thumbnail\" src=\"https:\/\/tvc.mx\/media\/441383\/Multiformatos-dahua.png\" alt=\" \" \/><\/div>\n<div class=\"col-md-7 order-md-1 text-md-left text-center\">\n<h2>M\u00faltiples Formatos de Video<\/h2>\n<p class=\"text-muted\">\n<p class=\"ql-align-justify\">La c\u00e1mara admite m\u00faltiples formatos de video, incluyendo HDCVI, CVBS y otros dos formatos anal\u00f3gicos HD comunes en el mercado. Los cuatro formatos se pueden cambiar a trav\u00e9s del men\u00fa OSD o mediante PFM820 (controlador UTC). Esta funci\u00f3n hace que la c\u00e1mara sea compatible con la mayor\u00eda de los DVR HD \/ SD existentes de los usuarios finales.<\/p>\n<p>&nbsp;<\/p>\n<\/div>\n<\/div>\n<hr class=\"padding-bottom-2x\" \/>\n<div class=\"row align-items-center padding-bottom-2x\">\n<div class=\"col-md-5\"><img decoding=\"async\" class=\"d-block m-auto img-thumbnail\" src=\"https:\/\/tvc.mx\/media\/441387\/Smart-IR-Dahua.png\" alt=\" \" \/><\/div>\n<div class=\"col-md-7 text-md-left text-center\">\n<h2>IR Inteligente<\/h2>\n<p class=\"text-muted\">\n<p class=\"ql-align-justify\">La c\u00e1mara est\u00e1 dise\u00f1ada con iluminaci\u00f3n infrarroja LED microcristalina para un mejor rendimiento con poca luz. Smart IR es una tecnolog\u00eda para garantizar la uniformidad de brillo en im\u00e1genes B \/ W en condiciones de baja iluminaci\u00f3n. El Smart IR exclusivo de Dahua se ajusta a la intensidad de los LED infrarrojos de la c\u00e1mara para compensar la distancia de un objeto, y evita que los LEDs IR excedan la exposici\u00f3n de las im\u00e1genes cuando el objeto se acerca a la c\u00e1mara.<\/p>\n<p>&nbsp;<\/p>\n<\/div>\n<\/div>\n<hr class=\"padding-bottom-2x\" \/>\n<div class=\"row align-items-center padding-bottom-2x\">\n<div class=\"col-md-5 order-md-2\"><img decoding=\"async\" class=\"d-block m-auto img-thumbnail\" src=\"https:\/\/tvc.mx\/media\/441391\/OSD-Dahua.png\" alt=\" \" \/><\/div>\n<div class=\"col-md-7 order-md-1 text-md-left text-center\">\n<h2>Menu OSD Multi-lenguaje<\/h2>\n<p class=\"text-muted\">\n<p class=\"ql-align-justify\">El men\u00fa OSD proporciona m\u00faltiples ajustes de im\u00e1gen y configuraciones de funci\u00f3n para cumplir con los requisitos de diferentes escenas de monitoreo. El men\u00fa OSD incluye confguraciones como modo de luz de fondo, d\u00eda \/ noche, balance de blancos, m\u00e1scara de privacidad y detecci\u00f3n de movimiento. La c\u00e1mara admite 11 idiomas para el men\u00fa OSD, chino, ingl\u00e9s, franc\u00e9s, alem\u00e1n, espa\u00f1ol, portugu\u00e9s, italiano, japon\u00e9s, coreano, ruso y polaco.<\/p>\n<p>&nbsp;<\/p>\n<\/div>\n<\/div>\n<hr class=\"padding-bottom-2x\" \/>\n<div class=\"row align-items-center padding-bottom-2x\">\n<div class=\"col-md-5\"><img decoding=\"async\" class=\"d-block m-auto img-thumbnail\" src=\"https:\/\/tvc.mx\/media\/441395\/IP67-dahua.png\" alt=\" \" \/><\/div>\n<div class=\"col-md-7 text-md-left text-center\">\n<h2>Protecci\u00f3n<\/h2>\n<p class=\"text-muted\">\n<p class=\"ql-align-justify\">La excelente fiabilidad de la c\u00e1mara es insuperable debido a su dise\u00f1o robusto. La c\u00e1mara est\u00e1 protegida contra agua y el polvo con la clasificaci\u00f3n\u00a0<strong>IP67<\/strong>, lo que la hace adecuada para ambientes interiores o exteriores, adem\u00e1s soporta un rango de temperatura de trabajo de -40 \u00b0 C a +60 \u00b0 C (-40 \u00b0 F a +140 \u00b0 F).<\/p>\n<p>Con una tolerancia de voltaje de entrada de \u00b1 30%, esta c\u00e1mara se adapta incluso a la mayor\u00eda de condiciones inestables de alimentaci\u00f3n. Su velocidad de rayo de\u00a0<strong>4KV<\/strong>\u00a0proporciona protecci\u00f3n a los efectos de los rayos.<\/p>\n<p>&nbsp;<\/p>\n<\/div>\n<\/div>\n<hr class=\"padding-bottom-2x\" \/>\n<div class=\"row align-items-center padding-bottom-2x\">\n<div class=\"col-md-5 order-md-2\"><img decoding=\"async\" class=\"d-block m-auto img-thumbnail\" src=\"https:\/\/tvc.mx\/media\/441399\/camara-bullet-hdcvi-1080p-lente-fijo-3.6-ir-30-m--HFW1200T-dahua-caracteristicas.png\" alt=\" \" \/><\/div>\n<div class=\"col-md-7 order-md-1 text-md-left text-center\">\n<h2>Principales Caracter\u00edsticas<\/h2>\n<p class=\"text-muted\">\n<ul>\n<li>D-WDR &#8211; Amplio rango din\u00e1mico de la iluminaci\u00f3n<\/li>\n<li>2D-DNR &#8211; Reducci\u00f3n digital de ruido en la imagen<\/li>\n<li>F-DNR (Defog) &#8211; Reducci\u00f3n de ruido debido a las precipitaciones<\/li>\n<li>BLC\/HLC &#8211; compensaci\u00f3n de luz de fondo \/ luz alta<\/li>\n<li>Modo d\u00eda\/noche<\/li>\n<li>ICR &#8211; Filtro mec\u00e1nico de infrarrojos<\/li>\n<li>Balance de blancos autom\u00e1tico<\/li>\n<li>AGC &#8211; Ajuste autom\u00e1tico de la ganancia de la imagen<\/li>\n<li>Mirror &#8211; Imagen de espejo<\/li>\n<li>Sharpness &#8211; Enfoque de los contornos de la imagen<\/li>\n<li>Zonas de privacidad &#8211; hasta 8<\/li>\n<\/ul>\n<p>&nbsp;<\/p>\n<\/div>\n<\/div>\n<hr class=\"padding-bottom-2x\" \/>\n<div class=\"row align-items-center padding-bottom-2x\">\n<div class=\"col-md-5\"><img decoding=\"async\" class=\"d-block m-auto img-thumbnail\" src=\"https:\/\/tvc.mx\/media\/441403\/camara-bullet-hdcvi-1080p-lente-fijo-3.6-ir-30-m--HFW1200T-dahua-especificaciones.png\" alt=\" \" \/><\/div>\n<div class=\"col-md-7 text-md-left text-center\">\n<h2>Especificaciones<\/h2>\n<p class=\"text-muted\">\n<ul>\n<li>1\/2.7\u00a0\u00bb Progressive Scan CMOS<\/li>\n<li>2 megap\u00edxeles<\/li>\n<li>Lente fijo 3.6mm<\/li>\n<li>Punto de vista 103\u00b0<\/li>\n<li>Rango del iluminador IR:30\u00a0m<\/li>\n<li>Ajuste de potencia del iluminador IR: Autom\u00e1tico<\/li>\n<li>Salida de v\u00eddeo:\u00a0AHD\u00a0\/\u00a0HD-CVI\u00a0\/\u00a0HD-TVI\u00a0\/\u00a0PAL, 1\u00a0Vpp<\/li>\n<li>Alimentaci\u00f3n:12\u00a0V\u00a0DC\u00a0\/ 275\u00a0mA<\/li>\n<li>Carcasa: Metal<\/li>\n<li>Grado de protecci\u00f3n:\u00a0IP67<\/li>\n<\/ul>\n<\/div>\n<\/div>\n","protected":false},"excerpt":{"rendered":"<p>Informaci\u00f3n General El modelo\u00a0HFW1200T36\u00a0es una c\u00e1mara\u00a0de resoluci\u00f3n\u00a01080P\u00a0(1920&#215;1080). que cuenta con un potente chipset que incorpora un sensor avanzado para proporcionar una excelente calidad en la imagen con colores vivos y abundantes detalles, tambi\u00e9n obtendremos un \u00e1ngulo de visi\u00f3n m\u00e1s amplio. Una de las ventajas que&hellip;<\/p>\n","protected":false},"featured_media":2636,"comment_status":"open","ping_status":"closed","template":"","meta":{"om_disable_all_campaigns":false,"_monsterinsights_skip_tracking":false,"_monsterinsights_sitenote_active":false,"_monsterinsights_sitenote_note":"","_monsterinsights_sitenote_category":0},"product_brand":[],"product_cat":[164],"product_tag":[42,165,166,151],"class_list":{"0":"post-2637","1":"product","2":"type-product","3":"status-publish","4":"has-post-thumbnail","6":"product_cat-bullet-camaras-cctv-hd","7":"product_tag-camaras","8":"product_tag-camaras-cctv-hd","9":"product_tag-cctv","10":"product_tag-seguridad","12":"first","13":"instock","14":"sale","15":"taxable","16":"shipping-taxable","17":"purchasable","18":"product-type-simple"},"aioseo_notices":[],"_links":{"self":[{"href":"https:\/\/tecsecmty.com\/index.php\/wp-json\/wp\/v2\/product\/2637","targetHints":{"allow":["GET"]}}],"collection":[{"href":"https:\/\/tecsecmty.com\/index.php\/wp-json\/wp\/v2\/product"}],"about":[{"href":"https:\/\/tecsecmty.com\/index.php\/wp-json\/wp\/v2\/types\/product"}],"replies":[{"embeddable":true,"href":"https:\/\/tecsecmty.com\/index.php\/wp-json\/wp\/v2\/comments?post=2637"}],"version-history":[{"count":0,"href":"https:\/\/tecsecmty.com\/index.php\/wp-json\/wp\/v2\/product\/2637\/revisions"}],"wp:featuredmedia":[{"embeddable":true,"href":"https:\/\/tecsecmty.com\/index.php\/wp-json\/wp\/v2\/media\/2636"}],"wp:attachment":[{"href":"https:\/\/tecsecmty.com\/index.php\/wp-json\/wp\/v2\/media?parent=2637"}],"wp:term":[{"taxonomy":"product_brand","embeddable":true,"href":"https:\/\/tecsecmty.com\/index.php\/wp-json\/wp\/v2\/product_brand?post=2637"},{"taxonomy":"product_cat","embeddable":true,"href":"https:\/\/tecsecmty.com\/index.php\/wp-json\/wp\/v2\/product_cat?post=2637"},{"taxonomy":"product_tag","embeddable":true,"href":"https:\/\/tecsecmty.com\/index.php\/wp-json\/wp\/v2\/product_tag?post=2637"}],"curies":[{"name":"wp","href":"https:\/\/api.w.org\/{rel}","templated":true}]}}