{"id":2641,"date":"2023-02-22T21:47:11","date_gmt":"2023-02-23T03:47:11","guid":{"rendered":"https:\/\/tecsecmty.com\/index.php\/producto\/dahua-hfw1509t-a-led-camara-bullet-full-color-de-5-megapixeles-lente-de-3-6-mm-microfono-integrado-leds-para-20-metros-metalica-wdr-de-120-db-ip67-promofullcolor\/"},"modified":"2023-03-22T23:22:45","modified_gmt":"2023-03-23T05:22:45","slug":"dahua-hfw1509t-a-led-camara-bullet-full-color-de-5-megapixeles-lente-de-3-6-mm-microfono-integrado-leds-para-20-metros-metalica-wdr-de-120-db-ip67-promofullcolor","status":"publish","type":"product","link":"https:\/\/tecsecmty.com\/index.php\/producto\/dahua-hfw1509t-a-led-camara-bullet-full-color-de-5-megapixeles-lente-de-3-6-mm-microfono-integrado-leds-para-20-metros-metalica-wdr-de-120-db-ip67-promofullcolor\/","title":{"rendered":"DAHUA HFW1509T-A-LED &#8211; C\u00e1mara Bullet Full Color de 5 Megapixeles\/ Lente de 3.6 mm\/ Micr\u00f3fono Integrado\/ Leds para 20 Metros\/ Metalica\/ WDR de 120 dB\/ IP67\/ #PromoFullColor"},"content":{"rendered":"<div class=\"row aling-items-center padding-bottom-2x\">\n<div class=\"col-lg-12\">\n<h5 class=\"card-title text-center\">Informaci\u00f3n General<\/h5>\n<p>El modelo\u00a0<strong>HFW1509T-A-LED<\/strong>\u00a0es una c\u00e1mara bullet de\u00a0<strong>5MP<\/strong>\u00a0de resoluci\u00f3n,con la cual podemos apreciar una imagen con mayor nitidez, brillo y claridad . Este modelo incorpora un lente de\u00a0<strong>3.6 mm<\/strong>, cuenta con la tecnolog\u00eda Full Color, esta nos permite obtener un rendimiento excepcional ideal para la visualizaci\u00f3n y reproducci\u00f3n de im\u00e1genes bajo condiciones de poca iluminaci\u00f3n. Cuenta con funciones especiales para cambios de iluminaci\u00f3n como lo es el DWDR .<\/p>\n<p><img decoding=\"async\" class=\"overview-center-img-web\" src=\"https:\/\/tvc.mx\/media\/441995\/camara-bullet-full-color-microfono-integrado-WDR-HAC-HFW1509TN-A-LED-dahua.png\" alt=\"\" \/><\/div>\n<\/div>\n<div class=\"row align-items-center padding-bottom-2x\">\n<div class=\"col-md-5 order-md-2\"><img decoding=\"async\" class=\"d-block m-auto img-thumbnail\" src=\"https:\/\/tvc.mx\/media\/441531\/full-color-dahua.png\" alt=\" \" \/><\/div>\n<div class=\"col-md-7 order-md-1 text-md-left text-center\">\n<h2>Full Color<\/h2>\n<p class=\"text-muted\">\n<p>Esta tecnolog\u00eda nos permite obtener un\u00a0rendimiento excepcional ideal para la visualizaci\u00f3n y reproducci\u00f3n\u00a0de im\u00e1genes bajo condiciones de poca iluminaci\u00f3n, tanto en condiciones de contraluz extremo como en la obscuridad. Las c\u00e1maras Full Color nos permite tener un monitoreo 24\/7, para recopilaci\u00f3n de datos crom\u00e1ticos.<\/p>\n<p>&nbsp;<\/p>\n<\/div>\n<\/div>\n<hr class=\"padding-bottom-2x\" \/>\n<div class=\"row align-items-center padding-bottom-2x\">\n<div class=\"col-md-5\"><img decoding=\"async\" class=\"d-block m-auto img-thumbnail\" src=\"https:\/\/tvc.mx\/media\/441535\/luces-suplementaria-Dahua.png\" alt=\" \" \/><\/div>\n<div class=\"col-md-7 text-md-left text-center\">\n<h2>Luz Suplementaria C\u00e1lida<\/h2>\n<p class=\"text-muted\">\n<p>Con una c\u00e1lida luz LED suplementaria hasta 20 mts. , la c\u00e1mara puede proporcionar una imagen a color v\u00edvida incluso en la oscuridad total. Por defecto, la c\u00e1mara\u00a0<strong>HFW1509T-A-LED<\/strong>\u00a0esta configurada en modo de luz inteligente, en el que la c\u00e1mara puede ajustarse autom\u00e1ticamente el tiempo de exposici\u00f3n y la sensibilidad a la luz simult\u00e1neamentey as\u00ed evitar la sobre-exposici\u00f3n de los objetos en el centro de la imagen. Adem\u00e1s, la sensibilidad y La intensidad de las luces LED se puede controlar de forma remota mediante el men\u00fa OSD.<\/p>\n<p>&nbsp;<\/p>\n<\/div>\n<\/div>\n<hr class=\"padding-bottom-2x\" \/>\n<div class=\"row align-items-center padding-bottom-2x\">\n<div class=\"col-md-5 order-md-2\"><img decoding=\"async\" class=\"d-block m-auto img-thumbnail\" src=\"https:\/\/tvc.mx\/media\/441539\/audios-de-calidad-dahua.png\" alt=\" \" \/><\/div>\n<div class=\"col-md-7 order-md-1 text-md-left text-center\">\n<h2>Transmisi\u00f3n de Audio de Calidad<\/h2>\n<p class=\"text-muted\">\n<p>La c\u00e1mara cuenta con un micr\u00f3fono incorporado que admite la transmisi\u00f3n de se\u00f1ales de audio a trav\u00e9s del cable coaxial. Adopta un algoritmo profesional de eliminaci\u00f3n de ruido para filtrar el ruido de fondo y mejorar la calidad de voz, lo que garantiza la calidad y la efectividad de la informaci\u00f3n de audio recopilada.<\/p>\n<p>&nbsp;<\/p>\n<\/div>\n<\/div>\n<hr class=\"padding-bottom-2x\" \/>\n<div class=\"row align-items-center padding-bottom-2x\">\n<div class=\"col-md-5\"><img decoding=\"async\" class=\"d-block m-auto img-thumbnail\" src=\"https:\/\/tvc.mx\/media\/441543\/OSD-Dahua.png\" alt=\" \" \/><\/div>\n<div class=\"col-md-7 text-md-left text-center\">\n<h2>Soporte M\u00faltiples Formatos de Video<\/h2>\n<p class=\"text-muted\">\n<p>La c\u00e1mara admite m\u00faltiples formatos de video, incluidos HDCVI, CVBS y otros dos formatos anal\u00f3gicos HD comunes en el mercado. Los cuatro formatos se pueden cambiar a trav\u00e9s del men\u00fa OSD o mediante PFM820 (controlador UTC). Esta caracter\u00edstica hace que la c\u00e1mara sea compatible con la mayor\u00eda de los DVR HD \/ SD existentes de los usuarios finales.<\/p>\n<p>&nbsp;<\/p>\n<\/div>\n<\/div>\n<hr class=\"padding-bottom-2x\" \/>\n<div class=\"row align-items-center padding-bottom-2x\">\n<div class=\"col-md-5 order-md-2\"><img decoding=\"async\" class=\"d-block m-auto img-thumbnail\" src=\"https:\/\/tvc.mx\/media\/441547\/IP67-dahua.png\" alt=\" \" \/><\/div>\n<div class=\"col-md-7 order-md-1 text-md-left text-center\">\n<h2>Dise\u00f1o Resistente<\/h2>\n<p class=\"text-muted\">\n<p>La excelente fiabilidad de la c\u00e1mara es inigualable debido a su dise\u00f1o resistente. La c\u00e1mara est\u00e1 protegida contra el agua y el polvo con clasificaci\u00f3n\u00a0<strong>IP67<\/strong>, lo que la hace adecuada para entornos interiores o exteriores. Con un rango de temperatura de trabajo de<strong>\u00a0-40 \u00b0 C a +60 \u00b0 C<\/strong>\u00a0, est\u00e1 dise\u00f1ada para entornos de temperatura extrema. Con una tolerancia de voltaje de entrada de\u00a0<strong>\u00b1 30%<\/strong>, esta c\u00e1mara se adapta incluso a las condiciones de fuente de alimentaci\u00f3n m\u00e1s inestables. la estructura esta dise\u00f1ada con soporte a rayos con un \u00edndice de\u00a0<strong>4KV.<\/strong><\/p>\n<p>&nbsp;<\/p>\n<\/div>\n<\/div>\n<hr class=\"padding-bottom-2x\" \/>\n<div class=\"row align-items-center padding-bottom-2x\">\n<div class=\"col-md-5\"><img decoding=\"async\" class=\"d-block m-auto img-thumbnail\" src=\"https:\/\/tvc.mx\/media\/441999\/camara-bullet-full-color-microfono-integrado-WDR-HAC-HFW1509TN-A-LED-dahua-caracteristicas.png\" alt=\" \" \/><\/div>\n<div class=\"col-md-7 text-md-left text-center\">\n<h2>Principales Caracter\u00edsticas<\/h2>\n<p class=\"text-muted\">\n<ul>\n<li>Starlight<\/li>\n<li>Full color<\/li>\n<li>Led IR Inteligente<\/li>\n<li>CVI \/ CVBS \/ AHD \/ TVI conmutable<\/li>\n<li>Micr\u00f3fono incorporado (-A)<\/li>\n<li>IP67<\/li>\n<\/ul>\n<p>&nbsp;<\/p>\n<\/div>\n<\/div>\n<hr class=\"padding-bottom-2x\" \/>\n<div class=\"row align-items-center padding-bottom-2x\">\n<div class=\"col-md-5 order-md-2\"><img decoding=\"async\" class=\"d-block m-auto img-thumbnail\" src=\"https:\/\/tvc.mx\/media\/442019\/camara-bullet-full-color-microfono-integrado-WDR-HAC-HFW1509TN-A-LED-dahua-especificaciones.png\" alt=\" \" \/><\/div>\n<div class=\"col-md-7 order-md-1 text-md-left text-center\">\n<h2>Especificaciones<\/h2>\n<p class=\"text-muted\">\n<ul>\n<li>CMOS de 1 \/ 2,7 pulgadas<\/li>\n<li>Luz de relleno (luz blanca) Distancia Luz hasta 20 m<\/li>\n<li>Lente Fijo 3.6mm<\/li>\n<li>Campo de visi\u00f3n\u00a083\u00b0<\/li>\n<li>BLC \/ HLC \/ DWDR<\/li>\n<li>Reducci\u00f3n de ruido\u00a02D NR<\/li>\n<li>Micr\u00f3fono incorporado (-A)<\/li>\n<li>Fuente de alimentaci\u00f3n: 12V \u00b1 30% CC<\/li>\n<li>Metal en toda la carcasa<\/li>\n<\/ul>\n<\/div>\n<\/div>\n","protected":false},"excerpt":{"rendered":"<p>Informaci\u00f3n General El modelo\u00a0HFW1509T-A-LED\u00a0es una c\u00e1mara bullet de\u00a05MP\u00a0de resoluci\u00f3n,con la cual podemos apreciar una imagen con mayor nitidez, brillo y claridad . Este modelo incorpora un lente de\u00a03.6 mm, cuenta con la tecnolog\u00eda Full Color, esta nos permite obtener un rendimiento excepcional ideal para la&hellip;<\/p>\n","protected":false},"featured_media":2640,"comment_status":"open","ping_status":"closed","template":"","meta":{"om_disable_all_campaigns":false,"_monsterinsights_skip_tracking":false,"_monsterinsights_sitenote_active":false,"_monsterinsights_sitenote_note":"","_monsterinsights_sitenote_category":0},"product_brand":[],"product_cat":[164],"product_tag":[42,165,166,151],"class_list":{"0":"post-2641","1":"product","2":"type-product","3":"status-publish","4":"has-post-thumbnail","6":"product_cat-bullet-camaras-cctv-hd","7":"product_tag-camaras","8":"product_tag-camaras-cctv-hd","9":"product_tag-cctv","10":"product_tag-seguridad","12":"first","13":"instock","14":"sale","15":"taxable","16":"shipping-taxable","17":"purchasable","18":"product-type-simple"},"aioseo_notices":[],"_links":{"self":[{"href":"https:\/\/tecsecmty.com\/index.php\/wp-json\/wp\/v2\/product\/2641","targetHints":{"allow":["GET"]}}],"collection":[{"href":"https:\/\/tecsecmty.com\/index.php\/wp-json\/wp\/v2\/product"}],"about":[{"href":"https:\/\/tecsecmty.com\/index.php\/wp-json\/wp\/v2\/types\/product"}],"replies":[{"embeddable":true,"href":"https:\/\/tecsecmty.com\/index.php\/wp-json\/wp\/v2\/comments?post=2641"}],"version-history":[{"count":0,"href":"https:\/\/tecsecmty.com\/index.php\/wp-json\/wp\/v2\/product\/2641\/revisions"}],"wp:featuredmedia":[{"embeddable":true,"href":"https:\/\/tecsecmty.com\/index.php\/wp-json\/wp\/v2\/media\/2640"}],"wp:attachment":[{"href":"https:\/\/tecsecmty.com\/index.php\/wp-json\/wp\/v2\/media?parent=2641"}],"wp:term":[{"taxonomy":"product_brand","embeddable":true,"href":"https:\/\/tecsecmty.com\/index.php\/wp-json\/wp\/v2\/product_brand?post=2641"},{"taxonomy":"product_cat","embeddable":true,"href":"https:\/\/tecsecmty.com\/index.php\/wp-json\/wp\/v2\/product_cat?post=2641"},{"taxonomy":"product_tag","embeddable":true,"href":"https:\/\/tecsecmty.com\/index.php\/wp-json\/wp\/v2\/product_tag?post=2641"}],"curies":[{"name":"wp","href":"https:\/\/api.w.org\/{rel}","templated":true}]}}