{"id":2643,"date":"2023-02-22T21:47:13","date_gmt":"2023-02-23T03:47:13","guid":{"rendered":"https:\/\/tecsecmty.com\/index.php\/producto\/dahua-hfw1509tlm-a-led-camara-bullet-full-color-de-5-megapixeles-lente-de-3-6mm-microfono-integrado-leds-para-40-mts-starlight-ip67-metalpolicarbonato-fullcolor\/"},"modified":"2023-03-22T23:22:45","modified_gmt":"2023-03-23T05:22:45","slug":"dahua-hfw1509tlm-a-led-camara-bullet-full-color-de-5-megapixeles-lente-de-3-6mm-microfono-integrado-leds-para-40-mts-starlight-ip67-metalpolicarbonato-fullcolor","status":"publish","type":"product","link":"https:\/\/tecsecmty.com\/index.php\/producto\/dahua-hfw1509tlm-a-led-camara-bullet-full-color-de-5-megapixeles-lente-de-3-6mm-microfono-integrado-leds-para-40-mts-starlight-ip67-metalpolicarbonato-fullcolor\/","title":{"rendered":"DAHUA HFW1509TLM-A-LED &#8211; Camara Bullet Full Color de 5 Megapixeles\/ Lente de 3.6mm\/ Microfono Integrado\/ Leds para 40 Mts\/ Starlight\/ IP67\/ Metal+Policarbonato\/ #FullColor"},"content":{"rendered":"<div class=\"row aling-items-center padding-bottom-2x\">\n<div class=\"col-lg-12\">\n<h5 class=\"card-title text-center\">Informaci\u00f3n general<\/h5>\n<p>La c\u00e1mara HDCVI starlight full color presenta una imagen en color de alta calidad con detalles ricos incluso en condiciones de oscuridad total. Adopta dos potentes iluminadores LED de color blanco c\u00e1lido, que cubren un alcance efectivo de hasta 40 m. Los LED se encienden autom\u00e1ticamente en la oscuridad para capturar im\u00e1genes full color llenas de detalles las 24 horas del d\u00eda, los 7 d\u00edas de la semana, asegurando una identificaci\u00f3n aut\u00e9ntica de los objetos.<\/p>\n<p><img decoding=\"async\" class=\"overview-center-img-web\" src=\"https:\/\/tvc.mx\/media\/442099\/camara-bullet-full-color-de-5-megapixeles-starlight-HFW1509TLM-A-LED-dahua.png\" alt=\"\" \/><\/div>\n<\/div>\n<div class=\"row align-items-center padding-bottom-2x\">\n<div class=\"col-md-5\"><img decoding=\"async\" class=\"d-block m-auto img-thumbnail\" src=\"https:\/\/tvc.mx\/media\/372287\/full-color-starlight.png\" alt=\" \" \/><\/div>\n<div class=\"col-md-7 text-md-left text-center\">\n<h2>Full-color Starlight<\/h2>\n<p class=\"text-muted\">\n<p>La c\u00e1mara adopta una lente de gran apertura F1.2 y un sensor de alto rendimiento de 1 \/ 2.7 \u00ab. Con una mayor cantidad de luz absorbida y un algoritmo avanzado de procesamiento de im\u00e1genes, la c\u00e1mara presenta un impresionante rendimiento con poca luz con un equilibrio excepcional entre la reducci\u00f3n de ruido y el desenfoque del objeto en movimiento .<\/p>\n<p>&nbsp;<\/p>\n<\/div>\n<\/div>\n<hr class=\"padding-bottom-2x\" \/>\n<div class=\"row align-items-center padding-bottom-2x\">\n<div class=\"col-md-5 order-md-2\"><img decoding=\"async\" class=\"d-block m-auto img-thumbnail\" src=\"https:\/\/tvc.mx\/media\/442103\/Multiformatos-dahua.png\" alt=\" \" \/><\/div>\n<div class=\"col-md-7 order-md-1 text-md-left text-center\">\n<h2>M\u00faltiples formatos<\/h2>\n<p class=\"text-muted\">\n<p>La c\u00e1mara admite m\u00faltiples formatos de v\u00eddeo, incluidos HDCVI, CVBS y otros dos formatos anal\u00f3gicos HD comunes en el mercado. Los cuatro formatos se pueden cambiar a trav\u00e9s del men\u00fa OSD o por PFM 820 (controlador UTC). Esta caracter\u00edstica hace que la c\u00e1mara sea compatible con los DVR HD \/ SD existentes de la mayor\u00eda de los usuarios finales.<\/p>\n<p>&nbsp;<\/p>\n<\/div>\n<\/div>\n<hr class=\"padding-bottom-2x\" \/>\n<div class=\"row align-items-center padding-bottom-2x\">\n<div class=\"col-md-5\"><img decoding=\"async\" class=\"d-block m-auto img-thumbnail\" src=\"https:\/\/tvc.mx\/media\/442119\/IP67-dahua.png\" alt=\" \" \/><\/div>\n<div class=\"col-md-7 text-md-left text-center\">\n<h2>Protecci\u00f3n IP67<\/h2>\n<p class=\"text-muted\">\n<p>La excelente fiabilidad de la c\u00e1mara es inigualable debido a su dise\u00f1o resistente. La c\u00e1mara est\u00e1 protegida contra el agua y el polvo con clasificaci\u00f3n IP67, lo que la hace adecuada para entornos interiores o exteriores. Con un rango de temperatura de trabajo de -40 \u00b0 C a +60 \u00b0 C (-40 \u00b0 F a +140 \u00b0 F), la c\u00e1mara est\u00e1 dise\u00f1ada para entornos de temperaturas extremas.<\/p>\n<p>Con una tolerancia de voltaje de entrada de \u00b1 30%, esta c\u00e1mara se adapta incluso a las condiciones de fuente de alimentaci\u00f3n m\u00e1s inestables. Su clasificaci\u00f3n de rayos 4KV brinda protecci\u00f3n contra la c\u00e1mara y su estructura contra los efectos de los rayos.<\/p>\n<p>&nbsp;<\/p>\n<\/div>\n<\/div>\n<hr class=\"padding-bottom-2x\" \/>\n<div class=\"row align-items-center padding-bottom-2x\">\n<div class=\"col-md-5 order-md-2\"><img decoding=\"async\" class=\"d-block m-auto img-thumbnail\" src=\"https:\/\/tvc.mx\/media\/442123\/camara-bullet-full-color-de-5-megapixeles-starlight-HFW1509TLM-A-LED-dahua-caracteristicas.png\" alt=\" \" \/><\/div>\n<div class=\"col-md-7 order-md-1 text-md-left text-center\">\n<h2>Principales caracter\u00edsticas<\/h2>\n<p class=\"text-muted\">\n<ul>\n<li>Posibilidad de apagar el iluminador LED<\/li>\n<li>D-WDR<\/li>\n<li>2D-DNR &#8211; Reducci\u00f3n digital de ruido en la imagen<\/li>\n<li>BLC\/HLC &#8211; compensaci\u00f3n de luz de fondo \/ luz alta<\/li>\n<li>Sharpness &#8211; Enfoque de los contornos de la imagen<\/li>\n<li>AGC &#8211; Ajuste autom\u00e1tico de la ganancia de la imagen<\/li>\n<li>Zonas de privacidad<\/li>\n<li>Mirror &#8211; Imagen de espejo<\/li>\n<li>Balance de blancos autom\u00e1tico<\/li>\n<\/ul>\n<p>&nbsp;<\/p>\n<\/div>\n<\/div>\n<hr class=\"padding-bottom-2x\" \/>\n<div class=\"row align-items-center padding-bottom-2x\">\n<div class=\"col-md-5\"><img decoding=\"async\" class=\"d-block m-auto img-thumbnail\" src=\"https:\/\/tvc.mx\/media\/372347\/camara-bullet-full-color-especificacionesi-HFW1509TLM-A-LED-dahua.png\" alt=\" \" \/><\/div>\n<div class=\"col-md-7 text-md-left text-center\">\n<h2>Especificaciones<\/h2>\n<p class=\"text-muted\">\n<ul>\n<li>Est\u00e1ndar:\u00a0AHD,\u00a0HD-CVI,\u00a0HD-TVI,\u00a0CVBS<\/li>\n<li>Convertidor:1\/2.7\u00a0\u00bb Progressive Scan CMOS<\/li>\n<li>Tama\u00f1o de la matriz:5\u00a0Mpx<\/li>\n<li>\u00c1ngulo de visi\u00f3n:83\u00a0\u00b0<\/li>\n<li>Micr\u00f3fono integrado,<\/li>\n<li>Soporte para audio a trav\u00e9s del cable coaxial &#8211; s\u00f3lo HD-CVI<\/li>\n<li>Men\u00fa OSD disponible a trav\u00e9s de la grabadora DAHUA<\/li>\n<li>IP67<\/li>\n<li>Alimentaci\u00f3n:12\u00a0V\u00a0DC\u00a0\/ 420\u00a0mA<\/li>\n<li>Temperatura de funcionamiento:-40\u00a0\u00b0C &#8230; 60\u00a0\u00b0C<\/li>\n<li>Peso:0.3\u00a0kg<\/li>\n<li>Dimensiones:198\u00a0x 80\u00a0x 76\u00a0mm<\/li>\n<\/ul>\n<\/div>\n<\/div>\n","protected":false},"excerpt":{"rendered":"<p>Informaci\u00f3n general La c\u00e1mara HDCVI starlight full color presenta una imagen en color de alta calidad con detalles ricos incluso en condiciones de oscuridad total. Adopta dos potentes iluminadores LED de color blanco c\u00e1lido, que cubren un alcance efectivo de hasta 40 m. Los LED&hellip;<\/p>\n","protected":false},"featured_media":2642,"comment_status":"open","ping_status":"closed","template":"","meta":{"om_disable_all_campaigns":false,"_monsterinsights_skip_tracking":false,"_monsterinsights_sitenote_active":false,"_monsterinsights_sitenote_note":"","_monsterinsights_sitenote_category":0},"product_brand":[],"product_cat":[164],"product_tag":[42,165,166,151],"class_list":{"0":"post-2643","1":"product","2":"type-product","3":"status-publish","4":"has-post-thumbnail","6":"product_cat-bullet-camaras-cctv-hd","7":"product_tag-camaras","8":"product_tag-camaras-cctv-hd","9":"product_tag-cctv","10":"product_tag-seguridad","12":"first","13":"instock","14":"sale","15":"taxable","16":"shipping-taxable","17":"purchasable","18":"product-type-simple"},"aioseo_notices":[],"_links":{"self":[{"href":"https:\/\/tecsecmty.com\/index.php\/wp-json\/wp\/v2\/product\/2643","targetHints":{"allow":["GET"]}}],"collection":[{"href":"https:\/\/tecsecmty.com\/index.php\/wp-json\/wp\/v2\/product"}],"about":[{"href":"https:\/\/tecsecmty.com\/index.php\/wp-json\/wp\/v2\/types\/product"}],"replies":[{"embeddable":true,"href":"https:\/\/tecsecmty.com\/index.php\/wp-json\/wp\/v2\/comments?post=2643"}],"version-history":[{"count":0,"href":"https:\/\/tecsecmty.com\/index.php\/wp-json\/wp\/v2\/product\/2643\/revisions"}],"wp:featuredmedia":[{"embeddable":true,"href":"https:\/\/tecsecmty.com\/index.php\/wp-json\/wp\/v2\/media\/2642"}],"wp:attachment":[{"href":"https:\/\/tecsecmty.com\/index.php\/wp-json\/wp\/v2\/media?parent=2643"}],"wp:term":[{"taxonomy":"product_brand","embeddable":true,"href":"https:\/\/tecsecmty.com\/index.php\/wp-json\/wp\/v2\/product_brand?post=2643"},{"taxonomy":"product_cat","embeddable":true,"href":"https:\/\/tecsecmty.com\/index.php\/wp-json\/wp\/v2\/product_cat?post=2643"},{"taxonomy":"product_tag","embeddable":true,"href":"https:\/\/tecsecmty.com\/index.php\/wp-json\/wp\/v2\/product_tag?post=2643"}],"curies":[{"name":"wp","href":"https:\/\/api.w.org\/{rel}","templated":true}]}}