{"id":2647,"date":"2023-02-22T21:47:18","date_gmt":"2023-02-23T03:47:18","guid":{"rendered":"https:\/\/tecsecmty.com\/index.php\/producto\/dahua-hfw1801tl-a-camara-bullet-4k-con-microfono-integrado-lente-de-2-8-mm-ir-de-80-mts-wdr-real-soporta-cvi-tvi-ahd-cvbs-ip67\/"},"modified":"2023-03-22T23:22:45","modified_gmt":"2023-03-23T05:22:45","slug":"dahua-hfw1801tl-a-camara-bullet-4k-con-microfono-integrado-lente-de-2-8-mm-ir-de-80-mts-wdr-real-soporta-cvi-tvi-ahd-cvbs-ip67","status":"publish","type":"product","link":"https:\/\/tecsecmty.com\/index.php\/producto\/dahua-hfw1801tl-a-camara-bullet-4k-con-microfono-integrado-lente-de-2-8-mm-ir-de-80-mts-wdr-real-soporta-cvi-tvi-ahd-cvbs-ip67\/","title":{"rendered":"DAHUA HFW1801TL-A &#8211; Camara Bullet 4K con Microfono Integrado\/ Lente de 2.8 mm\/ IR de 80 Mts\/ WDR Real\/ Soporta CVI\/TVI\/AHD\/CVBS \/ IP67\/"},"content":{"rendered":"<div class=\"row aling-items-center padding-bottom-2x\">\n<div class=\"col-lg-12\">\n<h5 class=\"card-title text-center\">Informaci\u00f3n General<\/h5>\n<p class=\"ql-align-justify\">La c\u00e1mara modelo\u00a0<strong>HFW1801TL-A\u00a0<\/strong>es una c\u00e1mara bullet de\u00a0<strong>8MP ( 4K )\u00a0<\/strong>de resoluci\u00f3n<strong>,<\/strong>con la cual podemos apreciar una imagen con mayor nitidez, brillo y claridad que cualquier otra c\u00e1mara de video-vigilancia. Este modelo\u00a0incorpora un lente\u00a0de\u00a02.8mm, potentes IR con alcance de hasta\u00a0<strong>80m<\/strong>\u00a0para la visi\u00f3n nocturna y tambi\u00e9n dispone de la tecnolog\u00eda\u00a0<strong>WDR real 120dB<\/strong>\u00a0que ofrece im\u00e1genes m\u00e1s n\u00edtidas incluso en las condiciones de contraste de luz intensas, adem\u00e1s cuenta con \u00edndice de protecci\u00f3n\u00a0<strong>IP67<\/strong>\u00a0por lo que ofrece protecci\u00f3n contra polvo y agua.<\/p>\n<p><img decoding=\"async\" class=\"overview-center-img-web\" src=\"https:\/\/tvc.mx\/media\/442431\/camra-bullet-4k-con-microfono-integraso-ir-fr-80m-wdr-HFW1801TL-A-Dahua.png\" alt=\"\" \/><\/div>\n<\/div>\n<div class=\"row align-items-center padding-bottom-2x\">\n<div class=\"col-md-5\"><img decoding=\"async\" class=\"d-block m-auto img-thumbnail\" src=\"https:\/\/tvc.mx\/media\/29854\/4k.png\" alt=\" \" \/><\/div>\n<div class=\"col-md-7 text-md-left text-center\">\n<h2>Tecnolog\u00eda 4K<\/h2>\n<p class=\"text-muted\">\n<p class=\"ql-align-justify\">La tecnolog\u00eda\u00a0<strong>4K<\/strong>\u00a0es un avance revolucionario en CCTV,mejora la imagen expresiva de la esencia, permitiendo a los usuarios experimentar la mejor calidad de imagen producida por la fiesta visual. A los efectos de la vigilancia 4K con cuatro veces la resoluci\u00f3n de 1080P, presentado al usuario con m\u00e1s detalles. En el mismo escenario al subir los p\u00edxeles, reduzca el costo de la c\u00e1mara.<\/p>\n<p>&nbsp;<\/p>\n<\/div>\n<\/div>\n<hr class=\"padding-bottom-2x\" \/>\n<div class=\"row align-items-center padding-bottom-2x\">\n<div class=\"col-md-5 order-md-2\"><img decoding=\"async\" class=\"d-block m-auto img-thumbnail\" src=\"https:\/\/tvc.mx\/media\/442435\/WDR-Dahua.png\" alt=\" \" \/><\/div>\n<div class=\"col-md-7 order-md-1 text-md-left text-center\">\n<h2>WDR Real<\/h2>\n<p class=\"text-muted\">\n<p class=\"ql-align-justify\">La c\u00e1mara\u00a0logra obtener im\u00e1genes n\u00edtdas en escenarios donde hay variaci\u00f3n\u00a0en las condiciones de iluminaci\u00f3n ya sea\u00a0baja y\/o brillante,la funci\u00f3n\u00a0<strong>WDR real120dB<\/strong>\u00a0se encarga de medir, compensar y ajustar la luz en la imagen\u00a0captada para despues combinar los espacios de luces brillantes con los espacios de sombras,creando\u00a0un equilibrio en la imagen final.<\/p>\n<p>&nbsp;<\/p>\n<\/div>\n<\/div>\n<hr class=\"padding-bottom-2x\" \/>\n<div class=\"row align-items-center padding-bottom-2x\">\n<div class=\"col-md-5\"><img decoding=\"async\" class=\"d-block m-auto img-thumbnail\" src=\"https:\/\/tvc.mx\/media\/442439\/Smart-IR-Dahua.png\" alt=\" \" \/><\/div>\n<div class=\"col-md-7 text-md-left text-center\">\n<h2>Smart IR<\/h2>\n<p class=\"text-muted\">\n<p>Con la iluminaci\u00f3n IR, las im\u00e1genes detalladas se pueden capturar con poca luz o oscuridad total. La tecnolog\u00eda Smart IR ajusta la intensidad de los LED infrarrojos para compensar la distancia de un objeto evitando\u00a0que los LEDs IR borren las im\u00e1genes a medida que se acercan a la c\u00e1mara. La iluminaci\u00f3n infrarroja integrada de la c\u00e1mara proporciona un alto rendimiento en entornos con poca luz extrema de hasta 80 mts.<\/p>\n<p>&nbsp;<\/p>\n<\/div>\n<\/div>\n<hr class=\"padding-bottom-2x\" \/>\n<div class=\"row align-items-center padding-bottom-2x\">\n<div class=\"col-md-5 order-md-2\"><img decoding=\"async\" class=\"d-block m-auto img-thumbnail\" src=\"https:\/\/tvc.mx\/media\/442443\/3DNR-dahua.png\" alt=\" \" \/><\/div>\n<div class=\"col-md-7 order-md-1 text-md-left text-center\">\n<h2>3DNR Reducci\u00f3n de Ruido<\/h2>\n<p class=\"text-muted\">\n<p class=\"ql-align-justify\"><strong>3DNR<\/strong>\u00a0es una tecnolog\u00eda de reducci\u00f3n de ruido que detecta y elimina ruidos aleatorios al comparar dos cuadros secuenciales, permitiendo una notable reducci\u00f3n del ruido con un ligero impacto hasta la nitidez, especialmente en condiciones de iluminaci\u00f3n limitadas. Adem\u00e1s, el\u00a0<strong>3DNR<\/strong>\u00a0disminuye efectivamente el ancho de banda y ahorra espacio de almacenamiento.<\/p>\n<p>&nbsp;<\/p>\n<\/div>\n<\/div>\n<hr class=\"padding-bottom-2x\" \/>\n<div class=\"row align-items-center padding-bottom-2x\">\n<div class=\"col-md-5\"><img decoding=\"async\" class=\"d-block m-auto img-thumbnail\" src=\"https:\/\/tvc.mx\/media\/442447\/audio-hdcvi-Dahua.png\" alt=\" \" \/><\/div>\n<div class=\"col-md-7 text-md-left text-center\">\n<h2>AUDIO HDCVI<\/h2>\n<p class=\"text-muted\">\n<p>Cuenta con un\u00a0<strong>micr\u00f3fono integrado<\/strong>\u00a0de esta manera se puede transmitir la se\u00f1al de video y audio utilizando un solo cable (coaxial o UTP) hacia un\u00a0DVR DAHUA HDCVI, para poder ver y escuchar dichas se\u00f1ales desde nuestra PC por Software o Smart pone por la App.<\/p>\n<p>&nbsp;<\/p>\n<\/div>\n<\/div>\n<hr class=\"padding-bottom-2x\" \/>\n<div class=\"row align-items-center padding-bottom-2x\">\n<div class=\"col-md-5 order-md-2\"><img decoding=\"async\" class=\"d-block m-auto img-thumbnail\" src=\"https:\/\/tvc.mx\/media\/442451\/camra-bullet-4k-con-microfono-integraso-ir-fr-80m-wdr-HFW1801TL-A-Dahua-caracteristicas.png\" alt=\" \" \/><\/div>\n<div class=\"col-md-7 order-md-1 text-md-left text-center\">\n<h2>Principales Caracteristicas<\/h2>\n<p class=\"text-muted\">\n<ul>\n<li class=\"ql-align-justify\">D\u00eda \/ Noche Auto (ICR) \/ Color \/ B \/ W.<\/li>\n<li class=\"ql-align-justify\">Compensaci\u00f3n de contraluz BLC \/ HLC \/ WDR (120dB).<\/li>\n<li class=\"ql-align-justify\">IR Inteligente<\/li>\n<li class=\"ql-align-justify\">\u00cdndice de protecci\u00f3n IP67.<\/li>\n<li class=\"ql-align-justify\">Micr\u00f3fono integrado.<\/li>\n<li class=\"ql-align-justify\">WDR<\/li>\n<li class=\"ql-align-justify\">3DNR<\/li>\n<li class=\"ql-align-justify\">M\u00e1x. Resoluci\u00f3n 4K<\/li>\n<li class=\"ql-align-justify\">CVI \/ CVBS \/ AHD \/ TVI conmutable<\/li>\n<\/ul>\n<p>&nbsp;<\/p>\n<\/div>\n<\/div>\n<hr class=\"padding-bottom-2x\" \/>\n<div class=\"row align-items-center padding-bottom-2x\">\n<div class=\"col-md-5\"><img decoding=\"async\" class=\"d-block m-auto img-thumbnail\" src=\"https:\/\/tvc.mx\/media\/442455\/camra-bullet-4k-con-microfono-integraso-ir-fr-80m-wdr-HFW1801TL-A-Dahua-especificacions.png\" alt=\" \" \/><\/div>\n<div class=\"col-md-7 text-md-left text-center\">\n<h2>Especificaciones<\/h2>\n<p class=\"text-muted\">\n<ul>\n<li>CMOS de 1 \/ 2,7 pulgadas<\/li>\n<li>Distancia IR hasta 80 m<\/li>\n<li>LED de infrarrojos: 2<\/li>\n<li>Lente fijo 2.8mm<\/li>\n<li>Punto de vista 105\u00b0<\/li>\n<li>D\u00eda\/Noche: Cambio autom\u00e1tico por ICR<\/li>\n<li>BLC \/ HLC \/ WDR real 120dB<\/li>\n<li>Reducci\u00f3n de ruido: 2D y 3D NR<\/li>\n<li>Zoom digital\u00a04x<\/li>\n<li>Interfaz de audio: Micr\u00f3fono incorporado (-UN)<\/li>\n<li>Opciones de salida de video de CVI \/ TVI \/ AHD \/ CVBS por un puerto BNC<\/li>\n<li>Fuente de alimentaci\u00f3n: 12V \u00b1 30% CC<\/li>\n<li>Grado de protecci\u00f3n: IP67<\/li>\n<li>Cubierta frontal de metal + cuerpo principal de pl\u00e1stico + soporte de pl\u00e1stico<\/li>\n<\/ul>\n<\/div>\n<\/div>\n","protected":false},"excerpt":{"rendered":"<p>Informaci\u00f3n General La c\u00e1mara modelo\u00a0HFW1801TL-A\u00a0es una c\u00e1mara bullet de\u00a08MP ( 4K )\u00a0de resoluci\u00f3n,con la cual podemos apreciar una imagen con mayor nitidez, brillo y claridad que cualquier otra c\u00e1mara de video-vigilancia. Este modelo\u00a0incorpora un lente\u00a0de\u00a02.8mm, potentes IR con alcance de hasta\u00a080m\u00a0para la visi\u00f3n nocturna y&hellip;<\/p>\n","protected":false},"featured_media":2646,"comment_status":"open","ping_status":"closed","template":"","meta":{"om_disable_all_campaigns":false,"_monsterinsights_skip_tracking":false,"_monsterinsights_sitenote_active":false,"_monsterinsights_sitenote_note":"","_monsterinsights_sitenote_category":0},"product_brand":[],"product_cat":[164],"product_tag":[42,165,166,151],"class_list":{"0":"post-2647","1":"product","2":"type-product","3":"status-publish","4":"has-post-thumbnail","6":"product_cat-bullet-camaras-cctv-hd","7":"product_tag-camaras","8":"product_tag-camaras-cctv-hd","9":"product_tag-cctv","10":"product_tag-seguridad","12":"first","13":"instock","14":"sale","15":"taxable","16":"shipping-taxable","17":"purchasable","18":"product-type-simple"},"aioseo_notices":[],"_links":{"self":[{"href":"https:\/\/tecsecmty.com\/index.php\/wp-json\/wp\/v2\/product\/2647","targetHints":{"allow":["GET"]}}],"collection":[{"href":"https:\/\/tecsecmty.com\/index.php\/wp-json\/wp\/v2\/product"}],"about":[{"href":"https:\/\/tecsecmty.com\/index.php\/wp-json\/wp\/v2\/types\/product"}],"replies":[{"embeddable":true,"href":"https:\/\/tecsecmty.com\/index.php\/wp-json\/wp\/v2\/comments?post=2647"}],"version-history":[{"count":0,"href":"https:\/\/tecsecmty.com\/index.php\/wp-json\/wp\/v2\/product\/2647\/revisions"}],"wp:featuredmedia":[{"embeddable":true,"href":"https:\/\/tecsecmty.com\/index.php\/wp-json\/wp\/v2\/media\/2646"}],"wp:attachment":[{"href":"https:\/\/tecsecmty.com\/index.php\/wp-json\/wp\/v2\/media?parent=2647"}],"wp:term":[{"taxonomy":"product_brand","embeddable":true,"href":"https:\/\/tecsecmty.com\/index.php\/wp-json\/wp\/v2\/product_brand?post=2647"},{"taxonomy":"product_cat","embeddable":true,"href":"https:\/\/tecsecmty.com\/index.php\/wp-json\/wp\/v2\/product_cat?post=2647"},{"taxonomy":"product_tag","embeddable":true,"href":"https:\/\/tecsecmty.com\/index.php\/wp-json\/wp\/v2\/product_tag?post=2647"}],"curies":[{"name":"wp","href":"https:\/\/api.w.org\/{rel}","templated":true}]}}