{"id":2651,"date":"2023-02-22T21:47:21","date_gmt":"2023-02-23T03:47:21","guid":{"rendered":"https:\/\/tecsecmty.com\/index.php\/producto\/dahua-hfw2802e-a-036-camara-bullet-4k-starlight-8-megapixeles-lente-de-3-6mm-0-005-lux-color-wdr-real-ir-de-40m-ip67-3dnr-microfono-integrado-1-entrada-de-audio\/"},"modified":"2023-03-22T23:22:46","modified_gmt":"2023-03-23T05:22:46","slug":"dahua-hfw2802e-a-036-camara-bullet-4k-starlight-8-megapixeles-lente-de-3-6mm-0-005-lux-color-wdr-real-ir-de-40m-ip67-3dnr-microfono-integrado-1-entrada-de-audio","status":"publish","type":"product","link":"https:\/\/tecsecmty.com\/index.php\/producto\/dahua-hfw2802e-a-036-camara-bullet-4k-starlight-8-megapixeles-lente-de-3-6mm-0-005-lux-color-wdr-real-ir-de-40m-ip67-3dnr-microfono-integrado-1-entrada-de-audio\/","title":{"rendered":"DAHUA HFW2802E-A-036 &#8211; Camara Bullet 4k Starlight\/ 8 Megapixeles\/ Lente de 3.6mm\/ 0.005 Lux color\/ WDR Real\/ IR de 40M\/ IP67\/ 3DNR\/ Microfono Integrado + 1 Entrada de Audio\/"},"content":{"rendered":"<div class=\"row aling-items-center padding-bottom-2x\">\n<div class=\"col-lg-12\">\n<h5 class=\"card-title text-center\">Informaci\u00f3n General<\/h5>\n<p>C\u00e1mara\u00a0<strong>HDCVI 8MP<\/strong>\u00a0<strong>(4K),\u00a0<\/strong>con la cual podemos apreciar una imagen con mayor nitidez, brillo y claridad que cualquier otra c\u00e1mara de videovigilancia. Cuenta con lente fijo de\u00a03.6mm, potentes IR con alcance de hasta 4<strong>0m<\/strong>\u00a0para la visi\u00f3n nocturna, adem\u00e1s cuenta con \u00edndice de protecci\u00f3n IP67 por lo que ofrece protecci\u00f3n contra polvo y agua.<\/p>\n<p><img decoding=\"async\" class=\"overview-center-img-web\" src=\"https:\/\/tvc.mx\/media\/442515\/camara-bullet-4k-starlight-8-megapixeles-wdr-real-3dnr-microfono-HFW2802E-A-dahua.png\" alt=\"\" \/><\/p>\n<\/div>\n<\/div>\n<div class=\"row align-items-center padding-bottom-2x\">\n<div class=\"col-md-5\"><img decoding=\"async\" class=\"d-block m-auto img-thumbnail\" src=\"https:\/\/tvc.mx\/media\/442519\/Starlight-Dahua.png\" alt=\" \" \/><\/div>\n<div class=\"col-md-7 text-md-left text-center\">\n<h2>Starlight<\/h2>\n<p>Esta tecnolog\u00eda nos permite obtener un\u00a0rendimiento excepcional ideal para la visualizaci\u00f3n y reproducci\u00f3n\u00a0de im\u00e1genes bajo condiciones de poca iluminaci\u00f3n, tanto en condiciones de contra luz extremo, como en la obscuridad. Incorpora un sensor 1\/2&#8243; CMOS de alto rendimiento el cual captura las im\u00e1genes a todo color bajo los ambientes antes mencionados.<\/p>\n<p>&nbsp;<\/p>\n<\/div>\n<\/div>\n<hr class=\"padding-bottom-2x\" \/>\n<div class=\"row align-items-center padding-bottom-2x\">\n<div class=\"col-md-5 order-md-2\"><img decoding=\"async\" class=\"d-block m-auto img-thumbnail\" src=\"https:\/\/tvc.mx\/media\/43131\/4k.png\" alt=\" \" \/><\/div>\n<div class=\"col-md-7 order-md-1 text-md-left text-center\">\n<h2>Tecnolog\u00eda 4K<\/h2>\n<p>La tecnolog\u00eda\u00a0<strong>4K<\/strong>\u00a0es un avance revolucionario en CCTV, mejora la imagen expresiva de la esencia, permitiendo a los usuarios experimentar la mejor calidad de imagen producida por la fiesta visual. A los efectos de la vigilancia 4K con cuatro veces la resoluci\u00f3n de 1080P, presentado al usuario con m\u00e1s detalles. En el mismo escenario al subir los p\u00edxeles, reduzca el costo de la c\u00e1mara.<\/p>\n<p>&nbsp;<\/p>\n<\/div>\n<\/div>\n<hr class=\"padding-bottom-2x\" \/>\n<div class=\"row align-items-center padding-bottom-2x\">\n<div class=\"col-md-5\"><img decoding=\"async\" class=\"d-block m-auto img-thumbnail\" src=\"https:\/\/tvc.mx\/media\/442523\/microfono-dahua.png\" alt=\" \" \/><\/div>\n<div class=\"col-md-7 text-md-left text-center\">\n<h2>Microfono Integrado<\/h2>\n<p>Cuenta con un\u00a0micr\u00f3fono integrado\u00a0de esta manera se puede transmitir la se\u00f1al de video y audio utilizando un solo cable (coaxial o UTP) hacia un\u00a0DVR DAHUA HDCVI, para poder ver y escuchar dichas se\u00f1ales desde nuestra PC por Software o Smart pone por la App.<\/p>\n<p>&nbsp;<\/p>\n<\/div>\n<\/div>\n<hr class=\"padding-bottom-2x\" \/>\n<div class=\"row align-items-center padding-bottom-2x\">\n<div class=\"col-md-5 order-md-2\"><img decoding=\"async\" class=\"d-block m-auto img-thumbnail\" src=\"https:\/\/tvc.mx\/media\/442527\/WDR-Dahua.png\" alt=\" \" \/><\/div>\n<div class=\"col-md-7 order-md-1 text-md-left text-center\">\n<h2>WDR Real<\/h2>\n<p>La c\u00e1mara\u00a0logra obtener im\u00e1genes n\u00edtidas en escenarios donde hay variaci\u00f3n\u00a0en las condiciones de iluminaci\u00f3n ya sea\u00a0baja y\/o brillante, la funci\u00f3n\u00a0<strong>WDR real120dB<\/strong>\u00a0se encarga de medir, compensar y ajustar la luz en la imagen\u00a0captada para despu\u00e9s combinar los espacios de luces brillantes con los espacios de sombras,creando\u00a0un equilibrio en la imagen final.<\/p>\n<p>&nbsp;<\/p>\n<\/div>\n<\/div>\n<hr class=\"padding-bottom-2x\" \/>\n<div class=\"row align-items-center padding-bottom-2x\">\n<div class=\"col-md-5\"><img decoding=\"async\" class=\"d-block m-auto img-thumbnail\" src=\"https:\/\/tvc.mx\/media\/442531\/Smart-IR-Dahua.png\" alt=\" \" \/><\/div>\n<div class=\"col-md-7 text-md-left text-center\">\n<h2>Smart IR<\/h2>\n<p>Con la iluminaci\u00f3n IR, las im\u00e1genes detalladas se pueden capturar con poca luz o oscuridad total. La tecnolog\u00eda Smart IR ajusta la intensidad de los LED infrarrojos para compensar la distancia de un objeto evitando\u00a0que los LEDs IR borren las im\u00e1genes a medida que se acercan a la c\u00e1mara. La iluminaci\u00f3n infrarroja integrada de la c\u00e1mara proporciona un alto rendimiento en entornos con poca luz extrema de hasta 40 mts.<\/p>\n<p>&nbsp;<\/p>\n<\/div>\n<\/div>\n<hr class=\"padding-bottom-2x\" \/>\n<div class=\"row align-items-center padding-bottom-2x\">\n<div class=\"col-md-5 order-md-2\"><img decoding=\"async\" class=\"d-block m-auto img-thumbnail\" src=\"https:\/\/tvc.mx\/media\/442535\/camara-bullet-4k-starlight-8-megapixeles-wdr-real-3dnr-microfono-HFW2802E-A-dahua-caracteristicas.png\" alt=\" \" \/><\/div>\n<div class=\"col-md-7 order-md-1 text-md-left text-center\">\n<h2>Principales Caracter\u00edsticas<\/h2>\n<ul>\n<li>WDR &#8211; 120 dB &#8211; Amplio rango din\u00e1mico de la iluminaci\u00f3n<\/li>\n<li>F-DNR (Defog) &#8211; Reducci\u00f3n de ruido debido a las precipitaciones<\/li>\n<li>2-DNR, 3-DNR &#8211; Reducci\u00f3n digital de ruido en la imagen<\/li>\n<li>Anti-Flicker &#8211; La tecnolog\u00eda elimina el efecto de parpadeo de imagen que es cansador para los ojos<\/li>\n<li>BLC\/HLC &#8211; compensaci\u00f3n de luz de fondo \/ luz alta<\/li>\n<li>ICR &#8211; Filtro mec\u00e1nico de infrarrojos<\/li>\n<li>AGC &#8211; Ajuste autom\u00e1tico de la ganancia de la imagen<\/li>\n<li>Balance de blancos autom\u00e1tico<\/li>\n<li>Zonas de privacidad<\/li>\n<li>Detecci\u00f3n de movimiento<\/li>\n<li>Mirror &#8211; Imagen de espejo<\/li>\n<li class=\"ql-align-justify\">Sharpness &#8211; Enfoque de los contornos de la imagen<\/li>\n<\/ul>\n<p>&nbsp;<\/p>\n<\/div>\n<\/div>\n<hr class=\"padding-bottom-2x\" \/>\n<div class=\"row align-items-center padding-bottom-2x\">\n<div class=\"col-md-5\"><img decoding=\"async\" class=\"d-block m-auto img-thumbnail\" src=\"https:\/\/tvc.mx\/media\/442539\/camara-bullet-4k-starlight-8-megapixeles-wdr-real-3dnr-microfono-HFW2802E-A-dahua-especificacioness.png\" alt=\" \" \/><\/div>\n<div class=\"col-md-7 text-md-left text-center\">\n<h2>Especificaciones<\/h2>\n<ul>\n<li>CMOS de 1\/2&#8243;<\/li>\n<li>8 megap\u00edxeles<\/li>\n<li>Lente fijo 3.6mm<\/li>\n<li>Rango del iluminador IR:40\u00a0m<\/li>\n<li>Ajuste de potencia del iluminador IR:Autom\u00e1tico<\/li>\n<li>Salida de v\u00eddeo:\u00a0AHD\u00a0\/\u00a0HD-CVI\u00a0\/\u00a0HD-TVI\u00a0\/\u00a0PAL\u00a0&#8211; 1\u00a0Vpp<\/li>\n<li>Micr\u00f3fono integrado &#8211; s\u00f3lo HD-CVI,<\/li>\n<li>Entrada para micr\u00f3fono externo &#8211; s\u00f3lo HD-CVI<\/li>\n<li>Alimentaci\u00f3n:12\u00a0V\u00a0DC\u00a0\/ 560\u00a0mA<\/li>\n<li>Carcasa: Aluminio<\/li>\n<li>Grado de protecci\u00f3n:IP67<\/li>\n<\/ul>\n<\/div>\n<\/div>\n","protected":false},"excerpt":{"rendered":"<p>Informaci\u00f3n General C\u00e1mara\u00a0HDCVI 8MP\u00a0(4K),\u00a0con la cual podemos apreciar una imagen con mayor nitidez, brillo y claridad que cualquier otra c\u00e1mara de videovigilancia. Cuenta con lente fijo de\u00a03.6mm, potentes IR con alcance de hasta 40m\u00a0para la visi\u00f3n nocturna, adem\u00e1s cuenta con \u00edndice de protecci\u00f3n IP67 por&hellip;<\/p>\n","protected":false},"featured_media":2650,"comment_status":"open","ping_status":"closed","template":"","meta":{"om_disable_all_campaigns":false,"_monsterinsights_skip_tracking":false,"_monsterinsights_sitenote_active":false,"_monsterinsights_sitenote_note":"","_monsterinsights_sitenote_category":0},"product_brand":[],"product_cat":[164],"product_tag":[42,165,166,151],"class_list":{"0":"post-2651","1":"product","2":"type-product","3":"status-publish","4":"has-post-thumbnail","6":"product_cat-bullet-camaras-cctv-hd","7":"product_tag-camaras","8":"product_tag-camaras-cctv-hd","9":"product_tag-cctv","10":"product_tag-seguridad","12":"first","13":"instock","14":"sale","15":"taxable","16":"shipping-taxable","17":"purchasable","18":"product-type-simple"},"aioseo_notices":[],"_links":{"self":[{"href":"https:\/\/tecsecmty.com\/index.php\/wp-json\/wp\/v2\/product\/2651","targetHints":{"allow":["GET"]}}],"collection":[{"href":"https:\/\/tecsecmty.com\/index.php\/wp-json\/wp\/v2\/product"}],"about":[{"href":"https:\/\/tecsecmty.com\/index.php\/wp-json\/wp\/v2\/types\/product"}],"replies":[{"embeddable":true,"href":"https:\/\/tecsecmty.com\/index.php\/wp-json\/wp\/v2\/comments?post=2651"}],"version-history":[{"count":0,"href":"https:\/\/tecsecmty.com\/index.php\/wp-json\/wp\/v2\/product\/2651\/revisions"}],"wp:featuredmedia":[{"embeddable":true,"href":"https:\/\/tecsecmty.com\/index.php\/wp-json\/wp\/v2\/media\/2650"}],"wp:attachment":[{"href":"https:\/\/tecsecmty.com\/index.php\/wp-json\/wp\/v2\/media?parent=2651"}],"wp:term":[{"taxonomy":"product_brand","embeddable":true,"href":"https:\/\/tecsecmty.com\/index.php\/wp-json\/wp\/v2\/product_brand?post=2651"},{"taxonomy":"product_cat","embeddable":true,"href":"https:\/\/tecsecmty.com\/index.php\/wp-json\/wp\/v2\/product_cat?post=2651"},{"taxonomy":"product_tag","embeddable":true,"href":"https:\/\/tecsecmty.com\/index.php\/wp-json\/wp\/v2\/product_tag?post=2651"}],"curies":[{"name":"wp","href":"https:\/\/api.w.org\/{rel}","templated":true}]}}