{"id":2653,"date":"2023-02-22T21:47:23","date_gmt":"2023-02-23T03:47:23","guid":{"rendered":"https:\/\/tecsecmty.com\/index.php\/producto\/dahua-hfw2802t-z-a-camara-bullet-4k-starlight-8-megapixeles-lente-motorizado-3-7-a-11mm-0-005-lux-color-wdr-real-120db-ir-80-mts-microfono-integrado-1-canal-de-audio-ip67-seriepro\/"},"modified":"2023-03-22T23:22:46","modified_gmt":"2023-03-23T05:22:46","slug":"dahua-hfw2802t-z-a-camara-bullet-4k-starlight-8-megapixeles-lente-motorizado-3-7-a-11mm-0-005-lux-color-wdr-real-120db-ir-80-mts-microfono-integrado-1-canal-de-audio-ip67-seriepro","status":"publish","type":"product","link":"https:\/\/tecsecmty.com\/index.php\/producto\/dahua-hfw2802t-z-a-camara-bullet-4k-starlight-8-megapixeles-lente-motorizado-3-7-a-11mm-0-005-lux-color-wdr-real-120db-ir-80-mts-microfono-integrado-1-canal-de-audio-ip67-seriepro\/","title":{"rendered":"DAHUA HFW2802T-Z-A &#8211; Camara Bullet 4k Starlight\/ 8 Megapixeles\/ Lente Motorizado 3.7 a 11mm\/ 0.005 Lux color\/ WDR Real 120dB\/ Ir 80 Mts\/ Microfono Integrado + 1 Canal de Audio\/ IP67\/ #SeriePro"},"content":{"rendered":"<div class=\"row aling-items-center padding-bottom-2x\">\n<div class=\"col-lg-12\">\n<h5 class=\"card-title text-center\">Informaci\u00f3n General<\/h5>\n<p class=\"ql-align-justify\">La c\u00e1mara modelo\u00a0<strong>HFW2802TZA<\/strong>\u00a0es una c\u00e1mara\u00a0<strong>HDCVI 8MP (4K)<\/strong>\u00a0con la cual podemos apreciar una imagen con mayor nitidez, brillo y claridad que cualquier otra c\u00e1mara de videovigilancia. Cuenta con lente motorizado de 3.7mm a 13.5mm, potentes IR con alcance de hasta 80m para la visi\u00f3n nocturna y tambi\u00e9n dispone de la tecnolog\u00eda WDR real 120dB que ofrece im\u00e1genes m\u00e1s n\u00edtidas incluso en las condiciones de contraste de luz intensas y adem\u00e1s cuenta con \u00edndice de protecci\u00f3n IP67 por lo que ofrece protecci\u00f3n contra polvo y agua. Soporta entrada de voltaje\u00a0de 12V CD\u00a0\u00b130%.<\/p>\n<p><img decoding=\"async\" class=\"overview-center-img-web\" src=\"https:\/\/tvc.mx\/media\/387155\/camara-bullet-4k-lente-motorizado-microfono-incorporado-HFW2802T-Z-A-Dahua.png\" alt=\"\" \/><\/div>\n<\/div>\n<div class=\"row align-items-center padding-bottom-2x\">\n<div class=\"col-md-5\"><img decoding=\"async\" class=\"d-block m-auto img-thumbnail\" src=\"https:\/\/tvc.mx\/media\/387027\/lente-motorizado.png\" alt=\" \" \/><\/div>\n<div class=\"col-md-7 text-md-left text-center\">\n<h2>Lente motorizado 3.7mm a 11mm<\/h2>\n<p class=\"text-muted\">\n<p class=\"ql-align-justify\">La c\u00e1mara\u00a0cuenta con lente motorizado de 3.7 a 11mm lo que le permite tener una apertura de visi\u00f3n horizontal de 46\u00b0~112\u00ba y poder utilizar la apertura deseada dependiendo el tipo de aplicaci\u00f3n.<\/p>\n<p>&nbsp;<\/p>\n<\/div>\n<\/div>\n<hr class=\"padding-bottom-2x\" \/>\n<div class=\"row align-items-center padding-bottom-2x\">\n<div class=\"col-md-5 order-md-2\"><img decoding=\"async\" class=\"d-block m-auto img-thumbnail\" src=\"https:\/\/tvc.mx\/media\/387031\/microfono-dahua.png\" alt=\" \" \/><\/div>\n<div class=\"col-md-7 order-md-1 text-md-left text-center\">\n<h2>Micr\u00f3fofo Integrado<\/h2>\n<p class=\"text-muted\">\n<p class=\"ql-align-justify\">Cuenta con un\u00a0micr\u00f3fono integrado de esta manera se puede transmitir la se\u00f1al de v\u00eddeo y audio utilizando un solo cable (coaxial o UTP) hacia un DVR HDCVI DAHUA. El audio de esta c\u00e1mara se puede escuchar desde la app m\u00f3vil (DMSS)<\/p>\n<p>&nbsp;<\/p>\n<\/div>\n<\/div>\n<hr class=\"padding-bottom-2x\" \/>\n<div class=\"row align-items-center padding-bottom-2x\">\n<div class=\"col-md-5\"><img decoding=\"async\" class=\"d-block m-auto img-thumbnail\" src=\"https:\/\/tvc.mx\/media\/387035\/WDR-Dahua.png\" alt=\" \" \/><\/div>\n<div class=\"col-md-7 text-md-left text-center\">\n<h2>WDR Real<\/h2>\n<p class=\"text-muted\">\n<p class=\"ql-align-justify\">Nuestra c\u00e1mara\u00a0cuenta con WDR real 120dB, esta funci\u00f3n\u00a0se encarga de medir, compensar y ajustar la luz en la imagen\u00a0captada para despu\u00e9s combinar los espacios de luces brillantes con los espacios de sombras que hay en una misma toma, creando\u00a0un equilibrio en la imagen final.<\/p>\n<p>&nbsp;<\/p>\n<\/div>\n<\/div>\n<hr class=\"padding-bottom-2x\" \/>\n<div class=\"row align-items-center padding-bottom-2x\">\n<div class=\"col-md-5 order-md-2\"><img decoding=\"async\" class=\"d-block m-auto img-thumbnail\" src=\"https:\/\/tvc.mx\/media\/387039\/Smart-IR-Dahua.png\" alt=\" \" \/><\/div>\n<div class=\"col-md-7 order-md-1 text-md-left text-center\">\n<h2>Smart IR<\/h2>\n<p class=\"text-muted\">\n<p class=\"ql-align-justify\">La c\u00e1mara tambi\u00e9n cuenta con Smart IR, esto es que los LEDs IR al ser activados en condiciones de poca luz regulan su intensidad dependiendo de las distancias que se encuentre el objeto en frente, esto evitar\u00e1 im\u00e1genes blancas y podr\u00e1 detectar m\u00e1s clara la imagen, los LEDs IR nos permiten una distancia de hasta\u00a0<strong>80<\/strong>\u00a0mts.<\/p>\n<p>&nbsp;<\/p>\n<\/div>\n<\/div>\n<hr class=\"padding-bottom-2x\" \/>\n<div class=\"row align-items-center padding-bottom-2x\">\n<div class=\"col-md-5\"><img decoding=\"async\" class=\"d-block m-auto img-thumbnail\" src=\"https:\/\/tvc.mx\/media\/56499\/dori.png\" alt=\" \" \/><\/div>\n<div class=\"col-md-7 text-md-left text-center\">\n<h2>Distancia DORI<\/h2>\n<p class=\"text-muted\">\n<p class=\"ql-align-justify\">La distancia DORI es una proximidad general de la distancia que hace que sea f\u00e1cil elegir la c\u00e1mara adecuada para sus necesidades. La distancia DORI se calcula sobre la base de la especificaci\u00f3n del sensor y del resultado de la prueba de laboratorio seg\u00fan EN 62676-4, que define los criterios para Detectar, Observar, Reconocer e Identificar, respectivamente, por lo que esta c\u00e1mara cuenta con la capacidad de:<\/p>\n<p>&nbsp;<\/p>\n<\/div>\n<\/div>\n<hr class=\"padding-bottom-2x\" \/>\n<div class=\"row align-items-center padding-bottom-2x\">\n<div class=\"col-md-5 order-md-2\"><img decoding=\"async\" class=\"d-block m-auto img-thumbnail\" src=\"https:\/\/tvc.mx\/media\/387043\/camara-bullet-4k-lente-motorizado-microfono-incorporado-HFW2802T-Z-A-Dahua-pp-caracteristicas.png\" alt=\" \" \/><\/div>\n<div class=\"col-md-7 order-md-1 text-md-left text-center\">\n<h2>Principales Caracter\u00edsticas<\/h2>\n<p class=\"text-muted\">\n<ul>\n<li>Lente motozoom<\/li>\n<li>2D-DNR\u00a0\/\u00a03D-DNR &#8211; Reducci\u00f3n digital de ruido en la imagen<\/li>\n<li>WDR &#8211; 120 dB &#8211; Amplio rango din\u00e1mico de la iluminaci\u00f3n<\/li>\n<li>BLC &#8211; compensaci\u00f3n de contraluz<\/li>\n<li>HLC &#8211; Compensaci\u00f3n de alta luz (punto)<\/li>\n<li>AGC &#8211; Ajuste autom\u00e1tico de la ganancia de la imagen<\/li>\n<li>ICR &#8211; Filtro mec\u00e1nico de infrarrojos<\/li>\n<li>Zonas de privacidad configurables<\/li>\n<li>Mirror &#8211; Imagen de espejo<\/li>\n<li>Balance de blancos autom\u00e1tico<\/li>\n<li>Sharpness &#8211; Enfoque de los contornos de la imagen<\/li>\n<\/ul>\n<p>&nbsp;<\/p>\n<\/div>\n<\/div>\n<hr class=\"padding-bottom-2x\" \/>\n<div class=\"row align-items-center padding-bottom-2x\">\n<div class=\"col-md-5\"><img decoding=\"async\" class=\"d-block m-auto img-thumbnail\" src=\"https:\/\/tvc.mx\/media\/387051\/camara-bullet-4k-lente-motorizado-microfono-incorporado-HFW2802T-Z-A-Dahua-especificaciones.png\" alt=\" \" \/><\/div>\n<div class=\"col-md-7 text-md-left text-center\">\n<h2>Especificaciones<\/h2>\n<p class=\"text-muted\">\n<ul>\n<li>1\/1.8\u00a0\u00bb Progressive Scan CMOS<\/li>\n<li>8 megap\u00edxeles<\/li>\n<li>Salida de v\u00eddeo:AHD\u00a0\/\u00a0HD-CVI\u00a0\/\u00a0HD-TVI\u00a0\/\u00a0CVBS<\/li>\n<li>Lente Motorizado 3.7 a 11mm<\/li>\n<li>\u00c1ngulo de visi\u00f3n:112\u00a0\u00b0 &#8211; 46\u00a0\u00b0<\/li>\n<li>Rango del iluminador IR:80\u00a0m<\/li>\n<li>Ajuste de potencia del iluminador IR: Autom\u00e1tico<\/li>\n<li>Micr\u00f3fono integrado<\/li>\n<li>Alimentaci\u00f3n:12\u00a0V\u00a0DC\u00a0\/ 1\u00a0A<\/li>\n<li>Carcasa: Aluminio<\/li>\n<li>Grado de protecci\u00f3n:IP67<\/li>\n<\/ul>\n<\/div>\n<\/div>\n","protected":false},"excerpt":{"rendered":"<p>Informaci\u00f3n General La c\u00e1mara modelo\u00a0HFW2802TZA\u00a0es una c\u00e1mara\u00a0HDCVI 8MP (4K)\u00a0con la cual podemos apreciar una imagen con mayor nitidez, brillo y claridad que cualquier otra c\u00e1mara de videovigilancia. Cuenta con lente motorizado de 3.7mm a 13.5mm, potentes IR con alcance de hasta 80m para la visi\u00f3n&hellip;<\/p>\n","protected":false},"featured_media":2652,"comment_status":"open","ping_status":"closed","template":"","meta":{"om_disable_all_campaigns":false,"_monsterinsights_skip_tracking":false,"_monsterinsights_sitenote_active":false,"_monsterinsights_sitenote_note":"","_monsterinsights_sitenote_category":0},"product_brand":[],"product_cat":[164],"product_tag":[42,165,166,151],"class_list":{"0":"post-2653","1":"product","2":"type-product","3":"status-publish","4":"has-post-thumbnail","6":"product_cat-bullet-camaras-cctv-hd","7":"product_tag-camaras","8":"product_tag-camaras-cctv-hd","9":"product_tag-cctv","10":"product_tag-seguridad","12":"first","13":"instock","14":"sale","15":"taxable","16":"shipping-taxable","17":"purchasable","18":"product-type-simple"},"aioseo_notices":[],"_links":{"self":[{"href":"https:\/\/tecsecmty.com\/index.php\/wp-json\/wp\/v2\/product\/2653","targetHints":{"allow":["GET"]}}],"collection":[{"href":"https:\/\/tecsecmty.com\/index.php\/wp-json\/wp\/v2\/product"}],"about":[{"href":"https:\/\/tecsecmty.com\/index.php\/wp-json\/wp\/v2\/types\/product"}],"replies":[{"embeddable":true,"href":"https:\/\/tecsecmty.com\/index.php\/wp-json\/wp\/v2\/comments?post=2653"}],"version-history":[{"count":0,"href":"https:\/\/tecsecmty.com\/index.php\/wp-json\/wp\/v2\/product\/2653\/revisions"}],"wp:featuredmedia":[{"embeddable":true,"href":"https:\/\/tecsecmty.com\/index.php\/wp-json\/wp\/v2\/media\/2652"}],"wp:attachment":[{"href":"https:\/\/tecsecmty.com\/index.php\/wp-json\/wp\/v2\/media?parent=2653"}],"wp:term":[{"taxonomy":"product_brand","embeddable":true,"href":"https:\/\/tecsecmty.com\/index.php\/wp-json\/wp\/v2\/product_brand?post=2653"},{"taxonomy":"product_cat","embeddable":true,"href":"https:\/\/tecsecmty.com\/index.php\/wp-json\/wp\/v2\/product_cat?post=2653"},{"taxonomy":"product_tag","embeddable":true,"href":"https:\/\/tecsecmty.com\/index.php\/wp-json\/wp\/v2\/product_tag?post=2653"}],"curies":[{"name":"wp","href":"https:\/\/api.w.org\/{rel}","templated":true}]}}