{"id":2659,"date":"2023-02-22T21:47:31","date_gmt":"2023-02-23T03:47:31","guid":{"rendered":"https:\/\/tecsecmty.com\/index.php\/producto\/dahua-hac-hfw2509tu-a-led-camara-bullet-full-color-de-5-megapixeles-lente-de-2-8mm-111-grados-de-apertura-60-metros-de-iluminacion-microfono-integrado-wdr-real-120db-3d-nr-super-adapt-microf\/"},"modified":"2023-03-22T23:22:43","modified_gmt":"2023-03-23T05:22:43","slug":"dahua-hac-hfw2509tu-a-led-camara-bullet-full-color-de-5-megapixeles-lente-de-2-8mm-111-grados-de-apertura-60-metros-de-iluminacion-microfono-integrado-wdr-real-120db-3d-nr-super-adapt-microf","status":"publish","type":"product","link":"https:\/\/tecsecmty.com\/index.php\/producto\/dahua-hac-hfw2509tu-a-led-camara-bullet-full-color-de-5-megapixeles-lente-de-2-8mm-111-grados-de-apertura-60-metros-de-iluminacion-microfono-integrado-wdr-real-120db-3d-nr-super-adapt-microf\/","title":{"rendered":"Dahua HAC-HFW2509TU-A-LED &#8211; C\u00e1mara Bullet Full Color de 5 Megap\u00edxeles\/ Lente de 2.8mm\/ 111 Grados de Apertura\/ 60 Metros de Iluminaci\u00f3n\/ Micr\u00f3fono integrado\/ WDR real 120dB\/ 3D NR\/ Super Adapt\/ Micr\u00f3fono integrado\/ CVI\/CVBS\/AHD\/TVI\/ IP67 #LoNuevo"},"content":{"rendered":"<div class=\"row aling-items-center padding-bottom-2x\">\n<div class=\"col-lg-12\">\n<h5 class=\"card-title text-center\">Informaci\u00f3n General<\/h5>\n<p>La Serie Pro es una opci\u00f3n perfecta para soluciones y proyectos de PYMES donde se requiere alta confiabilidad y flexibilidad. Todas las c\u00e1maras est\u00e1n equipadas con la funci\u00f3n Starlight, WDR real de 120 dB y 3DNR, y pueden proporcionar im\u00e1genes claras y detalles ricos incluso en condiciones de iluminaci\u00f3n dif\u00edciles.<\/p>\n<p><img decoding=\"async\" class=\"overview-center-img-web\" src=\"https:\/\/tvc.mx\/media\/495300\/camara-bullet-5-megapixeles-full-color-microfono-integrado-HAC-HFW2509TU-A-LED-Dahua.png\" alt=\"\" \/><\/div>\n<\/div>\n<div class=\"row align-items-center padding-bottom-2x\">\n<div class=\"col-md-5\"><img decoding=\"async\" class=\"d-block m-auto img-thumbnail\" src=\"https:\/\/tvc.mx\/media\/495302\/full-color-dahua.png\" alt=\" \" \/><\/div>\n<div class=\"col-md-7 text-md-left text-center\">\n<h2>Full Color<\/h2>\n<p class=\"text-muted\">\n<p>La c\u00e1mara a todo color adopta una lente de gran apertura y un sensor de alto rendimiento. Con una mayor cantidad de luz absorbida y un algoritmo avanzado de procesamiento de im\u00e1genes, la c\u00e1mara proporciona monitoreo de color las 24 horas del d\u00eda, los 7 d\u00edas de la semana que recopila informaci\u00f3n clara y v\u00edvida, lo que aumenta significativamente la probabilidad de recopilar evidencia humana, de veh\u00edculos y de eventos v\u00e1lida que se puede usar para un an\u00e1lisis inteligente adicional.<\/p>\n<p>&nbsp;<\/p>\n<\/div>\n<\/div>\n<hr class=\"padding-bottom-2x\" \/>\n<div class=\"row align-items-center padding-bottom-2x\">\n<div class=\"col-md-5 order-md-2\"><img decoding=\"async\" class=\"d-block m-auto img-thumbnail\" src=\"https:\/\/tvc.mx\/media\/495304\/WDR-Dahua.png\" alt=\" \" \/><\/div>\n<div class=\"col-md-7 order-md-1 text-md-left text-center\">\n<h2>Amplio Rango Din\u00e1mico<\/h2>\n<p class=\"text-muted\">\n<p>Con la avanzada tecnolog\u00eda de amplio rango din\u00e1mico (WDR), la c\u00e1mara Dahua HDCVI proporciona detalles claros en un entorno de fuerte contraste de brillo. El \u00e1rea brillante y oscura puede obtener un video claro incluso en entornos de alto brillo o con sombra de luz de fondo.<\/p>\n<p>&nbsp;<\/p>\n<\/div>\n<\/div>\n<hr class=\"padding-bottom-2x\" \/>\n<div class=\"row align-items-center padding-bottom-2x\">\n<div class=\"col-md-5\"><img decoding=\"async\" class=\"d-block m-auto img-thumbnail\" src=\"https:\/\/tvc.mx\/media\/495306\/Super-Adapt-Dahua.png\" alt=\" \" \/><\/div>\n<div class=\"col-md-7 text-md-left text-center\">\n<h2>S\u00faper Adapt<\/h2>\n<p class=\"text-muted\">\n<p>Incorporado con un algoritmo inteligente, para cambiar el entorno externo, la c\u00e1mara puede ajustar autom\u00e1ticamente los par\u00e1metros para presentar la imagen \u00f3ptima y resuelve el problema de la configuraci\u00f3n.<\/p>\n<p>&nbsp;<\/p>\n<\/div>\n<\/div>\n<hr class=\"padding-bottom-2x\" \/>\n<div class=\"row align-items-center padding-bottom-2x\">\n<div class=\"col-md-5 order-md-2\"><img decoding=\"async\" class=\"d-block m-auto img-thumbnail\" src=\"https:\/\/tvc.mx\/media\/495308\/3DNR-dahua.png\" alt=\" \" \/><\/div>\n<div class=\"col-md-7 order-md-1 text-md-left text-center\">\n<h2>3DNR avanzado<\/h2>\n<p class=\"text-muted\">\n<p>3DNR es una tecnolog\u00eda de reducci\u00f3n de ruido que detecta y elimina ruidos aleatorios comparando dos fotogramas secuenciales. La avanzada tecnolog\u00eda 3DNR de Dahua permite una notable reducci\u00f3n del ruido con poco impacto en la nitidez, especialmente en condiciones de iluminaci\u00f3n limitada. Adem\u00e1s, el 3DNR avanzado reduce efectivamente el ancho de banda y ahorra espacio de almacenamiento.<\/p>\n<p>&nbsp;<\/p>\n<\/div>\n<\/div>\n<hr class=\"padding-bottom-2x\" \/>\n<div class=\"row align-items-center padding-bottom-2x\">\n<div class=\"col-md-5\"><img decoding=\"async\" class=\"d-block m-auto img-thumbnail\" src=\"https:\/\/tvc.mx\/media\/495310\/IP67-dahua.png\" alt=\" \" \/><\/div>\n<div class=\"col-md-7 text-md-left text-center\">\n<h2>Protecci\u00f3n<\/h2>\n<p class=\"text-muted\">\n<p>IP67: la c\u00e1mara pasa una serie de pruebas estrictas sobre polvo y remojo. Tiene una funci\u00f3n a prueba de polvo y la carcasa puede funcionar normalmente despu\u00e9s de sumergirse en agua a 1 m de profundidad durante 30 minutos.<\/p>\n<p>Amplio voltaje: la c\u00e1mara permite una tolerancia de voltaje de entrada de \u00b130 % (para algunas fuentes de alimentaci\u00f3n) (amplio rango de voltaje) y se aplica ampliamente en ambientes exteriores con voltaje inestable.<\/p>\n<p>&nbsp;<\/p>\n<\/div>\n<\/div>\n<hr class=\"padding-bottom-2x\" \/>\n<div class=\"row align-items-center padding-bottom-2x\">\n<div class=\"col-md-5 order-md-2\"><img decoding=\"async\" class=\"d-block m-auto img-thumbnail\" src=\"https:\/\/tvc.mx\/media\/495312\/camara-bullet-5-megapixeles-full-color-microfono-integrado-HAC-HFW2509TU-A-LED-Dahua-caracteristicas.png\" alt=\" \" \/><\/div>\n<div class=\"col-md-7 order-md-1 text-md-left text-center\">\n<h2>Principales Caracter\u00edsticas<\/h2>\n<p class=\"text-muted\">\n<ul>\n<li>WDR real de 120 dB<\/li>\n<li>Reducci\u00f3n de ruido 3D NR<\/li>\n<li>Im\u00e1genes en color 24\/7<\/li>\n<li>S\u00faper Adapt<\/li>\n<li>Micr\u00f3fono incorporado<\/li>\n<li>CVI\/CVBS\/AHD\/TVI conmutable<\/li>\n<\/ul>\n<p>&nbsp;<\/p>\n<\/div>\n<\/div>\n<hr class=\"padding-bottom-2x\" \/>\n<div class=\"row align-items-center padding-bottom-2x\">\n<div class=\"col-md-5\"><img decoding=\"async\" class=\"d-block m-auto img-thumbnail\" src=\"https:\/\/tvc.mx\/media\/495314\/camara-bullet-5-megapixeles-full-color-microfono-integrado-HAC-HFW2509TU-A-LED-Dahua-especificaciones.png\" alt=\" \" \/><\/div>\n<div class=\"col-md-7 text-md-left text-center\">\n<h2>Especificaciones<\/h2>\n<p class=\"text-muted\">\n<ul>\n<li>CMOS de 5MP<\/li>\n<li>Distancia de iluminaci\u00f3n 60 m<\/li>\n<li>Lente fijo 2.8 mm<\/li>\n<li>BLC\/HLC\/WDR\/HLC-Pro<\/li>\n<li>WDR real 120dB<\/li>\n<li>Reducci\u00f3n de ruido NR 3D<\/li>\n<li>Iluminaci\u00f3n inteligente<\/li>\n<li>Zoom digital 4\u00d7<\/li>\n<li>Opciones de salida de video de CVI\/TVI\/AHD\/CVBS por un puerto BNC<\/li>\n<li>Micr\u00f3fono incorporado de un canal<\/li>\n<li>Fuente de alimentaci\u00f3n: 12 V \u00b130 % CC<\/li>\n<li>Grado de protecci\u00f3n IP67<\/li>\n<li>Metal en toda la carcasa<\/li>\n<\/ul>\n<\/div>\n<\/div>\n","protected":false},"excerpt":{"rendered":"<p>Informaci\u00f3n General La Serie Pro es una opci\u00f3n perfecta para soluciones y proyectos de PYMES donde se requiere alta confiabilidad y flexibilidad. Todas las c\u00e1maras est\u00e1n equipadas con la funci\u00f3n Starlight, WDR real de 120 dB y 3DNR, y pueden proporcionar im\u00e1genes claras y detalles&hellip;<\/p>\n","protected":false},"featured_media":2658,"comment_status":"open","ping_status":"closed","template":"","meta":{"om_disable_all_campaigns":false,"_monsterinsights_skip_tracking":false,"_monsterinsights_sitenote_active":false,"_monsterinsights_sitenote_note":"","_monsterinsights_sitenote_category":0},"product_brand":[],"product_cat":[164],"product_tag":[42,165,166,151],"class_list":{"0":"post-2659","1":"product","2":"type-product","3":"status-publish","4":"has-post-thumbnail","6":"product_cat-bullet-camaras-cctv-hd","7":"product_tag-camaras","8":"product_tag-camaras-cctv-hd","9":"product_tag-cctv","10":"product_tag-seguridad","12":"first","13":"instock","14":"sale","15":"taxable","16":"shipping-taxable","17":"purchasable","18":"product-type-simple"},"aioseo_notices":[],"_links":{"self":[{"href":"https:\/\/tecsecmty.com\/index.php\/wp-json\/wp\/v2\/product\/2659","targetHints":{"allow":["GET"]}}],"collection":[{"href":"https:\/\/tecsecmty.com\/index.php\/wp-json\/wp\/v2\/product"}],"about":[{"href":"https:\/\/tecsecmty.com\/index.php\/wp-json\/wp\/v2\/types\/product"}],"replies":[{"embeddable":true,"href":"https:\/\/tecsecmty.com\/index.php\/wp-json\/wp\/v2\/comments?post=2659"}],"version-history":[{"count":0,"href":"https:\/\/tecsecmty.com\/index.php\/wp-json\/wp\/v2\/product\/2659\/revisions"}],"wp:featuredmedia":[{"embeddable":true,"href":"https:\/\/tecsecmty.com\/index.php\/wp-json\/wp\/v2\/media\/2658"}],"wp:attachment":[{"href":"https:\/\/tecsecmty.com\/index.php\/wp-json\/wp\/v2\/media?parent=2659"}],"wp:term":[{"taxonomy":"product_brand","embeddable":true,"href":"https:\/\/tecsecmty.com\/index.php\/wp-json\/wp\/v2\/product_brand?post=2659"},{"taxonomy":"product_cat","embeddable":true,"href":"https:\/\/tecsecmty.com\/index.php\/wp-json\/wp\/v2\/product_cat?post=2659"},{"taxonomy":"product_tag","embeddable":true,"href":"https:\/\/tecsecmty.com\/index.php\/wp-json\/wp\/v2\/product_tag?post=2659"}],"curies":[{"name":"wp","href":"https:\/\/api.w.org\/{rel}","templated":true}]}}