{"id":2663,"date":"2023-02-22T21:47:35","date_gmt":"2023-02-23T03:47:35","guid":{"rendered":"https:\/\/tecsecmty.com\/index.php\/producto\/dahua-hac-pfw3601-a180-ac24-camara-bullet-multisensor-panoramica-180-grados-3-lentes-de-2-megapixeles-20-metros-de-iluminacion-wdr-real-de-120-starlight-ip67-ik10-2d3d-nr-lonuevo\/"},"modified":"2023-03-22T23:22:44","modified_gmt":"2023-03-23T05:22:44","slug":"dahua-hac-pfw3601-a180-ac24-camara-bullet-multisensor-panoramica-180-grados-3-lentes-de-2-megapixeles-20-metros-de-iluminacion-wdr-real-de-120-starlight-ip67-ik10-2d3d-nr-lonuevo","status":"publish","type":"product","link":"https:\/\/tecsecmty.com\/index.php\/producto\/dahua-hac-pfw3601-a180-ac24-camara-bullet-multisensor-panoramica-180-grados-3-lentes-de-2-megapixeles-20-metros-de-iluminacion-wdr-real-de-120-starlight-ip67-ik10-2d3d-nr-lonuevo\/","title":{"rendered":"Dahua HAC-PFW3601-A180-AC24 &#8211; Camara Bullet Multisensor Panoramica\/ 180 Grados\/ 3 Lentes de 2 Megapixeles\/ 20 Metros de Iluminaci\u00f3n\/ WDR Real de 120\/ Starlight\/ IP67\/IK10\/ 2D&amp;3D NR\/ #LoNuevo"},"content":{"rendered":"<div class=\"row aling-items-center padding-bottom-2x\">\n<div class=\"col-lg-12\">\n<h5 class=\"card-title text-center\">Informaci\u00f3n General<\/h5>\n<p>La c\u00e1mara HDCVI panor\u00e1mica Starlight multisensor proporciona mayor flexibilidad para la videovigilancia de \u00e1rea amplia. Tres sensores de 2 MP funcionan en t\u00e1ndem para crear una imagen 4K integral de 180 grados con detalles mejorados y emiten simult\u00e1neamente tres canales separados de video HDCVI de 2 MP. Esto da como resultado cuatro transmisiones de video n\u00edtidas desde una sola c\u00e1mara, lo que reduce dr\u00e1sticamente los costos de instalaci\u00f3n y mantenimiento. Adem\u00e1s, la c\u00e1mara multisensor tambi\u00e9n es compatible con la funcionalidad de crucero electr\u00f3nico y detecci\u00f3n de movimiento m\u00faltiple. Su vista panor\u00e1mica hace que la c\u00e1mara sea una opci\u00f3n ideal para empresas de gran tama\u00f1o y lugares como aeropuertos, estadios, estacionamientos y centros comerciales.<\/p>\n<p><img decoding=\"async\" class=\"overview-center-img-web\" src=\"https:\/\/tvc.mx\/media\/493766\/camara-bullet-panoramica-starlight-ip67-ik10-HAC-PFW3601-A180-AC24-Dahua-b.png\" alt=\"\" \/><\/div>\n<\/div>\n<div class=\"row align-items-center padding-bottom-2x\">\n<div class=\"col-md-5\"><img decoding=\"async\" class=\"d-block m-auto img-thumbnail\" src=\"https:\/\/tvc.mx\/media\/493768\/amplio-nagulo-de-vision-dahua.png\" alt=\" \" \/><\/div>\n<div class=\"col-md-7 text-md-left text-center\">\n<h2>Vista panor\u00e1mica de 180\u00b0<\/h2>\n<p class=\"text-muted\">\n<p>Equipada con sensores CMOS de 3x2MP, la c\u00e1mara PFW3601 puede monitorear vistas horizontales completas y brindar una cobertura integral de 180 grados de alta calidad sin puntos ciegos. La c\u00e1mara puede brindar cobertura de \u00e1reas amplias y abiertas, como aeropuertos, puertos, parques, plazas p\u00fablicas, centros comerciales y m\u00e1s. Por lo tanto, obtendr\u00e1 un video de cobertura general solo con un HAC-PFW3601 a trav\u00e9s de coaxial con menos hardware y ahorr\u00e1ndole dinero.<\/p>\n<p>&nbsp;<\/p>\n<\/div>\n<\/div>\n<hr class=\"padding-bottom-2x\" \/>\n<div class=\"row align-items-center padding-bottom-2x\">\n<div class=\"col-md-5 order-md-2\"><img decoding=\"async\" class=\"d-block m-auto img-thumbnail\" src=\"https:\/\/tvc.mx\/media\/493770\/WDR-Dahua.png\" alt=\" \" \/><\/div>\n<div class=\"col-md-7 order-md-1 text-md-left text-center\">\n<h2>Amplio Rango Din\u00e1mico<\/h2>\n<p class=\"text-muted\">\n<p>Integrado con la tecnolog\u00eda de amplio rango din\u00e1mico (WDR) l\u00edder en la industria, se logran im\u00e1genes v\u00edvidas incluso en las condiciones de iluminaci\u00f3n de contraste m\u00e1s intensas. True WDR (120dB) optimiza las \u00e1reas brillantes y oscuras de una escena al mismo tiempo para proporcionar un video utilizable.<\/p>\n<p>&nbsp;<\/p>\n<\/div>\n<\/div>\n<hr class=\"padding-bottom-2x\" \/>\n<div class=\"row align-items-center padding-bottom-2x\">\n<div class=\"col-md-5\"><img decoding=\"async\" class=\"d-block m-auto img-thumbnail\" src=\"https:\/\/tvc.mx\/media\/493772\/3DNR-dahua.png\" alt=\" \" \/><\/div>\n<div class=\"col-md-7 text-md-left text-center\">\n<h2>3DNR avanzado<\/h2>\n<p class=\"text-muted\">\n<p>3DNR es una tecnolog\u00eda de reducci\u00f3n de ruido que detecta y elimina ruidos aleatorios comparando dos fotogramas secuenciales. La avanzada tecnolog\u00eda 3DNR de Dahua permite una notable reducci\u00f3n del ruido con poco impacto en la nitidez, especialmente en condiciones de iluminaci\u00f3n limitada. Adem\u00e1s, el 3DNR avanzado reduce efectivamente el ancho de banda y ahorra espacio de almacenamiento.<\/p>\n<p>&nbsp;<\/p>\n<\/div>\n<\/div>\n<hr class=\"padding-bottom-2x\" \/>\n<div class=\"row align-items-center padding-bottom-2x\">\n<div class=\"col-md-5 order-md-2\"><img decoding=\"async\" class=\"d-block m-auto img-thumbnail\" src=\"https:\/\/tvc.mx\/media\/493774\/IP67-IK10-Dahua.png\" alt=\" \" \/><\/div>\n<div class=\"col-md-7 order-md-1 text-md-left text-center\">\n<h2>Protecci\u00f3n<\/h2>\n<p class=\"text-muted\">\n<p>La excelente confiabilidad de la c\u00e1mara es insuperable debido a su dise\u00f1o resistente. La c\u00e1mara est\u00e1 protegida contra el vandalismo con clasificaci\u00f3n IK10 e IP67 a prueba de agua, lo que la hace adecuada para la mayor\u00eda de los entornos, como lugares p\u00fablicos, instalaciones comerciales y de fabricaci\u00f3n.<\/p>\n<p>Con una tolerancia de voltaje de entrada de \u00b125 %, esta c\u00e1mara se adapta incluso a las condiciones de suministro de energ\u00eda m\u00e1s inestables. Su clasificaci\u00f3n de rayos 4KV proporciona protecci\u00f3n contra la c\u00e1mara y su estructura de los efectos de los rayos.<\/p>\n<p>&nbsp;<\/p>\n<\/div>\n<\/div>\n<hr class=\"padding-bottom-2x\" \/>\n<div class=\"row align-items-center padding-bottom-2x\">\n<div class=\"col-md-5\"><img decoding=\"async\" class=\"d-block m-auto img-thumbnail\" src=\"https:\/\/tvc.mx\/media\/493776\/camara-bullet-panoramica-starlight-ip67-ik10-HAC-PFW3601-A180-AC24-Dahua.png\" alt=\" \" \/><\/div>\n<div class=\"col-md-7 text-md-left text-center\">\n<h2>Principales Caracter\u00edsticas<\/h2>\n<p class=\"text-muted\">\n<ul>\n<li>1 vista panor\u00e1mica y 3 salidas de video individuales de 2MP simult\u00e1neamente<\/li>\n<li>WDR real de 120db<\/li>\n<li>Reducci\u00f3n de ruido 2D y 3D NR<\/li>\n<li>Tecnolog\u00eda de luz de estrellas HDCVI<\/li>\n<li>LED IR<\/li>\n<li>Protecci\u00f3n de ingreso IP67 e IK10<\/li>\n<\/ul>\n<p>&nbsp;<\/p>\n<\/div>\n<\/div>\n<hr class=\"padding-bottom-2x\" \/>\n<div class=\"row align-items-center padding-bottom-2x\">\n<div class=\"col-md-5 order-md-2\"><img decoding=\"async\" class=\"d-block m-auto img-thumbnail\" src=\"https:\/\/tvc.mx\/media\/493778\/camara-bullet-panoramica-starlight-ip67-ik10-HAC-PFW3601-A180-AC24-Dahua-especificaciones.png\" alt=\" \" \/><\/div>\n<div class=\"col-md-7 order-md-1 text-md-left text-center\">\n<h2>Especificaciones<\/h2>\n<p class=\"text-muted\">\n<ul>\n<li>Tres STARVIS de 1\/2,8&#8243; y 2MPTMCMOS<\/li>\n<li>Distancia de infrarrojos 20m<\/li>\n<li>Lente fijo 3.6mm<\/li>\n<li>D\u00eda\/Noche: Autom\u00e1tico (Electr\u00f3nico) \/ Manual<\/li>\n<li>BLC\/HLC\/WDR<\/li>\n<li>WDR real 120dB<\/li>\n<li>Reducci\u00f3n de ruido 2D\/3D<\/li>\n<li>E\/S de alarma 2\/1<\/li>\n<li>Fuente de alimentaci\u00f3n 24 V CA \u00b125 %<\/li>\n<li>Protecci\u00f3n de entrada y resistencia Observar al vandalismo: IP67 e IK10<\/li>\n<li>Carcasa: aluminio<\/li>\n<\/ul>\n<\/div>\n<\/div>\n","protected":false},"excerpt":{"rendered":"<p>Informaci\u00f3n General La c\u00e1mara HDCVI panor\u00e1mica Starlight multisensor proporciona mayor flexibilidad para la videovigilancia de \u00e1rea amplia. Tres sensores de 2 MP funcionan en t\u00e1ndem para crear una imagen 4K integral de 180 grados con detalles mejorados y emiten simult\u00e1neamente tres canales separados de video&hellip;<\/p>\n","protected":false},"featured_media":2662,"comment_status":"open","ping_status":"closed","template":"","meta":{"om_disable_all_campaigns":false,"_monsterinsights_skip_tracking":false,"_monsterinsights_sitenote_active":false,"_monsterinsights_sitenote_note":"","_monsterinsights_sitenote_category":0},"product_brand":[],"product_cat":[164],"product_tag":[42,165,166,151],"class_list":{"0":"post-2663","1":"product","2":"type-product","3":"status-publish","4":"has-post-thumbnail","6":"product_cat-bullet-camaras-cctv-hd","7":"product_tag-camaras","8":"product_tag-camaras-cctv-hd","9":"product_tag-cctv","10":"product_tag-seguridad","12":"first","13":"instock","14":"sale","15":"taxable","16":"shipping-taxable","17":"purchasable","18":"product-type-simple"},"aioseo_notices":[],"_links":{"self":[{"href":"https:\/\/tecsecmty.com\/index.php\/wp-json\/wp\/v2\/product\/2663","targetHints":{"allow":["GET"]}}],"collection":[{"href":"https:\/\/tecsecmty.com\/index.php\/wp-json\/wp\/v2\/product"}],"about":[{"href":"https:\/\/tecsecmty.com\/index.php\/wp-json\/wp\/v2\/types\/product"}],"replies":[{"embeddable":true,"href":"https:\/\/tecsecmty.com\/index.php\/wp-json\/wp\/v2\/comments?post=2663"}],"version-history":[{"count":0,"href":"https:\/\/tecsecmty.com\/index.php\/wp-json\/wp\/v2\/product\/2663\/revisions"}],"wp:featuredmedia":[{"embeddable":true,"href":"https:\/\/tecsecmty.com\/index.php\/wp-json\/wp\/v2\/media\/2662"}],"wp:attachment":[{"href":"https:\/\/tecsecmty.com\/index.php\/wp-json\/wp\/v2\/media?parent=2663"}],"wp:term":[{"taxonomy":"product_brand","embeddable":true,"href":"https:\/\/tecsecmty.com\/index.php\/wp-json\/wp\/v2\/product_brand?post=2663"},{"taxonomy":"product_cat","embeddable":true,"href":"https:\/\/tecsecmty.com\/index.php\/wp-json\/wp\/v2\/product_cat?post=2663"},{"taxonomy":"product_tag","embeddable":true,"href":"https:\/\/tecsecmty.com\/index.php\/wp-json\/wp\/v2\/product_tag?post=2663"}],"curies":[{"name":"wp","href":"https:\/\/api.w.org\/{rel}","templated":true}]}}