{"id":2671,"date":"2023-02-22T21:47:45","date_gmt":"2023-02-23T03:47:45","guid":{"rendered":"https:\/\/tecsecmty.com\/index.php\/producto\/dahua-cooper-d1a2128-camara-domo-hdcvi-1080p-103-grados-de-apertura-lente-de-2-8-mm-ir-20-mts-uso-interior-tvi-ahd-y-cvbs\/"},"modified":"2023-03-22T23:22:22","modified_gmt":"2023-03-23T05:22:22","slug":"dahua-cooper-d1a2128-camara-domo-hdcvi-1080p-103-grados-de-apertura-lente-de-2-8-mm-ir-20-mts-uso-interior-tvi-ahd-y-cvbs","status":"publish","type":"product","link":"https:\/\/tecsecmty.com\/index.php\/producto\/dahua-cooper-d1a2128-camara-domo-hdcvi-1080p-103-grados-de-apertura-lente-de-2-8-mm-ir-20-mts-uso-interior-tvi-ahd-y-cvbs\/","title":{"rendered":"DAHUA COOPER D1A2128 &#8211; C\u00e1mara Domo HDCVI 1080p\/ 103 Grados de Apertura\/ Lente de 2.8 mm\/ IR 20 Mts\/ Uso Interior\/ TVI AHD Y CVBS"},"content":{"rendered":"<div class=\"row aling-items-center padding-bottom-2x\">\n<div class=\"col-lg-12\">\n<h5 class=\"card-title text-center\">Informaci\u00f3n general<\/h5>\n<p class=\"ql-align-justify\">El modelo\u00a0<strong>HACD1A2128<\/strong>\u00a0es una c\u00e1mara\u00a0<strong>HDCVI<\/strong>\u00a0perteneciente a la Serie Cooper. Soporta las siguientes tecnologias\u00a0<strong>HDCVI, TVI, CVBS y AHD<\/strong>, esta c\u00e1mara transmite video de alta definici\u00f3n mediante cable coaxial o cable UTP con resoluci\u00f3n de\u00a0<strong>2MP (1920&#215;1080)<\/strong>.<\/p>\n<p><img decoding=\"async\" class=\"overview-center-img-web\" src=\"https:\/\/tvc.mx\/media\/443163\/DAHUA-COOPER-D1A2128-Camara-Domo-HDCVI-1080p-103-Grados-de-Apertura-Lente-de-2.8-mm-IR-20-Mts-Uso-Interior-TVI-AHD-Y-CVBS-b.png\" alt=\"\" \/><\/div>\n<\/div>\n<div class=\"row align-items-center padding-bottom-2x\">\n<div class=\"col-md-5 order-md-2\"><img decoding=\"async\" class=\"d-block m-auto img-thumbnail\" src=\"https:\/\/tvc.mx\/media\/443167\/Multiformatos-dahua.png\" alt=\" \" \/><\/div>\n<div class=\"col-md-7 order-md-1 text-md-left text-center\">\n<h2>M\u00faltiples Formatos de Video<\/h2>\n<p class=\"text-muted\">\n<p class=\"ql-align-justify\">La c\u00e1mara admite m\u00faltiples formatos de video existentes en el mercado como lo son,\u00a0<strong>HDCVI<\/strong>,<strong>HDTVI<\/strong>,<strong>AHD<\/strong>\u00a0y\u00a0<strong>CVBS<\/strong>. Los cuatro formatos se pueden cambiar a trav\u00e9s del men\u00fa OSD o mediante\u00a0<strong>PFM820<\/strong>\u00a0(controlador UTC). Esta funci\u00f3n hace que la c\u00e1mara sea compatible con la mayor\u00eda de los equipos HD \/ SD existentes de los usuarios finales.<\/p>\n<p>&nbsp;<\/p>\n<\/div>\n<\/div>\n<hr class=\"padding-bottom-2x\" \/>\n<div class=\"row align-items-center padding-bottom-2x\">\n<div class=\"col-md-5\"><img decoding=\"async\" class=\"d-block m-auto img-thumbnail\" src=\"https:\/\/tvc.mx\/media\/443171\/larga-distancia-de-transmision-dahua.png\" alt=\" \" \/><\/div>\n<div class=\"col-md-7 text-md-left text-center\">\n<h2>Larga distancia de transmisi\u00f3n<\/h2>\n<p class=\"text-muted\">\n<p class=\"ql-align-justify\">La tecnolog\u00eda HDCVI garantiza una transmisi\u00f3n a larga distancia y en tiempo real sin ninguna p\u00e9rdida. Admite hasta 800 mts para video 1080P y 1200 metros en 720P a trav\u00e9s de cable coaxial y hasta 300 mts para video 1080P y 450 mts mediante cable UTP.<\/p>\n<p>&nbsp;<\/p>\n<\/div>\n<\/div>\n<hr class=\"padding-bottom-2x\" \/>\n<div class=\"row align-items-center padding-bottom-2x\">\n<div class=\"col-md-5 order-md-2\"><img decoding=\"async\" class=\"d-block m-auto img-thumbnail\" src=\"https:\/\/tvc.mx\/media\/443175\/Smart-IR-Dahua.png\" alt=\" \" \/><\/div>\n<div class=\"col-md-7 order-md-1 text-md-left text-center\">\n<h2>IR Inteligente<\/h2>\n<p class=\"text-muted\">\n<p class=\"ql-align-justify\">La c\u00e1mara est\u00e1 dise\u00f1ada con iluminaci\u00f3n infrarroja LED microcristalina para un mejor rendimiento con poca luz. Smart IR es una tecnolog\u00eda para garantizar la uniformidad de brillo en im\u00e1genes B \/ W en condiciones de baja iluminaci\u00f3n. El Smart IR exclusivo de Dahua se ajusta a la intensidad de los LED infrarrojos de la c\u00e1mara para compensar la distancia de un objeto, y evita que los LEDs IR excedan la exposici\u00f3n de las im\u00e1genes cuando el objeto se acerca a la c\u00e1mara.<\/p>\n<p>&nbsp;<\/p>\n<\/div>\n<\/div>\n<hr class=\"padding-bottom-2x\" \/>\n<div class=\"row align-items-center padding-bottom-2x\">\n<div class=\"col-md-5\"><img decoding=\"async\" class=\"d-block m-auto img-thumbnail\" src=\"https:\/\/tvc.mx\/media\/443179\/OSD-Dahua.png\" alt=\" \" \/><\/div>\n<div class=\"col-md-7 text-md-left text-center\">\n<h2>Menu OSD Multilenguaje<\/h2>\n<p class=\"text-muted\">\n<p class=\"ql-align-justify\">El men\u00fa OSD proporciona m\u00faltiples ajustes de imagen y configuraciones de funci\u00f3n para cumplir con los requisitos de diferentes escenas de monitoreo. El men\u00fa OSD incluye confguratons como modo de luz de fondo, d\u00eda \/ noche, balance de blancos, m\u00e1scara de privacidad y detecci\u00f3n de motones. La c\u00e1mara admite 11 idiomas para el men\u00fa OSD, a saber, chino, ingl\u00e9s, franc\u00e9s, alem\u00e1n, espa\u00f1ol, portugu\u00e9s, italiano, japon\u00e9s, coreano, ruso y polaco<\/p>\n<p>&nbsp;<\/p>\n<\/div>\n<\/div>\n<hr class=\"padding-bottom-2x\" \/>\n<div class=\"row align-items-center padding-bottom-2x\">\n<div class=\"col-md-5 order-md-2\"><img decoding=\"async\" class=\"d-block m-auto img-thumbnail\" src=\"https:\/\/tvc.mx\/media\/443183\/WDR-Dahua.png\" alt=\" \" \/><\/div>\n<div class=\"col-md-7 order-md-1 text-md-left text-center\">\n<h2>DWDR<\/h2>\n<p class=\"text-muted\">\n<p class=\"ql-align-justify\">Nuestra c\u00e1mara\u00a0cuenta con\u00a0<strong>DWDR<\/strong>, esta funci\u00f3n\u00a0se encarga de medir, compensar y ajustar la luz en la imagen\u00a0captada para despues combinar los espacios de luces brillantes con los espacios de sombras que hay en una misma toma, creando\u00a0un equilibrio en la imagen final.<\/p>\n<p>&nbsp;<\/p>\n<\/div>\n<\/div>\n<hr class=\"padding-bottom-2x\" \/>\n<div class=\"row align-items-center padding-bottom-2x\">\n<div class=\"col-md-5\"><img decoding=\"async\" class=\"d-block m-auto img-thumbnail\" src=\"https:\/\/tvc.mx\/media\/443187\/DAHUA-COOPER-D1A2128-Camara-Domo-HDCVI-1080p-103-Grados-de-Apertura-Lente-de-2.8-mm-IR-20-Mts-Uso-Interior-TVI-AHD-Y-CVBS-caracteristicas.png\" alt=\" \" \/><\/div>\n<div class=\"col-md-7 text-md-left text-center\">\n<h2>Caracter\u00edsticas<\/h2>\n<p class=\"text-muted\">\n<ul>\n<li>Transmisi\u00f3n de larga distancia<\/li>\n<li>Smart IR<\/li>\n<li>Multiformatos<\/li>\n<li>OSD en varios idiommas<\/li>\n<li>DWDR<\/li>\n<\/ul>\n<\/div>\n<\/div>\n","protected":false},"excerpt":{"rendered":"<p>Informaci\u00f3n general El modelo\u00a0HACD1A2128\u00a0es una c\u00e1mara\u00a0HDCVI\u00a0perteneciente a la Serie Cooper. Soporta las siguientes tecnologias\u00a0HDCVI, TVI, CVBS y AHD, esta c\u00e1mara transmite video de alta definici\u00f3n mediante cable coaxial o cable UTP con resoluci\u00f3n de\u00a02MP (1920&#215;1080). M\u00faltiples Formatos de Video La c\u00e1mara admite m\u00faltiples formatos de&hellip;<\/p>\n","protected":false},"featured_media":2670,"comment_status":"open","ping_status":"closed","template":"","meta":{"om_disable_all_campaigns":false,"_monsterinsights_skip_tracking":false,"_monsterinsights_sitenote_active":false,"_monsterinsights_sitenote_note":"","_monsterinsights_sitenote_category":0},"product_brand":[],"product_cat":[167],"product_tag":[42,165,166,151],"class_list":{"0":"post-2671","1":"product","2":"type-product","3":"status-publish","4":"has-post-thumbnail","6":"product_cat-domo-camaras-cctv-hd","7":"product_tag-camaras","8":"product_tag-camaras-cctv-hd","9":"product_tag-cctv","10":"product_tag-seguridad","12":"first","13":"instock","14":"sale","15":"taxable","16":"shipping-taxable","17":"purchasable","18":"product-type-simple"},"aioseo_notices":[],"_links":{"self":[{"href":"https:\/\/tecsecmty.com\/index.php\/wp-json\/wp\/v2\/product\/2671","targetHints":{"allow":["GET"]}}],"collection":[{"href":"https:\/\/tecsecmty.com\/index.php\/wp-json\/wp\/v2\/product"}],"about":[{"href":"https:\/\/tecsecmty.com\/index.php\/wp-json\/wp\/v2\/types\/product"}],"replies":[{"embeddable":true,"href":"https:\/\/tecsecmty.com\/index.php\/wp-json\/wp\/v2\/comments?post=2671"}],"version-history":[{"count":0,"href":"https:\/\/tecsecmty.com\/index.php\/wp-json\/wp\/v2\/product\/2671\/revisions"}],"wp:featuredmedia":[{"embeddable":true,"href":"https:\/\/tecsecmty.com\/index.php\/wp-json\/wp\/v2\/media\/2670"}],"wp:attachment":[{"href":"https:\/\/tecsecmty.com\/index.php\/wp-json\/wp\/v2\/media?parent=2671"}],"wp:term":[{"taxonomy":"product_brand","embeddable":true,"href":"https:\/\/tecsecmty.com\/index.php\/wp-json\/wp\/v2\/product_brand?post=2671"},{"taxonomy":"product_cat","embeddable":true,"href":"https:\/\/tecsecmty.com\/index.php\/wp-json\/wp\/v2\/product_cat?post=2671"},{"taxonomy":"product_tag","embeddable":true,"href":"https:\/\/tecsecmty.com\/index.php\/wp-json\/wp\/v2\/product_tag?post=2671"}],"curies":[{"name":"wp","href":"https:\/\/api.w.org\/{rel}","templated":true}]}}