{"id":2673,"date":"2023-02-22T21:47:50","date_gmt":"2023-02-23T03:47:50","guid":{"rendered":"https:\/\/tecsecmty.com\/index.php\/producto\/dahua-cooper-d3a21-vf-camara-domo-varifocal-de-2-megapixeles-lente-de-2-7-a-12mm-ir-de-30-mts-ip67-dwdr-blc-hcl\/"},"modified":"2023-03-22T23:22:22","modified_gmt":"2023-03-23T05:22:22","slug":"dahua-cooper-d3a21-vf-camara-domo-varifocal-de-2-megapixeles-lente-de-2-7-a-12mm-ir-de-30-mts-ip67-dwdr-blc-hcl","status":"publish","type":"product","link":"https:\/\/tecsecmty.com\/index.php\/producto\/dahua-cooper-d3a21-vf-camara-domo-varifocal-de-2-megapixeles-lente-de-2-7-a-12mm-ir-de-30-mts-ip67-dwdr-blc-hcl\/","title":{"rendered":"DAHUA COOPER D3A21-VF &#8211; C\u00e1mara Domo Varifocal de 2 Megapixeles\/ Lente de 2.7 a 12mm\/ IR de 30 Mts\/ IP67\/ DWDR\/ BLC\/ HCL\/"},"content":{"rendered":"<div class=\"row aling-items-center padding-bottom-2x\">\n<div class=\"col-lg-12\">\n<h5 class=\"card-title text-center\">Informaci\u00f3n general<\/h5>\n<p>Experimente el video full HD 1080P con la simplicidad de utilizar la infraestructura del cableado existente. Las series Cooper 1080P HDCVI est\u00e1n realizadas con un dise\u00f1o compacto y alta calidad de imagen.<\/p>\n<p><img decoding=\"async\" class=\"overview-center-img-web\" src=\"https:\/\/tvc.mx\/media\/443247\/camara-domo-varifocal-de-2-megapixeles-ip67-dwdr-HAC-D3A21-VF-dahua.png\" alt=\"\" \/><\/div>\n<\/div>\n<div class=\"row align-items-center padding-bottom-2x\">\n<div class=\"col-md-5\"><img decoding=\"async\" class=\"d-block m-auto img-thumbnail\" src=\"https:\/\/tvc.mx\/media\/443251\/LENTE-VARIFOCAL-DAHUA.png\" alt=\" \" \/><\/div>\n<div class=\"col-md-7 text-md-left text-center\">\n<h2>Lente Varifocal<\/h2>\n<p class=\"text-muted\">\n<p>La c\u00e1mara\u00a0<strong>COOPER D3A21 VF<\/strong>\u00a0cuenta con un lente varifocal de 2.7mm a 12mm con el cual podemos realizar el ajuste manual del lente para obtener el mejor \u00e1ngulo posible. En la siguiente tabla se muestran ejemplos y alcances de los diferentes tipos de lentes.<\/p>\n<p>&nbsp;<\/p>\n<\/div>\n<\/div>\n<hr class=\"padding-bottom-2x\" \/>\n<div class=\"row align-items-center padding-bottom-2x\">\n<div class=\"col-md-5 order-md-2\"><img decoding=\"async\" class=\"d-block m-auto img-thumbnail\" src=\"https:\/\/tvc.mx\/media\/443255\/Smart-IR-Dahua.png\" alt=\" \" \/><\/div>\n<div class=\"col-md-7 order-md-1 text-md-left text-center\">\n<h2>Smart IR<\/h2>\n<p class=\"text-muted\">\n<p>La c\u00e1mara est\u00e1 dise\u00f1ada con una matriz de iluminaci\u00f3n LED IR para un mejor rendimiento con poca luz. Smart IR es una tecnolog\u00eda para garantizar la uniformidad del brillo en im\u00e1genes en blanco y negro con poca iluminaci\u00f3n. El exclusivo Smart IR de Dahua se ajusta a la intensidad de los LED infrarrojos de la c\u00e1mara para compensar la distancia de un objeto y evita que los LED IR sobreexpongan las im\u00e1genes a medida que el objeto se acerca a la c\u00e1mara.<\/p>\n<p>&nbsp;<\/p>\n<\/div>\n<\/div>\n<hr class=\"padding-bottom-2x\" \/>\n<div class=\"row align-items-center padding-bottom-2x\">\n<div class=\"col-md-5\"><img decoding=\"async\" class=\"d-block m-auto img-thumbnail\" src=\"https:\/\/tvc.mx\/media\/443259\/OSD-Dahua.png\" alt=\" \" \/><\/div>\n<div class=\"col-md-7 text-md-left text-center\">\n<h2>OSD en varios idiomas<\/h2>\n<p class=\"text-muted\">\n<p>El men\u00fa OSD proporciona m\u00faltiples ajustes de imagen y configuraci\u00f3n de funciones para cumplir con los requisitos de diferentes escenas de monitoreo. El men\u00fa OSD incluye configuraciones como el modo de luz de fondo, d\u00eda\/noche, balance de blancos, m\u00e1scara de privacidad y detecci\u00f3n de movimiento. La c\u00e1mara admite 11 idiomas para el men\u00fa OSD, a saber, chino, ingl\u00e9s, franc\u00e9s, alem\u00e1n, espa\u00f1ol, portugu\u00e9s, italiano, japon\u00e9s, coreano, ruso y polaco.<\/p>\n<p>&nbsp;<\/p>\n<\/div>\n<\/div>\n<hr class=\"padding-bottom-2x\" \/>\n<div class=\"row align-items-center padding-bottom-2x\">\n<div class=\"col-md-5 order-md-2\"><img decoding=\"async\" class=\"d-block m-auto img-thumbnail\" src=\"https:\/\/tvc.mx\/media\/443263\/camara-domo-varifocal-de-2-megapixeles-ip67-dwdr-HAC-D3A21-VF-dahua-caracteristicas.png\" alt=\" \" \/><\/div>\n<div class=\"col-md-7 order-md-1 text-md-left text-center\">\n<h2>Principales Caracter\u00edsticas<\/h2>\n<p class=\"text-muted\">\n<ul>\n<li>IR inteligente<\/li>\n<li>12 VCC, IP67<\/li>\n<li>Iluminaci\u00f3n m\u00ednima 0,04Lux \/ F1.85, 30 IRE, 0 Lux con IR encendidos<\/li>\n<li>Men\u00fa OSD<\/li>\n<li>BLC \/ HLC \/ DWDR<\/li>\n<li>Control de ganancia AGC<\/li>\n<li>Reducci\u00f3n de ruido 2D<\/li>\n<li>IP67<\/li>\n<\/ul>\n<p>&nbsp;<\/p>\n<\/div>\n<\/div>\n<hr class=\"padding-bottom-2x\" \/>\n<div class=\"row align-items-center padding-bottom-2x\">\n<div class=\"col-md-5\"><img decoding=\"async\" class=\"d-block m-auto img-thumbnail\" src=\"https:\/\/tvc.mx\/media\/443267\/camara-domo-varifocal-de-2-megapixeles-ip67-dwdr-HAC-D3A21-VF-dahua-especificaciones.png\" alt=\" \" \/><\/div>\n<div class=\"col-md-7 text-md-left text-center\">\n<h2>Especificaciones<\/h2>\n<p class=\"text-muted\">\n<ul>\n<li>CMOS de 1\/2,7&#8243;<\/li>\n<li>Distancia de infrarrojos Hasta 30 m<\/li>\n<li>Control de encendido\/apagado de infrarrojos: Manual de auto<\/li>\n<li>LED IR 2<\/li>\n<li>Lente varifocal: 2.7mm-12 mm<\/li>\n<li>Salida de video de alta definici\u00f3n BNC de 1 canal\/salida de video CVBS (puede cambiar)<\/li>\n<li>BLC\/HLC\/DWDR<\/li>\n<li>Reducci\u00f3n de ruido 2D<\/li>\n<li>Balance de blancos Manual de auto<\/li>\n<li>IR inteligente Manual de auto<\/li>\n<li>Fuente de alimentaci\u00f3n 12 V CC<\/li>\n<li>IP67<\/li>\n<li>Carcasa: pl\u00e1stico<\/li>\n<\/ul>\n<\/div>\n<\/div>\n","protected":false},"excerpt":{"rendered":"<p>Informaci\u00f3n general Experimente el video full HD 1080P con la simplicidad de utilizar la infraestructura del cableado existente. Las series Cooper 1080P HDCVI est\u00e1n realizadas con un dise\u00f1o compacto y alta calidad de imagen. Lente Varifocal La c\u00e1mara\u00a0COOPER D3A21 VF\u00a0cuenta con un lente varifocal de&hellip;<\/p>\n","protected":false},"featured_media":2672,"comment_status":"open","ping_status":"closed","template":"","meta":{"om_disable_all_campaigns":false,"_monsterinsights_skip_tracking":false,"_monsterinsights_sitenote_active":false,"_monsterinsights_sitenote_note":"","_monsterinsights_sitenote_category":0},"product_brand":[],"product_cat":[167],"product_tag":[42,165,166,151],"class_list":{"0":"post-2673","1":"product","2":"type-product","3":"status-publish","4":"has-post-thumbnail","6":"product_cat-domo-camaras-cctv-hd","7":"product_tag-camaras","8":"product_tag-camaras-cctv-hd","9":"product_tag-cctv","10":"product_tag-seguridad","12":"first","13":"instock","14":"sale","15":"taxable","16":"shipping-taxable","17":"purchasable","18":"product-type-simple"},"aioseo_notices":[],"_links":{"self":[{"href":"https:\/\/tecsecmty.com\/index.php\/wp-json\/wp\/v2\/product\/2673","targetHints":{"allow":["GET"]}}],"collection":[{"href":"https:\/\/tecsecmty.com\/index.php\/wp-json\/wp\/v2\/product"}],"about":[{"href":"https:\/\/tecsecmty.com\/index.php\/wp-json\/wp\/v2\/types\/product"}],"replies":[{"embeddable":true,"href":"https:\/\/tecsecmty.com\/index.php\/wp-json\/wp\/v2\/comments?post=2673"}],"version-history":[{"count":0,"href":"https:\/\/tecsecmty.com\/index.php\/wp-json\/wp\/v2\/product\/2673\/revisions"}],"wp:featuredmedia":[{"embeddable":true,"href":"https:\/\/tecsecmty.com\/index.php\/wp-json\/wp\/v2\/media\/2672"}],"wp:attachment":[{"href":"https:\/\/tecsecmty.com\/index.php\/wp-json\/wp\/v2\/media?parent=2673"}],"wp:term":[{"taxonomy":"product_brand","embeddable":true,"href":"https:\/\/tecsecmty.com\/index.php\/wp-json\/wp\/v2\/product_brand?post=2673"},{"taxonomy":"product_cat","embeddable":true,"href":"https:\/\/tecsecmty.com\/index.php\/wp-json\/wp\/v2\/product_cat?post=2673"},{"taxonomy":"product_tag","embeddable":true,"href":"https:\/\/tecsecmty.com\/index.php\/wp-json\/wp\/v2\/product_tag?post=2673"}],"curies":[{"name":"wp","href":"https:\/\/api.w.org\/{rel}","templated":true}]}}