{"id":2677,"date":"2023-02-22T21:47:55","date_gmt":"2023-02-23T03:47:55","guid":{"rendered":"https:\/\/tecsecmty.com\/index.php\/producto\/dahua-cooper-t2a21-28-camara-domo-de-2-megapixeles-1080p-lente-2-8-mm-100-grados-de-apertura-ir-de-20-metros-metalica-ip67-soporta-cvi-tvi-ahd-cvbs\/"},"modified":"2023-03-22T23:22:22","modified_gmt":"2023-03-23T05:22:22","slug":"dahua-cooper-t2a21-28-camara-domo-de-2-megapixeles-1080p-lente-2-8-mm-100-grados-de-apertura-ir-de-20-metros-metalica-ip67-soporta-cvi-tvi-ahd-cvbs","status":"publish","type":"product","link":"https:\/\/tecsecmty.com\/index.php\/producto\/dahua-cooper-t2a21-28-camara-domo-de-2-megapixeles-1080p-lente-2-8-mm-100-grados-de-apertura-ir-de-20-metros-metalica-ip67-soporta-cvi-tvi-ahd-cvbs\/","title":{"rendered":"DAHUA COOPER T2A21-28 &#8211; Camara Domo de 2 Megapixeles\/ 1080p\/ Lente 2.8 mm\/ 100 Grados de Apertura\/ IR de 20 Metros\/ Metalica\/ IP67\/ Soporta: CVI\/TVI\/AHD\/CVBS"},"content":{"rendered":"<div class=\"row aling-items-center padding-bottom-2x\">\n<div class=\"col-lg-12\">\n<h5 class=\"card-title text-center\">Informaci\u00f3n general<\/h5>\n<p>La Serie Cooper ofrece soluciones HDCVI simples y altamente rentables. Brinda monitoreo confiable las 24 horas del d\u00eda, los 7 d\u00edas de la semana con un rendimiento de imagen de alta calidad, lo que ahorra costos tanto en materiales como en mano de obra. Tambi\u00e9n est\u00e1 dise\u00f1ado y construido seg\u00fan los est\u00e1ndares espec\u00edficos de Dahua.<\/p>\n<p><img decoding=\"async\" class=\"overview-center-img-web\" src=\"https:\/\/tvc.mx\/media\/554351\/COOPER-T2A21-28-Camara-Domo-2-Megapixeles-1080p-Lente-2-banner-principal.png\" alt=\"Camara Domo\" \/><\/div>\n<\/div>\n<div class=\"row align-items-center padding-bottom-2x\">\n<div class=\"col-md-5 order-md-2\"><img decoding=\"async\" class=\"d-block m-auto img-thumbnail\" src=\"https:\/\/tvc.mx\/media\/554359\/4-se%C3%B1ales-sobre-1-cable-coaxial-Dahua.png\" alt=\" cable coaxial\" \/><\/div>\n<div class=\"col-md-7 order-md-1 text-md-left text-center\">\n<h2>4 Se\u00f1ales sobre 1 Cable Coaxial<\/h2>\n<p class=\"text-muted\">\n<p>La tecnolog\u00eda HDCVI admite 4 se\u00f1ales (video, audio*, datos y alimentaci\u00f3n) que se transmiten simult\u00e1neamente a trav\u00e9s de un cable coaxial. La transmisi\u00f3n de datos bidireccional permite que la c\u00e1mara HDCVI interact\u00fae con el XVR para realizar diversas acciones, como enviar se\u00f1ales de control y activar alarmas. La tecnolog\u00eda HDCVI tambi\u00e9n es compatible con PoC, lo que hace que la c\u00e1mara sea f\u00e1cil y r\u00e1pida de instalar.<\/p>\n<p>&nbsp;<\/p>\n<\/div>\n<\/div>\n<hr class=\"padding-bottom-2x\" \/>\n<div class=\"row align-items-center padding-bottom-2x\">\n<div class=\"col-md-5\"><img decoding=\"async\" class=\"d-block m-auto img-thumbnail\" src=\"https:\/\/tvc.mx\/media\/554363\/IP67-dahua.png\" alt=\" Protecci\u00f3n\" \/><\/div>\n<div class=\"col-md-7 text-md-left text-center\">\n<h2>Protecci\u00f3n IP67<\/h2>\n<p class=\"text-muted\">\n<p>IP67: la c\u00e1mara super\u00f3 una serie de rigurosas pruebas de polvo e inmersi\u00f3n. Su carcasa es a prueba de polvo e impermeable, y puede funcionar normalmente mientras se sumerge en agua a 1 m de profundidad durante un m\u00e1ximo de 30 minutos. Amplio voltaje: la c\u00e1mara tiene una tolerancia de voltaje de entrada de \u00b130 % (para algunas fuentes de alimentaci\u00f3n) y un amplio rango de voltaje, lo que la hace adecuada para una variedad de escenarios al aire libre.<\/p>\n<p>&nbsp;<\/p>\n<\/div>\n<\/div>\n<hr class=\"padding-bottom-2x\" \/>\n<div class=\"row align-items-center padding-bottom-2x\">\n<div class=\"col-md-5\"><img decoding=\"async\" class=\"d-block m-auto img-thumbnail\" src=\"https:\/\/tvc.mx\/media\/554379\/COOPER-T2A21-28-Camara-Domo-2-Megapixeles-1080p-Lente-2-Carcateristicas-principalesl.png\" alt=\" \" \/><\/div>\n<div class=\"col-md-7 text-md-left text-center\">\n<h2>Caracter\u00edsticas Principales<\/h2>\n<p class=\"text-muted\">\n<p><strong>\u00b7\u00a0<\/strong>m\u00e1x. 30 fps@1080p<\/p>\n<p><strong>\u00b7\u00a0<\/strong>CVI\/CVBS\/AHD\/TVI conmutable<\/p>\n<p><strong>\u00b7\u00a0<\/strong>Lente fija de 2.8 mm<\/p>\n<p><strong>\u00b7\u00a0<\/strong>m\u00e1x. Longitud IR 20 m, IR inteligente<\/p>\n<p><strong>\u00b7\u00a0<\/strong>IP67,12 VDC<\/p>\n<p>&nbsp;<\/p>\n<\/div>\n<\/div>\n<hr class=\"padding-bottom-2x\" \/>\n<div class=\"row align-items-center padding-bottom-2x\">\n<div class=\"col-md-5 order-md-2\"><img decoding=\"async\" class=\"d-block m-auto img-thumbnail\" src=\"https:\/\/tvc.mx\/media\/554399\/COOPER-T2A21-28-Camara-Domo-2-Megapixeles-1080p-Lente-2-Especificaciones-tecnicas.png\" alt=\" Dimensiones\" \/><\/div>\n<div class=\"col-md-7 order-md-1 text-md-left text-center\">\n<h2>Especificaciones T\u00e9cnicas<\/h2>\n<p class=\"text-muted\">\n<p>2 megap\u00edxeles<\/p>\n<p>Sensor de imagen\u00a0CMOS de 2MP<\/p>\n<p>Reducci\u00f3n de ruido NR 2D<\/p>\n<p>m\u00e1x. Resoluci\u00f3n 1920 (H) \u00d7 1080 (V)<\/p>\n<p>Salida de v\u00eddeo:\u00a0HD-CVI\u00a0\/\u00a0HD-TVI\u00a0\/\u00a0AHD\u00a0\/\u00a0PAL, 1\u00a0Vpp<\/p>\n<p>Alimentaci\u00f3n:12\u00a0V\u00a0DC\u00a0\/ 220\u00a0mA<\/p>\n<p>Grado de protecci\u00f3n:IP67<\/p>\n<p>Carcasa: Aluminio<\/p>\n<p>N\u00famero de iluminador\u00a02 (luz infrarroja)<\/p>\n<p>Rango de giro\/inclinaci\u00f3n\/rotaci\u00f3n\u00a0Panor\u00e1mica: 0\u00b0\u2013360\u00b0 Inclinaci\u00f3n: 0\u00b0\u201378\u00b0 Rotaci\u00f3n: 0\u00b0\u2013360\u00b0<\/p>\n<\/div>\n<\/div>\n","protected":false},"excerpt":{"rendered":"<p>Informaci\u00f3n general La Serie Cooper ofrece soluciones HDCVI simples y altamente rentables. Brinda monitoreo confiable las 24 horas del d\u00eda, los 7 d\u00edas de la semana con un rendimiento de imagen de alta calidad, lo que ahorra costos tanto en materiales como en mano de&hellip;<\/p>\n","protected":false},"featured_media":2676,"comment_status":"open","ping_status":"closed","template":"","meta":{"om_disable_all_campaigns":false,"_monsterinsights_skip_tracking":false,"_monsterinsights_sitenote_active":false,"_monsterinsights_sitenote_note":"","_monsterinsights_sitenote_category":0},"product_brand":[],"product_cat":[167],"product_tag":[42,165,166,151],"class_list":{"0":"post-2677","1":"product","2":"type-product","3":"status-publish","4":"has-post-thumbnail","6":"product_cat-domo-camaras-cctv-hd","7":"product_tag-camaras","8":"product_tag-camaras-cctv-hd","9":"product_tag-cctv","10":"product_tag-seguridad","12":"first","13":"instock","14":"sale","15":"taxable","16":"shipping-taxable","17":"purchasable","18":"product-type-simple"},"aioseo_notices":[],"_links":{"self":[{"href":"https:\/\/tecsecmty.com\/index.php\/wp-json\/wp\/v2\/product\/2677","targetHints":{"allow":["GET"]}}],"collection":[{"href":"https:\/\/tecsecmty.com\/index.php\/wp-json\/wp\/v2\/product"}],"about":[{"href":"https:\/\/tecsecmty.com\/index.php\/wp-json\/wp\/v2\/types\/product"}],"replies":[{"embeddable":true,"href":"https:\/\/tecsecmty.com\/index.php\/wp-json\/wp\/v2\/comments?post=2677"}],"version-history":[{"count":0,"href":"https:\/\/tecsecmty.com\/index.php\/wp-json\/wp\/v2\/product\/2677\/revisions"}],"wp:featuredmedia":[{"embeddable":true,"href":"https:\/\/tecsecmty.com\/index.php\/wp-json\/wp\/v2\/media\/2676"}],"wp:attachment":[{"href":"https:\/\/tecsecmty.com\/index.php\/wp-json\/wp\/v2\/media?parent=2677"}],"wp:term":[{"taxonomy":"product_brand","embeddable":true,"href":"https:\/\/tecsecmty.com\/index.php\/wp-json\/wp\/v2\/product_brand?post=2677"},{"taxonomy":"product_cat","embeddable":true,"href":"https:\/\/tecsecmty.com\/index.php\/wp-json\/wp\/v2\/product_cat?post=2677"},{"taxonomy":"product_tag","embeddable":true,"href":"https:\/\/tecsecmty.com\/index.php\/wp-json\/wp\/v2\/product_tag?post=2677"}],"curies":[{"name":"wp","href":"https:\/\/api.w.org\/{rel}","templated":true}]}}