{"id":2681,"date":"2023-02-22T21:48:02","date_gmt":"2023-02-23T03:48:02","guid":{"rendered":"https:\/\/tecsecmty.com\/index.php\/producto\/dahua-dh-hac-hdbw1500e-28-camara-domo-de-5-megapixeles-antivandalica-lente-de-2-8mm-111-grados-de-apertura-ir-de-30-mts-ip67-ik10-soporta-cvi-cvbs-ahd-tvi\/"},"modified":"2023-03-22T23:22:23","modified_gmt":"2023-03-23T05:22:23","slug":"dahua-dh-hac-hdbw1500e-28-camara-domo-de-5-megapixeles-antivandalica-lente-de-2-8mm-111-grados-de-apertura-ir-de-30-mts-ip67-ik10-soporta-cvi-cvbs-ahd-tvi","status":"publish","type":"product","link":"https:\/\/tecsecmty.com\/index.php\/producto\/dahua-dh-hac-hdbw1500e-28-camara-domo-de-5-megapixeles-antivandalica-lente-de-2-8mm-111-grados-de-apertura-ir-de-30-mts-ip67-ik10-soporta-cvi-cvbs-ahd-tvi\/","title":{"rendered":"DAHUA DH-HAC-HDBW1500E-28 &#8211; C\u00e1mara Domo de 5 Megapixeles Antivandalica\/ Lente de 2.8mm\/ 111 Grados de Apertura\/ IR de 30 Mts\/ IP67\/ IK10\/ Soporta: CVI\/CVBS\/AHD\/TVI\/"},"content":{"rendered":"<div class=\"row aling-items-center padding-bottom-2x\">\n<div class=\"col-lg-12\">\n<h5 class=\"card-title text-center\">Informaci\u00f3n general<\/h5>\n<p>La c\u00e1mara modelo\u00a0<strong>HAC-HDBW1500E<\/strong>\u00a0soporta 4 tecnolog\u00edas que actualmente lideran el mercado, tiene una resoluci\u00f3n de\u00a05 Megap\u00edxeles\u00a0Full HD por lo que se obtiene im\u00e1genes sorprendentes de excelente calidad y llena de detalles.<\/p>\n<p class=\"ql-align-justify\">Esta c\u00e1mara incorpora lente fijo de 2.8mm, IR con un alcance de hasta 30 metros, puede ser utilizada en ambientes exteriores debido a su \u00edndice de protecci\u00f3n\u00a0IP67\u00a0e\u00a0IK10\u00a0para protecci\u00f3n antivand\u00e1lica.<\/p>\n<p><img decoding=\"async\" class=\"overview-center-img-web\" src=\"https:\/\/tvc.mx\/media\/390467\/Camara-Domo-5-Megapixeles-Antivandalica-Dahua-B.png\" alt=\"\" \/><\/div>\n<\/div>\n<div class=\"row align-items-center padding-bottom-2x\">\n<div class=\"col-md-5\"><img decoding=\"async\" class=\"d-block m-auto img-thumbnail\" src=\"https:\/\/tvc.mx\/media\/390471\/Multiformatos-dahua.png\" alt=\" \" \/><\/div>\n<div class=\"col-md-7 text-md-left text-center\">\n<h2>Multiformatos<\/h2>\n<p class=\"text-muted\">\n<p>La c\u00e1mara admite m\u00faltiples formatos de video, incluidos HDCVI, CVBS y otros dos formatos anal\u00f3gicos HD comunes en el mercado. Los cuatro formatos se pueden cambiar a trav\u00e9s del men\u00fa OSD. Esta caracter\u00edstica hace que la c\u00e1mara sea compatible con los DVR HD \/ SD existentes de la mayor\u00eda de los usuarios finales.<\/p>\n<p>&nbsp;<\/p>\n<\/div>\n<\/div>\n<hr class=\"padding-bottom-2x\" \/>\n<div class=\"row align-items-center padding-bottom-2x\">\n<div class=\"col-md-5 order-md-2\"><img decoding=\"async\" class=\"d-block m-auto img-thumbnail\" src=\"https:\/\/tvc.mx\/media\/390475\/Smart-IR-Dahua.png\" alt=\" \" \/><\/div>\n<div class=\"col-md-7 order-md-1 text-md-left text-center\">\n<h2>Smart IR<\/h2>\n<p class=\"text-muted\">\n<p>La c\u00e1mara est\u00e1 dise\u00f1ada con iluminaci\u00f3n LED IR para un mejor rendimiento con poca luz. Smart IR es una tecnolog\u00eda que garantiza la uniformidad del brillo en im\u00e1genes en blanco y negro con poca iluminaci\u00f3n. El IR inteligente exclusivo de Dahua se ajusta a la intensidad de los LED infrarrojos de la c\u00e1mara para compensar la distancia de un objeto y evita que los LED IR sobreexpongan las im\u00e1genes a medida que el objeto se acerca a la c\u00e1mara.<\/p>\n<p>&nbsp;<\/p>\n<\/div>\n<\/div>\n<hr class=\"padding-bottom-2x\" \/>\n<div class=\"row align-items-center padding-bottom-2x\">\n<div class=\"col-md-5\"><img decoding=\"async\" class=\"d-block m-auto img-thumbnail\" src=\"https:\/\/tvc.mx\/media\/390479\/IP67-IK10-Dahua.png\" alt=\" \" \/><\/div>\n<div class=\"col-md-7 text-md-left text-center\">\n<h2>Protecci\u00f3n Ambiental<\/h2>\n<p class=\"text-muted\">\n<p>La excelente confiabilidad de la c\u00e1mara es insuperable debido a su dise\u00f1o resistente. La c\u00e1mara est\u00e1 protegida contra el agua y el polvo con clasificaci\u00f3n IP67, lo que la hace adecuada para entornos interiores o exteriores. Con un rango de temperatura de trabajo de -40 \u00b0 C a +60 \u00b0 C (-40 \u00b0 F a +140 \u00b0 F), la c\u00e1mara est\u00e1 dise\u00f1ada para entornos de temperaturas extremas. Con una tolerancia de voltaje de entrada de \u00b1 30%, esta c\u00e1mara se adapta incluso a las condiciones de suministro de energ\u00eda m\u00e1s inestables. Su clasificaci\u00f3n de rayos 4KV brinda protecci\u00f3n contra la c\u00e1mara y su estructura contra los efectos de los rayos.<\/p>\n<p>&nbsp;<\/p>\n<\/div>\n<\/div>\n<hr class=\"padding-bottom-2x\" \/>\n<div class=\"row align-items-center padding-bottom-2x\">\n<div class=\"col-md-5 order-md-2\"><img decoding=\"async\" class=\"d-block m-auto img-thumbnail\" src=\"https:\/\/tvc.mx\/media\/390483\/Camara-Domo-5-Megapixeles-Antivandalica-Dahua-pp-caracteristicas.png\" alt=\" \" \/><\/div>\n<div class=\"col-md-7 order-md-1 text-md-left text-center\">\n<h2>Caracteristicas<\/h2>\n<p class=\"text-muted\">\n<ul>\n<li>D-WDR &#8211; Amplio rango din\u00e1mico de la iluminaci\u00f3n<\/li>\n<li>2-DNR &#8211; Reducci\u00f3n digital de ruido en la imagen<\/li>\n<li>BLC &#8211; compensaci\u00f3n configurable de la luz de fondo<\/li>\n<li>HLC &#8211; Compensaci\u00f3n de alta luz (punto)<\/li>\n<li>ICR &#8211; Filtro mec\u00e1nico de infrarrojos<\/li>\n<li>AGC &#8211; Ajuste autom\u00e1tico de la ganancia de la imagen<\/li>\n<li>Modo d\u00eda\/noche<\/li>\n<li>Balance de blancos autom\u00e1tico<\/li>\n<li>Zonas de privacidad<\/li>\n<\/ul>\n<p>&nbsp;<\/p>\n<\/div>\n<\/div>\n<hr class=\"padding-bottom-2x\" \/>\n<div class=\"row align-items-center padding-bottom-2x\">\n<div class=\"col-md-5\"><img decoding=\"async\" class=\"d-block m-auto img-thumbnail\" src=\"https:\/\/tvc.mx\/media\/390627\/Camara-Domo-5-Megapixeles-Antivandalica-Dahua-especificaciones.png\" alt=\" \" \/><\/div>\n<div class=\"col-md-7 text-md-left text-center\">\n<h2>Especificaciones<\/h2>\n<p class=\"text-muted\">\n<ul>\n<li>1\/2.7\u00a0\u00bb Progressive Scan CMOS<\/li>\n<li>5 megap\u00edxeles<\/li>\n<li>Rango del iluminador IR:30\u00a0m<\/li>\n<li>Ajuste de potencia del iluminador IR: Autom\u00e1tico<\/li>\n<li>Lente fijo de 2.8\u00a0mm<\/li>\n<li>\u00c1ngulo de visi\u00f3n:98\u00a0\u00b0<\/li>\n<li>Salida de v\u00eddeo: AHD\u00a0\/\u00a0HD-CVI\u00a0\/\u00a0HD-TVI\u00a0\/\u00a0CVBS<\/li>\n<li>Men\u00fa OSD disponible a trav\u00e9s de la grabadora<\/li>\n<li>Alimentaci\u00f3n:12\u00a0V\u00a0DC\u00a0\/ 330\u00a0mA<\/li>\n<li>Grado de protecci\u00f3n:IP67<\/li>\n<li>A prueba de vandalismo:IK10<\/li>\n<li>Carcasa: Metal<\/li>\n<\/ul>\n<\/div>\n<\/div>\n","protected":false},"excerpt":{"rendered":"<p>Informaci\u00f3n general La c\u00e1mara modelo\u00a0HAC-HDBW1500E\u00a0soporta 4 tecnolog\u00edas que actualmente lideran el mercado, tiene una resoluci\u00f3n de\u00a05 Megap\u00edxeles\u00a0Full HD por lo que se obtiene im\u00e1genes sorprendentes de excelente calidad y llena de detalles. Esta c\u00e1mara incorpora lente fijo de 2.8mm, IR con un alcance de hasta&hellip;<\/p>\n","protected":false},"featured_media":2680,"comment_status":"open","ping_status":"closed","template":"","meta":{"om_disable_all_campaigns":false,"_monsterinsights_skip_tracking":false,"_monsterinsights_sitenote_active":false,"_monsterinsights_sitenote_note":"","_monsterinsights_sitenote_category":0},"product_brand":[],"product_cat":[167],"product_tag":[42,165,166,151],"class_list":{"0":"post-2681","1":"product","2":"type-product","3":"status-publish","4":"has-post-thumbnail","6":"product_cat-domo-camaras-cctv-hd","7":"product_tag-camaras","8":"product_tag-camaras-cctv-hd","9":"product_tag-cctv","10":"product_tag-seguridad","12":"first","13":"instock","14":"sale","15":"taxable","16":"shipping-taxable","17":"purchasable","18":"product-type-simple"},"aioseo_notices":[],"_links":{"self":[{"href":"https:\/\/tecsecmty.com\/index.php\/wp-json\/wp\/v2\/product\/2681","targetHints":{"allow":["GET"]}}],"collection":[{"href":"https:\/\/tecsecmty.com\/index.php\/wp-json\/wp\/v2\/product"}],"about":[{"href":"https:\/\/tecsecmty.com\/index.php\/wp-json\/wp\/v2\/types\/product"}],"replies":[{"embeddable":true,"href":"https:\/\/tecsecmty.com\/index.php\/wp-json\/wp\/v2\/comments?post=2681"}],"version-history":[{"count":0,"href":"https:\/\/tecsecmty.com\/index.php\/wp-json\/wp\/v2\/product\/2681\/revisions"}],"wp:featuredmedia":[{"embeddable":true,"href":"https:\/\/tecsecmty.com\/index.php\/wp-json\/wp\/v2\/media\/2680"}],"wp:attachment":[{"href":"https:\/\/tecsecmty.com\/index.php\/wp-json\/wp\/v2\/media?parent=2681"}],"wp:term":[{"taxonomy":"product_brand","embeddable":true,"href":"https:\/\/tecsecmty.com\/index.php\/wp-json\/wp\/v2\/product_brand?post=2681"},{"taxonomy":"product_cat","embeddable":true,"href":"https:\/\/tecsecmty.com\/index.php\/wp-json\/wp\/v2\/product_cat?post=2681"},{"taxonomy":"product_tag","embeddable":true,"href":"https:\/\/tecsecmty.com\/index.php\/wp-json\/wp\/v2\/product_tag?post=2681"}],"curies":[{"name":"wp","href":"https:\/\/api.w.org\/{rel}","templated":true}]}}