{"id":2687,"date":"2023-02-22T21:48:09","date_gmt":"2023-02-23T03:48:09","guid":{"rendered":"https:\/\/tecsecmty.com\/index.php\/producto\/dahua-dh-hac-hdw1509t-il-a-camara-domo-de-5-megapixeles-iluminadores-duales-inteligentes-lente-de-2-8mm-111-grados-de-apertura-40-metros-de-iluminacion-ir-y-luz-visible-super-adapt-microfono-i\/"},"modified":"2023-03-22T23:22:23","modified_gmt":"2023-03-23T05:22:23","slug":"dahua-dh-hac-hdw1509t-il-a-camara-domo-de-5-megapixeles-iluminadores-duales-inteligentes-lente-de-2-8mm-111-grados-de-apertura-40-metros-de-iluminacion-ir-y-luz-visible-super-adapt-microfono-i","status":"publish","type":"product","link":"https:\/\/tecsecmty.com\/index.php\/producto\/dahua-dh-hac-hdw1509t-il-a-camara-domo-de-5-megapixeles-iluminadores-duales-inteligentes-lente-de-2-8mm-111-grados-de-apertura-40-metros-de-iluminacion-ir-y-luz-visible-super-adapt-microfono-i\/","title":{"rendered":"DAHUA DH-HAC-HDW1509T-IL-A &#8211; C\u00e1mara Domo de 5 Megapixeles\/ Iluminadores Duales Inteligentes\/ Lente de 2.8mm\/ 111 Grados de Apertura\/ 40 Metros de Iluminaci\u00f3n IR y Luz Visible\/ Super Adapt\/ Micr\u00f3fono Integrado\/ IP67\/ WDR Real\/ #LoNuevo"},"content":{"rendered":"<div class=\"row aling-items-center padding-bottom-2x\">\n<div class=\"col-lg-12\">\n<h5 class=\"card-title text-center\">Informaci\u00f3n general<\/h5>\n<p class=\"ql-align-justify\">La serie Lite es una excelente opci\u00f3n para los consumidores que buscan productos de monitoreo de alta calidad a un precio razonable. Su bajo costo y alto rendimiento lo hacen ideal para \u00e1reas residenciales y soluciones para PYMES. Esta serie est\u00e1 equipada con una amplia gama de tecnolog\u00edas, como full-color y starlight, brindando diversas soluciones para diferentes escenarios.<\/p>\n<p><img decoding=\"async\" class=\"overview-center-img-web\" src=\"https:\/\/tvc.mx\/media\/568095\/DAHUA-DH-HDW1509T-IL-A-Camara-Domo-5-Megapixeles-Dual-Iluminators-Lente-2-banner-principal.png\" alt=\"Camara domo\" \/><\/div>\n<\/div>\n<div class=\"row align-items-center padding-bottom-2x\">\n<div class=\"col-md-5\"><img decoding=\"async\" class=\"d-block m-auto img-thumbnail\" src=\"https:\/\/tvc.mx\/media\/568323\/IP67-dahua.png\" alt=\" Protecci\u00f3n\" \/><\/div>\n<div class=\"col-md-7 text-md-left text-center\">\n<h2>Protecci\u00f3n IP67<\/h2>\n<p class=\"text-muted\">\n<p class=\"ql-align-justify\">IP67: la c\u00e1mara super\u00f3 una serie de rigurosas pruebas de polvo e inmersi\u00f3n. Su carcasa es a prueba de polvo e impermeable, y puede funcionar normalmente mientras se sumerge en agua a 1 m de profundidad durante un m\u00e1ximo de 30 minutos. Amplio voltaje: la c\u00e1mara tiene una tolerancia de voltaje de entrada de \u00b130 % (para algunas fuentes de alimentaci\u00f3n) y un amplio rango de voltaje, lo que la hace adecuada para una variedad de escenarios al aire libre.<\/p>\n<p>&nbsp;<\/p>\n<\/div>\n<\/div>\n<hr class=\"padding-bottom-2x\" \/>\n<div class=\"row align-items-center padding-bottom-2x\">\n<div class=\"col-md-5 order-md-2\"><img decoding=\"async\" class=\"d-block m-auto img-thumbnail\" src=\"https:\/\/tvc.mx\/media\/568347\/3DNR-dahua.png\" alt=\" 3DNR\" \/><\/div>\n<div class=\"col-md-7 order-md-1 text-md-left text-center\">\n<h2>3DNR avanzado<\/h2>\n<p class=\"text-muted\">\n<p class=\"ql-align-justify\">La tecnolog\u00eda avanzada 3DNR de Dahua reduce el ruido de la imagen con poco o ning\u00fan impacto en la nitidez de la imagen, especialmente en condiciones de poca luz. Detecta el ruido y compara los cuadros secuenciales para reducir el ruido de manera efectiva. Tambi\u00e9n hace un uso eficiente del ancho de banda, ahorrando espacio de almacenamiento.<\/p>\n<p>&nbsp;<\/p>\n<\/div>\n<\/div>\n<hr class=\"padding-bottom-2x\" \/>\n<div class=\"row align-items-center padding-bottom-2x\">\n<div class=\"col-md-5\"><img decoding=\"async\" class=\"d-block m-auto img-thumbnail\" src=\"https:\/\/tvc.mx\/media\/568359\/4-se%C3%B1ales-sobre-1-cable-coaxial-Dahua.png\" alt=\" Tecnolog\u00eda HDCVI\" \/><\/div>\n<div class=\"col-md-7 text-md-left text-center\">\n<h2>4 Se\u00f1ales sobre 1 Cable Coaxial<\/h2>\n<p class=\"text-muted\">\n<p class=\"ql-align-justify\">La tecnolog\u00eda HDCVI admite 4 se\u00f1ales (video, audio*, datos y alimentaci\u00f3n) que se transmiten simult\u00e1neamente a trav\u00e9s de un cable coaxial. La transmisi\u00f3n de datos bidireccional permite que la c\u00e1mara HDCVI interact\u00fae con el XVR para realizar diversas acciones, como enviar se\u00f1ales de control y activar alarmas. La tecnolog\u00eda HDCVI tambi\u00e9n es compatible con PoC, lo que hace que la c\u00e1mara sea f\u00e1cil y r\u00e1pida de instalar.<\/p>\n<p>&nbsp;<\/p>\n<\/div>\n<\/div>\n<hr class=\"padding-bottom-2x\" \/>\n<div class=\"row align-items-center padding-bottom-2x\">\n<div class=\"col-md-5 order-md-2\"><img decoding=\"async\" class=\"d-block m-auto img-thumbnail\" src=\"https:\/\/tvc.mx\/media\/568363\/Iluminadores-inteligentes-dahua.png\" alt=\" Iluminadores\" \/><\/div>\n<div class=\"col-md-7 order-md-1 text-md-left text-center\">\n<h2>Iluminadores duales inteligentes<\/h2>\n<p class=\"text-muted\">\n<p class=\"ql-align-justify\">Con su mecanismo inteligente de iluminaci\u00f3n dual, la c\u00e1mara enciende autom\u00e1ticamente la luz blanca cuando la funci\u00f3n Perimeter Protection\/SMD Plus de AI XVR detecta un objetivo en el \u00e1rea de la regla para capturar im\u00e1genes claras y v\u00edvidas. Cuando el objetivo abandona el \u00e1rea de la regla, la c\u00e1mara cambia autom\u00e1ticamente de la luz blanca al iluminador IR para reducir significativamente la contaminaci\u00f3n lum\u00ednica.<\/p>\n<p>&nbsp;<\/p>\n<\/div>\n<\/div>\n<hr class=\"padding-bottom-2x\" \/>\n<div class=\"row align-items-center padding-bottom-2x\">\n<div class=\"col-md-5\"><img decoding=\"async\" class=\"d-block m-auto img-thumbnail\" src=\"https:\/\/tvc.mx\/media\/568391\/DAHUA-DH-HDW1509T-IL-A-Camara-Domo-5-Megapixeles-Dual-Iluminators-Lente-2-caracteristicas-principales.png\" alt=\" \" \/><\/div>\n<div class=\"col-md-7 text-md-left text-center\">\n<h2>Caracter\u00edsticas Principales<\/h2>\n<p class=\"text-muted\">\n<p><strong>\u00b7\u00a0<\/strong>M\u00e1x. 25 fps@5MP (salida de video 16:9).<\/p>\n<p><strong>\u00b7\u00a0<\/strong>WDR real de 120 dB, 3D NR.<\/p>\n<p><strong>\u00b7\u00a0<\/strong>Iluminadores duales inteligentes.<\/p>\n<p><strong>\u00b7\u00a0<\/strong>Distancia de iluminaci\u00f3n de 40 m.<\/p>\n<p><strong>\u00b7\u00a0<\/strong>S\u00faper Adaptado.<\/p>\n<p><strong>\u00b7\u00a0<\/strong>MICR\u00d3FONO incorporado.<\/p>\n<p><strong>\u00b7\u00a0<\/strong>Lente fijo de 2.8 mm<\/p>\n<p><strong>\u00b7\u00a0<\/strong>CVI\/CVBS\/AHD\/TVI conmutable.<\/p>\n<p><strong>\u00b7\u00a0<\/strong>IP67, 12 V CC.<\/p>\n<p>&nbsp;<\/p>\n<\/div>\n<\/div>\n<hr class=\"padding-bottom-2x\" \/>\n<div class=\"row align-items-center padding-bottom-2x\">\n<div class=\"col-md-5 order-md-2\"><img decoding=\"async\" class=\"d-block m-auto img-thumbnail\" src=\"https:\/\/tvc.mx\/media\/568419\/DAHUA-DH-HDW1509T-IL-A-Camara-Domo-5-Megapixeles-Dual-Iluminators-Lente-2-Especificaciones-tecnicas.png\" alt=\" Dimensiones\" \/><\/div>\n<div class=\"col-md-7 order-md-1 text-md-left text-center\">\n<h2>Especificaciones T\u00e9cnicas<\/h2>\n<p class=\"text-muted\">\n<p>CMOS de 5MP<\/p>\n<p>M\u00e1x. Resoluci\u00f3n 2880 (H) x 1620 (v)<\/p>\n<p>Sistema de escaneo: progresivo<\/p>\n<p>velocidad de obturaci\u00f3n electr\u00f3nica: PAL: 1\/3s-1\/100000s NTSC: 1\/4s &#8211; 1\/100000s<\/p>\n<p>M\u00edn Iluminaci\u00f3n: 0,001 lux a F1,0 (color, 30 IRE) 0,0001 lux a F1,0 (B\/N, 30 IRE) 0 lux (iluminador encendido)<\/p>\n<p>Relaci\u00f3n se\u00f1al\/ruido: &gt;65 dB<\/p>\n<\/div>\n<\/div>\n","protected":false},"excerpt":{"rendered":"<p>Informaci\u00f3n general La serie Lite es una excelente opci\u00f3n para los consumidores que buscan productos de monitoreo de alta calidad a un precio razonable. Su bajo costo y alto rendimiento lo hacen ideal para \u00e1reas residenciales y soluciones para PYMES. Esta serie est\u00e1 equipada con&hellip;<\/p>\n","protected":false},"featured_media":2686,"comment_status":"open","ping_status":"closed","template":"","meta":{"om_disable_all_campaigns":false,"_monsterinsights_skip_tracking":false,"_monsterinsights_sitenote_active":false,"_monsterinsights_sitenote_note":"","_monsterinsights_sitenote_category":0},"product_brand":[],"product_cat":[167],"product_tag":[42,165,166,151],"class_list":{"0":"post-2687","1":"product","2":"type-product","3":"status-publish","4":"has-post-thumbnail","6":"product_cat-domo-camaras-cctv-hd","7":"product_tag-camaras","8":"product_tag-camaras-cctv-hd","9":"product_tag-cctv","10":"product_tag-seguridad","12":"first","13":"instock","14":"sale","15":"taxable","16":"shipping-taxable","17":"purchasable","18":"product-type-simple"},"aioseo_notices":[],"_links":{"self":[{"href":"https:\/\/tecsecmty.com\/index.php\/wp-json\/wp\/v2\/product\/2687","targetHints":{"allow":["GET"]}}],"collection":[{"href":"https:\/\/tecsecmty.com\/index.php\/wp-json\/wp\/v2\/product"}],"about":[{"href":"https:\/\/tecsecmty.com\/index.php\/wp-json\/wp\/v2\/types\/product"}],"replies":[{"embeddable":true,"href":"https:\/\/tecsecmty.com\/index.php\/wp-json\/wp\/v2\/comments?post=2687"}],"version-history":[{"count":0,"href":"https:\/\/tecsecmty.com\/index.php\/wp-json\/wp\/v2\/product\/2687\/revisions"}],"wp:featuredmedia":[{"embeddable":true,"href":"https:\/\/tecsecmty.com\/index.php\/wp-json\/wp\/v2\/media\/2686"}],"wp:attachment":[{"href":"https:\/\/tecsecmty.com\/index.php\/wp-json\/wp\/v2\/media?parent=2687"}],"wp:term":[{"taxonomy":"product_brand","embeddable":true,"href":"https:\/\/tecsecmty.com\/index.php\/wp-json\/wp\/v2\/product_brand?post=2687"},{"taxonomy":"product_cat","embeddable":true,"href":"https:\/\/tecsecmty.com\/index.php\/wp-json\/wp\/v2\/product_cat?post=2687"},{"taxonomy":"product_tag","embeddable":true,"href":"https:\/\/tecsecmty.com\/index.php\/wp-json\/wp\/v2\/product_tag?post=2687"}],"curies":[{"name":"wp","href":"https:\/\/api.w.org\/{rel}","templated":true}]}}