{"id":2689,"date":"2023-02-22T21:48:12","date_gmt":"2023-02-23T03:48:12","guid":{"rendered":"https:\/\/tecsecmty.com\/index.php\/producto\/dahua-dh-hac-hdw1801tl-a-camara-domo-4k-8-megapixeles-con-microfono-integrado-lente-de-2-8mm-105-grados-de-apertura-wdr-real-de-120-db-ir-de-30-mts-ip67-soporta-cvi-cvbs-ahd-tvi\/"},"modified":"2023-03-09T10:54:31","modified_gmt":"2023-03-09T16:54:31","slug":"dahua-dh-hac-hdw1801tl-a-camara-domo-4k-8-megapixeles-con-microfono-integrado-lente-de-2-8mm-105-grados-de-apertura-wdr-real-de-120-db-ir-de-30-mts-ip67-soporta-cvi-cvbs-ahd-tvi","status":"publish","type":"product","link":"https:\/\/tecsecmty.com\/index.php\/producto\/dahua-dh-hac-hdw1801tl-a-camara-domo-4k-8-megapixeles-con-microfono-integrado-lente-de-2-8mm-105-grados-de-apertura-wdr-real-de-120-db-ir-de-30-mts-ip67-soporta-cvi-cvbs-ahd-tvi\/","title":{"rendered":"DAHUA DH-HAC-HDW1801TL-A &#8211; C\u00e1mara Domo 4k\/ 8 Megap\u00edxeles con Micr\u00f3fono Integrado\/ Lente de 2.8mm\/ 105 Grados de Apertura\/ WDR Real de 120 dB\/ IR de 30 Mts\/ IP67\/ Soporta: CVI\/CVBS\/AHD\/TVI\/"},"content":{"rendered":"<div class=\"row aling-items-center padding-bottom-2x\">\n<div class=\"col-lg-12\">\n<h5 class=\"card-title text-center\">Informaci\u00f3n General<\/h5>\n<p>Experimenta la videovigilancia 4K con la simplicidad de reutilizar la infraestructura coaxial existente. La c\u00e1mara 4K HDCVI adopta un potente ISP Dahua y un sensor CMOS avanzado de 1 \/ 2.7 \u00ab, que proporciona im\u00e1genes de alta calidad superior. Adem\u00e1s, la c\u00e1mara cuenta con audio de calidad de transmisi\u00f3n para proporcionar una recopilaci\u00f3n de evidencia complementaria mejorada.<\/p>\n<p>micr\u00f3fono incorporado<\/p>\n<p><img decoding=\"async\" class=\"overview-center-img-web\" src=\"https:\/\/tvc.mx\/media\/381943\/Camara-de-Seguridad-Dahua-HAC-HDW1801TL-A-b.png\" alt=\"\" \/><\/div>\n<\/div>\n<div class=\"row align-items-center padding-bottom-2x\">\n<div class=\"col-md-5 order-md-2\"><img decoding=\"async\" class=\"d-block m-auto img-thumbnail\" src=\"https:\/\/tvc.mx\/media\/381951\/WDR-Dahua.png\" alt=\" \" \/><\/div>\n<div class=\"col-md-7 order-md-1 text-md-left text-center\">\n<h2>Amplio Rango Din\u00e1mico<\/h2>\n<p class=\"text-muted\">\n<p>Integrado con la tecnolog\u00eda de rango din\u00e1mico amplio (WDR) l\u00edder en la industria, se logran im\u00e1genes v\u00edvidas incluso en las condiciones de iluminaci\u00f3n de contraste m\u00e1s intensas. WDR Real de 120dB optimiza las \u00e1reas brillantes y oscuras de una escena al mismo tiempo para proporcionar video utilizable.<\/p>\n<p>&nbsp;<\/p>\n<\/div>\n<\/div>\n<hr class=\"padding-bottom-2x\" \/>\n<div class=\"row align-items-center padding-bottom-2x\">\n<div class=\"col-md-5\"><img decoding=\"async\" class=\"d-block m-auto img-thumbnail\" src=\"https:\/\/tvc.mx\/media\/381955\/3DNR-dahua.png\" alt=\" \" \/><\/div>\n<div class=\"col-md-7 text-md-left text-center\">\n<h2>Reducci\u00f3n de Ruido<\/h2>\n<p class=\"text-muted\">\n<p>3DNR es una tecnolog\u00eda de reducci\u00f3n de ruido que detecta y elimina ruidos aleatorios al comparar dos fotogramas secuenciales. La avanzada tecnolog\u00eda 3DNR de Dahua permite una reducci\u00f3n de ruido notable con poco impacto en la nitidez, especialmente en condiciones de iluminaci\u00f3n limitadas. Adem\u00e1s, el 3DNR avanzado reduce efectivamente el ancho de banda y ahorra espacio de almacenamiento.<\/p>\n<p>&nbsp;<\/p>\n<\/div>\n<\/div>\n<hr class=\"padding-bottom-2x\" \/>\n<div class=\"row align-items-center padding-bottom-2x\">\n<div class=\"col-md-5 order-md-2\"><img decoding=\"async\" class=\"d-block m-auto img-thumbnail\" src=\"https:\/\/tvc.mx\/media\/381959\/Multiformatos-dahua.png\" alt=\" \" \/><\/div>\n<div class=\"col-md-7 order-md-1 text-md-left text-center\">\n<h2>Multiformato<\/h2>\n<p class=\"text-muted\">\n<p>La c\u00e1mara admite m\u00faltiples formatos de video, incluidos HDCVI, CVBS y otros dos formatos anal\u00f3gicos HD comunes en el mercado. Esta caracter\u00edstica hace que la c\u00e1mara sea compatible no solo con los XVR, sino tambi\u00e9n con la mayor\u00eda de los DVR HD \/ SD existentes.<\/p>\n<p>&nbsp;<\/p>\n<\/div>\n<\/div>\n<hr class=\"padding-bottom-2x\" \/>\n<div class=\"row align-items-center padding-bottom-2x\">\n<div class=\"col-md-5\"><img decoding=\"async\" class=\"d-block m-auto img-thumbnail\" src=\"https:\/\/tvc.mx\/media\/381963\/Smart-IR-Dahua.png\" alt=\" \" \/><\/div>\n<div class=\"col-md-7 text-md-left text-center\">\n<h2>Smart IR<\/h2>\n<p class=\"text-muted\">\n<p>La c\u00e1mara est\u00e1 dise\u00f1ada con iluminaci\u00f3n IR para un mejor rendimiento con poca luz. Smart IR es una tecnolog\u00eda para garantizar la uniformidad del brillo en im\u00e1genes en blanco y negro con poca iluminaci\u00f3n. El exclusivo Smart IR de Dahua se ajusta a la intensidad de la c\u00e1mara para compensar la distancia de un objeto y evita que se sobreexpongan las im\u00e1genes a medida que el objeto se acerca a la c\u00e1mara.<\/p>\n<p>&nbsp;<\/p>\n<\/div>\n<\/div>\n<hr class=\"padding-bottom-2x\" \/>\n<div class=\"row align-items-center padding-bottom-2x\">\n<div class=\"col-md-5 order-md-2\"><img decoding=\"async\" class=\"d-block m-auto img-thumbnail\" src=\"https:\/\/tvc.mx\/media\/381967\/prncipales-caracteristicas-de-camara-HAC-HDW1801TL%28-A%29-dahua.png\" alt=\" \" \/><\/div>\n<div class=\"col-md-7 order-md-1 text-md-left text-center\">\n<h2>Principales Caracter\u00edsticas<\/h2>\n<p class=\"text-muted\">\n<p>\u00b7 WDR real 120dB<\/p>\n<p>\u00b7 3DNR<\/p>\n<p>\u00b7 M\u00e1x. Resoluci\u00f3n 4K<\/p>\n<p>\u00b7 CVI \/ CVBS \/ AHD \/ TVI conmutable<\/p>\n<p>\u00b7 Micr\u00f3fono incorporado (-A)<\/p>\n<p>\u00b7 Lente fijo 2,8 mm<\/p>\n<p>\u00b7 IR inteligente<\/p>\n<p>\u00b7 IP67<\/p>\n<p>&nbsp;<\/p>\n<\/div>\n<\/div>\n<hr class=\"padding-bottom-2x\" \/>\n<div class=\"row align-items-center padding-bottom-2x\">\n<div class=\"col-md-5\"><img decoding=\"async\" class=\"d-block m-auto img-thumbnail\" src=\"https:\/\/tvc.mx\/media\/381971\/especificaciones-de-camara-HAC-HDW1801TL%28-A%29-dahua.png\" alt=\" \" \/><\/div>\n<div class=\"col-md-7 text-md-left text-center\">\n<h2>Especificaciones<\/h2>\n<p class=\"text-muted\">\n<ul>\n<li>Sensor de imagen CMOS de 1 \/ 2,7 pulgadas<\/li>\n<li>P\u00edxeles efectivos: 3840 (H) \u00d7 2160 (V), 4K<\/li>\n<li>Distancia IR Distancia hasta 30 m<\/li>\n<li>BLC \/ HLC \/ WDR<\/li>\n<li>Reducci\u00f3n de ruido 2D y 3D NR<\/li>\n<li>Zoom digital 4X<\/li>\n<li>Fuente de alimentaci\u00f3n 12V \u00b1 30% CC<\/li>\n<li>Dimensiones: \u03c697mm \u00d7 85.8mm<\/li>\n<\/ul>\n<\/div>\n<\/div>\n","protected":false},"excerpt":{"rendered":"<p>Informaci\u00f3n General Experimenta la videovigilancia 4K con la simplicidad de reutilizar la infraestructura coaxial existente. La c\u00e1mara 4K HDCVI adopta un potente ISP Dahua y un sensor CMOS avanzado de 1 \/ 2.7 \u00ab, que proporciona im\u00e1genes de alta calidad superior. Adem\u00e1s, la c\u00e1mara cuenta&hellip;<\/p>\n","protected":false},"featured_media":2688,"comment_status":"open","ping_status":"closed","template":"","meta":{"om_disable_all_campaigns":false,"_monsterinsights_skip_tracking":false,"_monsterinsights_sitenote_active":false,"_monsterinsights_sitenote_note":"","_monsterinsights_sitenote_category":0},"product_brand":[],"product_cat":[167],"product_tag":[42,165,166,151],"class_list":{"0":"post-2689","1":"product","2":"type-product","3":"status-publish","4":"has-post-thumbnail","6":"product_cat-domo-camaras-cctv-hd","7":"product_tag-camaras","8":"product_tag-camaras-cctv-hd","9":"product_tag-cctv","10":"product_tag-seguridad","12":"first","13":"instock","14":"sale","15":"taxable","16":"shipping-taxable","17":"purchasable","18":"product-type-simple"},"aioseo_notices":[],"_links":{"self":[{"href":"https:\/\/tecsecmty.com\/index.php\/wp-json\/wp\/v2\/product\/2689","targetHints":{"allow":["GET"]}}],"collection":[{"href":"https:\/\/tecsecmty.com\/index.php\/wp-json\/wp\/v2\/product"}],"about":[{"href":"https:\/\/tecsecmty.com\/index.php\/wp-json\/wp\/v2\/types\/product"}],"replies":[{"embeddable":true,"href":"https:\/\/tecsecmty.com\/index.php\/wp-json\/wp\/v2\/comments?post=2689"}],"version-history":[{"count":0,"href":"https:\/\/tecsecmty.com\/index.php\/wp-json\/wp\/v2\/product\/2689\/revisions"}],"wp:featuredmedia":[{"embeddable":true,"href":"https:\/\/tecsecmty.com\/index.php\/wp-json\/wp\/v2\/media\/2688"}],"wp:attachment":[{"href":"https:\/\/tecsecmty.com\/index.php\/wp-json\/wp\/v2\/media?parent=2689"}],"wp:term":[{"taxonomy":"product_brand","embeddable":true,"href":"https:\/\/tecsecmty.com\/index.php\/wp-json\/wp\/v2\/product_brand?post=2689"},{"taxonomy":"product_cat","embeddable":true,"href":"https:\/\/tecsecmty.com\/index.php\/wp-json\/wp\/v2\/product_cat?post=2689"},{"taxonomy":"product_tag","embeddable":true,"href":"https:\/\/tecsecmty.com\/index.php\/wp-json\/wp\/v2\/product_tag?post=2689"}],"curies":[{"name":"wp","href":"https:\/\/api.w.org\/{rel}","templated":true}]}}