{"id":2691,"date":"2023-02-22T21:48:15","date_gmt":"2023-02-23T03:48:15","guid":{"rendered":"https:\/\/tecsecmty.com\/index.php\/producto\/dahua-dh-hac-hdw1801tqn-a-camara-domo-4k-8-megapixeles-con-microfono-integrado-lente-de-2-8mm-106-grados-de-apertura-ir-de-40-metros-super-adapt-instalacion-rapida-wdr-real-de-120-db-ip67-s\/"},"modified":"2023-03-22T23:22:23","modified_gmt":"2023-03-23T05:22:23","slug":"dahua-dh-hac-hdw1801tqn-a-camara-domo-4k-8-megapixeles-con-microfono-integrado-lente-de-2-8mm-106-grados-de-apertura-ir-de-40-metros-super-adapt-instalacion-rapida-wdr-real-de-120-db-ip67-s","status":"publish","type":"product","link":"https:\/\/tecsecmty.com\/index.php\/producto\/dahua-dh-hac-hdw1801tqn-a-camara-domo-4k-8-megapixeles-con-microfono-integrado-lente-de-2-8mm-106-grados-de-apertura-ir-de-40-metros-super-adapt-instalacion-rapida-wdr-real-de-120-db-ip67-s\/","title":{"rendered":"DAHUA DH-HAC-HDW1801TQN-A &#8211; Camara Domo 4k\/ 8 Megapixeles con Microfono Integrado\/ Lente de 2.8mm\/ 106 Grados de Apertura\/ IR de 40 Metros\/ Super Adapt\/ Instalaci\u00f3n Rapida\/ WDR Real de 120 dB\/ IP67\/ Soporta: CVI\/CVBS\/AHD\/TVI\/ #LoNuevo"},"content":{"rendered":"<div class=\"row aling-items-center padding-bottom-2x\">\n<div class=\"col-lg-12\">\n<h5 class=\"card-title text-center\">Informaci\u00f3n general<\/h5>\n<p class=\"ql-align-justify\">La serie Lite es una excelente opci\u00f3n para los consumidores que buscan productos de monitoreo de alta calidad a un precio razonable. Su bajo costo y alto rendimiento lo hacen ideal para \u00e1reas residenciales y soluciones para PYMES. Esta serie est\u00e1 equipada con una amplia gama de tecnolog\u00edas, como full-color y starlight, brindando diversas soluciones para diferentes escenarios.<\/p>\n<p><img decoding=\"async\" class=\"overview-center-img-web\" src=\"https:\/\/tvc.mx\/media\/580607\/DAHUA-DH-HAC-HDW1801TQN-A-Camara-Domo-4k-8-Megapixeles-Microfono-Integrado-Lente-2.8mm-106-Grados-Apertura-banner-principal.png\" alt=\"Camara \" \/><\/div>\n<\/div>\n<div class=\"row align-items-center padding-bottom-2x\">\n<div class=\"col-md-5\"><img decoding=\"async\" class=\"d-block m-auto img-thumbnail\" src=\"https:\/\/tvc.mx\/media\/580619\/3DNR-dahua.png\" alt=\" 3D NR\" \/><\/div>\n<div class=\"col-md-7 text-md-left text-center\">\n<h2>3D NR avanzado<\/h2>\n<p class=\"text-muted\">\n<h5 class=\"ql-align-justify\">La tecnolog\u00eda avanzada 3DNR de Dahua reduce el ruido de la imagen con poco o ning\u00fan impacto en la nitidez de la imagen, especialmente en condiciones de poca luz. Detecta el ruido y compara los cuadros secuenciales para reducir el ruido de manera efectiva. Tambi\u00e9n hace un uso eficiente del ancho de banda, ahorrando espacio de almacenamiento.<\/h5>\n<p>&nbsp;<\/p>\n<\/div>\n<\/div>\n<hr class=\"padding-bottom-2x\" \/>\n<div class=\"row align-items-center padding-bottom-2x\">\n<div class=\"col-md-5 order-md-2\"><img decoding=\"async\" class=\"d-block m-auto img-thumbnail\" src=\"https:\/\/tvc.mx\/media\/580623\/Iluminadores-inteligentes-dahua.png\" alt=\" Iluminaci\u00f3n\" \/><\/div>\n<div class=\"col-md-7 order-md-1 text-md-left text-center\">\n<h2>Iluminaci\u00f3n IR inteligente<\/h2>\n<p class=\"text-muted\">\n<p class=\"ql-align-justify\">Con su iluminaci\u00f3n IR, la c\u00e1mara proporciona un rendimiento \u00f3ptimo en condiciones de poca luz, asegurando la uniformidad en el brillo de las im\u00e1genes en blanco y negro. A trav\u00e9s de su tecnolog\u00eda IR inteligente, la c\u00e1mara tambi\u00e9n compensa la distancia de los objetivos ajustando la intensidad de sus LED IR, evitando la sobreexposici\u00f3n de las im\u00e1genes a medida que los objetivos se acercan a la c\u00e1mara.<\/p>\n<p>&nbsp;<\/p>\n<\/div>\n<\/div>\n<hr class=\"padding-bottom-2x\" \/>\n<div class=\"row align-items-center padding-bottom-2x\">\n<div class=\"col-md-5\"><img decoding=\"async\" class=\"d-block m-auto img-thumbnail\" src=\"https:\/\/tvc.mx\/media\/580627\/4-se%C3%B1ales-sobre-1-cable-coaxial-Dahua.png\" alt=\" \" \/><\/div>\n<div class=\"col-md-7 text-md-left text-center\">\n<h2>4 Se\u00f1ales sobre 1 Cable Coaxial<\/h2>\n<p class=\"text-muted\">\n<p class=\"ql-align-justify\">La tecnolog\u00eda HDCVI admite 4 se\u00f1ales (video, audio*, datos y alimentaci\u00f3n) que se transmiten simult\u00e1neamente a trav\u00e9s de un cable coaxial. La transmisi\u00f3n de datos bidireccional permite que la c\u00e1mara HDCVI interact\u00fae con el XVR para realizar diversas acciones, como enviar se\u00f1ales de control y activar alarmas. La tecnolog\u00eda HDCVI tambi\u00e9n es compatible con PoC, lo que hace que la c\u00e1mara sea f\u00e1cil y r\u00e1pida de instalar.<\/p>\n<p>&nbsp;<\/p>\n<\/div>\n<\/div>\n<hr class=\"padding-bottom-2x\" \/>\n<div class=\"row align-items-center padding-bottom-2x\">\n<div class=\"col-md-5\"><img decoding=\"async\" class=\"d-block m-auto img-thumbnail\" src=\"https:\/\/tvc.mx\/media\/580631\/IP67-dahua.png\" alt=\" Protecci\u00f3n IP67\" \/><\/div>\n<div class=\"col-md-7 text-md-left text-center\">\n<h2>Protecci\u00f3n (IP67, amplio voltaje)<\/h2>\n<p class=\"text-muted\">\n<p class=\"ql-align-justify\">IP67: la c\u00e1mara super\u00f3 una serie de rigurosas pruebas de polvo e inmersi\u00f3n. Su carcasa es a prueba de polvo e impermeable, y puede funcionar normalmente mientras se sumerge en agua a 1 m de profundidad durante un m\u00e1ximo de 30 minutos. Amplio voltaje: la c\u00e1mara tiene una tolerancia de voltaje de entrada de \u00b130 % (para algunas fuentes de alimentaci\u00f3n) y un amplio rango de voltaje, lo que la hace adecuada para una variedad de escenarios al aire libre.<\/p>\n<p>&nbsp;<\/p>\n<\/div>\n<\/div>\n<hr class=\"padding-bottom-2x\" \/>\n<div class=\"row align-items-center padding-bottom-2x\">\n<div class=\"col-md-5\"><img decoding=\"async\" class=\"d-block m-auto img-thumbnail\" src=\"https:\/\/tvc.mx\/media\/580659\/DAHUA-DH-HAC-HDW1801TQN-A-Camara-Domo-4k-8-Megapixeles-Microfono-Integrado-Lente-2-caracteristicas-principales.png\" alt=\" Camara Domo\" \/><\/div>\n<div class=\"col-md-7 text-md-left text-center\">\n<h2>Caracter\u00edsticas Principales<\/h2>\n<p class=\"text-muted\">\n<ul>\n<li>M\u00e1x. 15 fps a 4K.<\/li>\n<li>WDR real de 120 dB, 3D NR.<\/li>\n<li>Iluminaci\u00f3n IR inteligente.<\/li>\n<li>Distancia de iluminaci\u00f3n de 40 m.<\/li>\n<li>S\u00faper Adaptado<\/li>\n<li>MIC incorporado (-A).<\/li>\n<li>El globo ocular de instalaci\u00f3n r\u00e1pida ahorra tiempo de instalaci\u00f3n<\/li>\n<li>Lente 2.8 mm<\/li>\n<li>CVI\/CVBS\/AHD\/TVI conmutable.<\/li>\n<li>IP67, 12 V CC.<\/li>\n<\/ul>\n<p>&nbsp;<\/p>\n<\/div>\n<\/div>\n<hr class=\"padding-bottom-2x\" \/>\n<div class=\"row align-items-center padding-bottom-2x\">\n<div class=\"col-md-5\"><img decoding=\"async\" class=\"d-block m-auto img-thumbnail\" src=\"https:\/\/tvc.mx\/media\/580675\/DAHUA-DH-HAC-HDW1801TQN-A-Camara-Domo-4k-8-Megapixeles-Microfono-Integrado-Lente-2.png-especificaciones.png\" alt=\" Dimensi\u00f3n\" \/><\/div>\n<div class=\"col-md-7 text-md-left text-center\">\n<h2>Especificaciones T\u00e9cnicas<\/h2>\n<p class=\"text-muted\">\n<ul>\n<li>8 MP<\/li>\n<li>CMOS 4K<\/li>\n<li>M\u00e1x. Resoluci\u00f3n 3840 (H) x 2160 (v)<\/li>\n<li>Sistema de escaneo progresivo<\/li>\n<li>Velocidad de obturaci\u00f3n electr\u00f3nica:\u00a0PAL: 1\/25 s\u20131\/100000 s NTSC: 1\/30 s\u20131\/100000s<\/li>\n<li>M\u00edn. Iluminaci\u00f3n: 0,01 lux a F2,0 (color, 30 IRE) 0,001 lux a F2,0 (B\/N, 30 IRE) 0 lux (iluminador encendido)<\/li>\n<li>Relaci\u00f3n se\u00f1al\/ruido &gt;65 dB<\/li>\n<li>Distancia de iluminaci\u00f3n 40 m (131,23 pies)<\/li>\n<\/ul>\n<p>&nbsp;<\/p>\n<\/div>\n<\/div>\n","protected":false},"excerpt":{"rendered":"<p>Informaci\u00f3n general La serie Lite es una excelente opci\u00f3n para los consumidores que buscan productos de monitoreo de alta calidad a un precio razonable. Su bajo costo y alto rendimiento lo hacen ideal para \u00e1reas residenciales y soluciones para PYMES. Esta serie est\u00e1 equipada con&hellip;<\/p>\n","protected":false},"featured_media":2690,"comment_status":"open","ping_status":"closed","template":"","meta":{"om_disable_all_campaigns":false,"_monsterinsights_skip_tracking":false,"_monsterinsights_sitenote_active":false,"_monsterinsights_sitenote_note":"","_monsterinsights_sitenote_category":0},"product_brand":[],"product_cat":[167],"product_tag":[42,165,166,151],"class_list":{"0":"post-2691","1":"product","2":"type-product","3":"status-publish","4":"has-post-thumbnail","6":"product_cat-domo-camaras-cctv-hd","7":"product_tag-camaras","8":"product_tag-camaras-cctv-hd","9":"product_tag-cctv","10":"product_tag-seguridad","12":"first","13":"instock","14":"sale","15":"taxable","16":"shipping-taxable","17":"purchasable","18":"product-type-simple"},"aioseo_notices":[],"_links":{"self":[{"href":"https:\/\/tecsecmty.com\/index.php\/wp-json\/wp\/v2\/product\/2691","targetHints":{"allow":["GET"]}}],"collection":[{"href":"https:\/\/tecsecmty.com\/index.php\/wp-json\/wp\/v2\/product"}],"about":[{"href":"https:\/\/tecsecmty.com\/index.php\/wp-json\/wp\/v2\/types\/product"}],"replies":[{"embeddable":true,"href":"https:\/\/tecsecmty.com\/index.php\/wp-json\/wp\/v2\/comments?post=2691"}],"version-history":[{"count":0,"href":"https:\/\/tecsecmty.com\/index.php\/wp-json\/wp\/v2\/product\/2691\/revisions"}],"wp:featuredmedia":[{"embeddable":true,"href":"https:\/\/tecsecmty.com\/index.php\/wp-json\/wp\/v2\/media\/2690"}],"wp:attachment":[{"href":"https:\/\/tecsecmty.com\/index.php\/wp-json\/wp\/v2\/media?parent=2691"}],"wp:term":[{"taxonomy":"product_brand","embeddable":true,"href":"https:\/\/tecsecmty.com\/index.php\/wp-json\/wp\/v2\/product_brand?post=2691"},{"taxonomy":"product_cat","embeddable":true,"href":"https:\/\/tecsecmty.com\/index.php\/wp-json\/wp\/v2\/product_cat?post=2691"},{"taxonomy":"product_tag","embeddable":true,"href":"https:\/\/tecsecmty.com\/index.php\/wp-json\/wp\/v2\/product_tag?post=2691"}],"curies":[{"name":"wp","href":"https:\/\/api.w.org\/{rel}","templated":true}]}}