{"id":2693,"date":"2023-02-22T21:48:17","date_gmt":"2023-02-23T03:48:17","guid":{"rendered":"https:\/\/tecsecmty.com\/index.php\/producto\/dahua-dh-hac-hdw2241tmqn-a-camara-domo-de-2-megapixeles-super-adapt-lente-de-2-8-mm-109-grados-de-apertura-wdr-de-130-db-ir-de-60-mts-microfono-integrado-embebido-ip67-instalacion-rapida\/"},"modified":"2023-03-22T23:22:23","modified_gmt":"2023-03-23T05:22:23","slug":"dahua-dh-hac-hdw2241tmqn-a-camara-domo-de-2-megapixeles-super-adapt-lente-de-2-8-mm-109-grados-de-apertura-wdr-de-130-db-ir-de-60-mts-microfono-integrado-embebido-ip67-instalacion-rapida","status":"publish","type":"product","link":"https:\/\/tecsecmty.com\/index.php\/producto\/dahua-dh-hac-hdw2241tmqn-a-camara-domo-de-2-megapixeles-super-adapt-lente-de-2-8-mm-109-grados-de-apertura-wdr-de-130-db-ir-de-60-mts-microfono-integrado-embebido-ip67-instalacion-rapida\/","title":{"rendered":"DAHUA DH-HAC-HDW2241TMQN-A &#8211; C\u00e1mara Domo de 2 Megapixeles\/ Super Adapt\/ Lente de 2.8 mm\/ 109 Grados de Apertura\/ WDR de 130 dB\/ IR de 60 Mts\/ Micr\u00f3fono Integrado Embebido\/ IP67\/ Instalaci\u00f3n R\u00e1pida\/"},"content":{"rendered":"<div class=\"row aling-items-center padding-bottom-2x\">\n<div class=\"col-lg-12\">\n<h5 class=\"card-title text-center\">Informaci\u00f3n general<\/h5>\n<p>La camara HAC-HDW2241TMQ-A Pro Series es una elecci\u00f3n perfecta para soluciones y proyectos de PYMES en los que se requiere una alta fiabilidad y flexibilidad. Todas las c\u00e1maras est\u00e1n equipadas con la funci\u00f3n Starlight, WDR real de 130dB y 3DNR, y pueden proporcionar im\u00e1genes claras y detalles ricos incluso en condiciones de iluminaci\u00f3n dif\u00edciles.<\/p>\n<p><img decoding=\"async\" class=\"overview-center-img-web\" src=\"https:\/\/tvc.mx\/media\/388551\/Camara-domo-2-megapixeles-lente-2.8mm-microfono-integrado-IR-60-metros-Dahua-B.png\" alt=\"\" \/><\/div>\n<\/div>\n<div class=\"row align-items-center padding-bottom-2x\">\n<div class=\"col-md-5 order-md-2\"><img decoding=\"async\" class=\"d-block m-auto img-thumbnail\" src=\"https:\/\/tvc.mx\/media\/388555\/Starlight-Dahua.png\" alt=\" \" \/><\/div>\n<div class=\"col-md-7 order-md-1 text-md-left text-center\">\n<h2>Starlight<\/h2>\n<p class=\"text-muted\">\n<p>Con la adopci\u00f3n de un sensor de alto rendimiento de gran tama\u00f1o y una lente de gran apertura, la c\u00e1mara puede proporcionar un rendimiento incomparable incluso en entornos con poca luz extrema. La funci\u00f3n Starlight permite capturar m\u00e1s detalles y reconocer colores precisos por la noche o en escenas con iluminaci\u00f3n limitada.<\/p>\n<p>&nbsp;<\/p>\n<\/div>\n<\/div>\n<hr class=\"padding-bottom-2x\" \/>\n<div class=\"row align-items-center padding-bottom-2x\">\n<div class=\"col-md-5\"><img decoding=\"async\" class=\"d-block m-auto img-thumbnail\" src=\"https:\/\/tvc.mx\/media\/388559\/Multiformatos-dahua.png\" alt=\" \" \/><\/div>\n<div class=\"col-md-7 text-md-left text-center\">\n<h2>M\u00faltiples Formatos<\/h2>\n<p class=\"text-muted\">\n<p>La c\u00e1mara admite m\u00faltiples formatos de video, incluidos HDCVI, CVBS y otros dos formatos anal\u00f3gicos HD comunes en el mercado. Un interruptor DIP ubicado en el cable le permite alternar r\u00e1pidamente entre formatos, lo que simplifica a\u00fan m\u00e1s la instalaci\u00f3n y la depuraci\u00f3n. Esta caracter\u00edstica hace que la c\u00e1mara sea compatible no solo con los XVR, sino tambi\u00e9n con la mayor\u00eda de los XVR HD \/ SD existentes.<\/p>\n<p>&nbsp;<\/p>\n<\/div>\n<\/div>\n<hr class=\"padding-bottom-2x\" \/>\n<div class=\"row align-items-center padding-bottom-2x\">\n<div class=\"col-md-5 order-md-2\"><img decoding=\"async\" class=\"d-block m-auto img-thumbnail\" src=\"https:\/\/tvc.mx\/media\/388563\/Smart-IR-Dahua.png\" alt=\" \" \/><\/div>\n<div class=\"col-md-7 order-md-1 text-md-left text-center\">\n<h2>Smart IR<\/h2>\n<p class=\"text-muted\">\n<p>La c\u00e1mara est\u00e1 dise\u00f1ada con iluminaci\u00f3n IR para un mejor rendimiento con poca luz. Smart IR es una tecnolog\u00eda que garantiza la uniformidad del brillo en im\u00e1genes en blanco y negro con poca iluminaci\u00f3n. El IR inteligente exclusivo de Dahua se ajusta a la intensidad de los LED infrarrojos de la c\u00e1mara para compensar la distancia de un objeto y evita que los LED IR sobreexpongan las im\u00e1genes a medida que el objeto se acerca a la c\u00e1mara.<\/p>\n<p>&nbsp;<\/p>\n<\/div>\n<\/div>\n<hr class=\"padding-bottom-2x\" \/>\n<div class=\"row align-items-center padding-bottom-2x\">\n<div class=\"col-md-5\"><img decoding=\"async\" class=\"d-block m-auto img-thumbnail\" src=\"https:\/\/tvc.mx\/media\/388579\/Camara-domo-2-megapixeles-lente-2.8mm-microfono-integrado-IR-60-metros-Dahua-pp-caracteristicas.png\" alt=\" \" \/><\/div>\n<div class=\"col-md-7 text-md-left text-center\">\n<h2>Principales Caracter\u00edsticas<\/h2>\n<p class=\"text-muted\">\n<ul>\n<li>M\u00e1ximo 30 fps a 1080p<\/li>\n<li>Starlight<\/li>\n<li>WDR real de 130 dB<\/li>\n<li>3D NR<\/li>\n<li>CVI \/ CVBS \/ AHD \/ TVI conmutable<\/li>\n<li>Super Adapt<\/li>\n<li>Micr\u00f3fono incorporado<\/li>\n<li>IR inteligente<\/li>\n<li>IP67<\/li>\n<\/ul>\n<p>&nbsp;<\/p>\n<\/div>\n<\/div>\n<hr class=\"padding-bottom-2x\" \/>\n<div class=\"row align-items-center padding-bottom-2x\">\n<div class=\"col-md-5 order-md-2\"><img decoding=\"async\" class=\"d-block m-auto img-thumbnail\" src=\"https:\/\/tvc.mx\/media\/388591\/Camara-domo-2-megapixeles-lente-2.8mm-microfono-integrado-IR-60-metros-Dahua-especificaciones.png\" alt=\" \" \/><\/div>\n<div class=\"col-md-7 order-md-1 text-md-left text-center\">\n<h2>Especificaciones<\/h2>\n<p class=\"text-muted\">\n<ul>\n<li>CMOS de 2 MP<\/li>\n<li>2 megap\u00edxeles<\/li>\n<li>Distancia de iluminaci\u00f3n 60 m<\/li>\n<li>N\u00famero de iluminador 2 (luz infrarroja)<\/li>\n<li>Lente fijo 2.8 mm<\/li>\n<li>BLC \/ HLC<\/li>\n<li>WDR real de 130 dB<\/li>\n<li>Reducci\u00f3n de ruido 3D NR<\/li>\n<li>Opciones de salida de video de CVI \/ TVI \/ AHD \/ CVBS por un puerto BNC (interruptor DIP)<\/li>\n<li>Micr\u00f3fono integrado de un canal<\/li>\n<li>Fuente de alimentaci\u00f3n 12 V \u00b1 30% CC<\/li>\n<li>Grado de protecci\u00f3n IP67<\/li>\n<li>Metal en toda la carcasa<\/li>\n<\/ul>\n<\/div>\n<\/div>\n","protected":false},"excerpt":{"rendered":"<p>Informaci\u00f3n general La camara HAC-HDW2241TMQ-A Pro Series es una elecci\u00f3n perfecta para soluciones y proyectos de PYMES en los que se requiere una alta fiabilidad y flexibilidad. Todas las c\u00e1maras est\u00e1n equipadas con la funci\u00f3n Starlight, WDR real de 130dB y 3DNR, y pueden proporcionar&hellip;<\/p>\n","protected":false},"featured_media":2692,"comment_status":"open","ping_status":"closed","template":"","meta":{"om_disable_all_campaigns":false,"_monsterinsights_skip_tracking":false,"_monsterinsights_sitenote_active":false,"_monsterinsights_sitenote_note":"","_monsterinsights_sitenote_category":0},"product_brand":[],"product_cat":[167],"product_tag":[42,165,166,151],"class_list":{"0":"post-2693","1":"product","2":"type-product","3":"status-publish","4":"has-post-thumbnail","6":"product_cat-domo-camaras-cctv-hd","7":"product_tag-camaras","8":"product_tag-camaras-cctv-hd","9":"product_tag-cctv","10":"product_tag-seguridad","12":"first","13":"instock","14":"sale","15":"taxable","16":"shipping-taxable","17":"purchasable","18":"product-type-simple"},"aioseo_notices":[],"_links":{"self":[{"href":"https:\/\/tecsecmty.com\/index.php\/wp-json\/wp\/v2\/product\/2693","targetHints":{"allow":["GET"]}}],"collection":[{"href":"https:\/\/tecsecmty.com\/index.php\/wp-json\/wp\/v2\/product"}],"about":[{"href":"https:\/\/tecsecmty.com\/index.php\/wp-json\/wp\/v2\/types\/product"}],"replies":[{"embeddable":true,"href":"https:\/\/tecsecmty.com\/index.php\/wp-json\/wp\/v2\/comments?post=2693"}],"version-history":[{"count":0,"href":"https:\/\/tecsecmty.com\/index.php\/wp-json\/wp\/v2\/product\/2693\/revisions"}],"wp:featuredmedia":[{"embeddable":true,"href":"https:\/\/tecsecmty.com\/index.php\/wp-json\/wp\/v2\/media\/2692"}],"wp:attachment":[{"href":"https:\/\/tecsecmty.com\/index.php\/wp-json\/wp\/v2\/media?parent=2693"}],"wp:term":[{"taxonomy":"product_brand","embeddable":true,"href":"https:\/\/tecsecmty.com\/index.php\/wp-json\/wp\/v2\/product_brand?post=2693"},{"taxonomy":"product_cat","embeddable":true,"href":"https:\/\/tecsecmty.com\/index.php\/wp-json\/wp\/v2\/product_cat?post=2693"},{"taxonomy":"product_tag","embeddable":true,"href":"https:\/\/tecsecmty.com\/index.php\/wp-json\/wp\/v2\/product_tag?post=2693"}],"curies":[{"name":"wp","href":"https:\/\/api.w.org\/{rel}","templated":true}]}}