{"id":2695,"date":"2023-02-22T21:48:19","date_gmt":"2023-02-23T03:48:19","guid":{"rendered":"https:\/\/tecsecmty.com\/index.php\/producto\/dahua-ew2501-camara-fisheye-de-5-megapixeles-hdcvi-360-grados-ir-de-10-mts-wdr-real-de-120db-microfono-integrado-uso-interior-starlight-2d3dnr\/"},"modified":"2023-03-22T23:22:37","modified_gmt":"2023-03-23T05:22:37","slug":"dahua-ew2501-camara-fisheye-de-5-megapixeles-hdcvi-360-grados-ir-de-10-mts-wdr-real-de-120db-microfono-integrado-uso-interior-starlight-2d3dnr","status":"publish","type":"product","link":"https:\/\/tecsecmty.com\/index.php\/producto\/dahua-ew2501-camara-fisheye-de-5-megapixeles-hdcvi-360-grados-ir-de-10-mts-wdr-real-de-120db-microfono-integrado-uso-interior-starlight-2d3dnr\/","title":{"rendered":"DAHUA EW2501 &#8211; C\u00e1mara FishEye de 5 Megap\u00edxeles HDCVI\/ 360 Grados\/ IR de 10 Mts\/ WDR Real de 120dB\/ Microfono Integrado\/ Uso Interior\/ Starlight, 2D&amp;3DNR"},"content":{"rendered":"<div class=\"row aling-items-center padding-bottom-2x\">\n<div class=\"col-lg-12\">\n<h5 class=\"card-title text-center\">Informaci\u00f3n General<\/h5>\n<p>La c\u00e1mara Fisheye\u00a0<strong>HDCVI<\/strong>\u00a0de\u00a0<strong>5 MP<\/strong>\u00a0adopta una lente fisheye panor\u00e1mica y un sensor de imagen de alto rendimiento, as\u00ed como un rango de infrarrojos de 10 m, lo que permite una visi\u00f3n general completa y detalles de imagen superiores con una resoluci\u00f3n de 5 MP. Eso facilita la recopilaci\u00f3n de evidencia en cualquier momento para una reproducci\u00f3n y an\u00e1lisis efectivos.<\/p>\n<p><img decoding=\"async\" class=\"overview-center-img-web\" src=\"https:\/\/tvc.mx\/media\/443439\/Camara-Fisheye-5-Megapixeles-WDR-Real-120-dB-HAC-EW2501N-Dahua-b.png\" alt=\"\" \/><\/div>\n<\/div>\n<div class=\"row align-items-center padding-bottom-2x\">\n<div class=\"col-md-5 order-md-2\"><img decoding=\"async\" class=\"d-block m-auto img-thumbnail\" src=\"https:\/\/tvc.mx\/media\/443443\/WDR-Dahua.png\" alt=\" \" \/><\/div>\n<div class=\"col-md-7 order-md-1 text-md-left text-center\">\n<h2>Amplio Rango Din\u00e1mico<\/h2>\n<p class=\"text-muted\">\n<p>Integrado con la tecnolog\u00eda de amplio rango din\u00e1mico (WDR) l\u00edder en la industria, se logran im\u00e1genes v\u00edvidas incluso en las condiciones de iluminaci\u00f3n de contraste m\u00e1s intensas. True WDR (120dB) optimiza las \u00e1reas brillantes y oscuras de una escena al mismo tiempo para proporcionar un video utilizable.<\/p>\n<p>&nbsp;<\/p>\n<\/div>\n<\/div>\n<hr class=\"padding-bottom-2x\" \/>\n<div class=\"row align-items-center padding-bottom-2x\">\n<div class=\"col-md-5\"><img decoding=\"async\" class=\"d-block m-auto img-thumbnail\" src=\"https:\/\/tvc.mx\/media\/443447\/Dewarping-Dahua.png\" alt=\" \" \/><\/div>\n<div class=\"col-md-7 text-md-left text-center\">\n<h2>Dewarping<\/h2>\n<p class=\"text-muted\">\n<p>Fisheye Dewarping es una funci\u00f3n para resolver el grave problema de distorsi\u00f3n de la vista panor\u00e1mica circular y utilizar\u00e1 hasta 10 modos de dewarping para diferentes instalaciones con nuestro XVR o en la web. Cada \u00e1rea de dewarping es ajustable y opcional como desee.<\/p>\n<p>&nbsp;<\/p>\n<\/div>\n<\/div>\n<hr class=\"padding-bottom-2x\" \/>\n<div class=\"row align-items-center padding-bottom-2x\">\n<div class=\"col-md-5 order-md-2\"><img decoding=\"async\" class=\"d-block m-auto img-thumbnail\" src=\"https:\/\/tvc.mx\/media\/443451\/3DNR-dahua.png\" alt=\" \" \/><\/div>\n<div class=\"col-md-7 order-md-1 text-md-left text-center\">\n<h2>3DNR avanzado<\/h2>\n<p class=\"text-muted\">\n<p>3DNR es una tecnolog\u00eda de reducci\u00f3n de ruido que detecta y elimina ruidos aleatorios comparando dos fotogramas secuenciales. La avanzada tecnolog\u00eda 3DNR de Dahua permite una notable reducci\u00f3n del ruido con poco impacto en la nitidez, especialmente en condiciones de iluminaci\u00f3n limitada. Adem\u00e1s, el 3DNR avanzado reduce efectivamente el ancho de banda y ahorra espacio de almacenamiento.<\/p>\n<p>&nbsp;<\/p>\n<\/div>\n<\/div>\n<hr class=\"padding-bottom-2x\" \/>\n<div class=\"row align-items-center padding-bottom-2x\">\n<div class=\"col-md-5\"><img decoding=\"async\" class=\"d-block m-auto img-thumbnail\" src=\"https:\/\/tvc.mx\/media\/443455\/Smart-IR-Dahua.png\" alt=\" \" \/><\/div>\n<div class=\"col-md-7 text-md-left text-center\">\n<h2>Smart IR<\/h2>\n<p class=\"text-muted\">\n<p>La c\u00e1mara est\u00e1 dise\u00f1ada con iluminaci\u00f3n IR para un mejor rendimiento con poca luz. Smart IR es una tecnolog\u00eda para garantizar la uniformidad del brillo en im\u00e1genes en blanco y negro con poca iluminaci\u00f3n. El exclusivo Smart IR de Dahua se ajusta a la intensidad de la c\u00e1mara para compensar la distancia de un objeto y evita que se sobreexpongan las im\u00e1genes a medida que el objeto se acerca a la c\u00e1mara.<\/p>\n<p>&nbsp;<\/p>\n<\/div>\n<\/div>\n<hr class=\"padding-bottom-2x\" \/>\n<div class=\"row align-items-center padding-bottom-2x\">\n<div class=\"col-md-5 order-md-2\"><img decoding=\"async\" class=\"d-block m-auto img-thumbnail\" src=\"https:\/\/tvc.mx\/media\/443459\/Camara-Fisheye-5-Megapixeles-WDR-Real-120-dB-HAC-EW2501N-Dahua-caracteristicas.png\" alt=\" \" \/><\/div>\n<div class=\"col-md-7 order-md-1 text-md-left text-center\">\n<h2>Principales Caracter\u00edsticas<\/h2>\n<p class=\"text-muted\">\n<ul>\n<li>2D-DNR\u00a0\/\u00a03D-DNR &#8211; Reducci\u00f3n digital de ruido en la imagen<\/li>\n<li>WDR &#8211; 120 dB &#8211; Amplio rango din\u00e1mico de la iluminaci\u00f3n<\/li>\n<li>BLC &#8211; compensaci\u00f3n configurable de la luz de fondo<\/li>\n<li>HLC &#8211; Compensaci\u00f3n de alta luz (punto)<\/li>\n<li>AGC &#8211; Ajuste autom\u00e1tico de la ganancia de la imagen<\/li>\n<li>Balance de blancos autom\u00e1tico<\/li>\n<\/ul>\n<p>&nbsp;<\/p>\n<\/div>\n<\/div>\n<hr class=\"padding-bottom-2x\" \/>\n<div class=\"row align-items-center padding-bottom-2x\">\n<div class=\"col-md-5\"><img decoding=\"async\" class=\"d-block m-auto img-thumbnail\" src=\"https:\/\/tvc.mx\/media\/443463\/Camara-Fisheye-5-Megapixeles-WDR-Real-120-dB-HAC-EW2501N-Dahua-especificaciones.png\" alt=\" \" \/><\/div>\n<div class=\"col-md-7 text-md-left text-center\">\n<h2>Especificaciones<\/h2>\n<p class=\"text-muted\">\n<ul>\n<li>5 megap\u00edxeles<\/li>\n<li>1\/2.8\u00a0\u00bb CMOS<\/li>\n<li>Rango del iluminador IR:10\u00a0m<\/li>\n<li>Ajuste de potencia del iluminador IR: Autom\u00e1tico<\/li>\n<li>Lentes:1.4\u00a0mm<\/li>\n<li>\u00c1ngulo de visi\u00f3n:180\u00a0\u00b0<\/li>\n<li>Audio: Micr\u00f3fono integrado<\/li>\n<li>Salida de v\u00eddeo:AHD\u00a0\/\u00a0HD-CVI\u00a0\/\u00a0HD-TVI\u00a0\/\u00a0CVBS, 1\u00a0Vpp<\/li>\n<li>Men\u00fa de pantalla OSD: Men\u00fa OSD disponible a trav\u00e9s de la grabadora<\/li>\n<li>Alimentaci\u00f3n:12\u00a0V\u00a0DC\u00a0\/ 610\u00a0mA<\/li>\n<li>Carcasa Pl\u00e1stico<\/li>\n<\/ul>\n<\/div>\n<\/div>\n","protected":false},"excerpt":{"rendered":"<p>Informaci\u00f3n General La c\u00e1mara Fisheye\u00a0HDCVI\u00a0de\u00a05 MP\u00a0adopta una lente fisheye panor\u00e1mica y un sensor de imagen de alto rendimiento, as\u00ed como un rango de infrarrojos de 10 m, lo que permite una visi\u00f3n general completa y detalles de imagen superiores con una resoluci\u00f3n de 5 MP.&hellip;<\/p>\n","protected":false},"featured_media":2694,"comment_status":"open","ping_status":"closed","template":"","meta":{"om_disable_all_campaigns":false,"_monsterinsights_skip_tracking":false,"_monsterinsights_sitenote_active":false,"_monsterinsights_sitenote_note":"","_monsterinsights_sitenote_category":0},"product_brand":[],"product_cat":[167],"product_tag":[42,165,166,151],"class_list":{"0":"post-2695","1":"product","2":"type-product","3":"status-publish","4":"has-post-thumbnail","6":"product_cat-domo-camaras-cctv-hd","7":"product_tag-camaras","8":"product_tag-camaras-cctv-hd","9":"product_tag-cctv","10":"product_tag-seguridad","12":"first","13":"instock","14":"sale","15":"taxable","16":"shipping-taxable","17":"purchasable","18":"product-type-simple"},"aioseo_notices":[],"_links":{"self":[{"href":"https:\/\/tecsecmty.com\/index.php\/wp-json\/wp\/v2\/product\/2695","targetHints":{"allow":["GET"]}}],"collection":[{"href":"https:\/\/tecsecmty.com\/index.php\/wp-json\/wp\/v2\/product"}],"about":[{"href":"https:\/\/tecsecmty.com\/index.php\/wp-json\/wp\/v2\/types\/product"}],"replies":[{"embeddable":true,"href":"https:\/\/tecsecmty.com\/index.php\/wp-json\/wp\/v2\/comments?post=2695"}],"version-history":[{"count":0,"href":"https:\/\/tecsecmty.com\/index.php\/wp-json\/wp\/v2\/product\/2695\/revisions"}],"wp:featuredmedia":[{"embeddable":true,"href":"https:\/\/tecsecmty.com\/index.php\/wp-json\/wp\/v2\/media\/2694"}],"wp:attachment":[{"href":"https:\/\/tecsecmty.com\/index.php\/wp-json\/wp\/v2\/media?parent=2695"}],"wp:term":[{"taxonomy":"product_brand","embeddable":true,"href":"https:\/\/tecsecmty.com\/index.php\/wp-json\/wp\/v2\/product_brand?post=2695"},{"taxonomy":"product_cat","embeddable":true,"href":"https:\/\/tecsecmty.com\/index.php\/wp-json\/wp\/v2\/product_cat?post=2695"},{"taxonomy":"product_tag","embeddable":true,"href":"https:\/\/tecsecmty.com\/index.php\/wp-json\/wp\/v2\/product_tag?post=2695"}],"curies":[{"name":"wp","href":"https:\/\/api.w.org\/{rel}","templated":true}]}}