{"id":2697,"date":"2023-02-22T21:48:22","date_gmt":"2023-02-23T03:48:22","guid":{"rendered":"https:\/\/tecsecmty.com\/index.php\/producto\/dahua-hac-ebw3802n-camara-fisheye-hdcvi-4k-8-megapixeles-vista-panoramica-de-180-ir-de-15-metros-microfono-integrado-wdr-real-de-120-db-ip67-ik10-metalica-lonuevo\/"},"modified":"2023-03-22T23:22:38","modified_gmt":"2023-03-23T05:22:38","slug":"dahua-hac-ebw3802n-camara-fisheye-hdcvi-4k-8-megapixeles-vista-panoramica-de-180-ir-de-15-metros-microfono-integrado-wdr-real-de-120-db-ip67-ik10-metalica-lonuevo","status":"publish","type":"product","link":"https:\/\/tecsecmty.com\/index.php\/producto\/dahua-hac-ebw3802n-camara-fisheye-hdcvi-4k-8-megapixeles-vista-panoramica-de-180-ir-de-15-metros-microfono-integrado-wdr-real-de-120-db-ip67-ik10-metalica-lonuevo\/","title":{"rendered":"DAHUA HAC-EBW3802N &#8211; C\u00e1mara FishEye HDCVI 4K\/ 8 Megap\u00edxeles\/ Vista Panor\u00e1mica de 180\u00b0\/ IR de 15 Metros\/ Microfono Integrado\/ WDR Real de 120 dB\/ IP67\/ IK10\/ Metalica\/ #LoNuevo"},"content":{"rendered":"<div class=\"row align-items-center padding-bottom-2x\">\n<div class=\"col-md-7 order-md-1 text-md-left text-center\">\n<h2>Informaci\u00f3n General<\/h2>\n<p class=\"text-muted\">\n<p>La c\u00e1mara 4K HDCVI adopta un lente fisheye panor\u00e1mico y un sensor de imagen de alto rendimiento de 8 MP de 1\/2&#8243;, as\u00ed como un rango IR de 15 m, lo que permite una visi\u00f3n general completa y detalles de imagen superiores con resoluci\u00f3n 4K. Eso facilita la recopilaci\u00f3n de evidencia en cualquier hora del d\u00eda para una reproducci\u00f3n y un an\u00e1lisis efectivos. Con el uso de algoritmos avanzados, m\u00e1s de 10 modos de dewarping est\u00e1n disponibles en el DVR (modelos selectos) y el cliente m\u00f3vil. Su vista panor\u00e1mica y resoluci\u00f3n 4K hacen de la c\u00e1mara una opci\u00f3n ideal para grandes negocios de tama\u00f1o y lugares como aeropuertos, estadios, estacionamientos,<\/p>\n<p>&nbsp;<\/p>\n<\/div>\n<\/div>\n<hr class=\"padding-bottom-2x\" \/>\n<div class=\"row align-items-center padding-bottom-2x\">\n<div class=\"col-md-5\"><img decoding=\"async\" class=\"d-block m-auto img-thumbnail\" src=\"https:\/\/tvc.mx\/media\/690012\/HAC-EBW3802N-dewarping.png\" alt=\" \" \/><\/div>\n<div class=\"col-md-7 text-md-left text-center\">\n<h2>Dewarping<\/h2>\n<p class=\"text-muted\">\n<p class=\"ql-align-justify\"><strong>Vista 180\u00b0: Plano Horizontal de 180\u00b0, Plano Vertical de 100\u00b0<\/strong><\/p>\n<p class=\"ql-align-justify\">Fisheye dewarping es una funci\u00f3n para resolver el grave problema de distorsi\u00f3n de la vista panor\u00e1mica circular y utilizar\u00e1 hasta 10 modos de dewarping para diferentes instalaciones con HDCVR, Web y SmartPSS. Cada \u00e1rea de dewarping es ajustable y opcional como desee.<\/p>\n<p>&nbsp;<\/p>\n<\/div>\n<\/div>\n<hr class=\"padding-bottom-2x\" \/>\n<div class=\"row align-items-center padding-bottom-2x\">\n<div class=\"col-md-5 order-md-2\"><img decoding=\"async\" class=\"d-block m-auto img-thumbnail\" src=\"https:\/\/tvc.mx\/media\/496336\/WDR-Dahua.png\" alt=\" \" \/><\/div>\n<div class=\"col-md-7 order-md-1 text-md-left text-center\">\n<h2>Amplio Rango Din\u00e1mico<\/h2>\n<p class=\"text-muted\">\n<p>Integrado con la tecnolog\u00eda de amplio rango din\u00e1mico (WDR) l\u00edder en la industria, se logran im\u00e1genes v\u00edvidas incluso en las condiciones de iluminaci\u00f3n de contraste m\u00e1s intensas. WDR real 120dB optimiza las \u00e1reas brillantes y oscuras de una escena al mismo tiempo para proporcionar un video utilizable.<\/p>\n<p>&nbsp;<\/p>\n<\/div>\n<\/div>\n<hr class=\"padding-bottom-2x\" \/>\n<div class=\"row align-items-center padding-bottom-2x\">\n<div class=\"col-md-5\"><img decoding=\"async\" class=\"d-block m-auto img-thumbnail\" src=\"https:\/\/tvc.mx\/media\/496338\/3DNR-dahua.png\" alt=\" \" \/><\/div>\n<div class=\"col-md-7 text-md-left text-center\">\n<h2>3DNR avanzado<\/h2>\n<p class=\"text-muted\">\n<p>3DNR es una tecnolog\u00eda de reducci\u00f3n de ruido que detecta y elimina ruidos aleatorios comparando dos fotogramas secuenciales. La avanzada tecnolog\u00eda 3DNR de Dahua permite una notable reducci\u00f3n del ruido con poco impacto en la nitidez, especialmente en condiciones de iluminaci\u00f3n limitada. Adem\u00e1s, el 3DNR avanzado reduce efectivamente el ancho de banda y ahorra espacio de almacenamiento.<\/p>\n<p>&nbsp;<\/p>\n<\/div>\n<\/div>\n<hr class=\"padding-bottom-2x\" \/>\n<div class=\"row align-items-center padding-bottom-2x\">\n<div class=\"col-md-5 order-md-2\"><img decoding=\"async\" class=\"d-block m-auto img-thumbnail\" src=\"https:\/\/tvc.mx\/media\/690037\/HAC-EBW3802N-incluye.png\" alt=\" \" \/><\/div>\n<div class=\"col-md-7 order-md-1 text-md-left text-center\">\n<h2>Principales Caracter\u00edsticas<\/h2>\n<p class=\"text-muted\">\n<ul>\n<li>2D-DNR\u00a0\/\u00a03D-DNR &#8211; Reducci\u00f3n digital de ruido en la imagen<\/li>\n<li>WDR &#8211; 120 dB &#8211; Amplio rango din\u00e1mico de la iluminaci\u00f3n<\/li>\n<li>Fisheye-Dewarping &#8211; correcci\u00f3n de la vista \u201cojo de pez\u201d a la vista en perspectiva<\/li>\n<li>BLC &#8211; compensaci\u00f3n configurable de la luz de fondo<\/li>\n<li>HLC &#8211; Compensaci\u00f3n de alta luz (punto)<\/li>\n<li>AGC &#8211; Ajuste autom\u00e1tico de la ganancia de la imagen<\/li>\n<li>Balance de blancos autom\u00e1tico<\/li>\n<\/ul>\n<p>&nbsp;<\/p>\n<\/div>\n<\/div>\n<hr class=\"padding-bottom-2x\" \/>\n<div class=\"row align-items-center padding-bottom-2x\">\n<div class=\"col-md-5\"><img decoding=\"async\" class=\"d-block m-auto img-thumbnail\" src=\"https:\/\/tvc.mx\/media\/496348\/camara-domo-fisheye-8-megapixeles-HAC-EBW3802N-Dahua-especificaciones.png\" alt=\" \" \/><\/div>\n<div class=\"col-md-7 text-md-left text-center\">\n<h2>Especificaciones<\/h2>\n<p class=\"text-muted\">\n<ul>\n<li>8 megap\u00edxeles<\/li>\n<li>1\/2\u00a0\u00bb CMOS<\/li>\n<li>Rango del iluminador IR:15\u00a0m<\/li>\n<li>Lentes:2.5\u00a0mm &#8211; Fish Eye, F2.0<\/li>\n<li>\u00c1ngulo de visi\u00f3n:180\u00a0\u00b0<\/li>\n<li>Salida de v\u00eddeo: HD-CVI, 1\u00a0Vpp\u00a0\/ 75\u00a0\u03a9 CVBS, 1\u00a0Vpp\u00a0\/ 75\u00a0\u03a9<\/li>\n<li>Alimentaci\u00f3n:12\u00a0V\u00a0DC\u00a0\/ 620\u00a0mA<\/li>\n<li>Carcasa: Metal<\/li>\n<li>Grado de protecci\u00f3n:IP67<\/li>\n<li>A prueba de vandalismo:IK10<\/li>\n<\/ul>\n<\/div>\n<\/div>\n","protected":false},"excerpt":{"rendered":"<p>Informaci\u00f3n General La c\u00e1mara 4K HDCVI adopta un lente fisheye panor\u00e1mico y un sensor de imagen de alto rendimiento de 8 MP de 1\/2&#8243;, as\u00ed como un rango IR de 15 m, lo que permite una visi\u00f3n general completa y detalles de imagen superiores con&hellip;<\/p>\n","protected":false},"featured_media":2696,"comment_status":"open","ping_status":"closed","template":"","meta":{"om_disable_all_campaigns":false,"_monsterinsights_skip_tracking":false,"_monsterinsights_sitenote_active":false,"_monsterinsights_sitenote_note":"","_monsterinsights_sitenote_category":0},"product_brand":[],"product_cat":[167],"product_tag":[42,165,166,151],"class_list":{"0":"post-2697","1":"product","2":"type-product","3":"status-publish","4":"has-post-thumbnail","6":"product_cat-domo-camaras-cctv-hd","7":"product_tag-camaras","8":"product_tag-camaras-cctv-hd","9":"product_tag-cctv","10":"product_tag-seguridad","12":"first","13":"instock","14":"sale","15":"taxable","16":"shipping-taxable","17":"purchasable","18":"product-type-simple"},"aioseo_notices":[],"_links":{"self":[{"href":"https:\/\/tecsecmty.com\/index.php\/wp-json\/wp\/v2\/product\/2697","targetHints":{"allow":["GET"]}}],"collection":[{"href":"https:\/\/tecsecmty.com\/index.php\/wp-json\/wp\/v2\/product"}],"about":[{"href":"https:\/\/tecsecmty.com\/index.php\/wp-json\/wp\/v2\/types\/product"}],"replies":[{"embeddable":true,"href":"https:\/\/tecsecmty.com\/index.php\/wp-json\/wp\/v2\/comments?post=2697"}],"version-history":[{"count":0,"href":"https:\/\/tecsecmty.com\/index.php\/wp-json\/wp\/v2\/product\/2697\/revisions"}],"wp:featuredmedia":[{"embeddable":true,"href":"https:\/\/tecsecmty.com\/index.php\/wp-json\/wp\/v2\/media\/2696"}],"wp:attachment":[{"href":"https:\/\/tecsecmty.com\/index.php\/wp-json\/wp\/v2\/media?parent=2697"}],"wp:term":[{"taxonomy":"product_brand","embeddable":true,"href":"https:\/\/tecsecmty.com\/index.php\/wp-json\/wp\/v2\/product_brand?post=2697"},{"taxonomy":"product_cat","embeddable":true,"href":"https:\/\/tecsecmty.com\/index.php\/wp-json\/wp\/v2\/product_cat?post=2697"},{"taxonomy":"product_tag","embeddable":true,"href":"https:\/\/tecsecmty.com\/index.php\/wp-json\/wp\/v2\/product_tag?post=2697"}],"curies":[{"name":"wp","href":"https:\/\/api.w.org\/{rel}","templated":true}]}}