{"id":2699,"date":"2023-02-22T21:48:24","date_gmt":"2023-02-23T03:48:24","guid":{"rendered":"https:\/\/tecsecmty.com\/index.php\/producto\/dahua-hac-hdbw1200e-28-camara-domo-de-2-megapixeles-antivandalica-1080p-lente-2-8-mm-115-grados-de-apertura-ir-de-30-metros-proteccion-ik10-uso-exterior-ip67-soporta-hdcvi-tvi-ahd-y-cvbs\/"},"modified":"2023-03-22T23:22:38","modified_gmt":"2023-03-23T05:22:38","slug":"dahua-hac-hdbw1200e-28-camara-domo-de-2-megapixeles-antivandalica-1080p-lente-2-8-mm-115-grados-de-apertura-ir-de-30-metros-proteccion-ik10-uso-exterior-ip67-soporta-hdcvi-tvi-ahd-y-cvbs","status":"publish","type":"product","link":"https:\/\/tecsecmty.com\/index.php\/producto\/dahua-hac-hdbw1200e-28-camara-domo-de-2-megapixeles-antivandalica-1080p-lente-2-8-mm-115-grados-de-apertura-ir-de-30-metros-proteccion-ik10-uso-exterior-ip67-soporta-hdcvi-tvi-ahd-y-cvbs\/","title":{"rendered":"DAHUA HAC-HDBW1200E-28- Camara Domo de 2 Megapixeles Antivandalica\/ 1080p\/ Lente 2.8 mm\/ 115 Grados de Apertura\/ IR de 30 Metros\/ Proteccion IK10\/ Uso Exterior IP67\/ Soporta: HDCVI\/TVI\/AHD y CVBS\/"},"content":{"rendered":"<div class=\"row aling-items-center padding-bottom-2x\">\n<div class=\"col-lg-12\">\n<h5 class=\"card-title text-center\">Informaci\u00f3n General<\/h5>\n<p>El modelo\u00a0<strong>HDABW1200E28S3<\/strong>\u00a0es una c\u00e1mara\u00a0<strong>HDCVI<\/strong>\u00a0esta c\u00e1mara pertenece a la Serie 3. Soporta las siguientes tecnolog\u00edas\u00a0<strong>HDCVI, TVI, CVBS y AHD<\/strong>, esta c\u00e1mara transmite video de alta definici\u00f3n mediante cable coaxial o cable UTP con resoluci\u00f3n de\u00a0<strong>1080P (1920&#215;1080)<\/strong>. Puede ser utilizada en ambientes exteriores debido a su \u00edndice de protecci\u00f3n\u00a0<strong>IP67<\/strong>, ademas de contar con un indice de protecci\u00f3n antivand\u00e1lico<strong>\u00a0(IK10)<\/strong>.<\/p>\n<p><img decoding=\"async\" class=\"overview-center-img-web\" src=\"https:\/\/tvc.mx\/media\/443943\/camara-domo-1080p-antivandalica-smart-ir-HAC-HDBW1200E-dahua.png\" alt=\"\" \/><\/div>\n<\/div>\n<div class=\"row align-items-center padding-bottom-2x\">\n<div class=\"col-md-5 order-md-2\"><img decoding=\"async\" class=\"d-block m-auto img-thumbnail\" src=\"https:\/\/tvc.mx\/media\/444015\/Smart-IR-Dahua.png\" alt=\" \" \/><\/div>\n<div class=\"col-md-7 order-md-1 text-md-left text-center\">\n<h2>Smart IR<\/h2>\n<p class=\"text-muted\">\n<p>La distancia DORI es una proximidad general de la distancia que hace que sea f\u00e1cil elegir la c\u00e1mara adecuada para sus necesidades. La distancia DORI se calcula sobre la base de la especificaci\u00f3n del sensor y del resultado de la prueba de laboratorio seg\u00fan EN 62676-4, que define los criterios para Detectar, Observar, Reconocer e Identificar, respectivamente, por lo que esta c\u00e1mara cuenta con la siguiente capacidad.<\/p>\n<p>&nbsp;<\/p>\n<\/div>\n<\/div>\n<hr class=\"padding-bottom-2x\" \/>\n<div class=\"row align-items-center padding-bottom-2x\">\n<div class=\"col-md-5 order-md-2\"><img decoding=\"async\" class=\"d-block m-auto img-thumbnail\" src=\"https:\/\/tvc.mx\/media\/444019\/Multiformatos-dahua.png\" alt=\" \" \/><\/div>\n<div class=\"col-md-7 order-md-1 text-md-left text-center\">\n<h2>Multiformato<\/h2>\n<p class=\"text-muted\">\n<p>La principal caracter\u00edstica que ofrece esta tecnolog\u00eda es la distancia de transmisi\u00f3n, puede enviar la se\u00f1al de video a una distancia de 500 metros con cable coaxial calibre RG59 sin necesidad de ning\u00fan transceptor. La tecnolog\u00eda HDCVI puede transmitir se\u00f1al de\u00a0video hasta 300 metros mediante cable UTP y transceptores pasivos.<\/p>\n<p>&nbsp;<\/p>\n<\/div>\n<\/div>\n<hr class=\"padding-bottom-2x\" \/>\n<div class=\"row align-items-center padding-bottom-2x\">\n<div class=\"col-md-5\"><img decoding=\"async\" class=\"d-block m-auto img-thumbnail\" src=\"https:\/\/tvc.mx\/media\/444023\/IP67-IK10-Dahua.png\" alt=\" \" \/><\/div>\n<div class=\"col-md-7 text-md-left text-center\">\n<h2>Protecci\u00f3n<\/h2>\n<p class=\"text-muted\">\n<p>La excelente confiabilidad de la c\u00e1mara es insuperable debido a su dise\u00f1o resistente. La c\u00e1mara est\u00e1 protegida contra el agua y el polvo con clasificaci\u00f3n IP67, lo que la hace adecuada para entornos interiores o exteriores. La c\u00e1mara cumple con la clasificaci\u00f3n de resistencia al impacto IK10 para proporcionar la m\u00e1xima durabilidad contra los v\u00e1ndalos, lo que la hace capaz de soportar el equivalente a 55 kg (120 libras) de fuerza.<\/p>\n<p>&nbsp;<\/p>\n<\/div>\n<\/div>\n<hr class=\"padding-bottom-2x\" \/>\n<div class=\"row align-items-center padding-bottom-2x\">\n<div class=\"col-md-5 order-md-2\"><img decoding=\"async\" class=\"d-block m-auto img-thumbnail\" src=\"https:\/\/tvc.mx\/media\/444027\/camara-domo-1080p-antivandalica-smart-ir-HAC-HDBW1200E-dahua-caracteristicas.png\" alt=\" \" \/><\/div>\n<div class=\"col-md-7 order-md-1 text-md-left text-center\">\n<h2>Principales Caracter\u00edsticas<\/h2>\n<p class=\"text-muted\">\n<ul>\n<li>ICR &#8211; Filtro mec\u00e1nico de infrarrojos<\/li>\n<li>AGC &#8211; Ajuste autom\u00e1tico de la ganancia de la imagen<\/li>\n<li>DNR &#8211; Reducci\u00f3n digital de ruido en la imagen<\/li>\n<li>D-WDR &#8211; Amplio rango din\u00e1mico de la iluminaci\u00f3n<\/li>\n<li>BLC &#8211; compensaci\u00f3n configurable de la luz de fondo<\/li>\n<li>HLC &#8211; Compensaci\u00f3n de alta luz (punto)<\/li>\n<li>Mirror &#8211; Imagen de espejo<\/li>\n<li>Balance de blancos autom\u00e1tico<\/li>\n<li>Zonas de privacidad<\/li>\n<\/ul>\n<p>&nbsp;<\/p>\n<\/div>\n<\/div>\n<hr class=\"padding-bottom-2x\" \/>\n<div class=\"row align-items-center padding-bottom-2x\">\n<div class=\"col-md-5\"><img decoding=\"async\" class=\"d-block m-auto img-thumbnail\" src=\"https:\/\/tvc.mx\/media\/444031\/camara-domo-1080p-antivandalica-smart-ir-HAC-HDBW1200E-dahua-especificaciones.png\" alt=\" \" \/><\/div>\n<div class=\"col-md-7 text-md-left text-center\">\n<h2>Especificaciones<\/h2>\n<p class=\"text-muted\">\n<ul>\n<li>1\/2.7\u00a0\u00bb CMOS<\/li>\n<li>2 megap\u00edxeles<\/li>\n<li>Rango del iluminador IR:30\u00a0m<\/li>\n<li>Ajuste de potencia del iluminador IR:Autom\u00e1tico<\/li>\n<li>Lente fijo 2.8\u00a0mm<\/li>\n<li>\u00c1ngulo de visi\u00f3n:116\u00a0\u00b0<\/li>\n<li>Salida de v\u00eddeo:\u00a0AHD\u00a0\/\u00a0HD-CVI\u00a0\/\u00a0HD-TVI\u00a0\/\u00a0CVBS, 1\u00a0Vpp<\/li>\n<li>Men\u00fa de pantalla OSD:Men\u00fa OSD disponible a trav\u00e9s de la grabadora<\/li>\n<li>Alimentaci\u00f3n:12\u00a0V\u00a0DC\u00a0\/ 230\u00a0mA<\/li>\n<li>Carcasa: Metal<\/li>\n<li>Grado de protecci\u00f3n:IP67<\/li>\n<li>A prueba de vandalismo:IK10<\/li>\n<\/ul>\n<\/div>\n<\/div>\n","protected":false},"excerpt":{"rendered":"<p>Informaci\u00f3n General El modelo\u00a0HDABW1200E28S3\u00a0es una c\u00e1mara\u00a0HDCVI\u00a0esta c\u00e1mara pertenece a la Serie 3. Soporta las siguientes tecnolog\u00edas\u00a0HDCVI, TVI, CVBS y AHD, esta c\u00e1mara transmite video de alta definici\u00f3n mediante cable coaxial o cable UTP con resoluci\u00f3n de\u00a01080P (1920&#215;1080). Puede ser utilizada en ambientes exteriores debido a&hellip;<\/p>\n","protected":false},"featured_media":2698,"comment_status":"open","ping_status":"closed","template":"","meta":{"om_disable_all_campaigns":false,"_monsterinsights_skip_tracking":false,"_monsterinsights_sitenote_active":false,"_monsterinsights_sitenote_note":"","_monsterinsights_sitenote_category":0},"product_brand":[],"product_cat":[167],"product_tag":[42,165,166,151],"class_list":{"0":"post-2699","1":"product","2":"type-product","3":"status-publish","4":"has-post-thumbnail","6":"product_cat-domo-camaras-cctv-hd","7":"product_tag-camaras","8":"product_tag-camaras-cctv-hd","9":"product_tag-cctv","10":"product_tag-seguridad","12":"first","13":"instock","14":"sale","15":"taxable","16":"shipping-taxable","17":"purchasable","18":"product-type-simple"},"aioseo_notices":[],"_links":{"self":[{"href":"https:\/\/tecsecmty.com\/index.php\/wp-json\/wp\/v2\/product\/2699","targetHints":{"allow":["GET"]}}],"collection":[{"href":"https:\/\/tecsecmty.com\/index.php\/wp-json\/wp\/v2\/product"}],"about":[{"href":"https:\/\/tecsecmty.com\/index.php\/wp-json\/wp\/v2\/types\/product"}],"replies":[{"embeddable":true,"href":"https:\/\/tecsecmty.com\/index.php\/wp-json\/wp\/v2\/comments?post=2699"}],"version-history":[{"count":0,"href":"https:\/\/tecsecmty.com\/index.php\/wp-json\/wp\/v2\/product\/2699\/revisions"}],"wp:featuredmedia":[{"embeddable":true,"href":"https:\/\/tecsecmty.com\/index.php\/wp-json\/wp\/v2\/media\/2698"}],"wp:attachment":[{"href":"https:\/\/tecsecmty.com\/index.php\/wp-json\/wp\/v2\/media?parent=2699"}],"wp:term":[{"taxonomy":"product_brand","embeddable":true,"href":"https:\/\/tecsecmty.com\/index.php\/wp-json\/wp\/v2\/product_brand?post=2699"},{"taxonomy":"product_cat","embeddable":true,"href":"https:\/\/tecsecmty.com\/index.php\/wp-json\/wp\/v2\/product_cat?post=2699"},{"taxonomy":"product_tag","embeddable":true,"href":"https:\/\/tecsecmty.com\/index.php\/wp-json\/wp\/v2\/product_tag?post=2699"}],"curies":[{"name":"wp","href":"https:\/\/api.w.org\/{rel}","templated":true}]}}