{"id":2701,"date":"2023-02-22T21:48:27","date_gmt":"2023-02-23T03:48:27","guid":{"rendered":"https:\/\/tecsecmty.com\/index.php\/producto\/dahua-hac-hdbw1200r-z-camara-domo-antivandalica-de-2-megapixeles-lente-motorizado-de-2-7-a-12mm-ir-de-30-metros-metalica-ip67-ik10-soporta-cvi-cvbs-ahd-tvi-blc-hlc-dwdr\/"},"modified":"2023-03-22T23:22:38","modified_gmt":"2023-03-23T05:22:38","slug":"dahua-hac-hdbw1200r-z-camara-domo-antivandalica-de-2-megapixeles-lente-motorizado-de-2-7-a-12mm-ir-de-30-metros-metalica-ip67-ik10-soporta-cvi-cvbs-ahd-tvi-blc-hlc-dwdr","status":"publish","type":"product","link":"https:\/\/tecsecmty.com\/index.php\/producto\/dahua-hac-hdbw1200r-z-camara-domo-antivandalica-de-2-megapixeles-lente-motorizado-de-2-7-a-12mm-ir-de-30-metros-metalica-ip67-ik10-soporta-cvi-cvbs-ahd-tvi-blc-hlc-dwdr\/","title":{"rendered":"DAHUA HAC-HDBW1200R-Z- C\u00e1mara Domo Antivand\u00e1lica de 2 Megap\u00edxeles\/ Lente Motorizado de 2.7 a 12mm\/ IR de 30 Metros\/ Metalica\/ IP67\/ IK10\/ Soporta CVI\/CVBS\/AHD\/TVI\/ BLC\/HLC\/DWDR\/"},"content":{"rendered":"<div class=\"row aling-items-center padding-bottom-2x\">\n<div class=\"col-lg-12\">\n<h5 class=\"card-title text-center\">Informaci\u00f3n General<\/h5>\n<p>La c\u00e1mara\u00a0<strong>HDBW1200RZS4\u00a0<\/strong>perteneciente a la serie\u00a0<strong>S4<\/strong>\u00a0con tecnolog\u00eda\u00a0<strong>HDCVI\u00a0<\/strong>puede transmitir video de alta definici\u00f3n mediante cable coaxial a una resoluci\u00f3n de\u00a0<strong>1080p\u00a0<\/strong>(1920&#215;1080).\u00a0Est\u00e1 equipada con un control suave, una imagen de alta calidad y una buena protecci\u00f3n que permite ser utilizada en ambientes exteriores debido a su \u00edndice de protecci\u00f3n IP67 adem\u00e1s de IK10 , lo que hace que pueda satisfacer la mayor\u00eda de los requisitos de las aplicaciones de video vigilancia.<\/p>\n<p><img decoding=\"async\" class=\"overview-center-img-web\" src=\"https:\/\/tvc.mx\/media\/444091\/camara-domo-antivandalica-hdcvi-1080p-2-megapixeles-lente-motorizado-HAC-HDBW1200R-Z-Dahua.png\" alt=\"\" \/><\/div>\n<\/div>\n<div class=\"row align-items-center padding-bottom-2x\">\n<div class=\"col-md-5\"><img decoding=\"async\" class=\"d-block m-auto img-thumbnail\" src=\"https:\/\/tvc.mx\/media\/444155\/Multiformatos-dahua.png\" alt=\" \" \/><\/div>\n<div class=\"col-md-7 text-md-left text-center\">\n<h2>M\u00faltiples Formatos de Video<\/h2>\n<p class=\"text-muted\">\n<p class=\"ql-align-justify\">La c\u00e1mara admite m\u00faltiples formatos de video, incluyendo HDCVI, CVBS y otros dos formatos anal\u00f3gicos HD comunes en el mercado. Los cuatro formatos se pueden cambiar a trav\u00e9s del men\u00fa OSD o mediante PFM820 (controlador UTC). Esta funci\u00f3n hace que la c\u00e1mara sea compatible con la mayor\u00eda de los DVR HD \/ SD existentes de los usuarios finales.<\/p>\n<p>&nbsp;<\/p>\n<\/div>\n<\/div>\n<hr class=\"padding-bottom-2x\" \/>\n<div class=\"row align-items-center padding-bottom-2x\">\n<div class=\"col-md-5 order-md-2\"><img decoding=\"async\" class=\"d-block m-auto img-thumbnail\" src=\"https:\/\/tvc.mx\/media\/4997\/largadistppal.png\" alt=\" \" \/><\/div>\n<div class=\"col-md-7 order-md-1 text-md-left text-center\">\n<h2>Larga distancia de transmisi\u00f3n<\/h2>\n<p class=\"text-muted\">\n<p class=\"ql-align-justify\">La tecnolog\u00eda HDCVI garantiza una transmisi\u00f3n en tiempo real a larga distancia sin p\u00e9rdidas. Admite la transmisi\u00f3n de hasta 800m (1080P) \/ 1200m (720P) a trav\u00e9s de un cable coaxial, y hasta 300m (1080P) \/ 450m (720P) a trav\u00e9s del cable UTP.<\/p>\n<p>&nbsp;<\/p>\n<\/div>\n<\/div>\n<hr class=\"padding-bottom-2x\" \/>\n<div class=\"row align-items-center padding-bottom-2x\">\n<div class=\"col-md-5\"><img decoding=\"async\" class=\"d-block m-auto img-thumbnail\" src=\"https:\/\/tvc.mx\/media\/444159\/OSD-Dahua.png\" alt=\" \" \/><\/div>\n<div class=\"col-md-7 text-md-left text-center\">\n<h2>Menu OSD Multilenguaje<\/h2>\n<p class=\"text-muted\">\n<p class=\"ql-align-justify\">El men\u00fa OSD proporciona m\u00faltiples ajustes de imagen y configuraciones de funci\u00f3n para cumplir con los requisitos de diferentes escenas de monitoreo. El men\u00fa OSD incluye confguratons como modo de luz de fondo, d\u00eda \/ noche, balance de blancos, m\u00e1scara de privacidad y detecci\u00f3n de motones. La c\u00e1mara admite 11 idiomas para el men\u00fa OSD, a saber, chino, ingl\u00e9s, franc\u00e9s, alem\u00e1n, espa\u00f1ol, portugu\u00e9s, italiano, japon\u00e9s, coreano, ruso y polaco.<\/p>\n<p>&nbsp;<\/p>\n<\/div>\n<\/div>\n<hr class=\"padding-bottom-2x\" \/>\n<div class=\"row align-items-center padding-bottom-2x\">\n<div class=\"col-md-5 order-md-2\"><img decoding=\"async\" class=\"d-block m-auto img-thumbnail\" src=\"https:\/\/tvc.mx\/media\/5020\/PROTRAYBAN.png\" alt=\" \" \/><\/div>\n<div class=\"col-md-7 order-md-1 text-md-left text-center\">\n<h2>Protecci\u00f3n contra rayos<\/h2>\n<p class=\"text-muted\">\n<p class=\"ql-align-justify\">La c\u00e1mara permite una tolerancia de voltaje de entrada de +\/- 30%, adecuada para las condiciones inestables para aplicaciones en exteriores. Su rango de rayos de 4KV proporciona una protecci\u00f3n efectiva tanto para la c\u00e1mara como para su estructura contra rayos.<\/p>\n<p>&nbsp;<\/p>\n<\/div>\n<\/div>\n<hr class=\"padding-bottom-2x\" \/>\n<div class=\"row align-items-center padding-bottom-2x\">\n<div class=\"col-md-5\"><img decoding=\"async\" class=\"d-block m-auto img-thumbnail\" src=\"https:\/\/tvc.mx\/media\/444163\/IP67-IK10-Dahua.png\" alt=\" \" \/><\/div>\n<div class=\"col-md-7 text-md-left text-center\">\n<h2>Protecci\u00f3n<\/h2>\n<p class=\"text-muted\">\n<p class=\"ql-align-justify\">Nuestra c\u00e1mara opera en ambientes de temperaturas extremas, clasificadas para uso en temperaturas de -30 \u00b0 C ~ 60 \u00b0 C con 95% de humedad.<\/p>\n<p class=\"ql-align-justify\">La c\u00e1mara cumple con la resistencia a vandalismo\u00a0<strong>IK10<\/strong>, ha sido sometida a rigurosas pruebas de inmersi\u00f3n en polvo y agua. y certificada a la\u00a0<strong>IP67<\/strong>\u00a0la hace adecuada para aplicaciones exigentes al aire libre.<\/p>\n<p>&nbsp;<\/p>\n<\/div>\n<\/div>\n<hr class=\"padding-bottom-2x\" \/>\n<div class=\"row align-items-center padding-bottom-2x\">\n<div class=\"col-md-5 order-md-2\"><img decoding=\"async\" class=\"d-block m-auto img-thumbnail\" src=\"https:\/\/tvc.mx\/media\/444167\/camara-domo-antivandalica-hdcvi-1080p-2-megapixeles-lente-motorizado-HAC-HDBW1200R-Z-Dahua-caracteristicas.png\" alt=\" \" \/><\/div>\n<div class=\"col-md-7 order-md-1 text-md-left text-center\">\n<h2>Principales Caracter\u00edsticas<\/h2>\n<p class=\"text-muted\">\n<ul>\n<li>2D-DNR &#8211; Reducci\u00f3n digital de ruido en la imagen<\/li>\n<li>D-WDR &#8211; Amplio rango din\u00e1mico de la iluminaci\u00f3n<\/li>\n<li>ICR &#8211; Filtro mec\u00e1nico de infrarrojos<\/li>\n<li>BLC\/HLC &#8211; compensaci\u00f3n de luz de fondo \/ luz alta<\/li>\n<li>AGC &#8211; Ajuste autom\u00e1tico de la ganancia de la imagen<\/li>\n<li>Balance de blancos autom\u00e1tico<\/li>\n<li>Modo d\u00eda\/noche<\/li>\n<\/ul>\n<p>&nbsp;<\/p>\n<\/div>\n<\/div>\n<hr class=\"padding-bottom-2x\" \/>\n<div class=\"row align-items-center padding-bottom-2x\">\n<div class=\"col-md-5\"><img decoding=\"async\" class=\"d-block m-auto img-thumbnail\" src=\"https:\/\/tvc.mx\/media\/444171\/camara-domo-antivandalica-hdcvi-1080p-2-megapixeles-lente-motorizado-HAC-HDBW1200R-Z-Dahua-especificaciones.png\" alt=\" \" \/><\/div>\n<div class=\"col-md-7 text-md-left text-center\">\n<h2>Especificaciones<\/h2>\n<p class=\"text-muted\">\n<ul>\n<li>1\/2.7\u00a0\u00bb Progressive Scan CMOS<\/li>\n<li>2 megap\u00edxeles<\/li>\n<li>Lente motorizado 2.7mm\u00a0&#8211; 12\u00a0mm<\/li>\n<li>\u00c1ngulo de visi\u00f3n:106\u00a0\u00b0 &#8211; 34\u00a0\u00b0<\/li>\n<li>Rango del iluminador IR:30\u00a0m<\/li>\n<li>Compatibilidad con el iluminador de infrarrojos:\u00a0ICR &#8211; Filtro mec\u00e1nico de infrarrojos<\/li>\n<li>Ajuste de potencia del iluminador IR: Autom\u00e1tico<\/li>\n<li>Salida de v\u00eddeo:1\u00a0Vpp\u00a075\u00a0\u03a9,\u00a0AHD\u00a0\/\u00a0HD-CVI\u00a0\/\u00a0HD-TVI\u00a0\/\u00a0CVBS<\/li>\n<li>Carcasa: Aluminio<\/li>\n<li>A prueba de vandalismo:IK10<\/li>\n<li>Grado de protecci\u00f3n:IP67<\/li>\n<li>Alimentaci\u00f3n:12\u00a0V\u00a0DC\u00a0\/ 530\u00a0mA<\/li>\n<\/ul>\n<\/div>\n<\/div>\n","protected":false},"excerpt":{"rendered":"<p>Informaci\u00f3n General La c\u00e1mara\u00a0HDBW1200RZS4\u00a0perteneciente a la serie\u00a0S4\u00a0con tecnolog\u00eda\u00a0HDCVI\u00a0puede transmitir video de alta definici\u00f3n mediante cable coaxial a una resoluci\u00f3n de\u00a01080p\u00a0(1920&#215;1080).\u00a0Est\u00e1 equipada con un control suave, una imagen de alta calidad y una buena protecci\u00f3n que permite ser utilizada en ambientes exteriores debido a su \u00edndice&hellip;<\/p>\n","protected":false},"featured_media":2700,"comment_status":"open","ping_status":"closed","template":"","meta":{"om_disable_all_campaigns":false,"_monsterinsights_skip_tracking":false,"_monsterinsights_sitenote_active":false,"_monsterinsights_sitenote_note":"","_monsterinsights_sitenote_category":0},"product_brand":[],"product_cat":[167],"product_tag":[42,165,166,151],"class_list":{"0":"post-2701","1":"product","2":"type-product","3":"status-publish","4":"has-post-thumbnail","6":"product_cat-domo-camaras-cctv-hd","7":"product_tag-camaras","8":"product_tag-camaras-cctv-hd","9":"product_tag-cctv","10":"product_tag-seguridad","12":"first","13":"instock","14":"sale","15":"taxable","16":"shipping-taxable","17":"purchasable","18":"product-type-simple"},"aioseo_notices":[],"_links":{"self":[{"href":"https:\/\/tecsecmty.com\/index.php\/wp-json\/wp\/v2\/product\/2701","targetHints":{"allow":["GET"]}}],"collection":[{"href":"https:\/\/tecsecmty.com\/index.php\/wp-json\/wp\/v2\/product"}],"about":[{"href":"https:\/\/tecsecmty.com\/index.php\/wp-json\/wp\/v2\/types\/product"}],"replies":[{"embeddable":true,"href":"https:\/\/tecsecmty.com\/index.php\/wp-json\/wp\/v2\/comments?post=2701"}],"version-history":[{"count":0,"href":"https:\/\/tecsecmty.com\/index.php\/wp-json\/wp\/v2\/product\/2701\/revisions"}],"wp:featuredmedia":[{"embeddable":true,"href":"https:\/\/tecsecmty.com\/index.php\/wp-json\/wp\/v2\/media\/2700"}],"wp:attachment":[{"href":"https:\/\/tecsecmty.com\/index.php\/wp-json\/wp\/v2\/media?parent=2701"}],"wp:term":[{"taxonomy":"product_brand","embeddable":true,"href":"https:\/\/tecsecmty.com\/index.php\/wp-json\/wp\/v2\/product_brand?post=2701"},{"taxonomy":"product_cat","embeddable":true,"href":"https:\/\/tecsecmty.com\/index.php\/wp-json\/wp\/v2\/product_cat?post=2701"},{"taxonomy":"product_tag","embeddable":true,"href":"https:\/\/tecsecmty.com\/index.php\/wp-json\/wp\/v2\/product_tag?post=2701"}],"curies":[{"name":"wp","href":"https:\/\/api.w.org\/{rel}","templated":true}]}}