{"id":2707,"date":"2023-02-22T21:48:38","date_gmt":"2023-02-23T03:48:38","guid":{"rendered":"https:\/\/tecsecmty.com\/index.php\/producto\/dahua-hac-hdbw1801r-z-camara-domo-4k-antivandalica-8-megapixeles-lente-motorizado-de-2-7-a-13-5-mm-ir-de-30-mts-metalica-wdr-real-de-120-db-ip67-ik10-soporta-cvi-tvi-ahd-cvbs\/"},"modified":"2023-03-22T23:22:38","modified_gmt":"2023-03-23T05:22:38","slug":"dahua-hac-hdbw1801r-z-camara-domo-4k-antivandalica-8-megapixeles-lente-motorizado-de-2-7-a-13-5-mm-ir-de-30-mts-metalica-wdr-real-de-120-db-ip67-ik10-soporta-cvi-tvi-ahd-cvbs","status":"publish","type":"product","link":"https:\/\/tecsecmty.com\/index.php\/producto\/dahua-hac-hdbw1801r-z-camara-domo-4k-antivandalica-8-megapixeles-lente-motorizado-de-2-7-a-13-5-mm-ir-de-30-mts-metalica-wdr-real-de-120-db-ip67-ik10-soporta-cvi-tvi-ahd-cvbs\/","title":{"rendered":"DAHUA HAC-HDBW1801R-Z &#8211; Camara Domo 4k Antivandalica\/ 8 Megapixeles\/ Lente Motorizado de 2.7 a 13.5 mm\/ IR de 30 Mts\/ Met\u00e1lica\/ WDR Real de 120 dB\/ IP67\/ IK10\/ Soporta: CVI\/TVI\/AHD\/CVBS\/"},"content":{"rendered":"<div class=\"row aling-items-center padding-bottom-2x\">\n<div class=\"col-lg-12\">\n<h5 class=\"card-title text-center\">Informaci\u00f3n General<\/h5>\n<p>El modelo\u00a0<strong>HDBW1801R-Z<\/strong>\u00a0es una c\u00e1mara de la serie Lite\u00a0<strong>4K<\/strong>\u00a0de Dahua, con la cual podemos apreciar una imagen con mayor nitidez, brillo y claridad que cualquier otra c\u00e1mara de videovigilancia. Cuenta con\u00a0<strong>lente motorizado<\/strong>\u00a0de\u00a0<strong>2.7mm &#8211; 13.5mm<\/strong>, potentes\u00a0<strong>IR<\/strong>\u00a0con alcance de hasta\u00a0<strong>30 metros<\/strong>\u00a0para la visi\u00f3n nocturna, tambi\u00e9n dispone de la tecnolog\u00eda\u00a0<strong>WDR<\/strong>\u00a0real\u00a0<strong>120dB<\/strong>\u00a0que ofrece im\u00e1genes m\u00e1s n\u00cdtidas,incluso en las condiciones de contraste de luz intensas y adem\u00e1s cuenta con \u00edndice de protecci\u00f3n\u00a0<strong>IP67<\/strong>\u00a0por lo que ofrece protecci\u00f3n contra polvo y agua, ideal para instalarse en exterior.<\/p>\n<p><img decoding=\"async\" class=\"overview-center-img-web\" src=\"https:\/\/tvc.mx\/media\/385799\/Dahua-DH-HAC-HDBW1801R-Z-C%C3%A1mara-Domo-4k-Lente-Motorizado-SmartIR-Met%C3%A1lica-WDR.png\" alt=\"\" \/><\/div>\n<\/div>\n<div class=\"row align-items-center padding-bottom-2x\">\n<div class=\"col-md-5 order-md-2\"><img decoding=\"async\" class=\"d-block m-auto img-thumbnail\" src=\"https:\/\/tvc.mx\/media\/385803\/Tecnologia-4K-Dahua.png\" alt=\" \" \/><\/div>\n<div class=\"col-md-7 order-md-1 text-md-left text-center\">\n<h2>Resoluci\u00f3n 4K<\/h2>\n<p class=\"text-muted\">\n<p>La c\u00e1mara\u00a0<strong>HDBW1801R-Z<\/strong>\u00a0cuenta con la tecnolog\u00eda\u00a04K, mejora la calidad de la imagen, permitiendo a los usuarios experimentar la mejor visualizaci\u00f3n de detalles de la imagen producida. La resoluci\u00f3n 4K es cuatro veces la resoluci\u00f3n de 1080P.<\/p>\n<p>&nbsp;<\/p>\n<\/div>\n<\/div>\n<hr class=\"padding-bottom-2x\" \/>\n<div class=\"row align-items-center padding-bottom-2x\">\n<div class=\"col-md-5\"><img decoding=\"async\" class=\"d-block m-auto img-thumbnail\" src=\"https:\/\/tvc.mx\/media\/385807\/Smart-IR-Dahua.png\" alt=\" \" \/><\/div>\n<div class=\"col-md-7 text-md-left text-center\">\n<h2>IR Inteligente<\/h2>\n<p class=\"text-muted\">\n<p>Con la iluminaci\u00f3n IR, las im\u00e1genes detalladas se pueden capturar con poca luz o oscuridad total. La tecnolog\u00eda Smart IR ajusta la intensidad de los LED infrarrojos para compensar la distancia de un objeto evitando\u00a0que los LEDs IR borren las im\u00e1genes a medida que se acercan a la c\u00e1mara. La iluminaci\u00f3n infrarroja integrada de la c\u00e1mara proporciona un alto rendimiento en entornos con poca luz extrema de hasta\u00a050 mts.<\/p>\n<p>&nbsp;<\/p>\n<\/div>\n<\/div>\n<hr class=\"padding-bottom-2x\" \/>\n<div class=\"row align-items-center padding-bottom-2x\">\n<div class=\"col-md-5 order-md-2\"><img decoding=\"async\" class=\"d-block m-auto img-thumbnail\" src=\"https:\/\/tvc.mx\/media\/385811\/WDR-Dahua.png\" alt=\" \" \/><\/div>\n<div class=\"col-md-7 order-md-1 text-md-left text-center\">\n<h2>WDR real 120dB<\/h2>\n<p class=\"text-muted\">\n<p>La c\u00e1mara\u00a0<strong>HDBW1801R-Z<\/strong>\u00a0logra obtener im\u00e1genes n\u00edtidas en escenarios donde hay variaci\u00f3n\u00a0en las condiciones de iluminaci\u00f3n ya sea\u00a0baja y\/o brillante,la funci\u00f3n\u00a0WDR real120dB\u00a0se encarga de medir, compensar y ajustar la luz en la imagen\u00a0captada para despu\u00e9s combinar los espacios de luces brillantes con los espacios de sombras, creando\u00a0un equilibrio en la imagen final.<\/p>\n<p>&nbsp;<\/p>\n<\/div>\n<\/div>\n<hr class=\"padding-bottom-2x\" \/>\n<div class=\"row align-items-center padding-bottom-2x\">\n<div class=\"col-md-5\"><img decoding=\"async\" class=\"d-block m-auto img-thumbnail\" src=\"https:\/\/tvc.mx\/media\/385815\/3DNR-dahua.png\" alt=\" \" \/><\/div>\n<div class=\"col-md-7 text-md-left text-center\">\n<h2>Reducci\u00f3n de Ruido 3DNR<\/h2>\n<p class=\"text-muted\">\n<p>3DNR\u00a0es una tecnolog\u00eda de reducci\u00f3n de ruido que detecta y elimina ruidos aleatorios al comparar dos cuadros secuenciales, permitiendo una notable reducci\u00f3n del ruido con un ligero impacto hasta la nitidez, especialmente en condiciones de iluminaci\u00f3n limitadas. Adem\u00e1s, el\u00a03DNR\u00a0disminuye efectivamente el ancho de banda y ahorra espacio de almacenamiento.<\/p>\n<p>&nbsp;<\/p>\n<\/div>\n<\/div>\n<hr class=\"padding-bottom-2x\" \/>\n<div class=\"row align-items-center padding-bottom-2x\">\n<div class=\"col-md-5 order-md-2\"><img decoding=\"async\" class=\"d-block m-auto img-thumbnail\" src=\"https:\/\/tvc.mx\/media\/385819\/Multiformatos-dahua.png\" alt=\" \" \/><\/div>\n<div class=\"col-md-7 order-md-1 text-md-left text-center\">\n<h2>M\u00faltiples Formatos de Video<\/h2>\n<p class=\"text-muted\">\n<p>La c\u00e1mara\u00a0<strong>HDBW1801R-Z\u00a0<\/strong>\u00a0admite m\u00faltiples formatos de video, incluidos HDCVI, CVBS, HDTVI Y AHD que son los comunes en el mercado. Esta caracter\u00edstica hace que la c\u00e1mara sea compatible no solo con XVR, sino tambi\u00e9n con la mayor\u00eda de los DVR HD \/ SD existentes.<\/p>\n<p>&nbsp;<\/p>\n<\/div>\n<\/div>\n<hr class=\"padding-bottom-2x\" \/>\n<div class=\"row align-items-center padding-bottom-2x\">\n<div class=\"col-md-5\"><img decoding=\"async\" class=\"d-block m-auto img-thumbnail\" src=\"https:\/\/tvc.mx\/media\/385823\/Dahua-DH-HAC-HDBW1801R-Z-C%C3%A1mara-Domo-4k-Lente-Motorizado-SmartIR-Met%C3%A1lica-WDR-pp-caracteristicas.png\" alt=\" \" \/><\/div>\n<div class=\"col-md-7 text-md-left text-center\">\n<h2>Principales Caracter\u00edsticas<\/h2>\n<p class=\"text-muted\">\n<ul>\n<li>WDR real de 120dB<\/li>\n<li>3D NR<\/li>\n<li>M\u00e1x. Resoluci\u00f3n 4K<\/li>\n<li>CVI \/ CVBS \/ AHD \/ TVI conmutable<\/li>\n<li>Enfoque autom\u00e1tico<\/li>\n<li>Lente motorizada de 2,7-13,5 mm<\/li>\n<li>IR inteligente<\/li>\n<li>IP67<\/li>\n<li>IK10<\/li>\n<\/ul>\n<p>&nbsp;<\/p>\n<\/div>\n<\/div>\n<hr class=\"padding-bottom-2x\" \/>\n<div class=\"row align-items-center padding-bottom-2x\">\n<div class=\"col-md-5 order-md-2\"><img decoding=\"async\" class=\"d-block m-auto img-thumbnail\" src=\"https:\/\/tvc.mx\/media\/385835\/Dahua-DH-HAC-HDBW1801R-Z-C%C3%A1mara-Domo-4k-Lente-Motorizado-SmartIR-Met%C3%A1lica-WDR-pp-caracteristicas.png\" alt=\" \" \/><\/div>\n<div class=\"col-md-7 order-md-1 text-md-left text-center\">\n<h2>Especificaciones<\/h2>\n<p class=\"text-muted\">\n<ul>\n<li>CMOS de 1 \/ 2,7 pulgadas<\/li>\n<li>Distancia IR hasta 30 m<\/li>\n<li>N\u00famero de LED IR 2<\/li>\n<li>Lente Varifocal motorizado\u00a0de 2.7 mm a 13.5 mm<\/li>\n<li>Distancia de enfoque cercana 0.8 m<\/li>\n<li>BLC \/ HLC \/ WDR<\/li>\n<li>WDR real 120dB<\/li>\n<li>Reducci\u00f3n de ruido 2D y 3D NR<\/li>\n<li>Zoom digital 4X<\/li>\n<li>Fuente de alimentaci\u00f3n 12V \u00b1 30% CC<\/li>\n<li>Grado de protecci\u00f3n IP67; IK10<\/li>\n<li>Metal en toda la carcasa<\/li>\n<\/ul>\n<\/div>\n<\/div>\n","protected":false},"excerpt":{"rendered":"<p>Informaci\u00f3n General El modelo\u00a0HDBW1801R-Z\u00a0es una c\u00e1mara de la serie Lite\u00a04K\u00a0de Dahua, con la cual podemos apreciar una imagen con mayor nitidez, brillo y claridad que cualquier otra c\u00e1mara de videovigilancia. Cuenta con\u00a0lente motorizado\u00a0de\u00a02.7mm &#8211; 13.5mm, potentes\u00a0IR\u00a0con alcance de hasta\u00a030 metros\u00a0para la visi\u00f3n nocturna, tambi\u00e9n dispone&hellip;<\/p>\n","protected":false},"featured_media":2706,"comment_status":"open","ping_status":"closed","template":"","meta":{"om_disable_all_campaigns":false,"_monsterinsights_skip_tracking":false,"_monsterinsights_sitenote_active":false,"_monsterinsights_sitenote_note":"","_monsterinsights_sitenote_category":0},"product_brand":[],"product_cat":[167],"product_tag":[42,165,166,151],"class_list":{"0":"post-2707","1":"product","2":"type-product","3":"status-publish","4":"has-post-thumbnail","6":"product_cat-domo-camaras-cctv-hd","7":"product_tag-camaras","8":"product_tag-camaras-cctv-hd","9":"product_tag-cctv","10":"product_tag-seguridad","12":"first","13":"instock","14":"sale","15":"taxable","16":"shipping-taxable","17":"purchasable","18":"product-type-simple"},"aioseo_notices":[],"_links":{"self":[{"href":"https:\/\/tecsecmty.com\/index.php\/wp-json\/wp\/v2\/product\/2707","targetHints":{"allow":["GET"]}}],"collection":[{"href":"https:\/\/tecsecmty.com\/index.php\/wp-json\/wp\/v2\/product"}],"about":[{"href":"https:\/\/tecsecmty.com\/index.php\/wp-json\/wp\/v2\/types\/product"}],"replies":[{"embeddable":true,"href":"https:\/\/tecsecmty.com\/index.php\/wp-json\/wp\/v2\/comments?post=2707"}],"version-history":[{"count":0,"href":"https:\/\/tecsecmty.com\/index.php\/wp-json\/wp\/v2\/product\/2707\/revisions"}],"wp:featuredmedia":[{"embeddable":true,"href":"https:\/\/tecsecmty.com\/index.php\/wp-json\/wp\/v2\/media\/2706"}],"wp:attachment":[{"href":"https:\/\/tecsecmty.com\/index.php\/wp-json\/wp\/v2\/media?parent=2707"}],"wp:term":[{"taxonomy":"product_brand","embeddable":true,"href":"https:\/\/tecsecmty.com\/index.php\/wp-json\/wp\/v2\/product_brand?post=2707"},{"taxonomy":"product_cat","embeddable":true,"href":"https:\/\/tecsecmty.com\/index.php\/wp-json\/wp\/v2\/product_cat?post=2707"},{"taxonomy":"product_tag","embeddable":true,"href":"https:\/\/tecsecmty.com\/index.php\/wp-json\/wp\/v2\/product_tag?post=2707"}],"curies":[{"name":"wp","href":"https:\/\/api.w.org\/{rel}","templated":true}]}}