{"id":2715,"date":"2023-02-22T21:48:49","date_gmt":"2023-02-23T03:48:49","guid":{"rendered":"https:\/\/tecsecmty.com\/index.php\/producto\/dahua-hac-hdbw2501e-camara-domo-antivandalica-de-5-megapixeles-serie-pro-lente-de-2-8mm-111-grados-de-apertura-ir-de-30-metros-wdr-real-ip67-ik10-starlight\/"},"modified":"2023-03-22T23:22:39","modified_gmt":"2023-03-23T05:22:39","slug":"dahua-hac-hdbw2501e-camara-domo-antivandalica-de-5-megapixeles-serie-pro-lente-de-2-8mm-111-grados-de-apertura-ir-de-30-metros-wdr-real-ip67-ik10-starlight","status":"publish","type":"product","link":"https:\/\/tecsecmty.com\/index.php\/producto\/dahua-hac-hdbw2501e-camara-domo-antivandalica-de-5-megapixeles-serie-pro-lente-de-2-8mm-111-grados-de-apertura-ir-de-30-metros-wdr-real-ip67-ik10-starlight\/","title":{"rendered":"DAHUA HAC-HDBW2501E &#8211; Camara Domo Antivandalica de 5 Megapixeles\/ Serie Pro\/ Lente de 2.8mm\/ 111 Grados de Apertura\/ IR de 30 Metros\/ WDR Real\/ IP67\/ IK10\/ Starlight\/"},"content":{"rendered":"<div class=\"row aling-items-center padding-bottom-2x\">\n<div class=\"col-lg-12\">\n<h5 class=\"card-title text-center\">Informaci\u00f3n General<\/h5>\n<p>Experimente video Full HD de 5MP y la simplicidad de usar la infraestructura de cableado existente con HDCVI. La c\u00e1mara HDCVI de 5MP de la serie Pro presenta un dise\u00f1o compacto y ofrece una imagen de alta calidad a un precio accesible. Ofrece varios modelos de lentes fijos\/motorizados con WDR real de 120 dB y OSD multiling\u00fce y salida conmutable HD\/SD. Su flexibilidad estructural y su alto costorendimiento hacen de la c\u00e1mara una opci\u00f3n ideal para las soluciones de PYMES<\/p>\n<p><img decoding=\"async\" class=\"overview-center-img-web\" src=\"https:\/\/tvc.mx\/media\/491488\/C%C3%A1mara-domo-5-megapixeles-starlight-3DNR-IK10--HAC-HDBW2501EN-Dahua.png\" alt=\"\" \/><\/div>\n<\/div>\n<div class=\"row align-items-center padding-bottom-2x\">\n<div class=\"col-md-5 order-md-2\"><img decoding=\"async\" class=\"d-block m-auto img-thumbnail\" src=\"https:\/\/tvc.mx\/media\/491490\/Starlight-Dahua.png\" alt=\" \" \/><\/div>\n<div class=\"col-md-7 order-md-1 text-md-left text-center\">\n<h2>Starlight<\/h2>\n<p class=\"text-muted\">\n<p>Con la adopci\u00f3n de un sensor de alto rendimiento de gran tama\u00f1o, la c\u00e1mara puede proporcionar un rendimiento incomparable incluso en entornos con poca luz extrema. La funci\u00f3n Starlight permite capturar m\u00e1s detalles y reconocer colores precisos por la noche o en escenas con iluminaci\u00f3n limitada.<\/p>\n<p>&nbsp;<\/p>\n<\/div>\n<\/div>\n<hr class=\"padding-bottom-2x\" \/>\n<div class=\"row align-items-center padding-bottom-2x\">\n<div class=\"col-md-5\"><img decoding=\"async\" class=\"d-block m-auto img-thumbnail\" src=\"https:\/\/tvc.mx\/media\/491492\/Smart-IR-Dahua.png\" alt=\" \" \/><\/div>\n<div class=\"col-md-7 text-md-left text-center\">\n<h2>IR Inteligente<\/h2>\n<p class=\"text-muted\">\n<p>La c\u00e1mara est\u00e1 dise\u00f1ada con iluminaci\u00f3n LED IR para un mejor rendimiento con poca luz. Smart IR es una tecnolog\u00eda para asegurar la uniformidad del brillo en B\/N\u00a0imagen con poca iluminaci\u00f3n. El exclusivo Smart IR de Dahua se ajusta a la intensidad de los LED infrarrojos de la c\u00e1mara para compensar la distancia de un objeto y evita que los LED IR sobreexpongan las im\u00e1genes a medida que el objeto se acerca a la c\u00e1mara.<\/p>\n<p>&nbsp;<\/p>\n<\/div>\n<\/div>\n<hr class=\"padding-bottom-2x\" \/>\n<div class=\"row align-items-center padding-bottom-2x\">\n<div class=\"col-md-5 order-md-2\"><img decoding=\"async\" class=\"d-block m-auto img-thumbnail\" src=\"https:\/\/tvc.mx\/media\/491494\/OSD-Dahua.png\" alt=\" \" \/><\/div>\n<div class=\"col-md-7 order-md-1 text-md-left text-center\">\n<h2>OSD en varios idiomas<\/h2>\n<p class=\"text-muted\">\n<p>El men\u00fa OSD proporciona m\u00faltiples ajustes de imagen y configuraci\u00f3n de funciones para cumplir con los requisitos de diferentes escenas de monitoreo. El men\u00fa OSD incluye configuraciones como el modo de luz de fondo, d\u00eda\/noche, balance de blancos, m\u00e1scara de privacidad y detecci\u00f3n de movimiento. La c\u00e1mara admite 11 idiomas para el men\u00fa OSD, a saber, chino, ingl\u00e9s, franc\u00e9s, alem\u00e1n, espa\u00f1ol, portugu\u00e9s, italiano, japon\u00e9s, coreano, ruso y polaco.<\/p>\n<p>&nbsp;<\/p>\n<\/div>\n<\/div>\n<hr class=\"padding-bottom-2x\" \/>\n<div class=\"row align-items-center padding-bottom-2x\">\n<div class=\"col-md-5\"><img decoding=\"async\" class=\"d-block m-auto img-thumbnail\" src=\"https:\/\/tvc.mx\/media\/491496\/3DNR-dahua.png\" alt=\" \" \/><\/div>\n<div class=\"col-md-7 text-md-left text-center\">\n<h2>3DNR avanzado<\/h2>\n<p class=\"text-muted\">\n<p>3DNR es una tecnolog\u00eda de reducci\u00f3n de ruido que detecta y elimina ruidos aleatorios comparando dos fotogramas secuenciales. La avanzada tecnolog\u00eda 3DNR de Dahua permite una notable reducci\u00f3n del ruido con poco impacto en la nitidez, especialmente en condiciones de iluminaci\u00f3n limitada. Adem\u00e1s, el avanzado 3DNR reduce efectivamente el ancho de la banda y ahorra espacio de almacenamiento.<\/p>\n<p>&nbsp;<\/p>\n<\/div>\n<\/div>\n<hr class=\"padding-bottom-2x\" \/>\n<div class=\"row align-items-center padding-bottom-2x\">\n<div class=\"col-md-5 order-md-2\"><img decoding=\"async\" class=\"d-block m-auto img-thumbnail\" src=\"https:\/\/tvc.mx\/media\/491498\/C%C3%A1mara-domo-5-megapixeles-starlight-3DNR-IK10--HAC-HDBW2501EN-Dahua-caracteristicas.png\" alt=\" \" \/><\/div>\n<div class=\"col-md-7 order-md-1 text-md-left text-center\">\n<h2>Principales Caracter\u00edsticas<\/h2>\n<p class=\"text-muted\">\n<ul>\n<li>\u00a0Starlight<\/li>\n<li>WDR real de 120 dB<\/li>\n<li>3D NR<\/li>\n<li>CVI\/CVBS\/AHD\/TVI conmutable<\/li>\n<li>IR inteligente<\/li>\n<li>IP67<\/li>\n<li>IK10<\/li>\n<\/ul>\n<p>&nbsp;<\/p>\n<\/div>\n<\/div>\n<hr class=\"padding-bottom-2x\" \/>\n<div class=\"row align-items-center padding-bottom-2x\">\n<div class=\"col-md-5\"><img decoding=\"async\" class=\"d-block m-auto img-thumbnail\" src=\"https:\/\/tvc.mx\/media\/491500\/C%C3%A1mara-domo-5-megapixeles-starlight-3DNR-IK10--HAC-HDBW2501EN-Dahua-especificaciones.png\" alt=\" \" \/><\/div>\n<div class=\"col-md-7 text-md-left text-center\">\n<h2>Especificaciones<\/h2>\n<p class=\"text-muted\">\n<ul>\n<li>CMOS de 1\/2,7 pulgadas<\/li>\n<li>5 megap\u00edxeles<\/li>\n<li>Distancia de iluminaci\u00f3n 30 m<\/li>\n<li>Lente fijo 2.8mm<\/li>\n<li>BLC\/HLC\/WDR\/HLC-Pro<\/li>\n<li>WDR real 120dB<\/li>\n<li>Reducci\u00f3n de ruido 2D NR\/3D NR<\/li>\n<li>IR inteligente<\/li>\n<li>Opciones de salida de video de CVI\/TVI\/AHD\/CVBS por un puerto N\u00famero BNC (interruptor DIP)<\/li>\n<li>Fuente de alimentaci\u00f3n 12 V CC \u00b130 %<\/li>\n<li>Grado de protecci\u00f3n IP67, IK10<\/li>\n<li>Cubierta de c\u00fapula de pl\u00e1stico+carcasa superior mental+pedestal mental<\/li>\n<\/ul>\n<\/div>\n<\/div>\n","protected":false},"excerpt":{"rendered":"<p>Informaci\u00f3n General Experimente video Full HD de 5MP y la simplicidad de usar la infraestructura de cableado existente con HDCVI. La c\u00e1mara HDCVI de 5MP de la serie Pro presenta un dise\u00f1o compacto y ofrece una imagen de alta calidad a un precio accesible. Ofrece&hellip;<\/p>\n","protected":false},"featured_media":2714,"comment_status":"open","ping_status":"closed","template":"","meta":{"om_disable_all_campaigns":false,"_monsterinsights_skip_tracking":false,"_monsterinsights_sitenote_active":false,"_monsterinsights_sitenote_note":"","_monsterinsights_sitenote_category":0},"product_brand":[],"product_cat":[167],"product_tag":[42,165,166,151],"class_list":{"0":"post-2715","1":"product","2":"type-product","3":"status-publish","4":"has-post-thumbnail","6":"product_cat-domo-camaras-cctv-hd","7":"product_tag-camaras","8":"product_tag-camaras-cctv-hd","9":"product_tag-cctv","10":"product_tag-seguridad","12":"first","13":"instock","14":"sale","15":"taxable","16":"shipping-taxable","17":"purchasable","18":"product-type-simple"},"aioseo_notices":[],"_links":{"self":[{"href":"https:\/\/tecsecmty.com\/index.php\/wp-json\/wp\/v2\/product\/2715","targetHints":{"allow":["GET"]}}],"collection":[{"href":"https:\/\/tecsecmty.com\/index.php\/wp-json\/wp\/v2\/product"}],"about":[{"href":"https:\/\/tecsecmty.com\/index.php\/wp-json\/wp\/v2\/types\/product"}],"replies":[{"embeddable":true,"href":"https:\/\/tecsecmty.com\/index.php\/wp-json\/wp\/v2\/comments?post=2715"}],"version-history":[{"count":0,"href":"https:\/\/tecsecmty.com\/index.php\/wp-json\/wp\/v2\/product\/2715\/revisions"}],"wp:featuredmedia":[{"embeddable":true,"href":"https:\/\/tecsecmty.com\/index.php\/wp-json\/wp\/v2\/media\/2714"}],"wp:attachment":[{"href":"https:\/\/tecsecmty.com\/index.php\/wp-json\/wp\/v2\/media?parent=2715"}],"wp:term":[{"taxonomy":"product_brand","embeddable":true,"href":"https:\/\/tecsecmty.com\/index.php\/wp-json\/wp\/v2\/product_brand?post=2715"},{"taxonomy":"product_cat","embeddable":true,"href":"https:\/\/tecsecmty.com\/index.php\/wp-json\/wp\/v2\/product_cat?post=2715"},{"taxonomy":"product_tag","embeddable":true,"href":"https:\/\/tecsecmty.com\/index.php\/wp-json\/wp\/v2\/product_tag?post=2715"}],"curies":[{"name":"wp","href":"https:\/\/api.w.org\/{rel}","templated":true}]}}