{"id":2719,"date":"2023-02-22T21:48:53","date_gmt":"2023-02-23T03:48:53","guid":{"rendered":"https:\/\/tecsecmty.com\/index.php\/producto\/dahua-hac-hdbw2802r-z-camara-domo-antivandalica-4k-lente-motorizado-de-3-7-a-11mm-ir-de-30-mts-entrada-de-audio-starlight-wdr-120-db-ik10-metalica-seriepro\/"},"modified":"2023-03-22T23:22:39","modified_gmt":"2023-03-23T05:22:39","slug":"dahua-hac-hdbw2802r-z-camara-domo-antivandalica-4k-lente-motorizado-de-3-7-a-11mm-ir-de-30-mts-entrada-de-audio-starlight-wdr-120-db-ik10-metalica-seriepro","status":"publish","type":"product","link":"https:\/\/tecsecmty.com\/index.php\/producto\/dahua-hac-hdbw2802r-z-camara-domo-antivandalica-4k-lente-motorizado-de-3-7-a-11mm-ir-de-30-mts-entrada-de-audio-starlight-wdr-120-db-ik10-metalica-seriepro\/","title":{"rendered":"DAHUA HAC-HDBW2802R-Z- C\u00e1mara Domo Antivand\u00e1lica 4k\/ Lente Motorizado de 3.7 a 11mm\/ IR de 30 Mts\/ Entrada de Audio\/ Starlight\/ WDR 120 dB\/ IK10\/ Metalica\/ #SeriePro"},"content":{"rendered":"<div class=\"row aling-items-center padding-bottom-2x\">\n<div class=\"col-lg-12\">\n<h5 class=\"card-title text-center\">C\u00e1mara domo antivandalico HDCVI 8 MP STARLIGHT<\/h5>\n<p>&nbsp;<\/p>\n<p><img decoding=\"async\" class=\"overview-center-img-web\" src=\"https:\/\/tvc.mx\/media\/52656\/DH-HAC-HDBW2802R-Zconfigbaner.png\" alt=\"\" \/><\/div>\n<\/div>\n<div class=\"row align-items-center padding-bottom-2x\">\n<div class=\"col-md-5\"><img decoding=\"async\" class=\"d-block m-auto img-thumbnail\" src=\"https:\/\/tvc.mx\/media\/52659\/DH-HAC-HDBW2802R-Zconfig5.png\" alt=\" \" \/><\/div>\n<div class=\"col-md-7 text-md-left text-center\">\n<h2>Resumen del sistema<\/h2>\n<p class=\"text-muted\">\n<p class=\"ql-align-justify\">Experimente la v\u00eddeo vigilancia 4K con la simplicidad de reutilizar los existentes Infraestructura coaxial. La c\u00e1mara 4K HDCVI adopta un potente Dahua ISP y sensor de imagen avanzado de 1\/2 \u00ab, que proporciona alta calidad superior im\u00e1genes Tambi\u00e9n es compatible con Starlight y WDR verdadero de 120dB para una imagen clara en condiciones de poca luz. Adem\u00e1s, la c\u00e1mara presenta audio de calidad de transmisi\u00f3n para proporcionar una colecci\u00f3n de evidencia complementaria mejorada.<\/p>\n<p class=\"ql-align-justify\">La ultra alta definici\u00f3n y un conjunto completo de caracter\u00edsticas hacen que 4K HDCVI la c\u00e1mara es una opci\u00f3n ideal para empresas y proyectos de tama\u00f1o medio a grande donde tanto la vigilancia altamente confiable como la flexibilidad de construcci\u00f3n son exigido.<\/p>\n<p>&nbsp;<\/p>\n<\/div>\n<\/div>\n<hr class=\"padding-bottom-2x\" \/>\n<div class=\"row align-items-center padding-bottom-2x\">\n<div class=\"col-md-5 order-md-2\"><img decoding=\"async\" class=\"d-block m-auto img-thumbnail\" src=\"https:\/\/tvc.mx\/media\/52662\/DH-HAC-HDBW2802R-Zconfig6.png\" alt=\" \" \/><\/div>\n<div class=\"col-md-7 order-md-1 text-md-left text-center\">\n<h2>Tecnolog\u00eda Starlight.<\/h2>\n<p class=\"text-muted\">\n<p class=\"ql-align-justify\">Esta tecnolog\u00eda nos permite obtener un\u00a0rendimiento excepcional ideal para la visualizaci\u00f3n y reproducci\u00f3n\u00a0de imagenes bajo condiciones de poca iluminaci\u00f3n, tanto en condiciones de contraluz extremo como en la obscuridad. Incorpora un sensor 1\/2&#8243;CMOS de alto rendimiento el cual captura las imagenes a todo color bajo los ambientes antes mencionados.<\/p>\n<p>&nbsp;<\/p>\n<\/div>\n<\/div>\n<hr class=\"padding-bottom-2x\" \/>\n<div class=\"row align-items-center padding-bottom-2x\">\n<div class=\"col-md-5\"><img decoding=\"async\" class=\"d-block m-auto img-thumbnail\" src=\"https:\/\/tvc.mx\/media\/52668\/DH-HAC-HDBW2802R-Zconfig7.png\" alt=\" \" \/><\/div>\n<div class=\"col-md-7 text-md-left text-center\">\n<h2>Distancia DORI.<\/h2>\n<p class=\"text-muted\">\n<p class=\"ql-align-justify\">La distancia DORI es una proximidad general de la distancia que hace que sea f\u00e1cil elegir la c\u00e1mara adecuada para sus necesidades. La distancia DORI se calcula sobre la base de la especificaci\u00f3n del sensor y del resultado de la prueba de laboratorio seg\u00fan EN 62676-4, que define los criterios para Detectar, Observar, Reconocer e Identificar, respectivamente, por lo que esta c\u00e1mara cuenta con la capacidad de:<\/p>\n<p>&nbsp;<\/p>\n<\/div>\n<\/div>\n<hr class=\"padding-bottom-2x\" \/>\n<div class=\"row align-items-center padding-bottom-2x\">\n<div class=\"col-md-5\"><img decoding=\"async\" class=\"d-block m-auto img-thumbnail\" src=\"https:\/\/tvc.mx\/media\/52671\/DH-HAC-HDBW2802R-Zconfig8.png\" alt=\" \" \/><\/div>\n<div class=\"col-md-7 text-md-left text-center\">\n<h2>Transmisi\u00f3n de larga distancia<\/h2>\n<p class=\"text-muted\">\n<p class=\"ql-align-justify\">La tecnolog\u00eda HDCVI garantiza la transmisi\u00f3n en tiempo real a larga distancia Sin ninguna p\u00e9rdida. Admite transmisi\u00f3n de hasta 700 m para 4K y 4MP HD video a trav\u00e9s de cable coaxial y hasta 300 m a trav\u00e9s de cable UTP. Resultados reales verificados por pruebas en la escena real en el laboratorio de pruebas de Dahua.<\/p>\n<p class=\"ql-align-justify\">La tecnolog\u00eda HDCVI de Dahua garantiza la transmisi\u00f3n de video a tiempo real y sin perdidas de calidad, a distancias de hasta 700m para video de\u00a0<strong>8MP\u00a0<\/strong>v\u00eda cable coaxial y hasta 200m por cable UTP mediante transceptores.<\/p>\n<p class=\"ql-align-justify\">\n<p>&nbsp;<\/p>\n<\/div>\n<\/div>\n<hr class=\"padding-bottom-2x\" \/>\n<div class=\"row align-items-center padding-bottom-2x\">\n<div class=\"col-md-5 order-md-2\"><img decoding=\"async\" class=\"d-block m-auto img-thumbnail\" src=\"https:\/\/tvc.mx\/media\/52677\/DH-HAC-HDBW2802R-Zconfig9.png\" alt=\" \" \/><\/div>\n<div class=\"col-md-7 order-md-1 text-md-left text-center\">\n<h2>Caracter\u00edsticas y Especificaciones<\/h2>\n<p class=\"text-muted\">\n<p><strong>Principales caracter\u00edsticas<\/strong><\/p>\n<ul>\n<li>Starlight, 120dB True WDR, 3DNR.<\/li>\n<li>M\u00e1x. Resoluci\u00f3n 4K.<\/li>\n<li>HD \/ SD conmutable.<\/li>\n<li>Audio en interfaz.<\/li>\n<li>Lente motorizada 3.7-11mm.<\/li>\n<li>M\u00e1x. Longitud IR 30m, IR inteligente.<\/li>\n<li>IP67, IK10, DC12V \u00b1 30%.<\/li>\n<\/ul>\n<p><strong>Especificaciones\u00a0<\/strong><\/p>\n<ul>\n<li>C\u00e1mara Domot HDCVI.<\/li>\n<li>Resoluci\u00f3n 8MP, 3840(H)\u00d72160(V).<\/li>\n<li>Lente Motorizado 3.7 &#8211; 11mm.<\/li>\n<li>\u00c1ngulo de visi\u00f3n H: 46\u00b0 &#8211; 112\u00b0.<\/li>\n<li>Distancia de IR hasta 30m.<\/li>\n<li>Men\u00fa OSD multilenguaje.<\/li>\n<li>Compensaci\u00f3n de contraluz BLC, HLC, WDR 120dB.<\/li>\n<li>Reducci\u00f3n de ruido 2D \/ 3D.<\/li>\n<li>Entrada de Audio<\/li>\n<li>Smart IR Auto \/ Manual.<\/li>\n<li>Fuente de alimentaci\u00f3n 12V CD \u00b1 30%.<\/li>\n<li>Consumo de energ\u00eda m\u00e1x. 7W.<\/li>\n<li>Condiciones de operaci\u00f3n -30\u00baC a +60\u00baC.<\/li>\n<li>Indice de protecci\u00f3n IP67 &amp; IK10.<\/li>\n<li>Material Aluminio.<\/li>\n<li>Dimensiones \u03a6122mm\u00d788.9mm.<\/li>\n<li>Peso neto 0.47g.<\/li>\n<\/ul>\n<\/div>\n<\/div>\n","protected":false},"excerpt":{"rendered":"<p>C\u00e1mara domo antivandalico HDCVI 8 MP STARLIGHT &nbsp; Resumen del sistema Experimente la v\u00eddeo vigilancia 4K con la simplicidad de reutilizar los existentes Infraestructura coaxial. La c\u00e1mara 4K HDCVI adopta un potente Dahua ISP y sensor de imagen avanzado de 1\/2 \u00ab, que proporciona alta&hellip;<\/p>\n","protected":false},"featured_media":2718,"comment_status":"open","ping_status":"closed","template":"","meta":{"om_disable_all_campaigns":false,"_monsterinsights_skip_tracking":false,"_monsterinsights_sitenote_active":false,"_monsterinsights_sitenote_note":"","_monsterinsights_sitenote_category":0},"product_brand":[],"product_cat":[167],"product_tag":[42,165,166,151],"class_list":{"0":"post-2719","1":"product","2":"type-product","3":"status-publish","4":"has-post-thumbnail","6":"product_cat-domo-camaras-cctv-hd","7":"product_tag-camaras","8":"product_tag-camaras-cctv-hd","9":"product_tag-cctv","10":"product_tag-seguridad","12":"first","13":"instock","14":"sale","15":"taxable","16":"shipping-taxable","17":"purchasable","18":"product-type-simple"},"aioseo_notices":[],"_links":{"self":[{"href":"https:\/\/tecsecmty.com\/index.php\/wp-json\/wp\/v2\/product\/2719","targetHints":{"allow":["GET"]}}],"collection":[{"href":"https:\/\/tecsecmty.com\/index.php\/wp-json\/wp\/v2\/product"}],"about":[{"href":"https:\/\/tecsecmty.com\/index.php\/wp-json\/wp\/v2\/types\/product"}],"replies":[{"embeddable":true,"href":"https:\/\/tecsecmty.com\/index.php\/wp-json\/wp\/v2\/comments?post=2719"}],"version-history":[{"count":0,"href":"https:\/\/tecsecmty.com\/index.php\/wp-json\/wp\/v2\/product\/2719\/revisions"}],"wp:featuredmedia":[{"embeddable":true,"href":"https:\/\/tecsecmty.com\/index.php\/wp-json\/wp\/v2\/media\/2718"}],"wp:attachment":[{"href":"https:\/\/tecsecmty.com\/index.php\/wp-json\/wp\/v2\/media?parent=2719"}],"wp:term":[{"taxonomy":"product_brand","embeddable":true,"href":"https:\/\/tecsecmty.com\/index.php\/wp-json\/wp\/v2\/product_brand?post=2719"},{"taxonomy":"product_cat","embeddable":true,"href":"https:\/\/tecsecmty.com\/index.php\/wp-json\/wp\/v2\/product_cat?post=2719"},{"taxonomy":"product_tag","embeddable":true,"href":"https:\/\/tecsecmty.com\/index.php\/wp-json\/wp\/v2\/product_tag?post=2719"}],"curies":[{"name":"wp","href":"https:\/\/api.w.org\/{rel}","templated":true}]}}