{"id":2721,"date":"2023-02-22T21:48:55","date_gmt":"2023-02-23T03:48:55","guid":{"rendered":"https:\/\/tecsecmty.com\/index.php\/producto\/dahua-hac-hdw1200tl-a-camara-domo-1080p-lente-e-2-8mm-angulo-de-103-grados-ir-de-30-mts-microfono-integrado-ip67-dwdr-metalpolicarbonato\/"},"modified":"2023-03-22T23:22:39","modified_gmt":"2023-03-23T05:22:39","slug":"dahua-hac-hdw1200tl-a-camara-domo-1080p-lente-e-2-8mm-angulo-de-103-grados-ir-de-30-mts-microfono-integrado-ip67-dwdr-metalpolicarbonato","status":"publish","type":"product","link":"https:\/\/tecsecmty.com\/index.php\/producto\/dahua-hac-hdw1200tl-a-camara-domo-1080p-lente-e-2-8mm-angulo-de-103-grados-ir-de-30-mts-microfono-integrado-ip67-dwdr-metalpolicarbonato\/","title":{"rendered":"DAHUA HAC-HDW1200TL-A &#8211; Camara Domo 1080p\/ Lente e 2.8mm\/ Angulo de 103 Grados\/ IR de 30 Mts\/ Microfono Integrado\/ IP67\/ DWDR\/ Metal+Policarbonato\/"},"content":{"rendered":"<div class=\"row aling-items-center padding-bottom-2x\">\n<div class=\"col-lg-12\">\n<h5 class=\"card-title text-center\">Informaci\u00f3n general<\/h5>\n<p>Experimente video 1080P full HD y la simplicidad de usar infraestructura de cableado con HDCVI. La c\u00e1mara HDCVI 1080P de la serie Lite presenta un dise\u00f1o compacto y ofrece una imagen de alta calidad en un ambiente amigable precio.<\/p>\n<p><img decoding=\"async\" class=\"overview-center-img-web\" src=\"https:\/\/tvc.mx\/media\/444499\/camara-domo-1080p-lente-2.8mm-microfono-integrado-HAC-HDW1200TL-A-Dahua.png\" alt=\"\" \/><\/div>\n<\/div>\n<div class=\"row align-items-center padding-bottom-2x\">\n<div class=\"col-md-5\"><img decoding=\"async\" class=\"d-block m-auto img-thumbnail\" src=\"https:\/\/tvc.mx\/media\/444535\/Multiformatos-dahua.png\" alt=\" \" \/><\/div>\n<div class=\"col-md-7 text-md-left text-center\">\n<h2>Multiformato<\/h2>\n<p class=\"text-muted\">\n<p>La c\u00e1mara admite m\u00faltiples formatos de video, incluidos HDCVI, CVBS y otros dos formatos anal\u00f3gicos HD comunes en el mercado. Los cuatro formatos se puede cambiar a trav\u00e9s del men\u00fa OSD o por PFM820 (controlador UTC).<\/p>\n<p>Esta caracter\u00edstica hace que la c\u00e1mara sea compatible con la mayor\u00eda de los usuarios finales.<\/p>\n<p>DVR HD \/ SD existentes.<\/p>\n<p>&nbsp;<\/p>\n<\/div>\n<\/div>\n<hr class=\"padding-bottom-2x\" \/>\n<div class=\"row align-items-center padding-bottom-2x\">\n<div class=\"col-md-5 order-md-2\"><img decoding=\"async\" class=\"d-block m-auto img-thumbnail\" src=\"https:\/\/tvc.mx\/media\/113061\/HAC-HDW1200TL-A-Full-HD.jpg\" alt=\" \" \/><\/div>\n<div class=\"col-md-7 order-md-1 text-md-left text-center\">\n<h2>Sencillez<\/h2>\n<p class=\"text-muted\">\n<p>La tecnolog\u00eda HDCVI hereda la caracter\u00edstica nativa de la simplicidad de la tradicional sistema de vigilancia anal\u00f3gica, convirti\u00e9ndose en la mejor opci\u00f3n para la inversi\u00f3n. El sistema HDCVI puede actualizar sin problemas el anal\u00f3gico tradicional sistema sin reemplazar el cableado coaxial existente. El plug and play El enfoque permite la videovigilancia Full HD sin la molestia de configurar una red.<\/p>\n<p>&nbsp;<\/p>\n<\/div>\n<\/div>\n<hr class=\"padding-bottom-2x\" \/>\n<div class=\"row align-items-center padding-bottom-2x\">\n<div class=\"col-md-5\"><img decoding=\"async\" class=\"d-block m-auto img-thumbnail\" src=\"https:\/\/tvc.mx\/media\/444539\/Smart-IR-Dahua.png\" alt=\" \" \/><\/div>\n<div class=\"col-md-7 text-md-left text-center\">\n<h2>IR inteligente<\/h2>\n<p class=\"text-muted\">\n<p>La c\u00e1mara est\u00e1 dise\u00f1ada con iluminaci\u00f3n LED IR para un mejor rendimiento con poca luz. Smart IR es una tecnolog\u00eda para garantizar la uniformidad del brillo en B \/ N imagen con poca iluminaci\u00f3n. El IR inteligente exclusivo de Dahua se ajusta a la intensidad de los LED infrarrojos de la c\u00e1mara para compensar la distancia de un objeto, y evita que los LED de infrarrojos sobreexpongan im\u00e1genes como el objeto ac\u00e9rcate a la c\u00e1mara.<\/p>\n<p>&nbsp;<\/p>\n<\/div>\n<\/div>\n<hr class=\"padding-bottom-2x\" \/>\n<div class=\"row align-items-center padding-bottom-2x\">\n<div class=\"col-md-5 order-md-2\"><img decoding=\"async\" class=\"d-block m-auto img-thumbnail\" src=\"https:\/\/tvc.mx\/media\/444543\/camara-domo-1080p-lente-2.8mm-microfono-integrado-HAC-HDW1200TL-A-Dahua-caracteristiccas.png\" alt=\" \" \/><\/div>\n<div class=\"col-md-7 order-md-1 text-md-left text-center\">\n<h2>Principales caracter\u00edsticas<\/h2>\n<p class=\"text-muted\">\n<ul>\n<li>D-WDR &#8211; Amplio rango din\u00e1mico de la iluminaci\u00f3n<\/li>\n<li>2D-DNR &#8211; Reducci\u00f3n digital de ruido en la imagen<\/li>\n<li>BLC\/HLC &#8211; compensaci\u00f3n de luz de fondo \/ luz alta<\/li>\n<li>ICR &#8211; Filtro mec\u00e1nico de infrarrojos<\/li>\n<li>AGC &#8211; Ajuste autom\u00e1tico de la ganancia de la imagen<\/li>\n<li>Balance de blancos autom\u00e1tico<\/li>\n<li>Zonas de privacidad<\/li>\n<li>Mirror &#8211; Imagen de espejo<\/li>\n<li>Sharpness &#8211; Enfoque de los contornos de la imagen<\/li>\n<\/ul>\n<p>&nbsp;<\/p>\n<\/div>\n<\/div>\n<hr class=\"padding-bottom-2x\" \/>\n<div class=\"row align-items-center padding-bottom-2x\">\n<div class=\"col-md-5\"><img decoding=\"async\" class=\"d-block m-auto img-thumbnail\" src=\"https:\/\/tvc.mx\/media\/444547\/camara-domo-1080p-lente-2.8mm-microfono-integrado-HAC-HDW1200TL-A-Dahua-especificaciones.png\" alt=\" \" \/><\/div>\n<div class=\"col-md-7 text-md-left text-center\">\n<h2>Especificaciones<\/h2>\n<p class=\"text-muted\">\n<ul>\n<li>1\/2.7\u00a0\u00bb CMOS<\/li>\n<li>2 megap\u00edxeles<\/li>\n<li>Rango del iluminador IR:30\u00a0m<\/li>\n<li>Ajuste de potencia del iluminador IR: Autom\u00e1tico<\/li>\n<li>Lente fijo 2.8\u00a0mm<\/li>\n<li>\u00c1ngulo de visi\u00f3n:103\u00a0\u00b0<\/li>\n<li>Salida de v\u00eddeo:\u00a0AHD\u00a0\/\u00a0HD-CVI\u00a0\/\u00a0HD-TVI\u00a0\/\u00a0PAL, 1\u00a0Vpp<\/li>\n<li>Micr\u00f3fono integrado,<\/li>\n<li>Soporte para audio a trav\u00e9s del cable coaxial &#8211; s\u00f3lo HD-CVI<\/li>\n<li>Alimentaci\u00f3n:12\u00a0V\u00a0DC\u00a0\/ 300\u00a0mA<\/li>\n<li>Carcasa: Metal + Pl\u00e1stico<\/li>\n<li>Grado de protecci\u00f3n:IP67<\/li>\n<\/ul>\n<\/div>\n<\/div>\n","protected":false},"excerpt":{"rendered":"<p>Informaci\u00f3n general Experimente video 1080P full HD y la simplicidad de usar infraestructura de cableado con HDCVI. La c\u00e1mara HDCVI 1080P de la serie Lite presenta un dise\u00f1o compacto y ofrece una imagen de alta calidad en un ambiente amigable precio. Multiformato La c\u00e1mara admite&hellip;<\/p>\n","protected":false},"featured_media":2720,"comment_status":"open","ping_status":"closed","template":"","meta":{"om_disable_all_campaigns":false,"_monsterinsights_skip_tracking":false,"_monsterinsights_sitenote_active":false,"_monsterinsights_sitenote_note":"","_monsterinsights_sitenote_category":0},"product_brand":[],"product_cat":[167],"product_tag":[42,165,166,151],"class_list":{"0":"post-2721","1":"product","2":"type-product","3":"status-publish","4":"has-post-thumbnail","6":"product_cat-domo-camaras-cctv-hd","7":"product_tag-camaras","8":"product_tag-camaras-cctv-hd","9":"product_tag-cctv","10":"product_tag-seguridad","12":"first","13":"instock","14":"sale","15":"taxable","16":"shipping-taxable","17":"purchasable","18":"product-type-simple"},"aioseo_notices":[],"_links":{"self":[{"href":"https:\/\/tecsecmty.com\/index.php\/wp-json\/wp\/v2\/product\/2721","targetHints":{"allow":["GET"]}}],"collection":[{"href":"https:\/\/tecsecmty.com\/index.php\/wp-json\/wp\/v2\/product"}],"about":[{"href":"https:\/\/tecsecmty.com\/index.php\/wp-json\/wp\/v2\/types\/product"}],"replies":[{"embeddable":true,"href":"https:\/\/tecsecmty.com\/index.php\/wp-json\/wp\/v2\/comments?post=2721"}],"version-history":[{"count":0,"href":"https:\/\/tecsecmty.com\/index.php\/wp-json\/wp\/v2\/product\/2721\/revisions"}],"wp:featuredmedia":[{"embeddable":true,"href":"https:\/\/tecsecmty.com\/index.php\/wp-json\/wp\/v2\/media\/2720"}],"wp:attachment":[{"href":"https:\/\/tecsecmty.com\/index.php\/wp-json\/wp\/v2\/media?parent=2721"}],"wp:term":[{"taxonomy":"product_brand","embeddable":true,"href":"https:\/\/tecsecmty.com\/index.php\/wp-json\/wp\/v2\/product_brand?post=2721"},{"taxonomy":"product_cat","embeddable":true,"href":"https:\/\/tecsecmty.com\/index.php\/wp-json\/wp\/v2\/product_cat?post=2721"},{"taxonomy":"product_tag","embeddable":true,"href":"https:\/\/tecsecmty.com\/index.php\/wp-json\/wp\/v2\/product_tag?post=2721"}],"curies":[{"name":"wp","href":"https:\/\/api.w.org\/{rel}","templated":true}]}}