{"id":2741,"date":"2023-02-22T21:49:22","date_gmt":"2023-02-23T03:49:22","guid":{"rendered":"https:\/\/tecsecmty.com\/index.php\/producto\/dahua-hac-hdw1809tlm-a-led-camara-domo-eyeball-4k-full-color-8-megapixeles-lente-de-2-8mm-106-grados-de-apertura-microfono-integrado-20-metros-de-iluminacion-imagen-a-todo-color-27-7-super-ad\/"},"modified":"2023-03-22T23:22:39","modified_gmt":"2023-03-23T05:22:39","slug":"dahua-hac-hdw1809tlm-a-led-camara-domo-eyeball-4k-full-color-8-megapixeles-lente-de-2-8mm-106-grados-de-apertura-microfono-integrado-20-metros-de-iluminacion-imagen-a-todo-color-27-7-super-ad","status":"publish","type":"product","link":"https:\/\/tecsecmty.com\/index.php\/producto\/dahua-hac-hdw1809tlm-a-led-camara-domo-eyeball-4k-full-color-8-megapixeles-lente-de-2-8mm-106-grados-de-apertura-microfono-integrado-20-metros-de-iluminacion-imagen-a-todo-color-27-7-super-ad\/","title":{"rendered":"DAHUA HAC-HDW1809TLM-A-LED &#8211; Camara Domo Eyeball 4k Full Color\/ 8 Megapixeles\/ Lente de 2.8mm\/ 106 Grados de Apertura\/ Microfono Integrado\/ 20 Metros de Iluminaci\u00f3n\/ Imagen a Todo Color 27\/7\/ Super Adapt\/ WDR de 120 dB\/ Soporta CVI\/CVBS\/AHD\/TVI \/ #LoNuevo"},"content":{"rendered":"<div class=\"row aling-items-center padding-bottom-2x\">\n<div class=\"col-lg-12\">\n<h5 class=\"card-title text-center\">Informaci\u00f3n general<\/h5>\n<p>La serie Lite es una excelente opci\u00f3n para los consumidores que buscan productos de monitoreo de alta calidad a un precio razonable. Su bajo costo y alto rendimiento lo hacen ideal para \u00e1reas residenciales y soluciones para PYMES. Esta serie est\u00e1 equipada con una amplia gama de tecnolog\u00edas, como full-color y starlight, brindando diversas soluciones para diferentes escenarios.<\/p>\n<p><img decoding=\"async\" class=\"overview-center-img-web\" src=\"https:\/\/tvc.mx\/media\/556903\/Dahua-HAC-HDW1809TLM-A-LED-Camara-Domo-Eyeball-4k-Full-Color-8-Megapixeles-Lente-de-2-BANNER-PRINCIPAL.png\" alt=\"C\u00e1mara domo\" \/><\/div>\n<\/div>\n<div class=\"row align-items-center padding-bottom-2x\">\n<div class=\"col-md-5\"><img decoding=\"async\" class=\"d-block m-auto img-thumbnail\" src=\"https:\/\/tvc.mx\/media\/556947\/IP67-dahua.png\" alt=\" IP67\" \/><\/div>\n<div class=\"col-md-7 text-md-left text-center\">\n<h2>Protecci\u00f3n (IP67, amplio voltaje)<\/h2>\n<p class=\"text-muted\">\n<p>IP67: la c\u00e1mara super\u00f3 una serie de rigurosas pruebas de polvo e inmersi\u00f3n. Su carcasa es a prueba de polvo e impermeable, y puede funcionar normalmente mientras se sumerge en agua a 1 m de profundidad durante un m\u00e1ximo de 30 minutos. Amplio voltaje: la c\u00e1mara tiene una tolerancia de voltaje de entrada de \u00b130 % (para algunas fuentes de alimentaci\u00f3n) y un amplio rango de voltaje, lo que la hace adecuada para una variedad de escenarios al aire libre.<\/p>\n<p>&nbsp;<\/p>\n<\/div>\n<\/div>\n<hr class=\"padding-bottom-2x\" \/>\n<div class=\"row align-items-center padding-bottom-2x\">\n<div class=\"col-md-5 order-md-2\"><img decoding=\"async\" class=\"d-block m-auto img-thumbnail\" src=\"https:\/\/tvc.mx\/media\/556951\/full-color-dahua.png\" alt=\" full color\" \/><\/div>\n<div class=\"col-md-7 order-md-1 text-md-left text-center\">\n<h2>Full color<\/h2>\n<p class=\"text-muted\">\n<p>Con su algoritmo de procesamiento de im\u00e1genes avanzado y su capacidad para absorber grandes cantidades de luz, la c\u00e1mara proporciona un monitoreo de color las 24 horas del d\u00eda, los 7 d\u00edas de la semana que recopila informaci\u00f3n clara y muy detallada, lo que aumenta significativamente la confiabilidad de las im\u00e1genes humanas y de veh\u00edculos que se recopilan como evidencia para el an\u00e1lisis inteligente.<\/p>\n<p>&nbsp;<\/p>\n<\/div>\n<\/div>\n<hr class=\"padding-bottom-2x\" \/>\n<div class=\"row align-items-center padding-bottom-2x\">\n<div class=\"col-md-5\"><img decoding=\"async\" class=\"d-block m-auto img-thumbnail\" src=\"https:\/\/tvc.mx\/media\/556963\/3DNR-dahua.png\" alt=\" 3DNR\" \/><\/div>\n<div class=\"col-md-7 text-md-left text-center\">\n<h2>3 DNR<\/h2>\n<p class=\"text-muted\">\n<p>La tecnolog\u00eda avanzada 3DNR de Dahua reduce el ruido de la imagen con poco o ning\u00fan impacto en la nitidez de la imagen, especialmente en condiciones de poca luz. Detecta el ruido y compara los cuadros secuenciales para reducir el ruido de manera efectiva. Tambi\u00e9n hace un uso eficiente del ancho de banda, ahorrando espacio de almacenamiento.<\/p>\n<p>&nbsp;<\/p>\n<\/div>\n<\/div>\n<hr class=\"padding-bottom-2x\" \/>\n<div class=\"row align-items-center padding-bottom-2x\">\n<div class=\"col-md-5 order-md-2\"><img decoding=\"async\" class=\"d-block m-auto img-thumbnail\" src=\"https:\/\/tvc.mx\/media\/556971\/Dahua-HAC-HDW1809TLM-A-LED-Camara-Domo-Eyeball-4k-Full-Color-8-Megapixeles-Lente-de-2-caracteristicas-pricipales.png\" alt=\" Caracter\u00edsticas\" \/><\/div>\n<div class=\"col-md-7 order-md-1 text-md-left text-center\">\n<h2>Carcateristicas Principales<\/h2>\n<p class=\"text-muted\">\n<p><strong>\u00b7\u00a0<\/strong>M\u00e1x. 15 fps a 4K.<\/p>\n<p><strong>\u00b7\u00a0<\/strong>WDR real de 120 dB, 3D NR.<\/p>\n<p><strong>\u00b7\u00a0<\/strong>Im\u00e1genes en color 24\/7.<\/p>\n<p><strong>\u00b7\u00a0<\/strong>Distancia de iluminaci\u00f3n de 20 m.<\/p>\n<p><strong>\u00b7\u00a0<\/strong>S\u00faper Adaptado.<\/p>\n<p><strong>\u00b7\u00a0<\/strong>Micr\u00f3fono integrado (-A).<\/p>\n<p><strong>\u00b7\u00a0<\/strong>Lente fija de 3,6 mm (2,8 mm opcional).<\/p>\n<p><strong>\u00b7\u00a0<\/strong>CVI\/CVBS\/AHD\/TVI conmutable.<\/p>\n<p><strong>\u00b7\u00a0<\/strong>IP67, 12 V CC.<\/p>\n<p>&nbsp;<\/p>\n<\/div>\n<\/div>\n<hr class=\"padding-bottom-2x\" \/>\n<div class=\"row align-items-center padding-bottom-2x\">\n<div class=\"col-md-5\"><img decoding=\"async\" class=\"d-block m-auto img-thumbnail\" src=\"https:\/\/tvc.mx\/media\/556987\/Dahua-HAC-HDW1809TLM-A-LED-Camara-Domo-Eyeball-4k-Full-Color-8-Megapixeles-Lente-de-2-Especificaciones-tecnicas.png\" alt=\" dimensiones\" \/><\/div>\n<div class=\"col-md-7 text-md-left text-center\">\n<h2>Especificaciones t\u00e9cnicas<\/h2>\n<p class=\"text-muted\">\n<ul>\n<li>CMOS de 8 MP<\/li>\n<li>M\u00e1x. Resoluci\u00f3n 380 (H) x 2160 (v)<\/li>\n<li>Sistema de escaneo progresivo<\/li>\n<li>Velocidad de obturaci\u00f3n electr\u00f3nica: PAL: 1\/3 s 100000s, NTSC:1\/4 s- 1\/100000<\/li>\n<li>M\u00edn. Iluminaci\u00f3n 0,001 lux a F1,0 (color)<\/li>\n<li>Distancia de iluminaci\u00f3n 20m (65.62 pies)<\/li>\n<li>Numero de iluminador 1 (luz calida)<\/li>\n<\/ul>\n<\/div>\n<\/div>\n","protected":false},"excerpt":{"rendered":"<p>Informaci\u00f3n general La serie Lite es una excelente opci\u00f3n para los consumidores que buscan productos de monitoreo de alta calidad a un precio razonable. Su bajo costo y alto rendimiento lo hacen ideal para \u00e1reas residenciales y soluciones para PYMES. Esta serie est\u00e1 equipada con&hellip;<\/p>\n","protected":false},"featured_media":2740,"comment_status":"open","ping_status":"closed","template":"","meta":{"om_disable_all_campaigns":false,"_monsterinsights_skip_tracking":false,"_monsterinsights_sitenote_active":false,"_monsterinsights_sitenote_note":"","_monsterinsights_sitenote_category":0},"product_brand":[],"product_cat":[167],"product_tag":[42,165,166,151],"class_list":{"0":"post-2741","1":"product","2":"type-product","3":"status-publish","4":"has-post-thumbnail","6":"product_cat-domo-camaras-cctv-hd","7":"product_tag-camaras","8":"product_tag-camaras-cctv-hd","9":"product_tag-cctv","10":"product_tag-seguridad","12":"first","13":"instock","14":"sale","15":"taxable","16":"shipping-taxable","17":"purchasable","18":"product-type-simple"},"aioseo_notices":[],"_links":{"self":[{"href":"https:\/\/tecsecmty.com\/index.php\/wp-json\/wp\/v2\/product\/2741","targetHints":{"allow":["GET"]}}],"collection":[{"href":"https:\/\/tecsecmty.com\/index.php\/wp-json\/wp\/v2\/product"}],"about":[{"href":"https:\/\/tecsecmty.com\/index.php\/wp-json\/wp\/v2\/types\/product"}],"replies":[{"embeddable":true,"href":"https:\/\/tecsecmty.com\/index.php\/wp-json\/wp\/v2\/comments?post=2741"}],"version-history":[{"count":0,"href":"https:\/\/tecsecmty.com\/index.php\/wp-json\/wp\/v2\/product\/2741\/revisions"}],"wp:featuredmedia":[{"embeddable":true,"href":"https:\/\/tecsecmty.com\/index.php\/wp-json\/wp\/v2\/media\/2740"}],"wp:attachment":[{"href":"https:\/\/tecsecmty.com\/index.php\/wp-json\/wp\/v2\/media?parent=2741"}],"wp:term":[{"taxonomy":"product_brand","embeddable":true,"href":"https:\/\/tecsecmty.com\/index.php\/wp-json\/wp\/v2\/product_brand?post=2741"},{"taxonomy":"product_cat","embeddable":true,"href":"https:\/\/tecsecmty.com\/index.php\/wp-json\/wp\/v2\/product_cat?post=2741"},{"taxonomy":"product_tag","embeddable":true,"href":"https:\/\/tecsecmty.com\/index.php\/wp-json\/wp\/v2\/product_tag?post=2741"}],"curies":[{"name":"wp","href":"https:\/\/api.w.org\/{rel}","templated":true}]}}