{"id":2745,"date":"2023-02-22T21:49:26","date_gmt":"2023-02-23T03:49:26","guid":{"rendered":"https:\/\/tecsecmty.com\/index.php\/producto\/dahua-hac-hdw3200ln-camara-mini-domo-de-2-megapixeles-lente-de-2-1mm-gran-angular-con-132-grados-de-apertura-microfono-integrado-ir-de-3-metros-soporta-cvi-cvbs-ahd-tvi\/"},"modified":"2023-03-22T23:22:40","modified_gmt":"2023-03-23T05:22:40","slug":"dahua-hac-hdw3200ln-camara-mini-domo-de-2-megapixeles-lente-de-2-1mm-gran-angular-con-132-grados-de-apertura-microfono-integrado-ir-de-3-metros-soporta-cvi-cvbs-ahd-tvi","status":"publish","type":"product","link":"https:\/\/tecsecmty.com\/index.php\/producto\/dahua-hac-hdw3200ln-camara-mini-domo-de-2-megapixeles-lente-de-2-1mm-gran-angular-con-132-grados-de-apertura-microfono-integrado-ir-de-3-metros-soporta-cvi-cvbs-ahd-tvi\/","title":{"rendered":"DAHUA HAC-HDW3200LN &#8211; C\u00e1mara Mini Domo de 2 megap\u00edxeles\/ Lente de 2.1mm\/ Gran Angular con 132 Grados de Apertura\/ Micr\u00f3fono Integrado\/ IR de 3 Metros\/ Soporta: CVI\/CVBS\/AHD\/TVI\/"},"content":{"rendered":"<div class=\"row aling-items-center padding-bottom-2x\">\n<div class=\"col-lg-12\">\n<h5 class=\"card-title text-center\">Informaci\u00f3n General<\/h5>\n<p>Experimente video Full HD de 1080p y la simplicidad de usar la infraestructura de cableado existente con HDCVI. La c\u00e1mara HDCVI de 1080p de la serie Micro-size presenta un dise\u00f1o compacto y ofrece una imagen de alta calidad a un precio accesible. Ofrece varios modelos de lentes motorizados\/fijos con OSD multilenguaje y salida conmutable HD\/SD. Su flexibilidad estructural y su alto costo-rendimiento hacen que la c\u00e1mara sea una opci\u00f3n ideal para soluciones para PYMES.<\/p>\n<p><img decoding=\"async\" class=\"overview-center-img-web\" src=\"https:\/\/tvc.mx\/media\/492884\/camara-domo-2-megapixeles-lente-2.1-micr%C3%B3fono-integrado-HAC-HDW3200L-Dahua.png\" alt=\"\" \/><\/div>\n<\/div>\n<div class=\"row align-items-center padding-bottom-2x\">\n<div class=\"col-md-5 order-md-2\"><img decoding=\"async\" class=\"d-block m-auto img-thumbnail\" src=\"https:\/\/tvc.mx\/media\/492886\/HDCVI-dahua.png\" alt=\" \" \/><\/div>\n<div class=\"col-md-7 order-md-1 text-md-left text-center\">\n<h2>Sencillez<\/h2>\n<p class=\"text-muted\">\n<p>La tecnolog\u00eda HDCVI hereda la caracter\u00edstica innata de la simplicidad del sistema de vigilancia anal\u00f3gico tradicional, lo que la convierte en la mejor opci\u00f3n para proteger la inversi\u00f3n. El sistema HDCVI puede actualizar sin problemas el sistema anal\u00f3gico tradicional sin reemplazar el cableado coaxial existente. El enfoque plug and play permite la videovigilancia Full HD sin la molestia de configurar una red.<\/p>\n<p>&nbsp;<\/p>\n<\/div>\n<\/div>\n<hr class=\"padding-bottom-2x\" \/>\n<div class=\"row align-items-center padding-bottom-2x\">\n<div class=\"col-md-5\"><img decoding=\"async\" class=\"d-block m-auto img-thumbnail\" src=\"https:\/\/tvc.mx\/media\/492888\/Smart-IR-Dahua.png\" alt=\" \" \/><\/div>\n<div class=\"col-md-7 text-md-left text-center\">\n<h2>IR Inteligente<\/h2>\n<p class=\"text-muted\">\n<p>La c\u00e1mara est\u00e1 dise\u00f1ada con iluminaci\u00f3n LED IR para un mejor rendimiento con poca luz. Smart IR es una tecnolog\u00eda para garantizar la uniformidad del brillo en im\u00e1genes en blanco y negro con poca iluminaci\u00f3n. El exclusivo Smart IR de Dahua se ajusta a la intensidad de los LED infrarrojos de la c\u00e1mara para compensar la distancia de un objeto y evita que los LED IR sobreexpongan las im\u00e1genes a medida que el objeto se acerca a la c\u00e1mara.<\/p>\n<p>&nbsp;<\/p>\n<\/div>\n<\/div>\n<hr class=\"padding-bottom-2x\" \/>\n<div class=\"row align-items-center padding-bottom-2x\">\n<div class=\"col-md-5 order-md-2\"><img decoding=\"async\" class=\"d-block m-auto img-thumbnail\" src=\"https:\/\/tvc.mx\/media\/492890\/OSD-Dahua.png\" alt=\" \" \/><\/div>\n<div class=\"col-md-7 order-md-1 text-md-left text-center\">\n<h2>OSD en varios idiomas<\/h2>\n<p class=\"text-muted\">\n<p>El men\u00fa OSD proporciona m\u00faltiples ajustes de imagen y configuraci\u00f3n de funciones para cumplir con los requisitos de diferentes escenas de monitoreo. El men\u00fa OSD incluye configuraciones como el modo de luz de fondo, d\u00eda\/noche, balance de blancos, m\u00e1scara de privacidad y detecci\u00f3n de movimiento. La c\u00e1mara admite 11 idiomas para el men\u00fa OSD, a saber, chino, ingl\u00e9s, franc\u00e9s, alem\u00e1n, espa\u00f1ol, portugu\u00e9s, italiano, japon\u00e9s, coreano, ruso y polaco.<\/p>\n<p>&nbsp;<\/p>\n<\/div>\n<\/div>\n<hr class=\"padding-bottom-2x\" \/>\n<div class=\"row align-items-center padding-bottom-2x\">\n<div class=\"col-md-5\"><img decoding=\"async\" class=\"d-block m-auto img-thumbnail\" src=\"https:\/\/tvc.mx\/media\/492892\/camara-domo-2-megapixeles-lente-2.1-micr%C3%B3fono-integrado-HAC-HDW3200L-Dahua-caracteristicas.png\" alt=\" \" \/><\/div>\n<div class=\"col-md-7 text-md-left text-center\">\n<h2>Principales Caracter\u00edsticas<\/h2>\n<p class=\"text-muted\">\n<ul>\n<li>D-WDR &#8211; Amplio rango din\u00e1mico de la iluminaci\u00f3n<\/li>\n<li>2D-DNR &#8211; Reducci\u00f3n digital de ruido en la imagen<\/li>\n<li>AGC &#8211; Ajuste autom\u00e1tico de la ganancia de la imagen<\/li>\n<li>BLC\/HLC &#8211; compensaci\u00f3n de luz de fondo \/ luz alta<\/li>\n<li>Balance de blancos autom\u00e1tico<\/li>\n<li>Modo d\u00eda\/noche &#8211; C\u00e1mara para observaci\u00f3n del interior del veh\u00edculo<\/li>\n<li>Mirror &#8211; Imagen de espejo<\/li>\n<li>Zonas de privacidad &#8211; hasta 8<\/li>\n<li>Carcasa de pl\u00e1stico ergon\u00f3mica, resistente a los golpes &#8211; EN50155<\/li>\n<\/ul>\n<p>&nbsp;<\/p>\n<\/div>\n<\/div>\n<hr class=\"padding-bottom-2x\" \/>\n<div class=\"row align-items-center padding-bottom-2x\">\n<div class=\"col-md-5 order-md-2\"><img decoding=\"async\" class=\"d-block m-auto img-thumbnail\" src=\"https:\/\/tvc.mx\/media\/492894\/camara-domo-2-megapixeles-lente-2.1-micr%C3%B3fono-integrado-HAC-HDW3200L-Dahua-especificaciones.png\" alt=\" \" \/><\/div>\n<div class=\"col-md-7 order-md-1 text-md-left text-center\">\n<h2>Especificaciones<\/h2>\n<p class=\"text-muted\">\n<ul>\n<li>1\/2.7\u00a0\u00bb Progressive Scan CMOS<\/li>\n<li>2 megap\u00edxeles<\/li>\n<li>Lente fijo 2.1mm<\/li>\n<li>\u00c1ngulo de visi\u00f3n:132\u00a0\u00b0<\/li>\n<li>Rango del iluminador IR: 3\u00a0m<\/li>\n<li>Salida de v\u00eddeo:1\u00a0Vpp\u00a0\/ 75\u00a0\u03a9 &#8211;\u00a0<strong>Conector BNC<\/strong><\/li>\n<li>Audio: Micr\u00f3fono integrado<\/li>\n<li>Aplicaci\u00f3n: La c\u00e1mara est\u00e1 dise\u00f1ada para instalarse en el interior de veh\u00edculos<\/li>\n<li>Alimentaci\u00f3n:12\u00a0V\u00a0DC\u00a0\/ 160\u00a0mA &#8211; Alimentaci\u00f3n de c\u00e1maras con una tensi\u00f3n de 12V DC directamente de la grabadora<\/li>\n<\/ul>\n<\/div>\n<\/div>\n","protected":false},"excerpt":{"rendered":"<p>Informaci\u00f3n General Experimente video Full HD de 1080p y la simplicidad de usar la infraestructura de cableado existente con HDCVI. La c\u00e1mara HDCVI de 1080p de la serie Micro-size presenta un dise\u00f1o compacto y ofrece una imagen de alta calidad a un precio accesible. Ofrece&hellip;<\/p>\n","protected":false},"featured_media":2744,"comment_status":"open","ping_status":"closed","template":"","meta":{"om_disable_all_campaigns":false,"_monsterinsights_skip_tracking":false,"_monsterinsights_sitenote_active":false,"_monsterinsights_sitenote_note":"","_monsterinsights_sitenote_category":0},"product_brand":[],"product_cat":[167],"product_tag":[42,165,166,151],"class_list":{"0":"post-2745","1":"product","2":"type-product","3":"status-publish","4":"has-post-thumbnail","6":"product_cat-domo-camaras-cctv-hd","7":"product_tag-camaras","8":"product_tag-camaras-cctv-hd","9":"product_tag-cctv","10":"product_tag-seguridad","12":"first","13":"instock","14":"sale","15":"taxable","16":"shipping-taxable","17":"purchasable","18":"product-type-simple"},"aioseo_notices":[],"_links":{"self":[{"href":"https:\/\/tecsecmty.com\/index.php\/wp-json\/wp\/v2\/product\/2745","targetHints":{"allow":["GET"]}}],"collection":[{"href":"https:\/\/tecsecmty.com\/index.php\/wp-json\/wp\/v2\/product"}],"about":[{"href":"https:\/\/tecsecmty.com\/index.php\/wp-json\/wp\/v2\/types\/product"}],"replies":[{"embeddable":true,"href":"https:\/\/tecsecmty.com\/index.php\/wp-json\/wp\/v2\/comments?post=2745"}],"version-history":[{"count":0,"href":"https:\/\/tecsecmty.com\/index.php\/wp-json\/wp\/v2\/product\/2745\/revisions"}],"wp:featuredmedia":[{"embeddable":true,"href":"https:\/\/tecsecmty.com\/index.php\/wp-json\/wp\/v2\/media\/2744"}],"wp:attachment":[{"href":"https:\/\/tecsecmty.com\/index.php\/wp-json\/wp\/v2\/media?parent=2745"}],"wp:term":[{"taxonomy":"product_brand","embeddable":true,"href":"https:\/\/tecsecmty.com\/index.php\/wp-json\/wp\/v2\/product_brand?post=2745"},{"taxonomy":"product_cat","embeddable":true,"href":"https:\/\/tecsecmty.com\/index.php\/wp-json\/wp\/v2\/product_cat?post=2745"},{"taxonomy":"product_tag","embeddable":true,"href":"https:\/\/tecsecmty.com\/index.php\/wp-json\/wp\/v2\/product_tag?post=2745"}],"curies":[{"name":"wp","href":"https:\/\/api.w.org\/{rel}","templated":true}]}}