{"id":2749,"date":"2023-02-22T21:49:37","date_gmt":"2023-02-23T03:49:37","guid":{"rendered":"https:\/\/tecsecmty.com\/index.php\/producto\/dahua-hac-me1809h-a-pv-camara-domo-tioc-4k-disuasion-activa-full-color-estrobo-azul-y-rojo-lente-de-2-8mm-luz-de-40-mts-microfono-integrado-1-salida-de-alarma-soporta-cvi-tvi-ahd-ip67\/"},"modified":"2023-03-22T23:22:43","modified_gmt":"2023-03-23T05:22:43","slug":"dahua-hac-me1809h-a-pv-camara-domo-tioc-4k-disuasion-activa-full-color-estrobo-azul-y-rojo-lente-de-2-8mm-luz-de-40-mts-microfono-integrado-1-salida-de-alarma-soporta-cvi-tvi-ahd-ip67","status":"publish","type":"product","link":"https:\/\/tecsecmty.com\/index.php\/producto\/dahua-hac-me1809h-a-pv-camara-domo-tioc-4k-disuasion-activa-full-color-estrobo-azul-y-rojo-lente-de-2-8mm-luz-de-40-mts-microfono-integrado-1-salida-de-alarma-soporta-cvi-tvi-ahd-ip67\/","title":{"rendered":"DAHUA HAC-ME1809H-A-PV &#8211; Camara Domo TiOC 4k\/ Disuasi\u00f3n Activa\/ Full Color\/ Estrobo Azul y Rojo\/ Lente de 2.8mm\/ Luz de 40 Mts\/ Microfono Integrado\/ 1 Salida de Alarma\/ Soporta: CVI\/TVI\/AHD\/ IP67\/"},"content":{"rendered":"<div class=\"row aling-items-center padding-bottom-2x\">\n<div class=\"col-lg-12\">\n<h5 class=\"card-title text-center\">Informaci\u00f3n General<\/h5>\n<p class=\"ql-align-justify\">La c\u00e1mara modelo\u00a0<strong>HAC-ME1809H-A-PV\u00a0<\/strong>es una c\u00e1mara domo\u00a0<strong>TiOC<\/strong>\u00a0de\u00a0<strong>4K<\/strong>\u00a0de resoluci\u00f3n, con la cual podemos apreciar una imagen con mayor nitidez, brillo y claridad . Este modelo\u00a0incorpora un\u00a0<strong>lente\u00a0de\u00a02.8 mm<\/strong>,\u00a0potentes\u00a0<strong>IR<\/strong>\u00a0con alcance de hasta\u00a0<strong>40 metros<\/strong>\u00a0para la visi\u00f3n nocturna,\u00a0cuenta tambi\u00e9n con la tecnolog\u00eda\u00a0<strong>Full Color<\/strong>, esta tecnolog\u00eda nos permite obtener un\u00a0rendimiento excepcional ideal para la visualizaci\u00f3n y reproducci\u00f3n\u00a0de im\u00e1genes bajo condiciones de poca iluminaci\u00f3n.<\/p>\n<p class=\"ql-align-justify\">Nota: Para el uso correcto de las funciones de la c\u00e1mara TiOC es necesario hacer uso de los grabadores de las siguientes series:<\/p>\n<ul>\n<li class=\"ql-align-justify\">Serie de inteligencia<\/li>\n<\/ul>\n<p><img decoding=\"async\" class=\"overview-center-img-web\" src=\"https:\/\/tvc.mx\/media\/392751\/Dahua-ME1809H-A-PV-C%C3%A1mara-Domo-TiOC-4K-Disuasi%C3%B3n-Activa-Full-Color-Estrobo-Microfono-Integrado-Salida-de-Alarma-IP67-CamPpal.png\" alt=\"\" \/><\/div>\n<\/div>\n<div class=\"row align-items-center padding-bottom-2x\">\n<div class=\"col-md-5\"><img decoding=\"async\" class=\"d-block m-auto img-thumbnail\" src=\"https:\/\/tvc.mx\/media\/392759\/disuacion-activa.png\" alt=\" \" \/><\/div>\n<div class=\"col-md-7 text-md-left text-center\">\n<h2>Disuasi\u00f3n activa<\/h2>\n<p class=\"text-muted\">\n<p class=\"ql-align-justify\">La c\u00e1mara\u00a0<strong>HAC &#8211;<\/strong><strong>ME1809H-A-PV<\/strong>\u00a0cuenta con la funci\u00f3n de\u00a0disuasi\u00f3n activa\u00a0de luz y sirena, vincula el video con el audio cuando ocurre un evento perimetral, La c\u00e1mara puede advertir activamente a los intrusos con luz y sirena, alertar a los usuarios en tiempo real con alarma proporcionando verificaci\u00f3n visual con video.<\/p>\n<p>&nbsp;<\/p>\n<\/div>\n<\/div>\n<hr class=\"padding-bottom-2x\" \/>\n<div class=\"row align-items-center padding-bottom-2x\">\n<div class=\"col-md-5 order-md-2\"><img decoding=\"async\" class=\"d-block m-auto img-thumbnail\" src=\"https:\/\/tvc.mx\/media\/392763\/full-color-dahua.png\" alt=\" \" \/><\/div>\n<div class=\"col-md-7 order-md-1 text-md-left text-center\">\n<h2>Tecnolog\u00eda Full Color<\/h2>\n<p class=\"text-muted\">\n<p class=\"ql-align-justify\">La c\u00e1mara\u00a0<strong>HAC<\/strong>&#8211;<strong>ME1809H-A-PV<\/strong>\u00a0incorpora la tecnolog\u00eda\u00a0<strong>Full Color<\/strong>\u00a0nos permite obtener un\u00a0rendimiento excepcional ideal para la visualizaci\u00f3n y reproducci\u00f3n\u00a0de im\u00e1genes bajo condiciones de poca iluminaci\u00f3n, tanto en condiciones de contraluz extremo como en la obscuridad. Las c\u00e1maras\u00a0<strong>Full Color<\/strong>\u00a0permite una monitorizaci\u00f3n 24\/7, para recopilaci\u00f3n de datos crom\u00e1ticos.<\/p>\n<p>&nbsp;<\/p>\n<\/div>\n<\/div>\n<hr class=\"padding-bottom-2x\" \/>\n<div class=\"row align-items-center padding-bottom-2x\">\n<div class=\"col-md-5\"><img decoding=\"async\" class=\"d-block m-auto img-thumbnail\" src=\"https:\/\/tvc.mx\/media\/392771\/Tecnologia-4K-Dahua.png\" alt=\" \" \/><\/div>\n<div class=\"col-md-7 text-md-left text-center\">\n<h2>Resoluci\u00f3n 4K<\/h2>\n<p class=\"text-muted\">\n<p class=\"ql-align-justify\">Para una mejor calidad de imagen la c\u00e1mara incorpora la tecnolog\u00eda\u00a0<strong>4K<\/strong>\u00a0es un avance revolucionario en CCTV, mejora la imagen expresiva de la esencia, permitiendo a los usuarios experimentar la mejor calidad de imagen producida por la fiesta visual. A los efectos de la vigilancia 4K con cuatro veces la resoluci\u00f3n de 1080P, presentado al usuario con m\u00e1s detalles. En el mismo escenario al subir los p\u00edxeles, reduzca el costo de la c\u00e1mara.<\/p>\n<p>&nbsp;<\/p>\n<\/div>\n<\/div>\n<hr class=\"padding-bottom-2x\" \/>\n<div class=\"row align-items-center padding-bottom-2x\">\n<div class=\"col-md-5 order-md-2\"><img decoding=\"async\" class=\"d-block m-auto img-thumbnail\" src=\"https:\/\/tvc.mx\/media\/392775\/Dahua-ME1809H-A-PV-C%C3%A1mara-Domo-TiOC-4K-Disuasi%C3%B3n-Activa-Full-Color-Estrobo-Microfono-Integrado-Salida-de-Alarma-IP67-pp-caracteristicas.png\" alt=\" \" \/><\/div>\n<div class=\"col-md-7 order-md-1 text-md-left text-center\">\n<h2>Principales Caracter\u00edsticas<\/h2>\n<p class=\"text-muted\">\n<ul>\n<li class=\"ql-align-justify\">Funci\u00f3n de disuasi\u00f3n activa : LED parpadeando alternativamente: rojo y azul &#8211; configuraci\u00f3n de la frecuencia, Sonido de la sirena &#8211; 3 niveles de volumen<\/li>\n<li class=\"ql-align-justify\">Posibilidad de apagar el iluminador LED<\/li>\n<li class=\"ql-align-justify\">D-WDR &#8211; Amplio rango din\u00e1mico de la iluminaci\u00f3n<\/li>\n<li class=\"ql-align-justify\">2D-DNR &#8211; Reducci\u00f3n digital de ruido en la imagen<\/li>\n<li class=\"ql-align-justify\">BLC\/HLC &#8211; compensaci\u00f3n de luz de fondo \/ luz alta<\/li>\n<li class=\"ql-align-justify\">AGC &#8211; Ajuste autom\u00e1tico de la ganancia de la imagen<\/li>\n<li class=\"ql-align-justify\">Balance de blancos autom\u00e1tico<\/li>\n<li class=\"ql-align-justify\">Mirror &#8211; Imagen de espejo<\/li>\n<li class=\"ql-align-justify\">Zonas de privacidad<\/li>\n<li class=\"ql-align-justify\">Sharpness &#8211; Enfoque de los contornos de la imagen<\/li>\n<\/ul>\n<p>&nbsp;<\/p>\n<\/div>\n<\/div>\n<hr class=\"padding-bottom-2x\" \/>\n<div class=\"row align-items-center padding-bottom-2x\">\n<div class=\"col-md-5\"><img decoding=\"async\" class=\"d-block m-auto img-thumbnail\" src=\"https:\/\/tvc.mx\/media\/392779\/Dahua-ME1809H-A-PV-C%C3%A1mara-Domo-TiOC-4K-Disuasi%C3%B3n-Activa-Full-Color-Estrobo-Microfono-Integrado-Salida-de-Alarma-IP67-especificaciones.png\" alt=\" \" \/><\/div>\n<div class=\"col-md-7 text-md-left text-center\">\n<h2>Especificaciones<\/h2>\n<p class=\"text-muted\">\n<ul>\n<li>1\/2.8\u00a0\u00bb Progressive Scan CMOS<\/li>\n<li>8 megap\u00edxeles<\/li>\n<li>Lentes fijo de 2.8\u00a0mm<\/li>\n<li>\u00c1ngulo de visi\u00f3n:107\u00a0\u00b0<\/li>\n<li>Alcance del iluminador de luz blanca (LED):40\u00a0m<\/li>\n<li>Salida de v\u00eddeo:AHD\u00a0\/\u00a0HD-CVI\u00a0\/\u00a0HD-TVI\u00a0\/\u00a0CVBS<\/li>\n<li>Micr\u00f3fono integrado<\/li>\n<li>Soporte para audio a trav\u00e9s del cable coaxial &#8211; s\u00f3lo HD-CVI<\/li>\n<li>Grado de protecci\u00f3n:IP67<\/li>\n<li>Alimentaci\u00f3n:12\u00a0V\u00a0DC<\/li>\n<li>Carcasa Metal<\/li>\n<\/ul>\n<\/div>\n<\/div>\n","protected":false},"excerpt":{"rendered":"<p>Informaci\u00f3n General La c\u00e1mara modelo\u00a0HAC-ME1809H-A-PV\u00a0es una c\u00e1mara domo\u00a0TiOC\u00a0de\u00a04K\u00a0de resoluci\u00f3n, con la cual podemos apreciar una imagen con mayor nitidez, brillo y claridad . Este modelo\u00a0incorpora un\u00a0lente\u00a0de\u00a02.8 mm,\u00a0potentes\u00a0IR\u00a0con alcance de hasta\u00a040 metros\u00a0para la visi\u00f3n nocturna,\u00a0cuenta tambi\u00e9n con la tecnolog\u00eda\u00a0Full Color, esta tecnolog\u00eda nos permite obtener un\u00a0rendimiento&hellip;<\/p>\n","protected":false},"featured_media":2748,"comment_status":"open","ping_status":"closed","template":"","meta":{"om_disable_all_campaigns":false,"_monsterinsights_skip_tracking":false,"_monsterinsights_sitenote_active":false,"_monsterinsights_sitenote_note":"","_monsterinsights_sitenote_category":0},"product_brand":[],"product_cat":[167],"product_tag":[42,165,166,151],"class_list":{"0":"post-2749","1":"product","2":"type-product","3":"status-publish","4":"has-post-thumbnail","6":"product_cat-domo-camaras-cctv-hd","7":"product_tag-camaras","8":"product_tag-camaras-cctv-hd","9":"product_tag-cctv","10":"product_tag-seguridad","12":"first","13":"instock","14":"sale","15":"taxable","16":"shipping-taxable","17":"purchasable","18":"product-type-simple"},"aioseo_notices":[],"_links":{"self":[{"href":"https:\/\/tecsecmty.com\/index.php\/wp-json\/wp\/v2\/product\/2749","targetHints":{"allow":["GET"]}}],"collection":[{"href":"https:\/\/tecsecmty.com\/index.php\/wp-json\/wp\/v2\/product"}],"about":[{"href":"https:\/\/tecsecmty.com\/index.php\/wp-json\/wp\/v2\/types\/product"}],"replies":[{"embeddable":true,"href":"https:\/\/tecsecmty.com\/index.php\/wp-json\/wp\/v2\/comments?post=2749"}],"version-history":[{"count":0,"href":"https:\/\/tecsecmty.com\/index.php\/wp-json\/wp\/v2\/product\/2749\/revisions"}],"wp:featuredmedia":[{"embeddable":true,"href":"https:\/\/tecsecmty.com\/index.php\/wp-json\/wp\/v2\/media\/2748"}],"wp:attachment":[{"href":"https:\/\/tecsecmty.com\/index.php\/wp-json\/wp\/v2\/media?parent=2749"}],"wp:term":[{"taxonomy":"product_brand","embeddable":true,"href":"https:\/\/tecsecmty.com\/index.php\/wp-json\/wp\/v2\/product_brand?post=2749"},{"taxonomy":"product_cat","embeddable":true,"href":"https:\/\/tecsecmty.com\/index.php\/wp-json\/wp\/v2\/product_cat?post=2749"},{"taxonomy":"product_tag","embeddable":true,"href":"https:\/\/tecsecmty.com\/index.php\/wp-json\/wp\/v2\/product_tag?post=2749"}],"curies":[{"name":"wp","href":"https:\/\/api.w.org\/{rel}","templated":true}]}}