{"id":2753,"date":"2023-02-22T21:49:43","date_gmt":"2023-02-23T03:49:43","guid":{"rendered":"https:\/\/tecsecmty.com\/index.php\/producto\/dahua-hdbw2501r-z-dp-camara-domo-de-5-megapixeles-lente-motorizado-de-2-7-a-13-5-starlight-0-005-lux-wdr-real-120-db-ir-de-30-mts-1-entrada-de-audio-ip67-ik10-12vcd-24vac-seriepro-mp\/"},"modified":"2023-03-22T23:22:44","modified_gmt":"2023-03-23T05:22:44","slug":"dahua-hdbw2501r-z-dp-camara-domo-de-5-megapixeles-lente-motorizado-de-2-7-a-13-5-starlight-0-005-lux-wdr-real-120-db-ir-de-30-mts-1-entrada-de-audio-ip67-ik10-12vcd-24vac-seriepro-mp","status":"publish","type":"product","link":"https:\/\/tecsecmty.com\/index.php\/producto\/dahua-hdbw2501r-z-dp-camara-domo-de-5-megapixeles-lente-motorizado-de-2-7-a-13-5-starlight-0-005-lux-wdr-real-120-db-ir-de-30-mts-1-entrada-de-audio-ip67-ik10-12vcd-24vac-seriepro-mp\/","title":{"rendered":"DAHUA HDBW2501R-Z-DP- Camara Domo de 5 Megapixeles \/ Lente Motorizado de 2.7 a 13.5\/ STARLIGHT 0.005 Lux\/ WDR Real 120 dB\/ IR de 30 Mts\/ 1 Entrada de Audio\/ IP67\/ IK10\/ 12VCD\/24VAC\/ #SeriePro #MP"},"content":{"rendered":"<div class=\"row aling-items-center padding-bottom-2x\">\n<div class=\"col-lg-12\">\n<h5 class=\"card-title text-center\">INFORMACION GENERAL<\/h5>\n<p class=\"ql-align-justify\">La c\u00e1mara modelo\u00a0<strong>HDBW2501RZDP\u00a0<\/strong>es una c\u00e1mara domo starlight\u00a0y cuenta con la tecnolog\u00eda\u00a0HDCVI proporcionando video en alta resoluci\u00f3n a 5MP,\u00a02592 (H) X 1944 (V)\u00a0e incorpora un lente motorizado de 2.7mm a 13.5mm. Cuenta con WDR real (120 dB) para\u00a0compensar y ajustar la luz en la imagen captada, potentes IR con alcance de hasta 30m de distancia.\u00a0Puede ser utilizada en ambientes exteriores debido a su \u00edndice de protecci\u00f3n\u00a0<strong>IP67<\/strong>, ademas de contar con un \u00edndice de protecci\u00f3n antivand\u00e1lico<strong>\u00a0(IK10)<\/strong>.<\/p>\n<p class=\"ql-align-justify\">\n<p><img decoding=\"async\" class=\"overview-center-img-\" src=\"https:\/\/tvc.mx\/media\/2139\/domo2.jpg\" alt=\"\" \/><\/div>\n<\/div>\n<div class=\"row aling-items-center padding-bottom-2x\">\n<div class=\"col-lg-12\">\n<h5 class=\"card-title text-center\">LENTE MOTORIZZADO<\/h5>\n<p class=\"ql-align-justify\">La c\u00e1mara cuenta con lente motorizado de 2.7mm a 13.5mm.<\/p>\n<p><img decoding=\"async\" class=\"overview-center-img-\" src=\"https:\/\/tvc.mx\/media\/2131\/lente.jpg\" alt=\"\" \/><\/div>\n<\/div>\n<div class=\"row aling-items-center padding-bottom-2x\">\n<div class=\"col-lg-12\">\n<h5 class=\"card-title text-center\">DISTANCIA DORI.<\/h5>\n<p>La distancia DORI es una proximidad general de la distancia que hace que sea f\u00e1cil elegir la c\u00e1mara adecuada para sus necesidades. La distancia DORI se calcula sobre la base de la especificaci\u00f3n del sensor y del resultado de la prueba de laboratorio seg\u00fan EN 62676-4, que define los criterios para Detectar, Observar, Reconocer e Identificar.<\/p>\n<p><img decoding=\"async\" class=\"overview-center-img-\" src=\"https:\/\/tvc.mx\/media\/2132\/dori.jpg\" alt=\"\" \/><\/div>\n<\/div>\n<div class=\"row aling-items-center padding-bottom-2x\">\n<div class=\"col-lg-12\">\n<h5 class=\"card-title text-center\">SMART IR.<\/h5>\n<p>La c\u00e1mara tambi\u00e9n cuenta con Smart IR, esto es que los LEDs IR al ser activados en condiciones de poca luz regulan su intensidad dependiendo de las distancias que se encuentre el objeto en frente, esto evitar\u00e1 imagenes blancas y podr\u00e1 detectar m\u00e1s clara la imagen, los LEDs IR nos permiten una distancia de hasta\u00a03<strong>0<\/strong>\u00a0mts.<\/p>\n<p><img decoding=\"async\" class=\"overview-center-img-\" src=\"https:\/\/tvc.mx\/media\/2133\/Smart-IR.jpg\" alt=\"\" \/><\/div>\n<\/div>\n<div class=\"row aling-items-center padding-bottom-2x\">\n<div class=\"col-lg-12\">\n<h5 class=\"card-title text-center\">WDR REAL 120dB.<\/h5>\n<p>La c\u00e1mara cuenta con\u00a0<strong>WDR Real 120DB<\/strong>, que permite procesar diferentes condiciones de iluminaci\u00f3n en una escena, es decir, controla las zonas con m\u00ednima y con m\u00e1xima iluminaci\u00f3n para obtener un equilibrio en nuestra imagen final.<\/p>\n<p><img decoding=\"async\" class=\"overview-center-img-\" src=\"https:\/\/tvc.mx\/media\/2135\/wdr.jpg\" alt=\"\" \/><\/div>\n<\/div>\n<div class=\"row aling-items-center padding-bottom-2x\">\n<div class=\"col-lg-12\">\n<h5 class=\"card-title text-center\">PRINCIPALES CARACTER\u00cdSTICAS.<\/h5>\n<ul>\n<li class=\"ql-align-justify\">P\u00edxeles Efectivos 2592 (H) X 1944 (V) , 5MP<\/li>\n<li>Sensor de Imagen 1\/2.8&#8243; CMOS.<\/li>\n<li>Lente motorizado 2.7mm a 13.5mm.<\/li>\n<li>\u00c1ngulo de visi\u00f3n H: 102\u00ba ~ 29\u00ba.<\/li>\n<li>1 entrada de audio.<\/li>\n<li>Distancia de IR 30m.<\/li>\n<li>Iluminaci\u00f3n m\u00edn. 0.005Lux\/F1.3, 30IRE, 0Lux IR encendido.<\/li>\n<li>D\u00eda y Noche Auto (ICR) \/ Manual.<\/li>\n<li>Men\u00fa OSD multilenguaje.<\/li>\n<li>Compensaci\u00f3n de contraluz BLC, HLC, WDR 120dB.<\/li>\n<li>Reducci\u00f3n de ruido 2D \/ 3D.<\/li>\n<li>IR inteligente Auto \/ Manual.<\/li>\n<li>Fuente de alimentaci\u00f3n 12V CD (no inclu\u00edda).<\/li>\n<li>Consumo de energ\u00eda m\u00e1x. 11.8W (12V DC, IR encendido).<\/li>\n<li>Condiciones de operaci\u00f3n -30\u00baC a +60\u00baC.<\/li>\n<li>Indice de protecci\u00f3n IP67.<\/li>\n<li>Resistencia al vandalismo IK10.<\/li>\n<li>Material Aluminio.<\/li>\n<li>Dimensiones \u03a6122mm \u00d7 88.9mm.<\/li>\n<li>Peso neto 0.48kg.<\/li>\n<\/ul>\n<\/div>\n<\/div>\n","protected":false},"excerpt":{"rendered":"<p>INFORMACION GENERAL La c\u00e1mara modelo\u00a0HDBW2501RZDP\u00a0es una c\u00e1mara domo starlight\u00a0y cuenta con la tecnolog\u00eda\u00a0HDCVI proporcionando video en alta resoluci\u00f3n a 5MP,\u00a02592 (H) X 1944 (V)\u00a0e incorpora un lente motorizado de 2.7mm a 13.5mm. Cuenta con WDR real (120 dB) para\u00a0compensar y ajustar la luz en la&hellip;<\/p>\n","protected":false},"featured_media":2752,"comment_status":"open","ping_status":"closed","template":"","meta":{"om_disable_all_campaigns":false,"_monsterinsights_skip_tracking":false,"_monsterinsights_sitenote_active":false,"_monsterinsights_sitenote_note":"","_monsterinsights_sitenote_category":0},"product_brand":[],"product_cat":[167],"product_tag":[42,165,166,151],"class_list":{"0":"post-2753","1":"product","2":"type-product","3":"status-publish","4":"has-post-thumbnail","6":"product_cat-domo-camaras-cctv-hd","7":"product_tag-camaras","8":"product_tag-camaras-cctv-hd","9":"product_tag-cctv","10":"product_tag-seguridad","12":"first","13":"instock","14":"sale","15":"taxable","16":"shipping-taxable","17":"purchasable","18":"product-type-simple"},"aioseo_notices":[],"_links":{"self":[{"href":"https:\/\/tecsecmty.com\/index.php\/wp-json\/wp\/v2\/product\/2753","targetHints":{"allow":["GET"]}}],"collection":[{"href":"https:\/\/tecsecmty.com\/index.php\/wp-json\/wp\/v2\/product"}],"about":[{"href":"https:\/\/tecsecmty.com\/index.php\/wp-json\/wp\/v2\/types\/product"}],"replies":[{"embeddable":true,"href":"https:\/\/tecsecmty.com\/index.php\/wp-json\/wp\/v2\/comments?post=2753"}],"version-history":[{"count":0,"href":"https:\/\/tecsecmty.com\/index.php\/wp-json\/wp\/v2\/product\/2753\/revisions"}],"wp:featuredmedia":[{"embeddable":true,"href":"https:\/\/tecsecmty.com\/index.php\/wp-json\/wp\/v2\/media\/2752"}],"wp:attachment":[{"href":"https:\/\/tecsecmty.com\/index.php\/wp-json\/wp\/v2\/media?parent=2753"}],"wp:term":[{"taxonomy":"product_brand","embeddable":true,"href":"https:\/\/tecsecmty.com\/index.php\/wp-json\/wp\/v2\/product_brand?post=2753"},{"taxonomy":"product_cat","embeddable":true,"href":"https:\/\/tecsecmty.com\/index.php\/wp-json\/wp\/v2\/product_cat?post=2753"},{"taxonomy":"product_tag","embeddable":true,"href":"https:\/\/tecsecmty.com\/index.php\/wp-json\/wp\/v2\/product_tag?post=2753"}],"curies":[{"name":"wp","href":"https:\/\/api.w.org\/{rel}","templated":true}]}}