{"id":2757,"date":"2023-02-22T21:49:48","date_gmt":"2023-02-23T03:49:48","guid":{"rendered":"https:\/\/tecsecmty.com\/index.php\/producto\/dahua-hdw1239t-a-led-camara-domo-full-color-de-2-megapixeles-1080p-lente-de-3-6-mm-microfono-integrado-metalica-leds-para-40-metros-ip67-starlight-fullcolor\/"},"modified":"2023-03-22T23:22:44","modified_gmt":"2023-03-23T05:22:44","slug":"dahua-hdw1239t-a-led-camara-domo-full-color-de-2-megapixeles-1080p-lente-de-3-6-mm-microfono-integrado-metalica-leds-para-40-metros-ip67-starlight-fullcolor","status":"publish","type":"product","link":"https:\/\/tecsecmty.com\/index.php\/producto\/dahua-hdw1239t-a-led-camara-domo-full-color-de-2-megapixeles-1080p-lente-de-3-6-mm-microfono-integrado-metalica-leds-para-40-metros-ip67-starlight-fullcolor\/","title":{"rendered":"DAHUA HDW1239T-A-LED &#8211; Camara Domo Full Color de 2 Megapixeles\/ 1080p\/ Lente de 3.6 mm\/ Microfono Integrado\/ Metalica\/ Leds para 40 Metros\/ IP67\/ Starlight\/ #FullColor"},"content":{"rendered":"<div class=\"row aling-items-center padding-bottom-2x\">\n<div class=\"col-lg-12\">\n<h5 class=\"card-title text-center\">Informaci\u00f3n General<\/h5>\n<p class=\"ql-align-justify\">La c\u00e1mara modelo\u00a0<strong>HDW1239T-A-LED\u00a0<\/strong>es una c\u00e1mara domo de\u00a0<strong>2MP\u00a0<\/strong>de resoluci\u00f3n<strong>,<\/strong>con la cual podemos apreciar una imagen con mayor nitidez, brillo y claridad . Este modelo\u00a0incorpora un lente\u00a0de\u00a03.6mm dando un angulo de visi\u00f3n de<strong>\u00a086.9\u00b0<\/strong>, tecnolog\u00eda\u00a0<strong>Full Color<\/strong>esta tecnolog\u00eda nos permite obtener un\u00a0rendimiento excepcional ideal para la visualizaci\u00f3n y reproducci\u00f3n\u00a0de im\u00e1genes bajo condiciones de poca iluminaci\u00f3n.<\/p>\n<p><img decoding=\"async\" class=\"overview-center-img-web\" src=\"https:\/\/tvc.mx\/media\/446407\/camara-domo-HDCVI-full-color-1080p-microfono-integrado---HDW1239T-A-LED-Dahua.png\" alt=\"\" \/><\/div>\n<\/div>\n<div class=\"row align-items-center padding-bottom-2x\">\n<div class=\"col-md-5 order-md-2\"><img decoding=\"async\" class=\"d-block m-auto img-thumbnail\" src=\"https:\/\/tvc.mx\/media\/446415\/full-color-dahua.png\" alt=\" \" \/><\/div>\n<div class=\"col-md-7 order-md-1 text-md-left text-center\">\n<h2>Full Color<\/h2>\n<p class=\"text-muted\">\n<p>Esta tecnolog\u00eda nos permite obtener un\u00a0rendimiento excepcional ideal para la visualizaci\u00f3n y reproducci\u00f3n\u00a0de im\u00e1genes bajo condiciones de poca iluminaci\u00f3n, tanto en condiciones de contraluz extremo como en la obscuridad.<\/p>\n<p>Las c\u00e1maras fullcolor permite una monitorizaci\u00f3n 24\/7, para recopilaci\u00f3n de datos crom\u00e1ticos.<\/p>\n<p>&nbsp;<\/p>\n<\/div>\n<\/div>\n<hr class=\"padding-bottom-2x\" \/>\n<div class=\"row align-items-center padding-bottom-2x\">\n<div class=\"col-md-5\"><img decoding=\"async\" class=\"d-block m-auto img-thumbnail\" src=\"https:\/\/tvc.mx\/media\/446419\/WDR-Dahua.png\" alt=\" \" \/><\/div>\n<div class=\"col-md-7 text-md-left text-center\">\n<h2>DWDR<\/h2>\n<p class=\"text-muted\">\n<p>Nuestra c\u00e1mara\u00a0cuenta con DWDR, esta funci\u00f3n\u00a0se encarga de medir, compensar y ajustar la luz en la imagen\u00a0captada para despu\u00e9s combinar los espacios de luces brillantes con los espacios de sombras que hay en una misma toma, creando\u00a0un equilibrio en la imagen final.<\/p>\n<p>&nbsp;<\/p>\n<\/div>\n<\/div>\n<hr class=\"padding-bottom-2x\" \/>\n<div class=\"row align-items-center padding-bottom-2x\">\n<div class=\"col-md-5 order-md-2\"><img decoding=\"async\" class=\"d-block m-auto img-thumbnail\" src=\"https:\/\/tvc.mx\/media\/446423\/Smart-IR-Dahua.png\" alt=\" \" \/><\/div>\n<div class=\"col-md-7 order-md-1 text-md-left text-center\">\n<h2>Smart IR<\/h2>\n<p class=\"text-muted\">\n<p>Con la iluminaci\u00f3n IR, las im\u00e1genes detalladas se pueden capturar con poca luz o oscuridad total. La tecnolog\u00eda Smart IR ajusta la intensidad de los LED infrarrojos para compensar la distancia de un objeto evitando\u00a0que los LEDs IR borren las im\u00e1genes a medida que se acercan a la c\u00e1mara. La iluminaci\u00f3n infrarroja integrada de la c\u00e1mara proporciona un alto rendimiento en entornos con poca luz extrema de hasta 40 mts.<\/p>\n<p>&nbsp;<\/p>\n<\/div>\n<\/div>\n<hr class=\"padding-bottom-2x\" \/>\n<div class=\"row align-items-center padding-bottom-2x\">\n<div class=\"col-md-5\"><img decoding=\"async\" class=\"d-block m-auto img-thumbnail\" src=\"https:\/\/tvc.mx\/media\/446427\/audio-hdcvi-Dahua.png\" alt=\" \" \/><\/div>\n<div class=\"col-md-7 text-md-left text-center\">\n<h2>AUDIO HDCVI<\/h2>\n<p class=\"text-muted\">\n<p>Cuenta con un\u00a0<strong>micr\u00f3fono integrado<\/strong>\u00a0de esta manera se puede transmitir la se\u00f1al de video y audio utilizando un solo cable (coaxial o UTP) hacia un\u00a0DVR DAHUA HDCVI, para poder ver y escuchar dichas se\u00f1ales desde nuestra PC por Software o Smart pone por la App.<\/p>\n<p>&nbsp;<\/p>\n<\/div>\n<\/div>\n<hr class=\"padding-bottom-2x\" \/>\n<div class=\"row align-items-center padding-bottom-2x\">\n<div class=\"col-md-5 order-md-2\"><img decoding=\"async\" class=\"d-block m-auto img-thumbnail\" src=\"https:\/\/tvc.mx\/media\/446431\/camara-domo-HDCVI-full-color-1080p-microfono-integrado--HDW1239T-A-LED-Dahua-caracteristicas.png\" alt=\" \" \/><\/div>\n<div class=\"col-md-7 order-md-1 text-md-left text-center\">\n<h2>Principales Caracteristicas<\/h2>\n<p class=\"text-muted\">\n<ul>\n<li>Posibilidad de apagar el iluminador LED<\/li>\n<li>WDR &#8211; 130 dB &#8211; Amplio rango din\u00e1mico de la iluminaci\u00f3n<\/li>\n<li>3D-DNR &#8211; Reducci\u00f3n digital de ruido en la imagen<\/li>\n<li>BLC\/HLC &#8211; compensaci\u00f3n de luz de fondo \/ luz alta<\/li>\n<li>Balance de blancos autom\u00e1tico<\/li>\n<li>Sharpness &#8211; Enfoque de los contornos de la imagen<\/li>\n<li>AGC &#8211; Ajuste autom\u00e1tico de la ganancia de la imagen<\/li>\n<li>Mirror &#8211; Imagen de espejo<\/li>\n<li>Zonas de privacidad &#8211; hasta 8<\/li>\n<\/ul>\n<p>&nbsp;<\/p>\n<\/div>\n<\/div>\n<hr class=\"padding-bottom-2x\" \/>\n<div class=\"row align-items-center padding-bottom-2x\">\n<div class=\"col-md-5\"><img decoding=\"async\" class=\"d-block m-auto img-thumbnail\" src=\"https:\/\/tvc.mx\/media\/446435\/camara-domo-HDCVI-full-color-1080p-microfono-integrado---HDW1239T-A-LED-Dahua-especificaciones.png\" alt=\" \" \/><\/div>\n<div class=\"col-md-7 text-md-left text-center\">\n<h2>Especificaciones<\/h2>\n<p class=\"text-muted\">\n<ul>\n<li>1\/2.8\u00a0\u00bb Progressive Scan CMOS<\/li>\n<li>2 megap\u00edxeles<\/li>\n<li>Lente fijo 3.6\u00a0mm<\/li>\n<li>\u00c1ngulo de visi\u00f3n:107\u00a0\u00b0<\/li>\n<li>Alcance del iluminador de luz blanca (LED):40\u00a0m<\/li>\n<li>Salida de v\u00eddeo:AHD\u00a0\/\u00a0HD-CVI\u00a0\/\u00a0HD-TVI\u00a0\/\u00a0CVBS, 1\u00a0Vpp\u00a0\/ 75\u00a0\u03a9<\/li>\n<li>Audio: Micr\u00f3fono integrado, Soporte para audio a trav\u00e9s del cable coaxial &#8211; s\u00f3lo HD-CVI<\/li>\n<li>Men\u00fa de pantalla OSD: Men\u00fa OSD disponible a trav\u00e9s de la grabadora DAHUA<\/li>\n<li>Grado de protecci\u00f3n:IP67<\/li>\n<li>Alimentaci\u00f3n:12\u00a0V\u00a0DC\u00a0\/ 350\u00a0mA<\/li>\n<li>Carcasa: Aluminio<\/li>\n<\/ul>\n<\/div>\n<\/div>\n","protected":false},"excerpt":{"rendered":"<p>Informaci\u00f3n General La c\u00e1mara modelo\u00a0HDW1239T-A-LED\u00a0es una c\u00e1mara domo de\u00a02MP\u00a0de resoluci\u00f3n,con la cual podemos apreciar una imagen con mayor nitidez, brillo y claridad . Este modelo\u00a0incorpora un lente\u00a0de\u00a03.6mm dando un angulo de visi\u00f3n de\u00a086.9\u00b0, tecnolog\u00eda\u00a0Full Coloresta tecnolog\u00eda nos permite obtener un\u00a0rendimiento excepcional ideal para la visualizaci\u00f3n&hellip;<\/p>\n","protected":false},"featured_media":2756,"comment_status":"open","ping_status":"closed","template":"","meta":{"om_disable_all_campaigns":false,"_monsterinsights_skip_tracking":false,"_monsterinsights_sitenote_active":false,"_monsterinsights_sitenote_note":"","_monsterinsights_sitenote_category":0},"product_brand":[],"product_cat":[167],"product_tag":[42,165,166,151],"class_list":{"0":"post-2757","1":"product","2":"type-product","3":"status-publish","4":"has-post-thumbnail","6":"product_cat-domo-camaras-cctv-hd","7":"product_tag-camaras","8":"product_tag-camaras-cctv-hd","9":"product_tag-cctv","10":"product_tag-seguridad","12":"first","13":"instock","14":"sale","15":"taxable","16":"shipping-taxable","17":"purchasable","18":"product-type-simple"},"aioseo_notices":[],"_links":{"self":[{"href":"https:\/\/tecsecmty.com\/index.php\/wp-json\/wp\/v2\/product\/2757","targetHints":{"allow":["GET"]}}],"collection":[{"href":"https:\/\/tecsecmty.com\/index.php\/wp-json\/wp\/v2\/product"}],"about":[{"href":"https:\/\/tecsecmty.com\/index.php\/wp-json\/wp\/v2\/types\/product"}],"replies":[{"embeddable":true,"href":"https:\/\/tecsecmty.com\/index.php\/wp-json\/wp\/v2\/comments?post=2757"}],"version-history":[{"count":0,"href":"https:\/\/tecsecmty.com\/index.php\/wp-json\/wp\/v2\/product\/2757\/revisions"}],"wp:featuredmedia":[{"embeddable":true,"href":"https:\/\/tecsecmty.com\/index.php\/wp-json\/wp\/v2\/media\/2756"}],"wp:attachment":[{"href":"https:\/\/tecsecmty.com\/index.php\/wp-json\/wp\/v2\/media?parent=2757"}],"wp:term":[{"taxonomy":"product_brand","embeddable":true,"href":"https:\/\/tecsecmty.com\/index.php\/wp-json\/wp\/v2\/product_brand?post=2757"},{"taxonomy":"product_cat","embeddable":true,"href":"https:\/\/tecsecmty.com\/index.php\/wp-json\/wp\/v2\/product_cat?post=2757"},{"taxonomy":"product_tag","embeddable":true,"href":"https:\/\/tecsecmty.com\/index.php\/wp-json\/wp\/v2\/product_tag?post=2757"}],"curies":[{"name":"wp","href":"https:\/\/api.w.org\/{rel}","templated":true}]}}