{"id":2761,"date":"2023-02-22T21:49:54","date_gmt":"2023-02-23T03:49:54","guid":{"rendered":"https:\/\/tecsecmty.com\/index.php\/producto\/dahua-hdw1509tlq-a-led-camara-domo-full-color-de-5-megapixeles-lente-de-3-6mm-grados-de-apertura-imagen-a-color-24-7-wdr-real-de-120db-leds-para-20-metros-ip67-instalacion-rapida\/"},"modified":"2023-03-22T23:22:45","modified_gmt":"2023-03-23T05:22:45","slug":"dahua-hdw1509tlq-a-led-camara-domo-full-color-de-5-megapixeles-lente-de-3-6mm-grados-de-apertura-imagen-a-color-24-7-wdr-real-de-120db-leds-para-20-metros-ip67-instalacion-rapida","status":"publish","type":"product","link":"https:\/\/tecsecmty.com\/index.php\/producto\/dahua-hdw1509tlq-a-led-camara-domo-full-color-de-5-megapixeles-lente-de-3-6mm-grados-de-apertura-imagen-a-color-24-7-wdr-real-de-120db-leds-para-20-metros-ip67-instalacion-rapida\/","title":{"rendered":"DAHUA HDW1509TLQ-A-LED &#8211; Camara Domo Full Color de 5 Megapixeles\/ Lente de 3.6mm\/ Grados de apertura\/ Imagen a Color 24\/7\/ WDR Real de 120dB\/ Leds para 20 Metros\/ IP67\/ Instalaci\u00f3n Rapida\/"},"content":{"rendered":"<div class=\"row aling-items-center padding-bottom-2x\">\n<div class=\"col-lg-12\">\n<h5 class=\"card-title text-center\">Informaci\u00f3n General<\/h5>\n<p>La Serie Lite es adecuada para usuarios que requieren productos de monitoreo de\u00a0alta calidad a un precio razonable. Es rentable y ofrece un alto rendimiento, lo que\u00a0lo convierte en una opci\u00f3n ideal para aplicaciones residenciales, peque\u00f1as y\u00a0medianas empresas. Esta serie ofrece una opci\u00f3n de una amplia gama de\u00a0tecnolog\u00edas como Full-color y Starlight, proporcionando varias soluciones para\u00a0diferentes escenarios.<\/p>\n<p><img decoding=\"async\" class=\"overview-center-img-web\" src=\"https:\/\/tvc.mx\/media\/446555\/Camara-domo-fullcolor-lente-3.6mm-WDR-IPC-HDW1509TLQ-A-LED-Dahua.png\" alt=\"\" \/><\/div>\n<\/div>\n<div class=\"row align-items-center padding-bottom-2x\">\n<div class=\"col-md-5\"><img decoding=\"async\" class=\"d-block m-auto img-thumbnail\" src=\"https:\/\/tvc.mx\/media\/274827\/super-adapt.png\" alt=\" \" \/><\/div>\n<div class=\"col-md-7 text-md-left text-center\">\n<h2>Super Adapt<\/h2>\n<p class=\"text-muted\">\n<p>Cuenta con un algoritmo inteligente, para cambiar el entorno externo, la\u00a0c\u00e1mara puede ajustar autom\u00e1ticamente los par\u00e1metros para presentar la\u00a0imagen \u00f3ptima y resuelve el problema de la configuraci\u00f3n.<\/p>\n<p>&nbsp;<\/p>\n<\/div>\n<\/div>\n<hr class=\"padding-bottom-2x\" \/>\n<div class=\"row align-items-center padding-bottom-2x\">\n<div class=\"col-md-5 order-md-2\"><img decoding=\"async\" class=\"d-block m-auto img-thumbnail\" src=\"https:\/\/tvc.mx\/media\/446559\/full-color-dahua.png\" alt=\" \" \/><\/div>\n<div class=\"col-md-7 order-md-1 text-md-left text-center\">\n<h2>Full Color<\/h2>\n<p class=\"text-muted\">\n<p>La c\u00e1mara Full color adopta una lente de gran apertura y un sensor de alto rendimiento. Con una mayor cantidad de luz absorbida y un algoritmo de procesamiento de im\u00e1genes avanzado, la c\u00e1mara proporciona monitoreo de color 24\/7 que recopila informaci\u00f3n clara y v\u00edvida, lo que aumenta significativamente la probabilidad de recopilar evidencia v\u00e1lida de humanos, veh\u00edculos y eventos que se puede usar para un an\u00e1lisis inteligente adicional.<\/p>\n<p>&nbsp;<\/p>\n<\/div>\n<\/div>\n<hr class=\"padding-bottom-2x\" \/>\n<div class=\"row align-items-center padding-bottom-2x\">\n<div class=\"col-md-5\"><img decoding=\"async\" class=\"d-block m-auto img-thumbnail\" src=\"https:\/\/tvc.mx\/media\/446563\/IP67-dahua.png\" alt=\" \" \/><\/div>\n<div class=\"col-md-7 text-md-left text-center\">\n<h2>Protecci\u00f3n (IP67, voltaje amplio)<\/h2>\n<p class=\"text-muted\">\n<p>IP67: la c\u00e1mara pasa una serie de estrictas pruebas de polvo y remojo. Tiene funci\u00f3n a prueba de\u00a0polvo, y el gabinete puede funcionar normalmente despu\u00e9s de remojarlo en agua de 1 m de\u00a0profundidad durante 30 minutos.<\/p>\n<p>Voltaje amplio: la c\u00e1mara permite una tolerancia de voltaje de entrada de \u00b1 30% (para\u00a0algunas fuentes de alimentaci\u00f3n) (rango de voltaje amplio), y se aplica ampliamente a\u00a0entornos exteriores con voltaje inestable.<\/p>\n<p>&nbsp;<\/p>\n<\/div>\n<\/div>\n<hr class=\"padding-bottom-2x\" \/>\n<div class=\"row align-items-center padding-bottom-2x\">\n<div class=\"col-md-5 order-md-2\"><img decoding=\"async\" class=\"d-block m-auto img-thumbnail\" src=\"https:\/\/tvc.mx\/media\/446567\/Camara-domo-fullcolor-lente-3.6mm-WDR-IPC-HDW1509TLQ-A-LED-Dahua-caracteristicas.png\" alt=\" \" \/><\/div>\n<div class=\"col-md-7 order-md-1 text-md-left text-center\">\n<h2>Principales caracter\u00edsticas<\/h2>\n<p class=\"text-muted\">\n<ul>\n<li>WDR verdadero de 120dB<\/li>\n<li>3D NR<\/li>\n<li>IR Inteligente<\/li>\n<li>Luces suplementarias c\u00e1lidas<\/li>\n<li>Super Adapt<\/li>\n<li>CVI \/ CVBS \/ AHD \/ TVI<\/li>\n<li>IP67<\/li>\n<\/ul>\n<p>&nbsp;<\/p>\n<\/div>\n<\/div>\n<hr class=\"padding-bottom-2x\" \/>\n<div class=\"row align-items-center padding-bottom-2x\">\n<div class=\"col-md-5\"><img decoding=\"async\" class=\"d-block m-auto img-thumbnail\" src=\"https:\/\/tvc.mx\/media\/446571\/Camara-domo-fullcolor-lente-3.6mm-WDR-IPC-HDW1509TLQ-A-LED-Dahua-especificaciones.png\" alt=\" \" \/><\/div>\n<div class=\"col-md-7 text-md-left text-center\">\n<h2>Especificaciones<\/h2>\n<p class=\"text-muted\">\n<ul>\n<li>CMOS de 5 MP<\/li>\n<li>Distancia de iluminaci\u00f3n 20 m<\/li>\n<li>Lente fijo 3.6mm<\/li>\n<li>BLC \/ HLC \/ WDR real 120dB \/ HLC-Pro<\/li>\n<li>Reducci\u00f3n de ruido 3D NR<\/li>\n<li>Opciones de salida de video de CVI \/ TVI \/ AHD \/ CVBS por un puerto BNC<\/li>\n<li>Micr\u00f3fono integrado de un canal (-A)<\/li>\n<li>Fuente de alimentaci\u00f3n 12 V<\/li>\n<li>Grado de protecci\u00f3n IP67<\/li>\n<li>N\u00facleo interior de metal + cubierta de pl\u00e1stico + pedestal de pl\u00e1stico<\/li>\n<\/ul>\n<\/div>\n<\/div>\n","protected":false},"excerpt":{"rendered":"<p>Informaci\u00f3n General La Serie Lite es adecuada para usuarios que requieren productos de monitoreo de\u00a0alta calidad a un precio razonable. Es rentable y ofrece un alto rendimiento, lo que\u00a0lo convierte en una opci\u00f3n ideal para aplicaciones residenciales, peque\u00f1as y\u00a0medianas empresas. Esta serie ofrece una opci\u00f3n&hellip;<\/p>\n","protected":false},"featured_media":2760,"comment_status":"open","ping_status":"closed","template":"","meta":{"om_disable_all_campaigns":false,"_monsterinsights_skip_tracking":false,"_monsterinsights_sitenote_active":false,"_monsterinsights_sitenote_note":"","_monsterinsights_sitenote_category":0},"product_brand":[],"product_cat":[167],"product_tag":[42,165,166,151],"class_list":{"0":"post-2761","1":"product","2":"type-product","3":"status-publish","4":"has-post-thumbnail","6":"product_cat-domo-camaras-cctv-hd","7":"product_tag-camaras","8":"product_tag-camaras-cctv-hd","9":"product_tag-cctv","10":"product_tag-seguridad","12":"first","13":"instock","14":"sale","15":"taxable","16":"shipping-taxable","17":"purchasable","18":"product-type-simple"},"aioseo_notices":[],"_links":{"self":[{"href":"https:\/\/tecsecmty.com\/index.php\/wp-json\/wp\/v2\/product\/2761","targetHints":{"allow":["GET"]}}],"collection":[{"href":"https:\/\/tecsecmty.com\/index.php\/wp-json\/wp\/v2\/product"}],"about":[{"href":"https:\/\/tecsecmty.com\/index.php\/wp-json\/wp\/v2\/types\/product"}],"replies":[{"embeddable":true,"href":"https:\/\/tecsecmty.com\/index.php\/wp-json\/wp\/v2\/comments?post=2761"}],"version-history":[{"count":0,"href":"https:\/\/tecsecmty.com\/index.php\/wp-json\/wp\/v2\/product\/2761\/revisions"}],"wp:featuredmedia":[{"embeddable":true,"href":"https:\/\/tecsecmty.com\/index.php\/wp-json\/wp\/v2\/media\/2760"}],"wp:attachment":[{"href":"https:\/\/tecsecmty.com\/index.php\/wp-json\/wp\/v2\/media?parent=2761"}],"wp:term":[{"taxonomy":"product_brand","embeddable":true,"href":"https:\/\/tecsecmty.com\/index.php\/wp-json\/wp\/v2\/product_brand?post=2761"},{"taxonomy":"product_cat","embeddable":true,"href":"https:\/\/tecsecmty.com\/index.php\/wp-json\/wp\/v2\/product_cat?post=2761"},{"taxonomy":"product_tag","embeddable":true,"href":"https:\/\/tecsecmty.com\/index.php\/wp-json\/wp\/v2\/product_tag?post=2761"}],"curies":[{"name":"wp","href":"https:\/\/api.w.org\/{rel}","templated":true}]}}