{"id":2763,"date":"2023-02-22T21:49:56","date_gmt":"2023-02-23T03:49:56","guid":{"rendered":"https:\/\/tecsecmty.com\/index.php\/producto\/dahua-hdw1801m-camara-domo-4k-8-megapixeles-lente-de-2-8-mm-105-grados-de-apertura-ir-de-30-mts-metalica-wdr-real-de-120-db-soporta-hdcvi-tvi-ahd-y-cbvs-ip67\/"},"modified":"2023-03-22T23:22:45","modified_gmt":"2023-03-23T05:22:45","slug":"dahua-hdw1801m-camara-domo-4k-8-megapixeles-lente-de-2-8-mm-105-grados-de-apertura-ir-de-30-mts-metalica-wdr-real-de-120-db-soporta-hdcvi-tvi-ahd-y-cbvs-ip67","status":"publish","type":"product","link":"https:\/\/tecsecmty.com\/index.php\/producto\/dahua-hdw1801m-camara-domo-4k-8-megapixeles-lente-de-2-8-mm-105-grados-de-apertura-ir-de-30-mts-metalica-wdr-real-de-120-db-soporta-hdcvi-tvi-ahd-y-cbvs-ip67\/","title":{"rendered":"DAHUA HDW1801M &#8211; Camara Domo 4K\/ 8 Megapixeles\/ Lente de 2.8 mm\/ 105 Grados de Apertura\/ IR de 30 Mts\/ Metalica\/ WDR Real de 120 dB\/ Soporta: HDCVI, TVI, AHD Y CBVS \/ IP67\/"},"content":{"rendered":"<div class=\"row aling-items-center padding-bottom-2x\">\n<div class=\"col-lg-12\">\n<h5 class=\"card-title text-center\">Informaci\u00f3n General<\/h5>\n<p>Experimente la videovigilancia 4K con la simplicidad de reutilizar la infraestructura coaxial existente. La c\u00e1mara 4K HDCVI adopta un potente ISP de Dahua y un sensor CMOS avanzado de 1\/2,7&#8243;, que proporciona im\u00e1genes de alta calidad superior. Adem\u00e1s, la c\u00e1mara cuenta con audio de calidad de transmisi\u00f3n para proporcionar una mejor recopilaci\u00f3n de pruebas complementarias.<\/p>\n<p><img decoding=\"async\" class=\"overview-center-img-web\" src=\"https:\/\/tvc.mx\/media\/446915\/camara-domo-4k-8-megapixeles-lente-2.8mm-wdr-HAC-HDW1801MN-dahua.png\" alt=\"\" \/><\/div>\n<\/div>\n<div class=\"row align-items-center padding-bottom-2x\">\n<div class=\"col-md-5\"><img decoding=\"async\" class=\"d-block m-auto img-thumbnail\" src=\"https:\/\/tvc.mx\/media\/446919\/resolucion-4K-dahua.png\" alt=\" \" \/><\/div>\n<div class=\"col-md-7 text-md-left text-center\">\n<h2>Tecnolog\u00eda 4K<\/h2>\n<p class=\"text-muted\">\n<p>La tecnolog\u00eda\u00a04K\u00a0es un avance revolucionario en CCTV,mejora la imagen expresiva de la esencia, permitiendo a los usuarios experimentar la mejor calidad de imagen producida por la fiesta visual. A los efectos de la vigilancia 4K con cuatro veces la resoluci\u00f3n de 1080P, presentado al usuario con m\u00e1s detalles. En el mismo escenario al subir los p\u00edxeles, reduzca el costo de la c\u00e1mara.<\/p>\n<p>&nbsp;<\/p>\n<\/div>\n<\/div>\n<hr class=\"padding-bottom-2x\" \/>\n<div class=\"row align-items-center padding-bottom-2x\">\n<div class=\"col-md-5 order-md-2\"><img decoding=\"async\" class=\"d-block m-auto img-thumbnail\" src=\"https:\/\/tvc.mx\/media\/446923\/Multiformatos-dahua.png\" alt=\" \" \/><\/div>\n<div class=\"col-md-7 order-md-1 text-md-left text-center\">\n<h2>Multiformato<\/h2>\n<p class=\"text-muted\">\n<p>La c\u00e1mara admite m\u00faltiples formatos de video, incluidos HDCVI, CVBS y otros dos formatos anal\u00f3gicos HD comunes en el mercado. Esta funci\u00f3n hace que la c\u00e1mara sea compatible no solo con XVR, sino tambi\u00e9n con la mayor\u00eda de los DVR HD\/SD existentes.<\/p>\n<p>&nbsp;<\/p>\n<\/div>\n<\/div>\n<hr class=\"padding-bottom-2x\" \/>\n<div class=\"row align-items-center padding-bottom-2x\">\n<div class=\"col-md-5\"><img decoding=\"async\" class=\"d-block m-auto img-thumbnail\" src=\"https:\/\/tvc.mx\/media\/446927\/Smart-IR-Dahua.png\" alt=\" \" \/><\/div>\n<div class=\"col-md-7 text-md-left text-center\">\n<h2>Smart IR<\/h2>\n<p class=\"text-muted\">\n<p>Con la iluminaci\u00f3n IR, las im\u00e1genes detalladas se pueden capturar con poca luz o oscuridad total. La tecnolog\u00eda Smart IR ajusta la intensidad de los LED infrarrojos para compensar la distancia de un objeto evitando\u00a0que los LEDs IR borren las im\u00e1genes a medida que se acercan a la c\u00e1mara. La iluminaci\u00f3n infrarroja integrada de la c\u00e1mara proporciona un alto rendimiento en entornos con poca luz extrema de hasta\u00a030 mts.<\/p>\n<p>&nbsp;<\/p>\n<\/div>\n<\/div>\n<hr class=\"padding-bottom-2x\" \/>\n<div class=\"row align-items-center padding-bottom-2x\">\n<div class=\"col-md-5 order-md-2\"><img decoding=\"async\" class=\"d-block m-auto img-thumbnail\" src=\"https:\/\/tvc.mx\/media\/446931\/3DNR-dahua.png\" alt=\" \" \/><\/div>\n<div class=\"col-md-7 order-md-1 text-md-left text-center\">\n<h2>3DNR avanzado<\/h2>\n<p class=\"text-muted\">\n<p>3DNR es una tecnolog\u00eda de reducci\u00f3n de ruido que detecta y elimina ruidos aleatorios comparando dos fotogramas secuenciales. La avanzada tecnolog\u00eda 3DNR de Dahua permite una notable reducci\u00f3n del ruido con poco impacto en la nitidez, especialmente en condiciones de iluminaci\u00f3n limitada. Adem\u00e1s, el 3DNR avanzado reduce efectivamente el ancho de banda y ahorra espacio de almacenamiento.<\/p>\n<p>&nbsp;<\/p>\n<\/div>\n<\/div>\n<hr class=\"padding-bottom-2x\" \/>\n<div class=\"row align-items-center padding-bottom-2x\">\n<div class=\"col-md-5\"><img decoding=\"async\" class=\"d-block m-auto img-thumbnail\" src=\"https:\/\/tvc.mx\/media\/446935\/camara-domo-4k-8-megapixeles-lente-2.8mm-wdr-HAC-HDW1801M-dahua-caracteristicas.png\" alt=\" \" \/><\/div>\n<div class=\"col-md-7 text-md-left text-center\">\n<h2>Principales Caracter\u00edsticas<\/h2>\n<p class=\"text-muted\">\n<ul>\n<li class=\"ql-align-justify\">D\u00eda \/ Noche Auto (ICR) \/ Color \/ B \/ W.<\/li>\n<li class=\"ql-align-justify\">Compensaci\u00f3n de contraluz BLC \/ HLC \/ WDR<\/li>\n<li class=\"ql-align-justify\">IR Inteligente<\/li>\n<li class=\"ql-align-justify\">Reducci\u00f3n de ruido<\/li>\n<li class=\"ql-align-justify\">\u00cdndice de protecci\u00f3n IP67.<\/li>\n<\/ul>\n<p>&nbsp;<\/p>\n<\/div>\n<\/div>\n<hr class=\"padding-bottom-2x\" \/>\n<div class=\"row align-items-center padding-bottom-2x\">\n<div class=\"col-md-5 order-md-2\"><img decoding=\"async\" class=\"d-block m-auto img-thumbnail\" src=\"https:\/\/tvc.mx\/media\/446939\/camara-domo-4k-8-megapixeles-lente-2.8mm-wdr-HAC-HDW1801M-dahua-especificaciones.png\" alt=\" \" \/><\/div>\n<div class=\"col-md-7 order-md-1 text-md-left text-center\">\n<h2>Especificaciones<\/h2>\n<p class=\"text-muted\">\n<ul>\n<li>CMOS de 1\/2,7 pulgadas<\/li>\n<li>Distancia IR de hasta 30 m<\/li>\n<li>LED IR 12<\/li>\n<li>Lente fijo 2.8mm<\/li>\n<li>D\u00eda\/Noche Cambio autom\u00e1tico por ICR<\/li>\n<li>CLB\/BLC\/HLC\/WDR real 120dB<\/li>\n<li>Reducci\u00f3n de ruido 2D y 3D NR<\/li>\n<li>Zoom digital 4x<\/li>\n<li>Opciones de salida de video de CVI\/TVI\/AHD\/CVBS por un Velocidad de obturaci\u00f3n electr\u00f3nica puerto BNC<\/li>\n<li>Fuente de alimentaci\u00f3n 12V<\/li>\n<li>Grado de protecci\u00f3n IP67<\/li>\n<li>Metal en toda la carcasa<\/li>\n<\/ul>\n<\/div>\n<\/div>\n","protected":false},"excerpt":{"rendered":"<p>Informaci\u00f3n General Experimente la videovigilancia 4K con la simplicidad de reutilizar la infraestructura coaxial existente. La c\u00e1mara 4K HDCVI adopta un potente ISP de Dahua y un sensor CMOS avanzado de 1\/2,7&#8243;, que proporciona im\u00e1genes de alta calidad superior. Adem\u00e1s, la c\u00e1mara cuenta con audio&hellip;<\/p>\n","protected":false},"featured_media":2762,"comment_status":"open","ping_status":"closed","template":"","meta":{"om_disable_all_campaigns":false,"_monsterinsights_skip_tracking":false,"_monsterinsights_sitenote_active":false,"_monsterinsights_sitenote_note":"","_monsterinsights_sitenote_category":0},"product_brand":[],"product_cat":[167],"product_tag":[42,165,166,151],"class_list":{"0":"post-2763","1":"product","2":"type-product","3":"status-publish","4":"has-post-thumbnail","6":"product_cat-domo-camaras-cctv-hd","7":"product_tag-camaras","8":"product_tag-camaras-cctv-hd","9":"product_tag-cctv","10":"product_tag-seguridad","12":"first","13":"instock","14":"sale","15":"taxable","16":"shipping-taxable","17":"purchasable","18":"product-type-simple"},"aioseo_notices":[],"_links":{"self":[{"href":"https:\/\/tecsecmty.com\/index.php\/wp-json\/wp\/v2\/product\/2763","targetHints":{"allow":["GET"]}}],"collection":[{"href":"https:\/\/tecsecmty.com\/index.php\/wp-json\/wp\/v2\/product"}],"about":[{"href":"https:\/\/tecsecmty.com\/index.php\/wp-json\/wp\/v2\/types\/product"}],"replies":[{"embeddable":true,"href":"https:\/\/tecsecmty.com\/index.php\/wp-json\/wp\/v2\/comments?post=2763"}],"version-history":[{"count":0,"href":"https:\/\/tecsecmty.com\/index.php\/wp-json\/wp\/v2\/product\/2763\/revisions"}],"wp:featuredmedia":[{"embeddable":true,"href":"https:\/\/tecsecmty.com\/index.php\/wp-json\/wp\/v2\/media\/2762"}],"wp:attachment":[{"href":"https:\/\/tecsecmty.com\/index.php\/wp-json\/wp\/v2\/media?parent=2763"}],"wp:term":[{"taxonomy":"product_brand","embeddable":true,"href":"https:\/\/tecsecmty.com\/index.php\/wp-json\/wp\/v2\/product_brand?post=2763"},{"taxonomy":"product_cat","embeddable":true,"href":"https:\/\/tecsecmty.com\/index.php\/wp-json\/wp\/v2\/product_cat?post=2763"},{"taxonomy":"product_tag","embeddable":true,"href":"https:\/\/tecsecmty.com\/index.php\/wp-json\/wp\/v2\/product_tag?post=2763"}],"curies":[{"name":"wp","href":"https:\/\/api.w.org\/{rel}","templated":true}]}}