{"id":2765,"date":"2023-02-22T21:50:01","date_gmt":"2023-02-23T03:50:01","guid":{"rendered":"https:\/\/tecsecmty.com\/index.php\/producto\/dahua-hdw2601t-a-028-camara-domo-de-6-megapixeles-wdr-real-lente-2-8-mm-ir-50-mts-microfono-integrado-1-canal-de-audio-metalica-ip67-3dnr-seriepro\/"},"modified":"2023-03-22T23:22:45","modified_gmt":"2023-03-23T05:22:45","slug":"dahua-hdw2601t-a-028-camara-domo-de-6-megapixeles-wdr-real-lente-2-8-mm-ir-50-mts-microfono-integrado-1-canal-de-audio-metalica-ip67-3dnr-seriepro","status":"publish","type":"product","link":"https:\/\/tecsecmty.com\/index.php\/producto\/dahua-hdw2601t-a-028-camara-domo-de-6-megapixeles-wdr-real-lente-2-8-mm-ir-50-mts-microfono-integrado-1-canal-de-audio-metalica-ip67-3dnr-seriepro\/","title":{"rendered":"DAHUA HDW2601T-A-028 &#8211; C\u00e1mara Domo de 6 Megapixeles\/ WDR Real\/ Lente 2.8 mm\/ IR 50 Mts\/ Microfono Integrado + 1 Canal de Audio \/ Met\u00e1lica\/ IP67\/ 3DNR\/ #SeriePro"},"content":{"rendered":"<div class=\"row aling-items-center padding-bottom-2x\">\n<div class=\"col-lg-12\">\n<h5 class=\"card-title text-center\">Informaci\u00f3n General<\/h5>\n<p>El modelo\u00a0<strong>HDW2601TA28<\/strong>\u00a0es una c\u00e1mara\u00a0<strong>HDCVI\u00a0<\/strong>de<strong>\u00a06MP\u00a0(3096\u00d72202)<\/strong>\u00a0con la cual podemos apreciar una imagen con mayor nitidez, brillo y claridad que cualquier otra c\u00e1mara de videovigilancia. Cuenta con lente fijo de\u00a0<strong>2.8mm<\/strong>, potentes\u00a0<strong>IR<\/strong>\u00a0con alcance de hasta\u00a0<strong>50mts<\/strong>\u00a0para la visi\u00f3n nocturna y tambi\u00e9n dispone de la tecnolog\u00eda\u00a0<strong>WDR Real\u00a0<\/strong>de\u00a0<strong>120dB<\/strong>\u00a0que ofrece im\u00e1genes m\u00e1s v\u00edvidas incluso en las condiciones de contraste de luz intensa y adem\u00e1s cuenta con \u00edndice de protecci\u00f3n\u00a0<strong>IP67\u00a0<\/strong>por lo que goza protecci\u00f3n contra polvo y agua. Soporta entrada de voltaje dual de 12V\u00a0DC\u00b130%.<\/p>\n<p><img decoding=\"async\" class=\"overview-center-img-web\" src=\"https:\/\/tvc.mx\/media\/50604\/PPAL-CAM.png\" alt=\"\" \/><\/div>\n<\/div>\n<div class=\"row aling-items-center padding-bottom-2x\">\n<div class=\"col-lg-12\">\n<h5 class=\"card-title text-center\">Resoluci\u00f3n de 6 MP<\/h5>\n<p>La c\u00e1mara permite capturar im\u00e1genes n\u00edtidas y muy claras gracias a su capacidad para procesar im\u00e1genes de hasta 6MP.<\/p>\n<p><img decoding=\"async\" class=\"overview-center-img-web\" src=\"https:\/\/tvc.mx\/media\/50610\/resol6mpal.png\" alt=\"\" \/><\/div>\n<\/div>\n<div class=\"row aling-items-center padding-bottom-2x\">\n<div class=\"col-lg-12\">\n<h5 class=\"card-title text-center\">Micr\u00f3fono Incorporado<\/h5>\n<p>Nuestra c\u00e1mara\u00a0<strong>HDW2601TA28<\/strong>\u00a0cuenta con un\u00a0micr\u00f3fono integrado, de esta manera se puede transmitir la se\u00f1al de video y audio utilizando un solo cable ( Coaxial o UTP ) hacia un DVR HDCVI DAHUA.<\/p>\n<p><img decoding=\"async\" class=\"overview-center-img-web\" src=\"https:\/\/tvc.mx\/media\/50613\/audiobidi.png\" alt=\"\" \/><\/div>\n<\/div>\n<div class=\"row aling-items-center padding-bottom-2x\">\n<div class=\"col-lg-12\">\n<h5 class=\"card-title text-center\">WDR 120 dB<\/h5>\n<p>Nuestra c\u00e1mara\u00a0cuenta con\u00a0<strong>WDR Real 120dB<\/strong>, esta funci\u00f3n\u00a0se encarga de medir, compensar y ajustar la luz en la imagen\u00a0captada para despu\u00e9s combinar los espacios de luces brillantes con los espacios de sombras que hay en una misma toma, creando\u00a0un equilibrio en la imagen fina<\/p>\n<p><img decoding=\"async\" class=\"overview-center-img-web\" src=\"https:\/\/tvc.mx\/media\/50616\/WDR3.png\" alt=\"\" \/><\/div>\n<\/div>\n<div class=\"row aling-items-center padding-bottom-2x\">\n<div class=\"col-lg-12\">\n<h5 class=\"card-title text-center\">IR Inteligente<\/h5>\n<p>La c\u00e1mara\u00a0<strong>HDW2601TA28<\/strong>\u00a0tambi\u00e9n cuenta con la funci\u00f3n\u00a0<strong>Smart IR<\/strong>, esto es que los LEDs IR al ser activados en condiciones de poca luz regulan su intensidad, dependiendo de las distancias que se encuentre el objeto en frente, esto evitar\u00e1 imagenes blancas y podr\u00e1 detectar m\u00e1s clara la imagen, los LEDs IR nos permiten una distancia de hasta\u00a0<strong>50<\/strong>\u00a0mts.<\/p>\n<p><img decoding=\"async\" class=\"overview-center-img-web\" src=\"https:\/\/tvc.mx\/media\/50622\/Smart-IR.png\" alt=\"\" \/><\/div>\n<\/div>\n<div class=\"row aling-items-center padding-bottom-2x\">\n<div class=\"col-lg-12\">\n<h5 class=\"card-title text-center\">3DNR avanzado<\/h5>\n<p><strong>3DNR<\/strong>\u00a0es una tecnolog\u00eda de reducci\u00f3n de ruido que detecta y elimina ruidos aleatorios al comparar dos cuadros secuenciales. La avanzada tecnolog\u00eda\u00a0<strong>3DNR<\/strong>\u00a0en nuestra c\u00e1mara permite una notable reducci\u00f3n de ruido con poco impacto en la nitidez, especialmente en condiciones de iluminaci\u00f3n limitada. Adem\u00e1s, esta avanzada funci\u00f3n disminuye efectivamente el ancho de banda y ahorra espacio de almacenamiento en el grabador.<\/p>\n<p><img decoding=\"async\" class=\"overview-center-img-web\" src=\"https:\/\/tvc.mx\/media\/50625\/3dnr-pal.png\" alt=\"\" \/><\/div>\n<\/div>\n<div class=\"row aling-items-center padding-bottom-2x\">\n<div class=\"col-lg-12\">\n<h5 class=\"card-title text-center\">Principales Caracter\u00edsticas<\/h5>\n<ul>\n<li class=\"ql-align-justify\">C\u00e1mara Domo HDCVI.<\/li>\n<li class=\"ql-align-justify\">Resoluci\u00f3n 6MP (3096\u00d72202).<\/li>\n<li class=\"ql-align-justify\">Lente 2.8mm.<\/li>\n<li class=\"ql-align-justify\">\u00c1ngulo de visi\u00f3n\u00a089\u00b0.<\/li>\n<li class=\"ql-align-justify\"><strong>C\u00e1mara con micr\u00f3fono integrado (Audio HDCVI).<\/strong><\/li>\n<li class=\"ql-align-justify\">Distancia de IR hasta 50mts.<\/li>\n<li class=\"ql-align-justify\">Men\u00fa OSD Multilenguaje.<\/li>\n<li class=\"ql-align-justify\">Compensaci\u00f3n de contraluz BLC, HLC, WDR 120dB.<\/li>\n<li class=\"ql-align-justify\">Reducci\u00f3n de ruido 2D \/ 3D.<\/li>\n<li class=\"ql-align-justify\">Smart IR Autom\u00e1tico \/ Manual.<\/li>\n<li class=\"ql-align-justify\">Fuente de alimentaci\u00f3n 12V CD \u00b1 30%.<\/li>\n<li class=\"ql-align-justify\">Consumo de energ\u00eda m\u00e1x. 7.5W.<\/li>\n<li class=\"ql-align-justify\">Condiciones de operaci\u00f3n -30\u00baC a 60\u00baC.<\/li>\n<li class=\"ql-align-justify\">Indice de protecci\u00f3n IP67.<\/li>\n<li class=\"ql-align-justify\">Material aluminio.<\/li>\n<li class=\"ql-align-justify\">Dimensiones\u00a0106mm\u00d799.2mm.<\/li>\n<li class=\"ql-align-justify\">Peso neto 0.49kg.<\/li>\n<\/ul>\n<p class=\"ql-align-justify\">\n<p><img decoding=\"async\" class=\"overview-center-img-web\" src=\"https:\/\/tvc.mx\/media\/50628\/principalcaracimg-pal.png\" alt=\"\" \/><\/div>\n<\/div>\n","protected":false},"excerpt":{"rendered":"<p>Informaci\u00f3n General El modelo\u00a0HDW2601TA28\u00a0es una c\u00e1mara\u00a0HDCVI\u00a0de\u00a06MP\u00a0(3096\u00d72202)\u00a0con la cual podemos apreciar una imagen con mayor nitidez, brillo y claridad que cualquier otra c\u00e1mara de videovigilancia. Cuenta con lente fijo de\u00a02.8mm, potentes\u00a0IR\u00a0con alcance de hasta\u00a050mts\u00a0para la visi\u00f3n nocturna y tambi\u00e9n dispone de la tecnolog\u00eda\u00a0WDR Real\u00a0de\u00a0120dB\u00a0que ofrece im\u00e1genes&hellip;<\/p>\n","protected":false},"featured_media":2764,"comment_status":"open","ping_status":"closed","template":"","meta":{"om_disable_all_campaigns":false,"_monsterinsights_skip_tracking":false,"_monsterinsights_sitenote_active":false,"_monsterinsights_sitenote_note":"","_monsterinsights_sitenote_category":0},"product_brand":[],"product_cat":[167],"product_tag":[42,165,166,151],"class_list":{"0":"post-2765","1":"product","2":"type-product","3":"status-publish","4":"has-post-thumbnail","6":"product_cat-domo-camaras-cctv-hd","7":"product_tag-camaras","8":"product_tag-camaras-cctv-hd","9":"product_tag-cctv","10":"product_tag-seguridad","12":"first","13":"instock","14":"sale","15":"taxable","16":"shipping-taxable","17":"purchasable","18":"product-type-simple"},"aioseo_notices":[],"_links":{"self":[{"href":"https:\/\/tecsecmty.com\/index.php\/wp-json\/wp\/v2\/product\/2765","targetHints":{"allow":["GET"]}}],"collection":[{"href":"https:\/\/tecsecmty.com\/index.php\/wp-json\/wp\/v2\/product"}],"about":[{"href":"https:\/\/tecsecmty.com\/index.php\/wp-json\/wp\/v2\/types\/product"}],"replies":[{"embeddable":true,"href":"https:\/\/tecsecmty.com\/index.php\/wp-json\/wp\/v2\/comments?post=2765"}],"version-history":[{"count":0,"href":"https:\/\/tecsecmty.com\/index.php\/wp-json\/wp\/v2\/product\/2765\/revisions"}],"wp:featuredmedia":[{"embeddable":true,"href":"https:\/\/tecsecmty.com\/index.php\/wp-json\/wp\/v2\/media\/2764"}],"wp:attachment":[{"href":"https:\/\/tecsecmty.com\/index.php\/wp-json\/wp\/v2\/media?parent=2765"}],"wp:term":[{"taxonomy":"product_brand","embeddable":true,"href":"https:\/\/tecsecmty.com\/index.php\/wp-json\/wp\/v2\/product_brand?post=2765"},{"taxonomy":"product_cat","embeddable":true,"href":"https:\/\/tecsecmty.com\/index.php\/wp-json\/wp\/v2\/product_cat?post=2765"},{"taxonomy":"product_tag","embeddable":true,"href":"https:\/\/tecsecmty.com\/index.php\/wp-json\/wp\/v2\/product_tag?post=2765"}],"curies":[{"name":"wp","href":"https:\/\/api.w.org\/{rel}","templated":true}]}}