{"id":2769,"date":"2023-02-22T21:50:08","date_gmt":"2023-02-23T03:50:08","guid":{"rendered":"https:\/\/tecsecmty.com\/index.php\/producto\/dahua-hdw2802t-z-a-camara-domo-eyeball-4k-starlight-8-megapixeles-lente-motorizado-3-7-mm-11-mm-ir-60-de-mts-wdr-real-de-120db-microfono-integrado-1-canal-de-audio-ip67-seriepro\/"},"modified":"2023-03-22T23:22:45","modified_gmt":"2023-03-23T05:22:45","slug":"dahua-hdw2802t-z-a-camara-domo-eyeball-4k-starlight-8-megapixeles-lente-motorizado-3-7-mm-11-mm-ir-60-de-mts-wdr-real-de-120db-microfono-integrado-1-canal-de-audio-ip67-seriepro","status":"publish","type":"product","link":"https:\/\/tecsecmty.com\/index.php\/producto\/dahua-hdw2802t-z-a-camara-domo-eyeball-4k-starlight-8-megapixeles-lente-motorizado-3-7-mm-11-mm-ir-60-de-mts-wdr-real-de-120db-microfono-integrado-1-canal-de-audio-ip67-seriepro\/","title":{"rendered":"DAHUA HDW2802T-Z-A &#8211; Camara Domo Eyeball 4K Starlight\/ 8 Megapixeles\/ Lente Motorizado 3.7 mm -11 mm\/ IR 60 de Mts\/ WDR Real de 120dB\/ Microfono Integrado + 1 Canal de Audio\/ IP67\/ #SeriePro"},"content":{"rendered":"<div class=\"row aling-items-center padding-bottom-2x\">\n<div class=\"col-lg-12\">\n<p class=\"ql-align-justify\">La c\u00e1mara modelo\u00a0<strong>HDW2802TZA\u00a0<\/strong>es una c\u00e1mara\u00a0<strong>HDCVI 8MP<\/strong>\u00a0<strong>(4K),\u00a0<\/strong>con la cual podemos apreciar una imagen con mayor nitidez, brillo y claridad que cualquier otra c\u00e1mara de videovigilancia adem\u00e1s cuenta con audio integrado. Posee un lente motorizado de\u00a03.7mm &#8211; 11mm, potentes IR con alcance de hasta\u00a0<strong>60m<\/strong>\u00a0para la visi\u00f3n nocturna y tambi\u00e9n dispone de la tecnolog\u00eda\u00a0<strong>WDR real 120dB<\/strong>\u00a0que ofrece im\u00e1genes m\u00e1s nitidas incluso en las condiciones de contraste de luz intensas y adem\u00e1s cuenta con \u00edndice de protecci\u00f3n\u00a0<strong>IP67<\/strong>\u00a0por lo que ofrece protecci\u00f3n contra polvo y agua, ideal para instalarse en exterior.<\/p>\n<p><img decoding=\"async\" class=\"overview-center-img-\" src=\"https:\/\/tvc.mx\/media\/11499\/HDW2802TZA-ppalban.png\" alt=\"\" \/><\/div>\n<\/div>\n<div class=\"row aling-items-center padding-bottom-2x\">\n<div class=\"col-lg-12\">\n<h5 class=\"card-title text-center\">Tecnolog\u00eda 4K<\/h5>\n<p class=\"ql-align-justify\">La tecnolog\u00eda\u00a0<strong>4K<\/strong>\u00a0es un avance revolucionario en CCTV,mejora la imagen expresiva de la esencia, permitiendo a los usuarios experimentar la mejor calidad de imagen producida por la fiesta visual. A los efectos de la vigilancia 4K con cuatro veces la resoluci\u00f3n de 1080P, presentado al usuario con m\u00e1s detalles.<\/p>\n<p><img decoding=\"async\" class=\"overview-center-img-\" src=\"https:\/\/tvc.mx\/media\/11527\/HDW2802TZA-4kppal.png\" alt=\"\" \/><\/div>\n<\/div>\n<div class=\"row aling-items-center padding-bottom-2x\">\n<div class=\"col-lg-12\">\n<h5 class=\"card-title text-center\">Audio Integrado<\/h5>\n<p class=\"ql-align-justify\">Nuestra c\u00e1mara tiene audio incorporado, con esto podremos escuchar en tiempo real el entorno a nuestro video, es f\u00e1cil y sencillo configurarlo, no necesitamos cableado adicional, viaja por el mismo cable del video.<\/p>\n<p><img decoding=\"async\" class=\"overview-center-img-\" src=\"https:\/\/tvc.mx\/media\/11526\/AUDIO-BANNPPAL.png\" alt=\"\" \/><\/div>\n<\/div>\n<div class=\"row aling-items-center padding-bottom-2x\">\n<div class=\"col-lg-12\">\n<h5 class=\"card-title text-center\">Tecnolog\u00eda Starlight<\/h5>\n<p class=\"ql-align-justify\">Con la adopci\u00f3n de un sensor de alto rendimiento de gran tama\u00f1o, la c\u00e1mara puede proporcionar una incomparable visualizaci\u00f3n de imagenes en entornos de poca iluminaci\u00f3n,\u00a0en condiciones de contraluz extremo como en la obscuridad. La funci\u00f3n Starlight permite capturar m\u00e1s detalles y reconocer en color preciso en la noche o en escenas con iluminaci\u00f3n limitada.<\/p>\n<p><img decoding=\"async\" class=\"overview-center-img-\" src=\"https:\/\/tvc.mx\/media\/11528\/strbanppal2.PNG\" alt=\"\" \/><\/div>\n<\/div>\n<div class=\"row aling-items-center padding-bottom-2x\">\n<div class=\"col-lg-12\">\n<h5 class=\"card-title text-center\">Larga Distancia de Transmisi\u00f3n<\/h5>\n<p class=\"ql-align-justify\">La tecnolog\u00eda HDCVI de Dahua garantiza la transmisi\u00f3n de video a tiempo real y sin perdidas de calidad, a distancias de hasta 700m para video de\u00a0<strong>8MP\u00a0<\/strong>v\u00eda cable coaxial y hasta 200m por cable UTP mediante transceptores.<\/p>\n<p><img decoding=\"async\" class=\"overview-center-img-\" src=\"https:\/\/tvc.mx\/media\/11529\/diskcvippal4k2.png\" alt=\"\" \/><\/div>\n<\/div>\n<div class=\"row aling-items-center padding-bottom-2x\">\n<div class=\"col-lg-12\">\n<h5 class=\"card-title text-center\">WDR Real 120dB<\/h5>\n<p class=\"ql-align-justify\">La c\u00e1mara\u00a0logra obtener im\u00e1genes n\u00edtidas en escenarios donde hay variaci\u00f3n\u00a0en las condiciones de iluminaci\u00f3n ya sea\u00a0baja y\/o brillante,la funci\u00f3n\u00a0<strong>WDR real120dB<\/strong>\u00a0se encarga de medir, compensar y ajustar la luz en la imagen\u00a0captada para despu\u00e9s combinar los espacios de luces brillantes con los espacios de sombras,creando\u00a0un equilibrio en la imagen final.<\/p>\n<p><img decoding=\"async\" class=\"overview-center-img-\" src=\"https:\/\/tvc.mx\/media\/11530\/wdreal120bannppal.png\" alt=\"\" \/><\/div>\n<\/div>\n<div class=\"row aling-items-center padding-bottom-2x\">\n<div class=\"col-lg-12\">\n<h5 class=\"card-title text-center\">Reducci\u00f3n de Ruido 3DNR<\/h5>\n<p class=\"ql-align-justify\"><strong>3DNR<\/strong>\u00a0es una tecnolog\u00eda de reducci\u00f3n de ruido que detecta y elimina ruidos aleatorios al comparar dos cuadros secuenciales, permitiendo una notable reducci\u00f3n del ruido con un ligero impacto hasta la nitidez, especialmente en condiciones de iluminaci\u00f3n limitadas. Adem\u00e1s, el\u00a0<strong>3DNR<\/strong>\u00a0disminuye efectivamente el ancho de banda y ahorra espacio de almacenamiento.<\/p>\n<p><img decoding=\"async\" class=\"overview-center-img-\" src=\"https:\/\/tvc.mx\/media\/11531\/3DNR-ppalban.png\" alt=\"\" \/><\/div>\n<\/div>\n","protected":false},"excerpt":{"rendered":"<p>La c\u00e1mara modelo\u00a0HDW2802TZA\u00a0es una c\u00e1mara\u00a0HDCVI 8MP\u00a0(4K),\u00a0con la cual podemos apreciar una imagen con mayor nitidez, brillo y claridad que cualquier otra c\u00e1mara de videovigilancia adem\u00e1s cuenta con audio integrado. Posee un lente motorizado de\u00a03.7mm &#8211; 11mm, potentes IR con alcance de hasta\u00a060m\u00a0para la visi\u00f3n nocturna&hellip;<\/p>\n","protected":false},"featured_media":2768,"comment_status":"open","ping_status":"closed","template":"","meta":{"om_disable_all_campaigns":false,"_monsterinsights_skip_tracking":false,"_monsterinsights_sitenote_active":false,"_monsterinsights_sitenote_note":"","_monsterinsights_sitenote_category":0},"product_brand":[],"product_cat":[167],"product_tag":[42,165,166,151],"class_list":{"0":"post-2769","1":"product","2":"type-product","3":"status-publish","4":"has-post-thumbnail","6":"product_cat-domo-camaras-cctv-hd","7":"product_tag-camaras","8":"product_tag-camaras-cctv-hd","9":"product_tag-cctv","10":"product_tag-seguridad","12":"first","13":"instock","14":"sale","15":"taxable","16":"shipping-taxable","17":"purchasable","18":"product-type-simple"},"aioseo_notices":[],"_links":{"self":[{"href":"https:\/\/tecsecmty.com\/index.php\/wp-json\/wp\/v2\/product\/2769","targetHints":{"allow":["GET"]}}],"collection":[{"href":"https:\/\/tecsecmty.com\/index.php\/wp-json\/wp\/v2\/product"}],"about":[{"href":"https:\/\/tecsecmty.com\/index.php\/wp-json\/wp\/v2\/types\/product"}],"replies":[{"embeddable":true,"href":"https:\/\/tecsecmty.com\/index.php\/wp-json\/wp\/v2\/comments?post=2769"}],"version-history":[{"count":0,"href":"https:\/\/tecsecmty.com\/index.php\/wp-json\/wp\/v2\/product\/2769\/revisions"}],"wp:featuredmedia":[{"embeddable":true,"href":"https:\/\/tecsecmty.com\/index.php\/wp-json\/wp\/v2\/media\/2768"}],"wp:attachment":[{"href":"https:\/\/tecsecmty.com\/index.php\/wp-json\/wp\/v2\/media?parent=2769"}],"wp:term":[{"taxonomy":"product_brand","embeddable":true,"href":"https:\/\/tecsecmty.com\/index.php\/wp-json\/wp\/v2\/product_brand?post=2769"},{"taxonomy":"product_cat","embeddable":true,"href":"https:\/\/tecsecmty.com\/index.php\/wp-json\/wp\/v2\/product_cat?post=2769"},{"taxonomy":"product_tag","embeddable":true,"href":"https:\/\/tecsecmty.com\/index.php\/wp-json\/wp\/v2\/product_tag?post=2769"}],"curies":[{"name":"wp","href":"https:\/\/api.w.org\/{rel}","templated":true}]}}