{"id":2779,"date":"2023-02-22T21:50:20","date_gmt":"2023-02-23T03:50:20","guid":{"rendered":"https:\/\/tecsecmty.com\/index.php\/producto\/dahua-hac-me1509h-a-pv-camara-domo-tioc-de-5-megapixeles-disuasion-activa-sirena-y-estrobo-integrado-lente-de-2-8mm-super-adapt-microfono-integrado-40-metros-de-iluminacion-calida-metalica\/"},"modified":"2023-03-22T23:22:43","modified_gmt":"2023-03-23T05:22:43","slug":"dahua-hac-me1509h-a-pv-camara-domo-tioc-de-5-megapixeles-disuasion-activa-sirena-y-estrobo-integrado-lente-de-2-8mm-super-adapt-microfono-integrado-40-metros-de-iluminacion-calida-metalica","status":"publish","type":"product","link":"https:\/\/tecsecmty.com\/index.php\/producto\/dahua-hac-me1509h-a-pv-camara-domo-tioc-de-5-megapixeles-disuasion-activa-sirena-y-estrobo-integrado-lente-de-2-8mm-super-adapt-microfono-integrado-40-metros-de-iluminacion-calida-metalica\/","title":{"rendered":"Dahua HAC-ME1509H-A-PV &#8211; Camara Domo TiOC de 5 Megapixeles\/ Disuasi\u00f3n Activa Sirena y Estrobo integrado\/ Lente de 2.8mm\/ Super Adapt\/ Microfono integrado\/ 40 Metros de Iluminacion (Calida)\/ Metalica\/ IP67\/"},"content":{"rendered":"<div class=\"row aling-items-center padding-bottom-2x\">\n<div class=\"col-lg-12\">\n<h5 class=\"card-title text-center\">Informaci\u00f3n General<\/h5>\n<p>Este modelo es compatible con la funci\u00f3n de disuasi\u00f3n activa que advierte a los intrusos con una luz azul roja y una sirena incluso antes de que los usuarios se den cuenta del incidente. Es capaz de alertar a los intrusos con precisi\u00f3n mediante SMD Plus o Protecci\u00f3n perimetral por DVR. Esta c\u00e1mara es una opci\u00f3n ideal para aplicaciones que requieren protecci\u00f3n contra intrusos y verificaci\u00f3n por video, como patios, oficinas, almacenes, tiendas.<\/p>\n<p><img decoding=\"async\" class=\"overview-center-img-web\" src=\"https:\/\/tvc.mx\/media\/496376\/camara-domo-5-megapuxeles-hdcvi-full-color-HAC-ME1509H-A-PV-Dahua.png\" alt=\"\" \/><\/div>\n<\/div>\n<div class=\"row align-items-center padding-bottom-2x\">\n<div class=\"col-md-5 order-md-2\"><img decoding=\"async\" class=\"d-block m-auto img-thumbnail\" src=\"https:\/\/tvc.mx\/media\/496378\/disuacion-activa.png\" alt=\" \" \/><\/div>\n<div class=\"col-md-7 order-md-1 text-md-left text-center\">\n<h2>Disuasi\u00f3n activa<\/h2>\n<p class=\"text-muted\">\n<p>La disuasi\u00f3n activa consiste en advertir a los intrusos de forma activa con una luz azul roja y una sirena, incluso antes de que los usuarios se den cuenta de la incidencia. Una vez que se detecta una intrusi\u00f3n, la luz azul roja parpadear\u00e1 y la sirena sonar\u00e1 para alertar al intruso. El contenido de la sirena es configurable.<\/p>\n<p>&nbsp;<\/p>\n<\/div>\n<\/div>\n<hr class=\"padding-bottom-2x\" \/>\n<div class=\"row align-items-center padding-bottom-2x\">\n<div class=\"col-md-5\"><img decoding=\"async\" class=\"d-block m-auto img-thumbnail\" src=\"https:\/\/tvc.mx\/media\/496380\/full-color-dahua.png\" alt=\" \" \/><\/div>\n<div class=\"col-md-7 text-md-left text-center\">\n<h2>Full Color<\/h2>\n<p class=\"text-muted\">\n<p>La c\u00e1mara adopta una lente de gran apertura y un sensor de alto rendimiento de 1\/2,7&#8243;. Con una mayor cantidad de luz absorbida y un algoritmo avanzado de procesamiento de im\u00e1genes, la c\u00e1mara puede presentar im\u00e1genes en color las 24 horas del d\u00eda, los 7 d\u00edas de la semana, que brindan detalles de color para identificar con precisi\u00f3n a las personas. u objetos en condiciones de poca luz.<\/p>\n<p>&nbsp;<\/p>\n<\/div>\n<\/div>\n<hr class=\"padding-bottom-2x\" \/>\n<div class=\"row align-items-center padding-bottom-2x\">\n<div class=\"col-md-5 order-md-2\"><img decoding=\"async\" class=\"d-block m-auto img-thumbnail\" src=\"https:\/\/tvc.mx\/media\/496382\/luces-suplementaria-Dahua.png\" alt=\" \" \/><\/div>\n<div class=\"col-md-7 order-md-1 text-md-left text-center\">\n<h2>Luces Suplementarias<\/h2>\n<p class=\"text-muted\">\n<p>Con dos c\u00e1lidas luces LED complementarias, la c\u00e1mara puede proporcionar una imagen colorida y v\u00edvida incluso en la oscuridad total. Tambi\u00e9n proporciona visible de forma predeterminada, la c\u00e1mara est\u00e1 configurada en modo de luz inteligente, en el que la c\u00e1mara puede ajustar autom\u00e1ticamente el tiempo de exposici\u00f3n y la sensibilidad a la luz simult\u00e1neamente para evitar la sobreexposici\u00f3n de los objetos en el centro de la imagen. Adem\u00e1s, la sensibilidad y la intensidad de las luces LED se pueden controlar de forma remota mediante el men\u00fa OSD.<\/p>\n<p>&nbsp;<\/p>\n<\/div>\n<\/div>\n<hr class=\"padding-bottom-2x\" \/>\n<div class=\"row align-items-center padding-bottom-2x\">\n<div class=\"col-md-5\"><img decoding=\"async\" class=\"d-block m-auto img-thumbnail\" src=\"https:\/\/tvc.mx\/media\/496384\/camara-domo-5-megapuxeles-hdcvi-full-color-HAC-ME1509H-A-PV-Dahua-caracteristicas.png\" alt=\" \" \/><\/div>\n<div class=\"col-md-7 text-md-left text-center\">\n<h2>Principales Caracter\u00edsticas<\/h2>\n<p class=\"text-muted\">\n<ul>\n<li>Im\u00e1genes en color 24\/7<\/li>\n<li>Disuasi\u00f3n activa con luz azul roja, sirena e interfaz de salida de alarma<\/li>\n<li>Micr\u00f3fono incorporado<\/li>\n<li>Led C\u00e1lido<\/li>\n<li>IP67<\/li>\n<\/ul>\n<p>&nbsp;<\/p>\n<\/div>\n<\/div>\n<hr class=\"padding-bottom-2x\" \/>\n<div class=\"row align-items-center padding-bottom-2x\">\n<div class=\"col-md-5 order-md-2\"><img decoding=\"async\" class=\"d-block m-auto img-thumbnail\" src=\"https:\/\/tvc.mx\/media\/496386\/camara-domo-5-megapuxeles-hdcvi-full-color-HAC-ME1509H-A-PV-Dahua-especificaciones.png\" alt=\" \" \/><\/div>\n<div class=\"col-md-7 order-md-1 text-md-left text-center\">\n<h2>Especificaciones<\/h2>\n<p class=\"text-muted\">\n<ul>\n<li>CMOS de 1\/2,7&#8243;<\/li>\n<li>5 megap\u00edxeles<\/li>\n<li>Distancia de Compatible con CVI\/TVI\/AHD\/CVBS. iluminaci\u00f3n 40 m<\/li>\n<li>Lente fijo 2.8mm<\/li>\n<li>BLC\/HLC\/DWDR<\/li>\n<li>DWDR<\/li>\n<li>Reducci\u00f3n de ruido 2D<\/li>\n<li>1 salida BNC compatible con CVI\/TVI\/AHD\/CVBS<\/li>\n<li>Micr\u00f3fono incorporado<\/li>\n<li>Advertencia de luz roja\/azul Flash: 5 s\u201330 s; frecuencia: alta\/media\/baja<\/li>\n<li>Fuente de alimentaci\u00f3n 12 V<\/li>\n<li>Protecci\u00f3n de ingreso IP67<\/li>\n<li>Carcasa: Metal<\/li>\n<\/ul>\n<\/div>\n<\/div>\n","protected":false},"excerpt":{"rendered":"<p>Informaci\u00f3n General Este modelo es compatible con la funci\u00f3n de disuasi\u00f3n activa que advierte a los intrusos con una luz azul roja y una sirena incluso antes de que los usuarios se den cuenta del incidente. Es capaz de alertar a los intrusos con precisi\u00f3n&hellip;<\/p>\n","protected":false},"featured_media":2778,"comment_status":"open","ping_status":"closed","template":"","meta":{"om_disable_all_campaigns":false,"_monsterinsights_skip_tracking":false,"_monsterinsights_sitenote_active":false,"_monsterinsights_sitenote_note":"","_monsterinsights_sitenote_category":0},"product_brand":[],"product_cat":[167],"product_tag":[42,165,166,151],"class_list":{"0":"post-2779","1":"product","2":"type-product","3":"status-publish","4":"has-post-thumbnail","6":"product_cat-domo-camaras-cctv-hd","7":"product_tag-camaras","8":"product_tag-camaras-cctv-hd","9":"product_tag-cctv","10":"product_tag-seguridad","12":"first","13":"instock","14":"sale","15":"taxable","16":"shipping-taxable","17":"purchasable","18":"product-type-simple"},"aioseo_notices":[],"_links":{"self":[{"href":"https:\/\/tecsecmty.com\/index.php\/wp-json\/wp\/v2\/product\/2779","targetHints":{"allow":["GET"]}}],"collection":[{"href":"https:\/\/tecsecmty.com\/index.php\/wp-json\/wp\/v2\/product"}],"about":[{"href":"https:\/\/tecsecmty.com\/index.php\/wp-json\/wp\/v2\/types\/product"}],"replies":[{"embeddable":true,"href":"https:\/\/tecsecmty.com\/index.php\/wp-json\/wp\/v2\/comments?post=2779"}],"version-history":[{"count":0,"href":"https:\/\/tecsecmty.com\/index.php\/wp-json\/wp\/v2\/product\/2779\/revisions"}],"wp:featuredmedia":[{"embeddable":true,"href":"https:\/\/tecsecmty.com\/index.php\/wp-json\/wp\/v2\/media\/2778"}],"wp:attachment":[{"href":"https:\/\/tecsecmty.com\/index.php\/wp-json\/wp\/v2\/media?parent=2779"}],"wp:term":[{"taxonomy":"product_brand","embeddable":true,"href":"https:\/\/tecsecmty.com\/index.php\/wp-json\/wp\/v2\/product_brand?post=2779"},{"taxonomy":"product_cat","embeddable":true,"href":"https:\/\/tecsecmty.com\/index.php\/wp-json\/wp\/v2\/product_cat?post=2779"},{"taxonomy":"product_tag","embeddable":true,"href":"https:\/\/tecsecmty.com\/index.php\/wp-json\/wp\/v2\/product_tag?post=2779"}],"curies":[{"name":"wp","href":"https:\/\/api.w.org\/{rel}","templated":true}]}}