{"id":2783,"date":"2023-02-22T21:50:24","date_gmt":"2023-02-23T03:50:24","guid":{"rendered":"https:\/\/tecsecmty.com\/index.php\/producto\/dahua-dh-sd40215n-hc-la-camara-ptz-antivandalica-de-2-megapixeles-15x-de-zoom-optico-starlight-wdr-real-de-120-db-3d-dnr-ik10-ip67-1-entrada-de-audio-21-es-de-alarmas-soporta-formatos-cvi\/"},"modified":"2023-03-22T23:22:27","modified_gmt":"2023-03-23T05:22:27","slug":"dahua-dh-sd40215n-hc-la-camara-ptz-antivandalica-de-2-megapixeles-15x-de-zoom-optico-starlight-wdr-real-de-120-db-3d-dnr-ik10-ip67-1-entrada-de-audio-21-es-de-alarmas-soporta-formatos-cvi","status":"publish","type":"product","link":"https:\/\/tecsecmty.com\/index.php\/producto\/dahua-dh-sd40215n-hc-la-camara-ptz-antivandalica-de-2-megapixeles-15x-de-zoom-optico-starlight-wdr-real-de-120-db-3d-dnr-ik10-ip67-1-entrada-de-audio-21-es-de-alarmas-soporta-formatos-cvi\/","title":{"rendered":"DAHUA DH-SD40215N-HC-LA &#8211; C\u00e1mara PTZ Antivandalica de 2 Megapixeles\/ 15x de Zoom Optico\/ Starlight\/ WDR Real de 120 dB\/ 3D DNR\/ IK10\/IP67\/ 1 Entrada de Audio\/ 2&amp;1 E&amp;S de Alarmas\/ Soporta Formatos: CVI\/TVI\/AHD\/CVBS"},"content":{"rendered":"<div class=\"row aling-items-center padding-bottom-2x\">\n<div class=\"col-lg-12\">\n<h5 class=\"card-title text-center\">Informaci\u00f3n General<\/h5>\n<p>El modelo SD40215N-HC-LA es una c\u00e1mara ptz starlight con un sensor de 0.005 Lux el cual nos permite seguir viendo a color en ambientes con poca luz, la c\u00e1mara cuenta con tecnolog\u00eda HDCVI proporcionando video en alta resoluci\u00f3n a 2 megap\u00edxeles y adem\u00e1s puede realizar zoom \u00f3ptico de hasta 15X por lo que obtendremos im\u00e1genes detalladas a grandes distancias, tambi\u00e9n gracias a que cuenta con WDR real (120 dB) podremos compensar y ajustar la luz en la imagen captada. La c\u00e1mara puede ser utilizada en ambientes exteriores debido a su \u00edndice de protecci\u00f3n IP66 y su\u00a0\u00edndice de protecci\u00f3n IK10 que nos proporciona seguridad contra ataques vand\u00e1licos.<\/p>\n<p><img decoding=\"async\" class=\"overview-center-img-web\" src=\"https:\/\/tvc.mx\/media\/455226\/camara-mini-ptz-hdccvi-2-megapixeles-wdr-starlight-DH-SD40215N-HC-LA-Dahua.png\" alt=\"\" \/><\/div>\n<\/div>\n<div class=\"row align-items-center padding-bottom-2x\">\n<div class=\"col-md-5 order-md-2\"><img decoding=\"async\" class=\"d-block m-auto img-thumbnail\" src=\"https:\/\/tvc.mx\/media\/455229\/Starlight-Dahua.png\" alt=\" \" \/><\/div>\n<div class=\"col-md-7 order-md-1 text-md-left text-center\">\n<h2>Starlight<\/h2>\n<p class=\"text-muted\">\n<p>Esta tecnolog\u00eda nos permite obtener un\u00a0rendimiento excepcional ideal para la visualizaci\u00f3n y reproducci\u00f3n\u00a0de im\u00e1genes bajo condiciones de poca iluminaci\u00f3n, tanto en condiciones de contraluz extremo como en la obscuridad. Incorpora un sensor 1\/2.8&#8243; STARVIS CMOS de alto rendimiento el cual captura las im\u00e1genes\u00a0a todo color bajo los ambientes antes mencionados.<\/p>\n<p>&nbsp;<\/p>\n<\/div>\n<\/div>\n<hr class=\"padding-bottom-2x\" \/>\n<div class=\"row align-items-center padding-bottom-2x\">\n<div class=\"col-md-5\"><img decoding=\"async\" class=\"d-block m-auto img-thumbnail\" src=\"https:\/\/tvc.mx\/media\/455232\/PFA-Dahua.png\" alt=\" \" \/><\/div>\n<div class=\"col-md-7 text-md-left text-center\">\n<h2>Tecnolog\u00eda PFA<\/h2>\n<p class=\"text-muted\">\n<p>La tecnolog\u00eda PFA ha introducido de forma innovadora nuevos m\u00e9todos de juicio para garantizar la precisi\u00f3n y la previsibilidad de la direcci\u00f3n del ajuste de la distancia del sujeto. El resultado es un conjunto de algoritmos de enfoque avanzados. PFA asegura la claridad de la imagen durante todo el proceso de zoom y acorta el tiempo de enfoque. La realizaci\u00f3n de la tecnolog\u00eda PFA mejora sustancialmente la experiencia del usuario y aumenta el valor del producto.<\/p>\n<p>&nbsp;<\/p>\n<\/div>\n<\/div>\n<hr class=\"padding-bottom-2x\" \/>\n<div class=\"row align-items-center padding-bottom-2x\">\n<div class=\"col-md-5 order-md-2\"><img decoding=\"async\" class=\"d-block m-auto img-thumbnail\" src=\"https:\/\/tvc.mx\/media\/455235\/WDR-Dahua.png\" alt=\" \" \/><\/div>\n<div class=\"col-md-7 order-md-1 text-md-left text-center\">\n<h2>WDR Real<\/h2>\n<p class=\"text-muted\">\n<p>La c\u00e1mara\u00a0logra obtener im\u00e1genes n\u00edtidas\u00a0en escenarios donde hay variaci\u00f3n\u00a0en las condiciones de iluminaci\u00f3n ya sea\u00a0baja y\/o brillante, la funci\u00f3n\u00a0WDR real120dB\u00a0se encarga de medir, compensar y ajustar la luz en la imagen\u00a0captada para despu\u00e9s\u00a0combinar los espacios de luces brillantes con los espacios de sombras, creando\u00a0un equilibrio en la imagen final.<\/p>\n<p>&nbsp;<\/p>\n<\/div>\n<\/div>\n<hr class=\"padding-bottom-2x\" \/>\n<div class=\"row align-items-center padding-bottom-2x\">\n<div class=\"col-md-5\"><img decoding=\"async\" class=\"d-block m-auto img-thumbnail\" src=\"https:\/\/tvc.mx\/media\/455238\/camara-mini-ptz-hdccvi-2-megapixeles-wdr-starlight-DH-SD40215N-HC-LA-Dahua-Caracteristicas.png\" alt=\" \" \/><\/div>\n<div class=\"col-md-7 text-md-left text-center\">\n<h2>Principales Caracter\u00edsticas<\/h2>\n<p class=\"text-muted\">\n<ul>\n<li class=\"ql-align-justify\">Tecnolog\u00eda Starlight<\/li>\n<li class=\"ql-align-justify\">Zoom \u00f3ptico<\/li>\n<li class=\"ql-align-justify\">D\u00eda y Noche<\/li>\n<li class=\"ql-align-justify\">Compensaci\u00f3n de contraluz<\/li>\n<li class=\"ql-align-justify\">Reducci\u00f3n de ruido:<\/li>\n<\/ul>\n<p>&nbsp;<\/p>\n<\/div>\n<\/div>\n<hr class=\"padding-bottom-2x\" \/>\n<div class=\"row align-items-center padding-bottom-2x\">\n<div class=\"col-md-5 order-md-2\"><img decoding=\"async\" class=\"d-block m-auto img-thumbnail\" src=\"https:\/\/tvc.mx\/media\/455241\/camara-mini-ptz-hdccvi-2-megapixeles-wdr-starlight-DH-SD40215N-HC-LA-Dahua-especificaciones.png\" alt=\" \" \/><\/div>\n<div class=\"col-md-7 order-md-1 text-md-left text-center\">\n<h2>Especificaciones<\/h2>\n<p class=\"text-muted\">\n<ul>\n<li>CMOS STARVIS \u2122 de 1 \/ 2.8 \u00ab<\/li>\n<li>2 megap\u00edxeles<\/li>\n<li>Lente: 5mm &#8211; 7mm<\/li>\n<li>Zoom \u00f3ptico 15x<\/li>\n<li>Control de enfoque: Autom\u00e1tico \/ Semiautom\u00e1tico \/ Manual<\/li>\n<li>BLC<\/li>\n<li>WDR 120 dB<\/li>\n<li>Reducci\u00f3n de ruido 2D \/ 3D<\/li>\n<li>Zoom digita 16x<\/li>\n<li>Modo de salida de producto: CVI CVI; TVI; AHD; CVBS<\/li>\n<li>Salida anal\u00f3gica: 1 (salida CVBS \/ CVI, puerto BNC)<\/li>\n<li>RS485: 1 (rango de velocidad en baudios: 1200 bps \u2013 9600 bps)<\/li>\n<li>Fuente de alimentaci\u00f3n: DC 12V \/ 5A \u00b1 10%<\/li>\n<li>IP66<\/li>\n<li>IK10<\/li>\n<\/ul>\n<\/div>\n<\/div>\n","protected":false},"excerpt":{"rendered":"<p>Informaci\u00f3n General El modelo SD40215N-HC-LA es una c\u00e1mara ptz starlight con un sensor de 0.005 Lux el cual nos permite seguir viendo a color en ambientes con poca luz, la c\u00e1mara cuenta con tecnolog\u00eda HDCVI proporcionando video en alta resoluci\u00f3n a 2 megap\u00edxeles y adem\u00e1s&hellip;<\/p>\n","protected":false},"featured_media":2782,"comment_status":"open","ping_status":"closed","template":"","meta":{"om_disable_all_campaigns":false,"_monsterinsights_skip_tracking":false,"_monsterinsights_sitenote_active":false,"_monsterinsights_sitenote_note":"","_monsterinsights_sitenote_category":0},"product_brand":[],"product_cat":[169],"product_tag":[42,165,166,151],"class_list":{"0":"post-2783","1":"product","2":"type-product","3":"status-publish","4":"has-post-thumbnail","6":"product_cat-ptz-camaras-cctv-hd","7":"product_tag-camaras","8":"product_tag-camaras-cctv-hd","9":"product_tag-cctv","10":"product_tag-seguridad","12":"first","13":"instock","14":"sale","15":"taxable","16":"shipping-taxable","17":"purchasable","18":"product-type-simple"},"aioseo_notices":[],"_links":{"self":[{"href":"https:\/\/tecsecmty.com\/index.php\/wp-json\/wp\/v2\/product\/2783","targetHints":{"allow":["GET"]}}],"collection":[{"href":"https:\/\/tecsecmty.com\/index.php\/wp-json\/wp\/v2\/product"}],"about":[{"href":"https:\/\/tecsecmty.com\/index.php\/wp-json\/wp\/v2\/types\/product"}],"replies":[{"embeddable":true,"href":"https:\/\/tecsecmty.com\/index.php\/wp-json\/wp\/v2\/comments?post=2783"}],"version-history":[{"count":0,"href":"https:\/\/tecsecmty.com\/index.php\/wp-json\/wp\/v2\/product\/2783\/revisions"}],"wp:featuredmedia":[{"embeddable":true,"href":"https:\/\/tecsecmty.com\/index.php\/wp-json\/wp\/v2\/media\/2782"}],"wp:attachment":[{"href":"https:\/\/tecsecmty.com\/index.php\/wp-json\/wp\/v2\/media?parent=2783"}],"wp:term":[{"taxonomy":"product_brand","embeddable":true,"href":"https:\/\/tecsecmty.com\/index.php\/wp-json\/wp\/v2\/product_brand?post=2783"},{"taxonomy":"product_cat","embeddable":true,"href":"https:\/\/tecsecmty.com\/index.php\/wp-json\/wp\/v2\/product_cat?post=2783"},{"taxonomy":"product_tag","embeddable":true,"href":"https:\/\/tecsecmty.com\/index.php\/wp-json\/wp\/v2\/product_tag?post=2783"}],"curies":[{"name":"wp","href":"https:\/\/api.w.org\/{rel}","templated":true}]}}