{"id":2789,"date":"2023-02-22T21:50:31","date_gmt":"2023-02-23T03:50:31","guid":{"rendered":"https:\/\/tecsecmty.com\/index.php\/producto\/dahua-dh-sd49225n-hc-la-camara-hdcvi-ptz-de-2-megapixeles-25x-de-zoom-optico-starlight-wdr-real-de-120-db-ir-de-100-mts-ip66-21-es-de-alarma-1-canal-de-audio\/"},"modified":"2023-03-22T23:22:28","modified_gmt":"2023-03-23T05:22:28","slug":"dahua-dh-sd49225n-hc-la-camara-hdcvi-ptz-de-2-megapixeles-25x-de-zoom-optico-starlight-wdr-real-de-120-db-ir-de-100-mts-ip66-21-es-de-alarma-1-canal-de-audio","status":"publish","type":"product","link":"https:\/\/tecsecmty.com\/index.php\/producto\/dahua-dh-sd49225n-hc-la-camara-hdcvi-ptz-de-2-megapixeles-25x-de-zoom-optico-starlight-wdr-real-de-120-db-ir-de-100-mts-ip66-21-es-de-alarma-1-canal-de-audio\/","title":{"rendered":"DAHUA DH-SD49225N-HC-LA &#8211; C\u00e1mara HDCVI PTZ de 2 Megap\u00edxeles\/ 25x de Zoom Optico\/ Starlight\/ WDR Real de 120 dB\/ IR de 100 Mts\/ IP66\/ 2&amp;1 E&amp;S de Alarma\/ 1 Canal de Audio"},"content":{"rendered":"<div class=\"row aling-items-center padding-bottom-2x\">\n<div class=\"col-lg-12\">\n<h5 class=\"card-title text-center\">Informaci\u00f3n General<\/h5>\n<p>Con un potente zoom \u00f3ptico y un rendimiento preciso de giro \/ inclinaci\u00f3n \/ zoom, la c\u00e1mara PTZ de la serie SD49 puede proporcionar un amplio rango de monitoreo y gran detalle. La c\u00e1mara ofrece una resoluci\u00f3n de 1080P a 25\/30 fps, con un zoom \u00f3ptico de 25x, y tiene un excelente rendimiento con poca luz gracias a la \u00faltima tecnolog\u00eda de luz de estrellas. La c\u00e1mara PTZ de la serie SD49 est\u00e1 equipada con un control suave, una imagen de alta calidad y una buena protecci\u00f3n, lo que la hace cumplir con las aplicaciones de videovigilancia de tama\u00f1o peque\u00f1o y mediano.<\/p>\n<p><img decoding=\"async\" class=\"overview-center-img-web\" src=\"https:\/\/tvc.mx\/media\/455508\/camara-hdcvi-ptz-de-2-megapixeles-starlight-SD49225N-HC-LA--dahua.png\" alt=\"\" \/><\/div>\n<\/div>\n<div class=\"row align-items-center padding-bottom-2x\">\n<div class=\"col-md-5\"><img decoding=\"async\" class=\"d-block m-auto img-thumbnail\" src=\"https:\/\/tvc.mx\/media\/455511\/PFA-Dahua.png\" alt=\" \" \/><\/div>\n<div class=\"col-md-7 text-md-left text-center\">\n<h2>Tecnolog\u00eda PFA<\/h2>\n<p class=\"text-muted\">\n<p>PFA, abreviatura de Algoritmo de enfoque predictivo, proporciona un m\u00e9todo para lograr un enfoque continuo y de alta precisi\u00f3n durante todo el proceso de zoom. Cuando el dispositivo est\u00e1 haciendo zoom, la tecnolog\u00eda analiza la ley de transformaci\u00f3n de la curva del valor AF bajo la curva de distancia del sujeto y ajusta diferentes distancias del sujeto dentro de la profundidad de enfoque, unificando las estad\u00edsticas para participar en el ajuste preciso de la distancia del sujeto, logrando as\u00ed claridad en todo el proceso de zoom . La tecnolog\u00eda PFA ha introducido de manera innovadora nuevos m\u00e9todos de juicio para garantizar la precisi\u00f3n y la previsibilidad de la direcci\u00f3n del ajuste de la distancia del sujeto. El resultado es un conjunto de algoritmos de enfoque avanzados.<\/p>\n<p>&nbsp;<\/p>\n<\/div>\n<\/div>\n<hr class=\"padding-bottom-2x\" \/>\n<div class=\"row align-items-center padding-bottom-2x\">\n<div class=\"col-md-5 order-md-2\"><img decoding=\"async\" class=\"d-block m-auto img-thumbnail\" src=\"https:\/\/tvc.mx\/media\/455514\/Starlight-Dahua.png\" alt=\" \" \/><\/div>\n<div class=\"col-md-7 order-md-1 text-md-left text-center\">\n<h2>Tecnolog\u00eda Starlight<\/h2>\n<p class=\"text-muted\">\n<p>Para aplicaciones desafiantes con poca luz, la tecnolog\u00eda de luz ultrabaja Starlight de Dahua ofrece la mejor sensibilidad a la luz de su clase, capturando detalles de color con poca luz hasta\u00a0<strong>0,005 lux<\/strong>. La c\u00e1mara utiliza un conjunto de funciones \u00f3pticas para equilibrar la luz en toda la escena, lo que da como resultado im\u00e1genes claras en entornos oscuros.<\/p>\n<p>&nbsp;<\/p>\n<\/div>\n<\/div>\n<hr class=\"padding-bottom-2x\" \/>\n<div class=\"row align-items-center padding-bottom-2x\">\n<div class=\"col-md-5\"><img decoding=\"async\" class=\"d-block m-auto img-thumbnail\" src=\"https:\/\/tvc.mx\/media\/455517\/WDR-Dahua.png\" alt=\" \" \/><\/div>\n<div class=\"col-md-7 text-md-left text-center\">\n<h2>WDR 120dB<\/h2>\n<p class=\"text-muted\">\n<p>La c\u00e1mara logra obtener im\u00e1genes n\u00edtidas en escenarios donde hay variaci\u00f3n en las condiciones de iluminaci\u00f3n ya sea baja y\/o brillante, la funci\u00f3n\u00a0<strong>WDR real120dB<\/strong>\u00a0se encarga de medir, compensar y ajustar la luz en la imagen captada para despu\u00e9s combinar los espacios de luces brillantes con los espacios de sombras, creando un equilibrio en la imagen final.<\/p>\n<p>&nbsp;<\/p>\n<\/div>\n<\/div>\n<hr class=\"padding-bottom-2x\" \/>\n<div class=\"row align-items-center padding-bottom-2x\">\n<div class=\"col-md-5 order-md-2\"><img decoding=\"async\" class=\"d-block m-auto img-thumbnail\" src=\"https:\/\/tvc.mx\/media\/455520\/camara-hdcvi-ptz-de-2-megapixeles-starlight-SD49225N-HC-LA--dahua-caracteristicas.png\" alt=\" \" \/><\/div>\n<div class=\"col-md-7 order-md-1 text-md-left text-center\">\n<h2>Principales Caracter\u00edsticas<\/h2>\n<p class=\"text-muted\">\n<ul>\n<li>Zoom \u00f3ptico<\/li>\n<li>Tecnolog\u00eda Starlight<\/li>\n<li>WDR real de 120 dB<\/li>\n<li>DNR 3D<\/li>\n<li>IR Inteligente<\/li>\n<li>Tecnolog\u00eda PFA<\/li>\n<\/ul>\n<p>&nbsp;<\/p>\n<\/div>\n<\/div>\n<hr class=\"padding-bottom-2x\" \/>\n<div class=\"row align-items-center padding-bottom-2x\">\n<div class=\"col-md-5\"><img decoding=\"async\" class=\"d-block m-auto img-thumbnail\" src=\"https:\/\/tvc.mx\/media\/455523\/camara-hdcvi-ptz-de-2-megapixeles-starlight-SD49225N-HC-LA--dahua-especificaciones.png\" alt=\" \" \/><\/div>\n<div class=\"col-md-7 text-md-left text-center\">\n<h2>Especificaciones<\/h2>\n<p class=\"text-muted\">\n<ul>\n<li>CMOS STARVIS \u2122 de 1 \/ 2.8 \u00ab<\/li>\n<li>2 Megap\u00edxeles<\/li>\n<li>Distancia de iluminaci\u00f3n: 100m<\/li>\n<li>N\u00famero de iluminador: 6<\/li>\n<li>Lente: 4.8 mm \u2013 120 mm<\/li>\n<li>Pan: 0 \u00b0 \u2013360 \u00b0 Inclinaci\u00f3n: -15 \u00b0 &#8211; + 90 \u00b0; giro autom\u00e1tico 180 \u00b0<\/li>\n<li>BLC\/ WDR real 120dB\/ HLC<\/li>\n<li>Reducci\u00f3n de ruido: 2D\/3D<\/li>\n<li>Zoom digital 16x<\/li>\n<li>Fuente de alimentaci\u00f3n: DC 12V \/ 3A \u00b1 10% (No incluida)<\/li>\n<li>Protecci\u00f3n: IP66<\/li>\n<\/ul>\n<\/div>\n<\/div>\n","protected":false},"excerpt":{"rendered":"<p>Informaci\u00f3n General Con un potente zoom \u00f3ptico y un rendimiento preciso de giro \/ inclinaci\u00f3n \/ zoom, la c\u00e1mara PTZ de la serie SD49 puede proporcionar un amplio rango de monitoreo y gran detalle. La c\u00e1mara ofrece una resoluci\u00f3n de 1080P a 25\/30 fps, con&hellip;<\/p>\n","protected":false},"featured_media":2788,"comment_status":"open","ping_status":"closed","template":"","meta":{"om_disable_all_campaigns":false,"_monsterinsights_skip_tracking":false,"_monsterinsights_sitenote_active":false,"_monsterinsights_sitenote_note":"","_monsterinsights_sitenote_category":0},"product_brand":[],"product_cat":[169],"product_tag":[42,165,166,151],"class_list":{"0":"post-2789","1":"product","2":"type-product","3":"status-publish","4":"has-post-thumbnail","6":"product_cat-ptz-camaras-cctv-hd","7":"product_tag-camaras","8":"product_tag-camaras-cctv-hd","9":"product_tag-cctv","10":"product_tag-seguridad","12":"first","13":"instock","14":"sale","15":"taxable","16":"shipping-taxable","17":"purchasable","18":"product-type-simple"},"aioseo_notices":[],"_links":{"self":[{"href":"https:\/\/tecsecmty.com\/index.php\/wp-json\/wp\/v2\/product\/2789","targetHints":{"allow":["GET"]}}],"collection":[{"href":"https:\/\/tecsecmty.com\/index.php\/wp-json\/wp\/v2\/product"}],"about":[{"href":"https:\/\/tecsecmty.com\/index.php\/wp-json\/wp\/v2\/types\/product"}],"replies":[{"embeddable":true,"href":"https:\/\/tecsecmty.com\/index.php\/wp-json\/wp\/v2\/comments?post=2789"}],"version-history":[{"count":0,"href":"https:\/\/tecsecmty.com\/index.php\/wp-json\/wp\/v2\/product\/2789\/revisions"}],"wp:featuredmedia":[{"embeddable":true,"href":"https:\/\/tecsecmty.com\/index.php\/wp-json\/wp\/v2\/media\/2788"}],"wp:attachment":[{"href":"https:\/\/tecsecmty.com\/index.php\/wp-json\/wp\/v2\/media?parent=2789"}],"wp:term":[{"taxonomy":"product_brand","embeddable":true,"href":"https:\/\/tecsecmty.com\/index.php\/wp-json\/wp\/v2\/product_brand?post=2789"},{"taxonomy":"product_cat","embeddable":true,"href":"https:\/\/tecsecmty.com\/index.php\/wp-json\/wp\/v2\/product_cat?post=2789"},{"taxonomy":"product_tag","embeddable":true,"href":"https:\/\/tecsecmty.com\/index.php\/wp-json\/wp\/v2\/product_tag?post=2789"}],"curies":[{"name":"wp","href":"https:\/\/api.w.org\/{rel}","templated":true}]}}