{"id":2795,"date":"2023-02-22T21:50:41","date_gmt":"2023-02-23T03:50:41","guid":{"rendered":"https:\/\/tecsecmty.com\/index.php\/producto\/dahua-dh-sd52c232n-hc-la-camara-domo-ptz-de-2-megapixeles-1080p-32x-de-zoom-optico-montaje-en-plafon-o-techo-falso-wdr-real-120db-starlight-antivandalica-ik10-lonuevo\/"},"modified":"2023-03-22T23:22:28","modified_gmt":"2023-03-23T05:22:28","slug":"dahua-dh-sd52c232n-hc-la-camara-domo-ptz-de-2-megapixeles-1080p-32x-de-zoom-optico-montaje-en-plafon-o-techo-falso-wdr-real-120db-starlight-antivandalica-ik10-lonuevo","status":"publish","type":"product","link":"https:\/\/tecsecmty.com\/index.php\/producto\/dahua-dh-sd52c232n-hc-la-camara-domo-ptz-de-2-megapixeles-1080p-32x-de-zoom-optico-montaje-en-plafon-o-techo-falso-wdr-real-120db-starlight-antivandalica-ik10-lonuevo\/","title":{"rendered":"DAHUA DH-SD52C232N-HC-LA &#8211; C\u00e1mara Domo PTZ de 2 Megap\u00edxeles\/ 1080p\/ 32x de Zoom \u00d3ptico\/ Montaje en Plaf\u00f3n o Techo Falso\/ WDR Real 120dB\/ Starlight\/ Antivand\u00e1lica IK10\/ #LoNuevo"},"content":{"rendered":"<div class=\"row aling-items-center padding-bottom-2x\">\n<div class=\"col-lg-12\">\n<h5 class=\"card-title text-center\">Informaci\u00f3n General<\/h5>\n<p>Con un potente zoom \u00f3ptico y un rendimiento preciso de giro\/inclinaci\u00f3n\/zoom, la c\u00e1mara PTZ puede proporcionar un amplio rango de monitoreo y gran detalle. La c\u00e1mara ofrece una resoluci\u00f3n de 1080P a 25\/30 fps, con zoom \u00f3ptico de 32x y tiene un excelente rendimiento con poca luz gracias a la adopci\u00f3n de la \u00faltima tecnolog\u00eda Starlight.<\/p>\n<p><img decoding=\"async\" class=\"overview-center-img-web\" src=\"https:\/\/tvc.mx\/media\/479234\/camara-domo-ptz-antivandalica-2-megapixeles-starlight-SD52C232N-HC-LA-Dahua.png\" alt=\"\" \/><\/div>\n<\/div>\n<div class=\"row align-items-center padding-bottom-2x\">\n<div class=\"col-md-5\"><img decoding=\"async\" class=\"d-block m-auto img-thumbnail\" src=\"https:\/\/tvc.mx\/media\/479236\/Starlight-Dahua.png\" alt=\" \" \/><\/div>\n<div class=\"col-md-7 text-md-left text-center\">\n<h2>Starlight<\/h2>\n<p class=\"text-muted\">\n<p>Para aplicaciones desafiantes con poca luz, la tecnolog\u00eda de luz ultrabaja Starlight de Dahua ofrece la mejor sensibilidad a la luz de su clase, capturando detalles de color con poca luz hasta 0.005 Lux. La c\u00e1mara utiliza un conjunto de funciones \u00f3pticas para equilibrar la luz en toda la escena, lo que da como resultado im\u00e1genes claras en entornos oscuros.<\/p>\n<p>&nbsp;<\/p>\n<\/div>\n<\/div>\n<hr class=\"padding-bottom-2x\" \/>\n<div class=\"row align-items-center padding-bottom-2x\">\n<div class=\"col-md-5 order-md-2\"><img decoding=\"async\" class=\"d-block m-auto img-thumbnail\" src=\"https:\/\/tvc.mx\/media\/479238\/PFA-Dahua.png\" alt=\" \" \/><\/div>\n<div class=\"col-md-7 order-md-1 text-md-left text-center\">\n<h2>Tecnolog\u00eda PFA<\/h2>\n<p class=\"text-muted\">\n<p>La tecnolog\u00eda PFA ha introducido de manera innovadora nuevos m\u00e9todos de juicio para garantizar la precisi\u00f3n y la previsibilidad de la direcci\u00f3n del ajuste de la distancia del sujeto. El resultado es un conjunto de algoritmos de enfoque avanzados. PFA garantiza la claridad de la imagen durante todo el proceso de zoom y acorta el tiempo de enfoque. La realizaci\u00f3n de la tecnolog\u00eda PFA mejora sustancialmente la experiencia del usuario y aumenta el valor del producto.<\/p>\n<p>&nbsp;<\/p>\n<\/div>\n<\/div>\n<hr class=\"padding-bottom-2x\" \/>\n<div class=\"row align-items-center padding-bottom-2x\">\n<div class=\"col-md-5\"><img decoding=\"async\" class=\"d-block m-auto img-thumbnail\" src=\"https:\/\/tvc.mx\/media\/479240\/WDR-Dahua.png\" alt=\" \" \/><\/div>\n<div class=\"col-md-7 text-md-left text-center\">\n<h2>Amplio Rango Din\u00e1mico<\/h2>\n<p class=\"text-muted\">\n<p>La c\u00e1mara logra im\u00e1genes v\u00edvidas, incluso en las condiciones de iluminaci\u00f3n de contraste m\u00e1s intensas, utilizando la tecnolog\u00eda de amplio rango din\u00e1mico (WDR) l\u00edder en la industria. Para aplicaciones con condiciones de iluminaci\u00f3n brillante y baja que cambian r\u00e1pidamente, True WDR (120 dB) optimiza las \u00e1reas brillantes y oscuras de una escena al mismo tiempo para proporcionar un video utilizable.<\/p>\n<p>&nbsp;<\/p>\n<\/div>\n<\/div>\n<hr class=\"padding-bottom-2x\" \/>\n<div class=\"row align-items-center padding-bottom-2x\">\n<div class=\"col-md-5 order-md-2\"><img decoding=\"async\" class=\"d-block m-auto img-thumbnail\" src=\"https:\/\/tvc.mx\/media\/479242\/camara-domo-ptz-antivandalica-2-megapixeles-starlight-SD52C232N-HC-LA-Dahua-caracteristicas.png\" alt=\" \" \/><\/div>\n<div class=\"col-md-7 order-md-1 text-md-left text-center\">\n<h2>Principales Caracter\u00edsticas<\/h2>\n<p class=\"text-muted\">\n<ul>\n<li>Potente zoom \u00f3ptico de 32x<\/li>\n<li>Tecnolog\u00eda Starlight<\/li>\n<li>WDR real de 120dB<\/li>\n<li>DNR 3D<\/li>\n<li>IK10<\/li>\n<\/ul>\n<p>&nbsp;<\/p>\n<\/div>\n<\/div>\n<hr class=\"padding-bottom-2x\" \/>\n<div class=\"row align-items-center padding-bottom-2x\">\n<div class=\"col-md-5\"><img decoding=\"async\" class=\"d-block m-auto img-thumbnail\" src=\"https:\/\/tvc.mx\/media\/479244\/camara-domo-ptz-antivandalica-2-megapixeles-starlight-SD52C232N-HC-LA-Dahua-especificaciones.png\" alt=\" \" \/><\/div>\n<div class=\"col-md-7 text-md-left text-center\">\n<h2>Especificaciones<\/h2>\n<p class=\"text-muted\">\n<ul>\n<li>CMOS STARVIS\u2122 de 1\/2,8&#8243;<\/li>\n<li>2 megap\u00edxeles<\/li>\n<li>Longitud focal 4,5 mm\u2013144 mm<\/li>\n<li>Pan: 0\u00b0 ~ 360\u00b0 sin fin; Inclinaci\u00f3n: 0\u00b0 ~ 90\u00b0, volteo autom\u00e1tico 180\u00b0<\/li>\n<li>Reducci\u00f3n de ruido 2D\/3D<\/li>\n<li>Zoom digital 16x<\/li>\n<li>Salida anal\u00f3gica 1 (salida CVBS\/CVI, puerto BNC)<\/li>\n<li>Fuente de alimentaci\u00f3n 24 V CC\/2,5 A \u00b1 25 %<\/li>\n<li>Proteccion IK10; TVS 6000V protecci\u00f3n contra rayos; protecci\u00f3n<\/li>\n<\/ul>\n<\/div>\n<\/div>\n","protected":false},"excerpt":{"rendered":"<p>Informaci\u00f3n General Con un potente zoom \u00f3ptico y un rendimiento preciso de giro\/inclinaci\u00f3n\/zoom, la c\u00e1mara PTZ puede proporcionar un amplio rango de monitoreo y gran detalle. La c\u00e1mara ofrece una resoluci\u00f3n de 1080P a 25\/30 fps, con zoom \u00f3ptico de 32x y tiene un excelente&hellip;<\/p>\n","protected":false},"featured_media":2794,"comment_status":"open","ping_status":"closed","template":"","meta":{"om_disable_all_campaigns":false,"_monsterinsights_skip_tracking":false,"_monsterinsights_sitenote_active":false,"_monsterinsights_sitenote_note":"","_monsterinsights_sitenote_category":0},"product_brand":[],"product_cat":[169],"product_tag":[42,165,166,151],"class_list":{"0":"post-2795","1":"product","2":"type-product","3":"status-publish","4":"has-post-thumbnail","6":"product_cat-ptz-camaras-cctv-hd","7":"product_tag-camaras","8":"product_tag-camaras-cctv-hd","9":"product_tag-cctv","10":"product_tag-seguridad","12":"first","13":"instock","14":"sale","15":"taxable","16":"shipping-taxable","17":"purchasable","18":"product-type-simple"},"aioseo_notices":[],"_links":{"self":[{"href":"https:\/\/tecsecmty.com\/index.php\/wp-json\/wp\/v2\/product\/2795","targetHints":{"allow":["GET"]}}],"collection":[{"href":"https:\/\/tecsecmty.com\/index.php\/wp-json\/wp\/v2\/product"}],"about":[{"href":"https:\/\/tecsecmty.com\/index.php\/wp-json\/wp\/v2\/types\/product"}],"replies":[{"embeddable":true,"href":"https:\/\/tecsecmty.com\/index.php\/wp-json\/wp\/v2\/comments?post=2795"}],"version-history":[{"count":0,"href":"https:\/\/tecsecmty.com\/index.php\/wp-json\/wp\/v2\/product\/2795\/revisions"}],"wp:featuredmedia":[{"embeddable":true,"href":"https:\/\/tecsecmty.com\/index.php\/wp-json\/wp\/v2\/media\/2794"}],"wp:attachment":[{"href":"https:\/\/tecsecmty.com\/index.php\/wp-json\/wp\/v2\/media?parent=2795"}],"wp:term":[{"taxonomy":"product_brand","embeddable":true,"href":"https:\/\/tecsecmty.com\/index.php\/wp-json\/wp\/v2\/product_brand?post=2795"},{"taxonomy":"product_cat","embeddable":true,"href":"https:\/\/tecsecmty.com\/index.php\/wp-json\/wp\/v2\/product_cat?post=2795"},{"taxonomy":"product_tag","embeddable":true,"href":"https:\/\/tecsecmty.com\/index.php\/wp-json\/wp\/v2\/product_tag?post=2795"}],"curies":[{"name":"wp","href":"https:\/\/api.w.org\/{rel}","templated":true}]}}