{"id":2799,"date":"2023-02-22T21:50:46","date_gmt":"2023-02-23T03:50:46","guid":{"rendered":"https:\/\/tecsecmty.com\/index.php\/producto\/dahua-sd22204igcpak-camara-mini-ptz-de-2-mp-hdcvi-4x-zoom-optico-con-brazo-de-pared-pfb203w-incluido\/"},"modified":"2023-03-22T23:23:07","modified_gmt":"2023-03-23T05:23:07","slug":"dahua-sd22204igcpak-camara-mini-ptz-de-2-mp-hdcvi-4x-zoom-optico-con-brazo-de-pared-pfb203w-incluido","status":"publish","type":"product","link":"https:\/\/tecsecmty.com\/index.php\/producto\/dahua-sd22204igcpak-camara-mini-ptz-de-2-mp-hdcvi-4x-zoom-optico-con-brazo-de-pared-pfb203w-incluido\/","title":{"rendered":"DAHUA SD22204IGCPAK &#8211; Camara mini PTZ de 2 MP HDCVI \/ 4X Zoom \u00f3ptico con brazo de pared PFB203W incluido"},"content":{"rendered":"<div class=\"row aling-items-center padding-bottom-2x\">\n<div class=\"col-lg-12\">\n<h5 class=\"card-title text-center\">Informaci\u00f3n General<\/h5>\n<p>El paquete SD222041GC consta de \u00a0una\u00a0mini c\u00e1mara domo de alta velocidad\u00a0<strong>antivand\u00e1lica (IK10)<\/strong>\u00a0con una excelente resoluci\u00f3n de\u00a0<strong>2 megap\u00edxeles (1080P)<\/strong>\u00a0en tecnolog\u00eda\u00a0<strong>HDCVI\u00a0<\/strong>e<strong>\u00a0instalaci\u00f3n en techo,<\/strong>\u00a0adem\u00e1s deun brazo de pared para c\u00e1maras domo de la marca Dahua<\/p>\n<p><img decoding=\"async\" class=\"overview-center-img-web\" src=\"https:\/\/tvc.mx\/media\/455676\/camara-mini-ptz-de-2-megapixeles-zoom-optico-4x-con-brazo-incluido-SD22204IGCPAK-dahua.png\" alt=\"\" \/><\/div>\n<\/div>\n<div class=\"row aling-items-center padding-bottom-2x\">\n<div class=\"col-lg-12\">\n<h5 class=\"card-title text-center\">Equipo Incluido<\/h5>\n<p>El paquete incluye:<\/p>\n<ul>\n<li>1x SD22204IGC &#8211; C\u00e1mara mini PTZ de 2 MP HDCVI<\/li>\n<li>1x PFB203W &#8211; Brazo de pared para c\u00e1maras domo DAHUA<\/li>\n<\/ul>\n<p><img decoding=\"async\" class=\"overview-center-img-web\" src=\"https:\/\/tvc.mx\/media\/111133\/Dahua-SD222041GC--camara-mini-ptz-HDCVI-1080p-Incluyel.png\" alt=\"\" \/><\/div>\n<\/div>\n<div class=\"row align-items-center padding-bottom-2x\">\n<div class=\"col-md-5\"><img decoding=\"async\" class=\"d-block m-auto img-thumbnail\" src=\"https:\/\/tvc.mx\/media\/111141\/Dahua-SD222041GC--camara-mini-ptz-HDCVI-1080p-zoom-4x.png\" alt=\" \" \/><\/div>\n<div class=\"col-md-7 text-md-left text-center\">\n<h2>SD22204I-GC<\/h2>\n<p class=\"text-muted\">\n<p>El modelo\u00a0<strong>SD22204IGC<\/strong>\u00a0es una\u00a0mini c\u00e1mara domo de alta velocidad\u00a0<strong>antivand\u00e1lica (IK10)<\/strong>\u00a0con una excelente resoluci\u00f3n de\u00a0<strong>2 megap\u00edxeles (1080P)<\/strong>\u00a0en tecnolog\u00eda\u00a0<strong>HDCVI\u00a0<\/strong>e<strong>\u00a0instalaci\u00f3n en techo.<\/strong>\u00a0Es compatible con los protocolos DH-SD (propietario de la marca DAHUA) con el cual se puede realizar la funci\u00f3n de posicionamiento inteligente 3D que facilita la operaci\u00f3n de la c\u00e1mara PTZ, adem\u00e1s de poder realizar la manipulaci\u00f3n de la c\u00e1mara mediante el mismo cable de video (coaxial o UTP) y Pelco-D y Pelco-P para la comunicaci\u00f3n RS485 de la PTZ (necesario cableado RS485).<\/p>\n<p>&nbsp;<\/p>\n<\/div>\n<\/div>\n<hr class=\"padding-bottom-2x\" \/>\n<div class=\"row align-items-center padding-bottom-2x\">\n<div class=\"col-md-5 order-md-2\"><img decoding=\"async\" class=\"d-block m-auto img-thumbnail\" src=\"https:\/\/tvc.mx\/media\/111169\/Dahua-PFB203W-brazo-de-pared-domo.png\" alt=\" \" \/><\/div>\n<div class=\"col-md-7 order-md-1 text-md-left text-center\">\n<h2>PFB203W<\/h2>\n<p class=\"text-muted\">\n<p>El\u00a0<strong>PFB203W<\/strong>\u00a0es un brazo de pared para c\u00e1maras domo de la marca Dahua, el brazo est\u00e1 construido de un material de aluminio\u00a0el cual le permite soportar hasta 1Kg de peso, sus medidas: 160 x 122 x 76mm.<\/p>\n<p>Compatible con m\u00faltiples modelos de c\u00e1maras domo Dahua, para una mejor recomendaci\u00f3n sugerimos revisar la lista de accesorios compatibles de dahua adjunta en los documentos.<\/p>\n<p>&nbsp;<\/p>\n<\/div>\n<\/div>\n<hr class=\"padding-bottom-2x\" \/>\n<div class=\"row align-items-center padding-bottom-2x\">\n<div class=\"col-md-5\"><img decoding=\"async\" class=\"d-block m-auto img-thumbnail\" src=\"https:\/\/tvc.mx\/media\/455679\/camara-mini-ptz-de-2-megapixeles-zoom-optico-4x-con-brazo-incluido-SD22204IGCPAK-dahua-caracteristicas.png\" alt=\" \" \/><\/div>\n<div class=\"col-md-7 text-md-left text-center\">\n<h2>Principales Caracter\u00edsticas<\/h2>\n<p class=\"text-muted\">\n<p><strong>C\u00e1mara mini PTZ<\/strong><\/p>\n<ul>\n<li>WDR &#8211; 120 dB &#8211; Amplio rango din\u00e1mico de la iluminaci\u00f3n<\/li>\n<li>2D-DNR, 3D-DNR &#8211; Reducci\u00f3n digital de ruido en la imagen<\/li>\n<li>F-DNR (Defog) &#8211; Reducci\u00f3n de ruido debido a las precipitaciones<\/li>\n<li>BLC\/HLC &#8211; compensaci\u00f3n de luz de fondo \/ luz alta<\/li>\n<li>Modo d\u00eda\/noche<\/li>\n<li>ICR &#8211; Filtro mec\u00e1nico de infrarrojos<\/li>\n<li>Balance de blancos autom\u00e1tico<\/li>\n<li>AGC &#8211; Ajuste autom\u00e1tico de la ganancia de la imagen<\/li>\n<\/ul>\n<p><strong>Brazo para pared<\/strong><\/p>\n<ul>\n<li>Material: Aluminio<\/li>\n<li>Soporte para montaje en pared<\/li>\n<li>Dise\u00f1o limpio e integrado<\/li>\n<\/ul>\n<p>&nbsp;<\/p>\n<\/div>\n<\/div>\n<hr class=\"padding-bottom-2x\" \/>\n<div class=\"row align-items-center padding-bottom-2x\">\n<div class=\"col-md-5 order-md-2\"><img decoding=\"async\" class=\"d-block m-auto img-thumbnail\" src=\"https:\/\/tvc.mx\/media\/455706\/camara-mini-ptz-de-2-megapixeles-zoom-optico-4x-con-brazo-incluido-SD22204IGCPAK-dahua-especificaciones.png\" alt=\" \" \/><\/div>\n<div class=\"col-md-7 order-md-1 text-md-left text-center\">\n<h2>Especificaciones<\/h2>\n<p class=\"text-muted\">\n<p><strong>C\u00e1mara mini domo<\/strong><\/p>\n<ul>\n<li>1\/2.8\u00a0\u00bb STARVIS\u2122 CMOS<\/li>\n<li>2 megap\u00edxeles<\/li>\n<li>Lente:2.7\u00a0-11\u00a0mm<\/li>\n<li>\u00c1ngulo de visi\u00f3n:113\u00a0\u00b0-30\u00a0\u00b0<\/li>\n<li>Zoom \u00f3ptico: x 4<\/li>\n<li>Zoom digital: x 16<\/li>\n<li>Salida de v\u00eddeo: AHD\u00a0\/\u00a0HD-CVI\u00a0\/\u00a0HD-TVI\u00a0\/\u00a0CVBS\u00a0: 1\u00a0Vpp\u00a075\u00a0\u03a9<\/li>\n<li>Alimentaci\u00f3n:12\u00a0V\u00a0DC<\/li>\n<li>Carcasa: Metal + Pl\u00e1stico<\/li>\n<li>Grado de protecci\u00f3n:IP66<\/li>\n<\/ul>\n<p><strong>Brazo para pared<\/strong><\/p>\n<ul>\n<li>Material: Aluminio<\/li>\n<li>Color: Blanco<\/li>\n<li>Peso: 0.506\u00a0kg<\/li>\n<li>Dimensiones:122\u00a0x 160\u00a0x 76\u00a0mm<\/li>\n<\/ul>\n<\/div>\n<\/div>\n","protected":false},"excerpt":{"rendered":"<p>Informaci\u00f3n General El paquete SD222041GC consta de \u00a0una\u00a0mini c\u00e1mara domo de alta velocidad\u00a0antivand\u00e1lica (IK10)\u00a0con una excelente resoluci\u00f3n de\u00a02 megap\u00edxeles (1080P)\u00a0en tecnolog\u00eda\u00a0HDCVI\u00a0e\u00a0instalaci\u00f3n en techo,\u00a0adem\u00e1s deun brazo de pared para c\u00e1maras domo de la marca Dahua Equipo Incluido El paquete incluye: 1x SD22204IGC &#8211; C\u00e1mara mini PTZ&hellip;<\/p>\n","protected":false},"featured_media":2798,"comment_status":"open","ping_status":"closed","template":"","meta":{"om_disable_all_campaigns":false,"_monsterinsights_skip_tracking":false,"_monsterinsights_sitenote_active":false,"_monsterinsights_sitenote_note":"","_monsterinsights_sitenote_category":0},"product_brand":[],"product_cat":[169],"product_tag":[42,165,166,151],"class_list":{"0":"post-2799","1":"product","2":"type-product","3":"status-publish","4":"has-post-thumbnail","6":"product_cat-ptz-camaras-cctv-hd","7":"product_tag-camaras","8":"product_tag-camaras-cctv-hd","9":"product_tag-cctv","10":"product_tag-seguridad","12":"first","13":"instock","14":"sale","15":"taxable","16":"shipping-taxable","17":"purchasable","18":"product-type-simple"},"aioseo_notices":[],"_links":{"self":[{"href":"https:\/\/tecsecmty.com\/index.php\/wp-json\/wp\/v2\/product\/2799","targetHints":{"allow":["GET"]}}],"collection":[{"href":"https:\/\/tecsecmty.com\/index.php\/wp-json\/wp\/v2\/product"}],"about":[{"href":"https:\/\/tecsecmty.com\/index.php\/wp-json\/wp\/v2\/types\/product"}],"replies":[{"embeddable":true,"href":"https:\/\/tecsecmty.com\/index.php\/wp-json\/wp\/v2\/comments?post=2799"}],"version-history":[{"count":0,"href":"https:\/\/tecsecmty.com\/index.php\/wp-json\/wp\/v2\/product\/2799\/revisions"}],"wp:featuredmedia":[{"embeddable":true,"href":"https:\/\/tecsecmty.com\/index.php\/wp-json\/wp\/v2\/media\/2798"}],"wp:attachment":[{"href":"https:\/\/tecsecmty.com\/index.php\/wp-json\/wp\/v2\/media?parent=2799"}],"wp:term":[{"taxonomy":"product_brand","embeddable":true,"href":"https:\/\/tecsecmty.com\/index.php\/wp-json\/wp\/v2\/product_brand?post=2799"},{"taxonomy":"product_cat","embeddable":true,"href":"https:\/\/tecsecmty.com\/index.php\/wp-json\/wp\/v2\/product_cat?post=2799"},{"taxonomy":"product_tag","embeddable":true,"href":"https:\/\/tecsecmty.com\/index.php\/wp-json\/wp\/v2\/product_tag?post=2799"}],"curies":[{"name":"wp","href":"https:\/\/api.w.org\/{rel}","templated":true}]}}