{"id":2801,"date":"2023-02-22T21:50:49","date_gmt":"2023-02-23T03:50:49","guid":{"rendered":"https:\/\/tecsecmty.com\/index.php\/producto\/dahua-sd22204in-gc-camara-ptz-mini-domo-antivandalica-de-2-megapixeles-4x-de-zoom-optico-wdr-real-120-db-metalica-ip66-ik10-starlight-hlc-3dnr\/"},"modified":"2023-03-22T23:23:07","modified_gmt":"2023-03-23T05:23:07","slug":"dahua-sd22204in-gc-camara-ptz-mini-domo-antivandalica-de-2-megapixeles-4x-de-zoom-optico-wdr-real-120-db-metalica-ip66-ik10-starlight-hlc-3dnr","status":"publish","type":"product","link":"https:\/\/tecsecmty.com\/index.php\/producto\/dahua-sd22204in-gc-camara-ptz-mini-domo-antivandalica-de-2-megapixeles-4x-de-zoom-optico-wdr-real-120-db-metalica-ip66-ik10-starlight-hlc-3dnr\/","title":{"rendered":"DAHUA SD22204IN-GC &#8211; Camara PTZ Mini Domo Antivandalica de 2 Megapixeles\/ 4X de Zoom Optico\/ WDR Real 120 dB\/ Metalica\/ IP66\/ IK10\/ Starlight\/ HLC\/ 3DNR\/"},"content":{"rendered":"<div class=\"row aling-items-center padding-bottom-2x\">\n<div class=\"col-lg-12\">\n<h5 class=\"card-title text-center\">Informaci\u00f3n General<\/h5>\n<p class=\"ql-align-justify\">El modelo\u00a0<strong>SD22204IGC<\/strong>\u00a0es una\u00a0mini c\u00e1mara domo de alta velocidad\u00a0<strong>antivand\u00e1lica (IK10)<\/strong>\u00a0con una excelente resoluci\u00f3n de\u00a0<strong>2 megap\u00edxeles (1080P)<\/strong>\u00a0en tecnolog\u00eda\u00a0<strong>HDCVI\u00a0<\/strong>e<strong>\u00a0instalaci\u00f3n en techo.<\/strong>\u00a0Es compatible con los protocolos DH-SD (propietario de la marca DAHUA) con el cual se puede realizar la funci\u00f3n de posicionamiento inteligente 3D que facilita la operaci\u00f3n de la c\u00e1mara PTZ, adem\u00e1s de poder realizar la manipulaci\u00f3n de la c\u00e1mara mediante el mismo cable de video (coaxial o UTP) y Pelco-D y Pelco-P para la comunicaci\u00f3n RS485 de la PTZ (necesario cableado RS485).<\/p>\n<h6 class=\"ql-align-justify\">Nota: No se recomienda el uso de tours o presets las 24 horas del d\u00eda, ya que esto reduce dram\u00e1ticamente el tiempo de vida de los componentes de la c\u00e1mara.<\/h6>\n<h5><\/h5>\n<p><img decoding=\"async\" class=\"overview-center-img-web\" src=\"https:\/\/tvc.mx\/media\/455820\/camara-ptz-mini-domo-vandalica-wdr-real-120-db-SD22204IN-GC-dahua.png\" alt=\"\" \/><\/div>\n<\/div>\n<div class=\"row align-items-center padding-bottom-2x\">\n<div class=\"col-md-5\"><img decoding=\"async\" class=\"d-block m-auto img-thumbnail\" src=\"https:\/\/tvc.mx\/media\/455823\/WDR-Dahua.png\" alt=\" \" \/><\/div>\n<div class=\"col-md-7 text-md-left text-center\">\n<h2>WDR real 120dB.<\/h2>\n<p class=\"text-muted\">\n<p>La c\u00e1mara logra obtener im\u00e1genes n\u00edtidas en escenarios donde hay variaci\u00f3n en las condiciones de iluminaci\u00f3n ya sea baja y\/o brillante, la funci\u00f3n WDR real120dB se encarga de medir, compensar y ajustar la luz en la imagen captada para despu\u00e9s combinar los espacios de luces brillantes con los espacios de sombras, creando un equilibrio en la imagen final.<\/p>\n<p>&nbsp;<\/p>\n<\/div>\n<\/div>\n<hr class=\"padding-bottom-2x\" \/>\n<div class=\"row align-items-center padding-bottom-2x\">\n<div class=\"col-md-5 order-md-2\"><img decoding=\"async\" class=\"d-block m-auto img-thumbnail\" src=\"https:\/\/tvc.mx\/media\/42213\/2.jpg\" alt=\" \" \/><\/div>\n<div class=\"col-md-7 order-md-1 text-md-left text-center\">\n<h2>Zoom 4X<\/h2>\n<p class=\"text-muted\">\n<p class=\"ql-align-justify\">La\u00a0c\u00e1mara\u00a0<strong>SD22204IGC<\/strong>\u00a0es una PTZ con un lente de\u00a0<strong>2.7mm~11mm<\/strong>\u00a0brindando un zoom \u00f3ptico de 4x, este zoom le permite tener una excelente vista para objetos o personas cercanas dependiendo de la ubicaci\u00f3n de la c\u00e1mara, considerando altura y ubicaci\u00f3n.<\/p>\n<p>&nbsp;<\/p>\n<\/div>\n<\/div>\n<hr class=\"padding-bottom-2x\" \/>\n<div class=\"row align-items-center padding-bottom-2x\">\n<div class=\"col-md-5\"><img decoding=\"async\" class=\"d-block m-auto img-thumbnail\" src=\"https:\/\/tvc.mx\/media\/42252\/4.jpg\" alt=\" \" \/><\/div>\n<div class=\"col-md-7 text-md-left text-center\">\n<h2>PTZ<\/h2>\n<p class=\"text-muted\">\n<p class=\"ql-align-justify\">La c\u00e1mara\u00a0<strong>SD22204IGC<\/strong>\u00a0cuenta con una velocidad de paneo\u00a0<strong>100 \u00b0<\/strong>\/segundo<strong>, 355\u00b0<\/strong>\u00a0de rotaci\u00f3n\u00a0(pan) y auto flip de 180\u00b0. Incluye potente\u00a0<strong>zoom \u00f3ptico 4x y 16x\u00a0<\/strong>\u00a0de zoom digital. Este producto tambi\u00e9n cuenta con la capacidad de configuraci\u00f3n de enmascaramiento de privacidad.<\/p>\n<p>&nbsp;<\/p>\n<\/div>\n<\/div>\n<hr class=\"padding-bottom-2x\" \/>\n<div class=\"row align-items-center padding-bottom-2x\">\n<div class=\"col-md-5 order-md-2\"><img decoding=\"async\" class=\"d-block m-auto img-thumbnail\" src=\"https:\/\/tvc.mx\/media\/455826\/camara-ptz-mini-domo-vandalica-wdr-real-120-db-SD22204IN-GC-dahua-caracteristicas.png\" alt=\" \" \/><\/div>\n<div class=\"col-md-7 order-md-1 text-md-left text-center\">\n<h2>Caracter\u00edsticas Principales<\/h2>\n<p class=\"text-muted\">\n<ul>\n<li>1\/2.7\u201d Exmor CMOS.<\/li>\n<li>Resoluci\u00f3n de\u00a02 megap\u00edxeles\u00a01080P@25\/30FPS, 720P@25\/30\/50\/60FPS.<\/li>\n<li>Zoom \u00f3ptico y digital<\/li>\n<li>WDR real 120 dB, HLC, BLC.<\/li>\n<li>Exterior IP66.<\/li>\n<li>Antivand\u00e1lica IK10.<\/li>\n<\/ul>\n<p>&nbsp;<\/p>\n<\/div>\n<\/div>\n<hr class=\"padding-bottom-2x\" \/>\n<div class=\"row align-items-center padding-bottom-2x\">\n<div class=\"col-md-5\"><img decoding=\"async\" class=\"d-block m-auto img-thumbnail\" src=\"https:\/\/tvc.mx\/media\/371903\/camara-ptz-mini-domo-antivandalica-especificaciones-SD22204IN-GC-dahua.png\" alt=\" \" \/><\/div>\n<div class=\"col-md-7 text-md-left text-center\">\n<h2>Especificaciones<\/h2>\n<p class=\"text-muted\">\n<ul>\n<li>Zoom \u00f3ptico de\u00a04x\u00a0(2.7~11mm)\u00a0y 16x zoom digital.<\/li>\n<li>Rango de giro\/inclinaci\u00f3n Panor\u00e1mica: 0\u00b0 ~ 355\u00b0; Inclinaci\u00f3n: 0\u00b0 ~ 90<\/li>\n<li>M\u00ednima iluminaci\u00f3n 0.05 lux (color), 0.005 lux\u00a0(B\/N).<\/li>\n<li>M\u00e1ximo\u00a0100\u00b0\/s\u00a0velocidad de paneo.<\/li>\n<li>Temperatura de operaci\u00f3n\u00a0-30\u00b0C ~ 60\u00b0C.<\/li>\n<li>Dimensiones \u03a6122 (mm) x 89 (mm)<\/li>\n<li>0.6 Kg.<\/li>\n<li>12VDC.<\/li>\n<\/ul>\n<\/div>\n<\/div>\n","protected":false},"excerpt":{"rendered":"<p>Informaci\u00f3n General El modelo\u00a0SD22204IGC\u00a0es una\u00a0mini c\u00e1mara domo de alta velocidad\u00a0antivand\u00e1lica (IK10)\u00a0con una excelente resoluci\u00f3n de\u00a02 megap\u00edxeles (1080P)\u00a0en tecnolog\u00eda\u00a0HDCVI\u00a0e\u00a0instalaci\u00f3n en techo.\u00a0Es compatible con los protocolos DH-SD (propietario de la marca DAHUA) con el cual se puede realizar la funci\u00f3n de posicionamiento inteligente 3D que facilita la&hellip;<\/p>\n","protected":false},"featured_media":2800,"comment_status":"open","ping_status":"closed","template":"","meta":{"om_disable_all_campaigns":false,"_monsterinsights_skip_tracking":false,"_monsterinsights_sitenote_active":false,"_monsterinsights_sitenote_note":"","_monsterinsights_sitenote_category":0},"product_brand":[],"product_cat":[169],"product_tag":[42,165,166,151],"class_list":{"0":"post-2801","1":"product","2":"type-product","3":"status-publish","4":"has-post-thumbnail","6":"product_cat-ptz-camaras-cctv-hd","7":"product_tag-camaras","8":"product_tag-camaras-cctv-hd","9":"product_tag-cctv","10":"product_tag-seguridad","12":"first","13":"instock","14":"sale","15":"taxable","16":"shipping-taxable","17":"purchasable","18":"product-type-simple"},"aioseo_notices":[],"_links":{"self":[{"href":"https:\/\/tecsecmty.com\/index.php\/wp-json\/wp\/v2\/product\/2801","targetHints":{"allow":["GET"]}}],"collection":[{"href":"https:\/\/tecsecmty.com\/index.php\/wp-json\/wp\/v2\/product"}],"about":[{"href":"https:\/\/tecsecmty.com\/index.php\/wp-json\/wp\/v2\/types\/product"}],"replies":[{"embeddable":true,"href":"https:\/\/tecsecmty.com\/index.php\/wp-json\/wp\/v2\/comments?post=2801"}],"version-history":[{"count":0,"href":"https:\/\/tecsecmty.com\/index.php\/wp-json\/wp\/v2\/product\/2801\/revisions"}],"wp:featuredmedia":[{"embeddable":true,"href":"https:\/\/tecsecmty.com\/index.php\/wp-json\/wp\/v2\/media\/2800"}],"wp:attachment":[{"href":"https:\/\/tecsecmty.com\/index.php\/wp-json\/wp\/v2\/media?parent=2801"}],"wp:term":[{"taxonomy":"product_brand","embeddable":true,"href":"https:\/\/tecsecmty.com\/index.php\/wp-json\/wp\/v2\/product_brand?post=2801"},{"taxonomy":"product_cat","embeddable":true,"href":"https:\/\/tecsecmty.com\/index.php\/wp-json\/wp\/v2\/product_cat?post=2801"},{"taxonomy":"product_tag","embeddable":true,"href":"https:\/\/tecsecmty.com\/index.php\/wp-json\/wp\/v2\/product_tag?post=2801"}],"curies":[{"name":"wp","href":"https:\/\/api.w.org\/{rel}","templated":true}]}}