{"id":2805,"date":"2023-02-22T21:50:53","date_gmt":"2023-02-23T03:50:53","guid":{"rendered":"https:\/\/tecsecmty.com\/index.php\/producto\/dahua-sd59232-hc-la-camara-ptz-de-32x-de-2-megapixeles-y-32x-de-zoom-optico-ir-de-150-mts-wdr-real-de-120db-starlight-ip66-1-entrada-de-audio-21-es-de-alarma\/"},"modified":"2023-03-22T23:23:08","modified_gmt":"2023-03-23T05:23:08","slug":"dahua-sd59232-hc-la-camara-ptz-de-32x-de-2-megapixeles-y-32x-de-zoom-optico-ir-de-150-mts-wdr-real-de-120db-starlight-ip66-1-entrada-de-audio-21-es-de-alarma","status":"publish","type":"product","link":"https:\/\/tecsecmty.com\/index.php\/producto\/dahua-sd59232-hc-la-camara-ptz-de-32x-de-2-megapixeles-y-32x-de-zoom-optico-ir-de-150-mts-wdr-real-de-120db-starlight-ip66-1-entrada-de-audio-21-es-de-alarma\/","title":{"rendered":"DAHUA SD59232-HC-LA &#8211; C\u00e1mara PTZ de 32x de 2 Megapixeles y 32x de Zoom Optico\/ IR de 150 Mts\/ WDR Real de 120dB\/ Starlight\/ IP66\/ 1 Entrada de Audio\/ 2&amp;1 E&amp;S de Alarma\/"},"content":{"rendered":"<div class=\"row aling-items-center padding-bottom-2x\">\n<div class=\"col-lg-12\">\n<h5 class=\"card-title text-center\">Informaci\u00f3n General.<\/h5>\n<p>Con un potente\u00a0<strong>zoom \u00f3ptico de 32x<\/strong>\u00a0y una alta precisi\u00f3n en todos sus movimientos, la c\u00e1mara\u00a0<strong>DH-SD59232-HC-LA<\/strong>\u00a0puede proporcionar un amplio rango de monitoreo y gran detalle. La c\u00e1mara ofrece una resoluci\u00f3n de hasta\u00a0<strong>1080p a 25\/30 fps o 720p a 25\/30\/60 fps<\/strong>; un excelente rendimiento con poca luz debido a que ha adoptado la \u00faltima\u00a0<strong>tecnolog\u00eda starlight<\/strong>. La PTZ DH-SD59232-HC-LA est\u00e1 equipado con control r\u00e1pido y suave,\u00a0<strong>imagen de alta calidad<\/strong>\u00a0y buena protecci\u00f3n, que hace que cumpla con la mayor\u00eda de los requisitos de los diferentes tipos de escenarios que se pueden encontrar.<\/p>\n<p><img decoding=\"async\" class=\"overview-center-img-web\" src=\"https:\/\/tvc.mx\/media\/407079\/CAMARA-VIDEO-VIGILANCIA-PTZ-HDCVI-2MP-32X-ZOOM-MARCA-DAHUA-b.png\" alt=\"\" \/><\/div>\n<\/div>\n<div class=\"row align-items-center padding-bottom-2x\">\n<div class=\"col-md-5\"><img decoding=\"async\" class=\"d-block m-auto img-thumbnail\" src=\"https:\/\/tvc.mx\/media\/407083\/PFA-Dahua.png\" alt=\" \" \/><\/div>\n<div class=\"col-md-7 text-md-left text-center\">\n<h2>PFA<\/h2>\n<p class=\"text-muted\">\n<p>La tecnolog\u00eda PFA\u00a0<strong>Predective Focus Algorithm (Algoritmo Predictivo de Enfoque)<\/strong>\u00a0ha introducido de una gran innovaci\u00f3n gracias a nuevos m\u00e9todos de juicio para garantizar la precisi\u00f3n y previsibilidad de la direcci\u00f3n del ajuste de la distancia del sujeto. El resultado es un conjunto de algoritmos de enfoque avanzados.\u00a0<strong>PFA garantiza la claridad de la imagen durante todo el proceso de zoom y acorta el tiempo de acercamiento o alejamiento del lente.<\/strong><\/p>\n<p>&nbsp;<\/p>\n<\/div>\n<\/div>\n<hr class=\"padding-bottom-2x\" \/>\n<div class=\"row align-items-center padding-bottom-2x\">\n<div class=\"col-md-5 order-md-2\"><img decoding=\"async\" class=\"d-block m-auto img-thumbnail\" src=\"https:\/\/tvc.mx\/media\/407087\/WDR-Dahua.png\" alt=\" \" \/><\/div>\n<div class=\"col-md-7 order-md-1 text-md-left text-center\">\n<h2>WDR<\/h2>\n<p class=\"text-muted\">\n<p>La tecnolog\u00eda PFA\u00a0<strong>Predective Focus Algorithm (Algoritmo Predictivo de Enfoque)<\/strong>\u00a0ha introducido de una gran innovaci\u00f3n gracias a nuevos m\u00e9todos de juicio para garantizar la precisi\u00f3n y previsibilidad de la direcci\u00f3n del ajuste de la distancia del sujeto. El resultado es un conjunto de algoritmos de enfoque avanzados.\u00a0<strong>PFA garantiza la claridad de la imagen durante todo el proceso de zoom y acorta el tiempo de acercamiento o alejamiento del lente.<\/strong><\/p>\n<p>&nbsp;<\/p>\n<\/div>\n<\/div>\n<hr class=\"padding-bottom-2x\" \/>\n<div class=\"row align-items-center padding-bottom-2x\">\n<div class=\"col-md-5\"><img decoding=\"async\" class=\"d-block m-auto img-thumbnail\" src=\"https:\/\/tvc.mx\/media\/407091\/Starlight-Dahua.png\" alt=\" \" \/><\/div>\n<div class=\"col-md-7 text-md-left text-center\">\n<h2>Tecnolog\u00eda Starlight.<\/h2>\n<p class=\"text-muted\">\n<p>Presentada con la tecnolog\u00eda Dahua Starlight, la c\u00e1mara es ideal para aplicaciones con condiciones de luz desafiantes.\u00a0<strong>Su rendimiento con poca luz ofrece videos utilizables con una luz ambiental m\u00ednima.<\/strong>\u00a0Incluso en condiciones de poca luz extrema, la tecnolog\u00eda Starlight es capaz de ofrecer im\u00e1genes en color en una oscuridad casi total.<\/p>\n<p>&nbsp;<\/p>\n<\/div>\n<\/div>\n<hr class=\"padding-bottom-2x\" \/>\n<div class=\"row align-items-center padding-bottom-2x\">\n<div class=\"col-md-5 order-md-2\"><img decoding=\"async\" class=\"d-block m-auto img-thumbnail\" src=\"https:\/\/tvc.mx\/media\/407095\/IP66-dahua.png\" alt=\" \" \/><\/div>\n<div class=\"col-md-7 order-md-1 text-md-left text-center\">\n<h2>Protecci\u00f3n IP66<\/h2>\n<p class=\"text-muted\">\n<p>La c\u00e1mara est\u00e1 dise\u00f1ada para entornos de temperaturas extremas. Sujeto y certificado a rigurosas pruebas de inmersi\u00f3n en agua y polvo, la clasificaci\u00f3n IP66 lo hace adecuado para aplicaciones exigentes al aire libre.<\/p>\n<p>&nbsp;<\/p>\n<\/div>\n<\/div>\n<hr class=\"padding-bottom-2x\" \/>\n<div class=\"row align-items-center padding-bottom-2x\">\n<div class=\"col-md-5\"><img decoding=\"async\" class=\"d-block m-auto img-thumbnail\" src=\"https:\/\/tvc.mx\/media\/407099\/CAMARA-VIDEO-VIGILANCIA-PTZ-HDCVI-2MP-32X-ZOOM-MARCA-DAHUA-caracteristicas.png\" alt=\" \" \/><\/div>\n<div class=\"col-md-7 text-md-left text-center\">\n<h2>Principales caracter\u00edsticas.<\/h2>\n<p class=\"text-muted\">\n<ul>\n<li>CMOS STARVIS \u2122 de 1 \/ 2.8 \u00aby 2 megap\u00edxeles<\/li>\n<li>Potente zoom \u00f3ptico de 32X<\/li>\n<li>Tecnolog\u00eda Starlight<\/li>\n<li>WDR real de 120dB, DNR 3D<\/li>\n<li>M\u00e1x. 25\/30 fps @ 1080P , 25\/30\/50\/60 fps @ 720P<\/li>\n<li>IP66<\/li>\n<\/ul>\n<p>&nbsp;<\/p>\n<\/div>\n<\/div>\n<hr class=\"padding-bottom-2x\" \/>\n<div class=\"row align-items-center padding-bottom-2x\">\n<div class=\"col-md-5 order-md-2\"><img decoding=\"async\" class=\"d-block m-auto img-thumbnail\" src=\"https:\/\/tvc.mx\/media\/407103\/CAMARA-VIDEO-VIGILANCIA-PTZ-HDCVI-2MP-32X-ZOOM-MARCA-DAHUA-especificaciones.png\" alt=\" \" \/><\/div>\n<div class=\"col-md-7 order-md-1 text-md-left text-center\">\n<h2>Incluye<\/h2>\n<p class=\"text-muted\">\n<ul>\n<li>CMOS STARVIS \u2122 de 1 \/ 2.8 \u00ab<\/li>\n<li>2 megap\u00edxeles<\/li>\n<li>Distancia de iluminaci\u00f3n: 150m<\/li>\n<li>Lente motorizado:4,5 mm \u2013 144 mm<\/li>\n<li>Zoom \u00f3ptico: 32x<\/li>\n<li>Pan: 0 \u00b0 \u2013360 \u00b0; Inclinaci\u00f3n: -15 \u00b0 &#8211; + 90 \u00b0; giro autom\u00e1tico 180 \u00b0<\/li>\n<li>BLC, WDR real 120dB, HLC<\/li>\n<li>Reducci\u00f3n de ruido: 2D\/3D<\/li>\n<li>Zoom digital: 16x<\/li>\n<li>Fuente de alimentaci\u00f3n DC24V \/ 2.5A<\/li>\n<li>IP66; Protecci\u00f3n contra rayos TVS 6000V; protecci\u00f3n contra sobretensiones<\/li>\n<\/ul>\n<\/div>\n<\/div>\n","protected":false},"excerpt":{"rendered":"<p>Informaci\u00f3n General. Con un potente\u00a0zoom \u00f3ptico de 32x\u00a0y una alta precisi\u00f3n en todos sus movimientos, la c\u00e1mara\u00a0DH-SD59232-HC-LA\u00a0puede proporcionar un amplio rango de monitoreo y gran detalle. La c\u00e1mara ofrece una resoluci\u00f3n de hasta\u00a01080p a 25\/30 fps o 720p a 25\/30\/60 fps; un excelente rendimiento con&hellip;<\/p>\n","protected":false},"featured_media":2804,"comment_status":"open","ping_status":"closed","template":"","meta":{"om_disable_all_campaigns":false,"_monsterinsights_skip_tracking":false,"_monsterinsights_sitenote_active":false,"_monsterinsights_sitenote_note":"","_monsterinsights_sitenote_category":0},"product_brand":[],"product_cat":[169],"product_tag":[42,165,166,151],"class_list":{"0":"post-2805","1":"product","2":"type-product","3":"status-publish","4":"has-post-thumbnail","6":"product_cat-ptz-camaras-cctv-hd","7":"product_tag-camaras","8":"product_tag-camaras-cctv-hd","9":"product_tag-cctv","10":"product_tag-seguridad","12":"first","13":"instock","14":"sale","15":"taxable","16":"shipping-taxable","17":"purchasable","18":"product-type-simple"},"aioseo_notices":[],"_links":{"self":[{"href":"https:\/\/tecsecmty.com\/index.php\/wp-json\/wp\/v2\/product\/2805","targetHints":{"allow":["GET"]}}],"collection":[{"href":"https:\/\/tecsecmty.com\/index.php\/wp-json\/wp\/v2\/product"}],"about":[{"href":"https:\/\/tecsecmty.com\/index.php\/wp-json\/wp\/v2\/types\/product"}],"replies":[{"embeddable":true,"href":"https:\/\/tecsecmty.com\/index.php\/wp-json\/wp\/v2\/comments?post=2805"}],"version-history":[{"count":0,"href":"https:\/\/tecsecmty.com\/index.php\/wp-json\/wp\/v2\/product\/2805\/revisions"}],"wp:featuredmedia":[{"embeddable":true,"href":"https:\/\/tecsecmty.com\/index.php\/wp-json\/wp\/v2\/media\/2804"}],"wp:attachment":[{"href":"https:\/\/tecsecmty.com\/index.php\/wp-json\/wp\/v2\/media?parent=2805"}],"wp:term":[{"taxonomy":"product_brand","embeddable":true,"href":"https:\/\/tecsecmty.com\/index.php\/wp-json\/wp\/v2\/product_brand?post=2805"},{"taxonomy":"product_cat","embeddable":true,"href":"https:\/\/tecsecmty.com\/index.php\/wp-json\/wp\/v2\/product_cat?post=2805"},{"taxonomy":"product_tag","embeddable":true,"href":"https:\/\/tecsecmty.com\/index.php\/wp-json\/wp\/v2\/product_tag?post=2805"}],"curies":[{"name":"wp","href":"https:\/\/api.w.org\/{rel}","templated":true}]}}