{"id":2810,"date":"2023-02-22T22:00:08","date_gmt":"2023-02-23T04:00:08","guid":{"rendered":"https:\/\/tecsecmty.com\/index.php\/producto\/dahua-dh-xvr4104c-x1-dvr-de-4-canales-1080p-lite-h-265-4-ch-1-canal-ip-hasta-5-canales-ip-p2p-1-puerto-sata-de-hasta-6tb-1-entrada-y-salida-de-audio-hdmi-y-vga-soporta-hdcvi-ahd-tvi-cvbs\/"},"modified":"2023-03-22T23:22:28","modified_gmt":"2023-03-23T05:22:28","slug":"dahua-dh-xvr4104c-x1-dvr-de-4-canales-1080p-lite-h-265-4-ch-1-canal-ip-hasta-5-canales-ip-p2p-1-puerto-sata-de-hasta-6tb-1-entrada-y-salida-de-audio-hdmi-y-vga-soporta-hdcvi-ahd-tvi-cvbs","status":"publish","type":"product","link":"https:\/\/tecsecmty.com\/index.php\/producto\/dahua-dh-xvr4104c-x1-dvr-de-4-canales-1080p-lite-h-265-4-ch-1-canal-ip-hasta-5-canales-ip-p2p-1-puerto-sata-de-hasta-6tb-1-entrada-y-salida-de-audio-hdmi-y-vga-soporta-hdcvi-ahd-tvi-cvbs\/","title":{"rendered":"DAHUA DH-XVR4104C-X1 &#8211; DVR de 4 Canales 1080p Lite\/ H.265+\/ 4 Ch + 1 Canal IP\/ Hasta 5 Canales IP\/ P2P\/ 1 Puerto SATA de Hasta 6TB\/ 1 Entrada y Salida de Audio\/ HDMI y VGA\/ Soporta: HDCVI\/AHD\/TVI\/CVBS\/IP\/ #LoNuevo"},"content":{"rendered":"<div class=\"row aling-items-center padding-bottom-2x\">\n<div class=\"col-lg-12\">\n<h5 class=\"card-title text-center\">Informaci\u00f3n general<\/h5>\n<h5 class=\"ql-align-justify\">Dado que los operadores de vigilancia buscan HD\/UHD, lo que aumenta a\u00fan m\u00e1s el costo de almacenamiento y transmisi\u00f3n, se ha lanzado HDCVI H.265+\/H.265 para disminuir incre\u00edblemente la tasa de bits requerida al tiempo que garantiza la calidad de video en la realizaci\u00f3n de vigilancia de alta resoluci\u00f3n como 4MP\/ 4K.<\/h5>\n<h5 class=\"ql-align-justify\">La serie Lite est\u00e1 dise\u00f1ada para un alto rendimiento y calidad. La gama ofrece una gran soluci\u00f3n para los usuarios que se enfrentan a restricciones presupuestarias y que requieren tanto calidad como rendimiento. Y con la adopci\u00f3n de Smart H.265+\/H.265, la serie mejora la eficiencia de codificaci\u00f3n, ahorra en costos de ancho de banda\/almacenamiento y reduce significativamente el costo total de propiedad (TCO).<\/h5>\n<p><img decoding=\"async\" class=\"overview-center-img-web\" src=\"https:\/\/tvc.mx\/media\/653582\/DAHUA-DH-XVR4104C-X1--DVR-4-Canales-1080p-Lite--%2B1-Canal-IP-H.265%2B-Hasta-5-Canales-IP-P2P-1-Puerto-banner-principal.png\" alt=\"\" \/><\/div>\n<\/div>\n<div class=\"row align-items-center padding-bottom-2x\">\n<div class=\"col-md-5\"><img decoding=\"async\" class=\"d-block m-auto img-thumbnail\" src=\"https:\/\/tvc.mx\/media\/653592\/h.265%2B.png\" alt=\" \" \/><\/div>\n<div class=\"col-md-7 text-md-left text-center\">\n<h2>Inteligente H.265+<\/h2>\n<p class=\"text-muted\">\n<h5 class=\"ql-align-justify\">Smart Codec, H.265+ puede reducir hasta un 90 % la tasa de bits y los requisitos de almacenamiento en comparaci\u00f3n con H.264 sin tener que invertir en nuevas c\u00e1maras.<\/h5>\n<p>&nbsp;<\/p>\n<\/div>\n<\/div>\n<hr class=\"padding-bottom-2x\" \/>\n<div class=\"row align-items-center padding-bottom-2x\">\n<div class=\"col-md-5 order-md-2\"><img decoding=\"async\" class=\"d-block m-auto img-thumbnail\" src=\"https:\/\/tvc.mx\/media\/653602\/DAHUA-DH-XVR4104C-X1--DVR-4-Canales-1080p-Lite--%2B1-Canal-IP-H.265%2B-Hasta-5-Canales-IP-P2P-1-Puerto-caracteristicas-principales1.png\" alt=\" \" \/><\/div>\n<div class=\"col-md-7 order-md-1 text-md-left text-center\">\n<h2>Caracter\u00edsticas Principales<\/h2>\n<p class=\"text-muted\">\n<h5 class=\"ql-align-justify\">\u00b7 Compresi\u00f3n de video de flujo dual H.265+\/H.265<\/h5>\n<h5 class=\"ql-align-justify\"><\/h5>\n<h5 class=\"ql-align-justify\">\u00b7 Admite entradas de video HDCVI\/AHD\/TVI\/CVBS\/IP<\/h5>\n<h5 class=\"ql-align-justify\"><\/h5>\n<h5 class=\"ql-align-justify\">\u00b7 Max entradas de c\u00e1mara IP de 5 canales, cada canal hasta 2MP; Ancho de banda entrante m\u00e1ximo de 20 Mbps<\/h5>\n<h5 class=\"ql-align-justify\"><\/h5>\n<h5 class=\"ql-align-justify\">\u00b7 Larga distancia de transmisi\u00f3n por cable coaxial<\/h5>\n<h5 class=\"ql-align-justify\"><\/h5>\n<h5 class=\"ql-align-justify\">\u00b7 Soporta 1 HDD SATA, hasta 6TB<\/h5>\n<p>&nbsp;<\/p>\n<\/div>\n<\/div>\n<hr class=\"padding-bottom-2x\" \/>\n<div class=\"row align-items-center padding-bottom-2x\">\n<div class=\"col-md-5\"><img decoding=\"async\" class=\"d-block m-auto img-thumbnail\" src=\"https:\/\/tvc.mx\/media\/653617\/DAHUA-DH-XVR4104C-X1--DVR-4-Canales-1080p-Lite--%2B1-Canal-IP-H.265%2B-Hasta-5-Canales-IP-P2P-1-Puerto-especificaciones-tecnicas.png\" alt=\" \" \/><\/div>\n<div class=\"col-md-7 text-md-left text-center\">\n<h2>Especificaciones T\u00e9cnicas<\/h2>\n<p class=\"text-muted\">\n<h5 class=\"ql-align-justify\">\u00b7\u00a0Procesador principal integrado<\/h5>\n<h5 class=\"ql-align-justify\"><\/h5>\n<h5 class=\"ql-align-justify\">\u00b7\u00a0Sistema operativo: Linux integrado<\/h5>\n<h5 class=\"ql-align-justify\"><\/h5>\n<h5 class=\"ql-align-justify\">\u00b7\u00a0Entrada de c\u00e1mara anal\u00f3gica: 4 canales, BNC<\/h5>\n<h5 class=\"ql-align-justify\"><\/h5>\n<h5 class=\"ql-align-justify\">\u00b7\u00a0C\u00e1mara HDCVI:<\/h5>\n<h5 class=\"ql-align-justify\"><\/h5>\n<h5 class=\"ql-align-justify\">\u00b7\u00a0C\u00e1mara AHD<\/h5>\n<h5 class=\"ql-align-justify\"><\/h5>\n<h5 class=\"ql-align-justify\">\u00b7\u00a0C\u00e1mara TVI:<\/h5>\n<h5 class=\"ql-align-justify\"><\/h5>\n<h5 class=\"ql-align-justify\">\u00b7\u00a0C\u00e1mara CVBS:<\/h5>\n<h5 class=\"ql-align-justify\"><\/h5>\n<h5 class=\"ql-align-justify\">\u00b7\u00a0Entada de c\u00e1mara IP:<\/h5>\n<h5 class=\"ql-align-justify\"><\/h5>\n<h5 class=\"ql-align-justify\">\u00b7\u00a0Entrada\/ salida de audio:<\/h5>\n<\/div>\n<\/div>\n","protected":false},"excerpt":{"rendered":"<p>Informaci\u00f3n general Dado que los operadores de vigilancia buscan HD\/UHD, lo que aumenta a\u00fan m\u00e1s el costo de almacenamiento y transmisi\u00f3n, se ha lanzado HDCVI H.265+\/H.265 para disminuir incre\u00edblemente la tasa de bits requerida al tiempo que garantiza la calidad de video en la realizaci\u00f3n&hellip;<\/p>\n","protected":false},"featured_media":2809,"comment_status":"open","ping_status":"closed","template":"","meta":{"om_disable_all_campaigns":false,"_monsterinsights_skip_tracking":false,"_monsterinsights_sitenote_active":false,"_monsterinsights_sitenote_note":"","_monsterinsights_sitenote_category":0},"product_brand":[],"product_cat":[171],"product_tag":[66,58,172,173],"class_list":{"0":"post-2810","1":"product","2":"type-product","3":"status-publish","4":"has-post-thumbnail","6":"product_cat-dvrs-hd-4-canales","7":"product_tag-dahua","8":"product_tag-dvr","9":"product_tag-dvr-dahua","10":"product_tag-videgrabadora-de-camaras","12":"first","13":"instock","14":"sale","15":"taxable","16":"shipping-taxable","17":"purchasable","18":"product-type-simple"},"aioseo_notices":[],"_links":{"self":[{"href":"https:\/\/tecsecmty.com\/index.php\/wp-json\/wp\/v2\/product\/2810","targetHints":{"allow":["GET"]}}],"collection":[{"href":"https:\/\/tecsecmty.com\/index.php\/wp-json\/wp\/v2\/product"}],"about":[{"href":"https:\/\/tecsecmty.com\/index.php\/wp-json\/wp\/v2\/types\/product"}],"replies":[{"embeddable":true,"href":"https:\/\/tecsecmty.com\/index.php\/wp-json\/wp\/v2\/comments?post=2810"}],"version-history":[{"count":0,"href":"https:\/\/tecsecmty.com\/index.php\/wp-json\/wp\/v2\/product\/2810\/revisions"}],"wp:featuredmedia":[{"embeddable":true,"href":"https:\/\/tecsecmty.com\/index.php\/wp-json\/wp\/v2\/media\/2809"}],"wp:attachment":[{"href":"https:\/\/tecsecmty.com\/index.php\/wp-json\/wp\/v2\/media?parent=2810"}],"wp:term":[{"taxonomy":"product_brand","embeddable":true,"href":"https:\/\/tecsecmty.com\/index.php\/wp-json\/wp\/v2\/product_brand?post=2810"},{"taxonomy":"product_cat","embeddable":true,"href":"https:\/\/tecsecmty.com\/index.php\/wp-json\/wp\/v2\/product_cat?post=2810"},{"taxonomy":"product_tag","embeddable":true,"href":"https:\/\/tecsecmty.com\/index.php\/wp-json\/wp\/v2\/product_tag?post=2810"}],"curies":[{"name":"wp","href":"https:\/\/api.w.org\/{rel}","templated":true}]}}