{"id":2814,"date":"2023-02-22T22:00:12","date_gmt":"2023-02-23T04:00:12","guid":{"rendered":"https:\/\/tecsecmty.com\/index.php\/producto\/dahua-xvr1b04-i-dvr-de-4-canales-1080p-lite-wizsense-cooper-i-h-265-4-canales1-ip-o-hasta-5-canales-ip-4-canales-con-smd-plus-busqueda-inteligente-humanos-y-vehiculos-codificacion-intelige\/"},"modified":"2023-03-22T23:23:12","modified_gmt":"2023-03-23T05:23:12","slug":"dahua-xvr1b04-i-dvr-de-4-canales-1080p-lite-wizsense-cooper-i-h-265-4-canales1-ip-o-hasta-5-canales-ip-4-canales-con-smd-plus-busqueda-inteligente-humanos-y-vehiculos-codificacion-intelige","status":"publish","type":"product","link":"https:\/\/tecsecmty.com\/index.php\/producto\/dahua-xvr1b04-i-dvr-de-4-canales-1080p-lite-wizsense-cooper-i-h-265-4-canales1-ip-o-hasta-5-canales-ip-4-canales-con-smd-plus-busqueda-inteligente-humanos-y-vehiculos-codificacion-intelige\/","title":{"rendered":"DAHUA XVR1B04-I &#8211; DVR de 4 Canales 1080p Lite\/ WizSense\/ Cooper-I\/ H.265+\/ 4 Canales+1 IP o Hasta 5 Canales IP\/ 4 Canales con SMD Plus\/ Busqueda Inteligente (Humanos y Vehiculos) Codificaci\u00f3n Inteligente\/ 1 Puerto Sata\/"},"content":{"rendered":"<div class=\"row aling-items-center padding-bottom-2x\">\n<div class=\"col-lg-12\">\n<h5 class=\"card-title text-center\">Informaci\u00f3n General<\/h5>\n<p>El DVR\u00a0<strong>COOPER XVR1B04-I\u00a0<\/strong>\u00a0es un DVR Penta-h\u00edbrido que soporta 5 tecnolog\u00edas diferentes: HDCVI \/AHD\/TVI\/CVBS\/IP, con lo cual es posible actualizar un sistema CCTV anterior o en su defecto utilizarlo para un sistema CCTV completamente nuevo. Este DVR soporta SMD Plus en sus 4 canales an\u00e1logos, permiti\u00e9ndonos tener .una detecci\u00f3n inteligente de movimiento.<\/p>\n<p><strong>*Las inteligencias se pierden al colocar un canal IP<\/strong><\/p>\n<p><img decoding=\"async\" class=\"overview-center-img-web\" src=\"https:\/\/tvc.mx\/media\/406955\/Dahua-DH-XVR1B04-I-Grabador-HDCVI-WizSense-1080N-Principal.png\" alt=\"\" \/><\/div>\n<\/div>\n<div class=\"row align-items-center padding-bottom-2x\">\n<div class=\"col-md-5\"><img decoding=\"async\" class=\"d-block m-auto img-thumbnail\" src=\"https:\/\/tvc.mx\/media\/406971\/puerto-extra-dahua.png\" alt=\" \" \/><\/div>\n<div class=\"col-md-7 text-md-left text-center\">\n<h2>Canal IP Adicional<\/h2>\n<p class=\"text-muted\">\n<p>El DVR\u00a0<strong>COOPER XVR1B04-I<\/strong>\u00a0cuenta con 1 canal IP adicional, el cual soporta c\u00e1maras IP de hasta 2MP de marcas como: Dahua, Arecont Vision, AXIS, Bosch, Brickcom, Canon, CP Plus, Dynacolor, Honeywell, Panasonic, Pelco, Samsung, Sanyo, Sony, Videotec, Vivotek, y m\u00e1s.<\/p>\n<p><strong>NOTA: Para las IP Fisheye de dahua u otras marcas, este DVR NO soporta la funci\u00f3n Dewarping.<\/strong><\/p>\n<p>&nbsp;<\/p>\n<\/div>\n<\/div>\n<hr class=\"padding-bottom-2x\" \/>\n<div class=\"row align-items-center padding-bottom-2x\">\n<div class=\"col-md-5 order-md-2\"><img decoding=\"async\" class=\"d-block m-auto img-thumbnail\" src=\"https:\/\/tvc.mx\/media\/406975\/larga-distancia-de-transmision-dahua.png\" alt=\" \" \/><\/div>\n<div class=\"col-md-7 order-md-1 text-md-left text-center\">\n<h2>Larga distancia de transmisi\u00f3n<\/h2>\n<p class=\"text-muted\">\n<p>Los sistemas de alta resoluci\u00f3n basados en HDCVI permite transmitir se\u00f1ales de v\u00eddeo en ultra resoluci\u00f3n (720P y 1080N) y control en un mismo cable coaxial. Otra caracter\u00edstica importante es la distancia de transmisi\u00f3n, al ser una se\u00f1al libre de interferencias, permite transmitir v\u00eddeo en distintas distancias.<\/p>\n<p>&nbsp;<\/p>\n<\/div>\n<\/div>\n<hr class=\"padding-bottom-2x\" \/>\n<div class=\"row align-items-center padding-bottom-2x\">\n<div class=\"col-md-5\"><img decoding=\"async\" class=\"d-block m-auto img-thumbnail\" src=\"https:\/\/tvc.mx\/media\/406979\/almacenamiento-Dahua.png\" alt=\" \" \/><\/div>\n<div class=\"col-md-7 text-md-left text-center\">\n<h2>Almacenamiento mas extenso<\/h2>\n<p class=\"text-muted\">\n<p>Cuenta con 1 puerto SATA por lo cual soporta hasta 6TB para almacenar grabaciones (capacidad m\u00e1xima del disco duro 6TB).<\/p>\n<p>&nbsp;<\/p>\n<\/div>\n<\/div>\n<hr class=\"padding-bottom-2x\" \/>\n<div class=\"row align-items-center padding-bottom-2x\">\n<div class=\"col-md-5 order-md-2\"><img decoding=\"async\" class=\"d-block m-auto img-thumbnail\" src=\"https:\/\/tvc.mx\/media\/406983\/tabla-de-compayibilidad-de-HDD-para-equipo-dahua.png\" alt=\" \" \/><\/div>\n<div class=\"col-md-7 order-md-1 text-md-left text-center\">\n<h2>Tabla de compatibilidad HDD<\/h2>\n<p class=\"text-muted\">\n<p>El almacenamiento es parte fundamental de un sistema de videovigilancia por tal motivo te recomendamos revisar nuestra lista de compatibilidad antes de seleccionar un disco duro (HDD).<\/p>\n<p><a href=\"https:\/\/foro.tvc.mx\/docs\/lista-compatibilidad-hdd\" target=\"_blank\" rel=\"noopener\">https:\/\/foro.tvc.mx\/docs\/lista-compatibilidad-hdd<\/a><\/p>\n<p>&nbsp;<\/p>\n<\/div>\n<\/div>\n<hr class=\"padding-bottom-2x\" \/>\n<div class=\"row align-items-center padding-bottom-2x\">\n<div class=\"col-md-5\"><img decoding=\"async\" class=\"d-block m-auto img-thumbnail\" src=\"https:\/\/tvc.mx\/media\/406987\/Dahua-DH-XVR1B04-I-Grabador-HDCVI-WizSense-1080N-caracteristicas.png\" alt=\" \" \/><\/div>\n<div class=\"col-md-7 text-md-left text-center\">\n<h2>Principales Caracter\u00edsticas<\/h2>\n<p class=\"text-muted\">\n<ul>\n<li>Compresi\u00f3n de video de doble flujo H.265 + \/ H.265<\/li>\n<li>Admite codificaci\u00f3n AI de canal completo \u00b7 Admite entradas de video HDCVI \/ AHD \/ TVI \/ CVBS \/ IP<\/li>\n<li>Entradas de c\u00e1mara IP de 5 canales como m\u00e1ximo, cada canal hasta 2MP; Ancho de banda entrante m\u00e1ximo de 20 Mbps<\/li>\n<li>Transmisi\u00f3n de video de hasta 4 canales (canal anal\u00f3gico) SMD Plus<\/li>\n<\/ul>\n<p>&nbsp;<\/p>\n<\/div>\n<\/div>\n<hr class=\"padding-bottom-2x\" \/>\n<div class=\"row align-items-center padding-bottom-2x\">\n<div class=\"col-md-5 order-md-2\"><img decoding=\"async\" class=\"d-block m-auto img-thumbnail\" src=\"https:\/\/tvc.mx\/media\/406991\/Dahua-XVR1B08H-I-Grabador-8-Canales-Inteligencia-imagen-principal-especificaciones.png\" alt=\" \" \/><\/div>\n<div class=\"col-md-7 order-md-1 text-md-left text-center\">\n<h2>Especificaciones<\/h2>\n<p class=\"text-muted\">\n<ul>\n<li>Entradas de v\u00eddeo: 4\u00a0uds.\u00a0BNC\u00a0&#8211;\u00a0AHD\u00a0\/\u00a0HD-CVI\u00a0\/\u00a0HD-TVI\u00a0\/\u00a0CVBS<\/li>\n<li>Salidas de v\u00eddeo:1xHDMI; 1xVGA<\/li>\n<li>Entradas de audio:4\u00a0x Soporte para audio a trav\u00e9s del cable coaxial, s\u00f3lo HD-CVI<\/li>\n<li>M\u00e9todo de compresi\u00f3n de im\u00e1genes: AI Coding \/ H.265+ \/\u00a0H.265\u00a0\/ H.264+ \/\u00a0H.264<\/li>\n<li>Resoluciones de la imagen grabada: AHD\u00a0\/\u00a0HD-CVI\u00a0\/\u00a0HD-TVI: 1080N &#8211; 960 x 1080; 720p\u00a0&#8211; 1280 x 720; CVBS\u00a0: 960H\u00a0&#8211; 960 x 576; IP: 1080p\u00a0&#8211; 1920 x 1080<\/li>\n<li>Discos duros compatibles:1\u00a0x 6\u00a0TB<\/li>\n<li>B\u00fasqueda y reproducci\u00f3n de grabaciones: B\u00fasqueda de grabaciones por tiempo + l\u00ednea de tiempo con el tipo de grabaci\u00f3n. Reproducci\u00f3n: hacia adelante, modo r\u00e1pido, modo lento, por pasos. B\u00fasqueda avanzada (con la precisi\u00f3n de un segundo)<\/li>\n<li>2 x\u00a0USB 2.0<\/li>\n<li>Alimentaci\u00f3n:12\u00a0V\u00a0DC\u00a0\/ 1.5\u00a0A<\/li>\n<\/ul>\n<p>&nbsp;<\/p>\n<\/div>\n<\/div>\n<hr class=\"padding-bottom-2x\" \/>\n<div class=\"row align-items-center padding-bottom-2x\">\n<div class=\"col-md-5\"><img decoding=\"async\" class=\"d-block m-auto img-thumbnail\" src=\"https:\/\/tvc.mx\/media\/406995\/Dahua.png\" alt=\" \" \/><\/div>\n<div class=\"col-md-7 text-md-left text-center\">\n<h2>Incluye<\/h2>\n<p class=\"text-muted\">\n<ul>\n<li>Fuente 12v \/ 2A<\/li>\n<li>Tornillos para montaje de HDD<\/li>\n<li>Mouse<\/li>\n<li>Cable SATA<\/li>\n<\/ul>\n<\/div>\n<\/div>\n","protected":false},"excerpt":{"rendered":"<p>Informaci\u00f3n General El DVR\u00a0COOPER XVR1B04-I\u00a0\u00a0es un DVR Penta-h\u00edbrido que soporta 5 tecnolog\u00edas diferentes: HDCVI \/AHD\/TVI\/CVBS\/IP, con lo cual es posible actualizar un sistema CCTV anterior o en su defecto utilizarlo para un sistema CCTV completamente nuevo. Este DVR soporta SMD Plus en sus 4 canales&hellip;<\/p>\n","protected":false},"featured_media":2813,"comment_status":"open","ping_status":"closed","template":"","meta":{"om_disable_all_campaigns":false,"_monsterinsights_skip_tracking":false,"_monsterinsights_sitenote_active":false,"_monsterinsights_sitenote_note":"","_monsterinsights_sitenote_category":0},"product_brand":[],"product_cat":[171],"product_tag":[66,58,172,173],"class_list":{"0":"post-2814","1":"product","2":"type-product","3":"status-publish","4":"has-post-thumbnail","6":"product_cat-dvrs-hd-4-canales","7":"product_tag-dahua","8":"product_tag-dvr","9":"product_tag-dvr-dahua","10":"product_tag-videgrabadora-de-camaras","12":"first","13":"instock","14":"sale","15":"taxable","16":"shipping-taxable","17":"purchasable","18":"product-type-simple"},"aioseo_notices":[],"_links":{"self":[{"href":"https:\/\/tecsecmty.com\/index.php\/wp-json\/wp\/v2\/product\/2814","targetHints":{"allow":["GET"]}}],"collection":[{"href":"https:\/\/tecsecmty.com\/index.php\/wp-json\/wp\/v2\/product"}],"about":[{"href":"https:\/\/tecsecmty.com\/index.php\/wp-json\/wp\/v2\/types\/product"}],"replies":[{"embeddable":true,"href":"https:\/\/tecsecmty.com\/index.php\/wp-json\/wp\/v2\/comments?post=2814"}],"version-history":[{"count":0,"href":"https:\/\/tecsecmty.com\/index.php\/wp-json\/wp\/v2\/product\/2814\/revisions"}],"wp:featuredmedia":[{"embeddable":true,"href":"https:\/\/tecsecmty.com\/index.php\/wp-json\/wp\/v2\/media\/2813"}],"wp:attachment":[{"href":"https:\/\/tecsecmty.com\/index.php\/wp-json\/wp\/v2\/media?parent=2814"}],"wp:term":[{"taxonomy":"product_brand","embeddable":true,"href":"https:\/\/tecsecmty.com\/index.php\/wp-json\/wp\/v2\/product_brand?post=2814"},{"taxonomy":"product_cat","embeddable":true,"href":"https:\/\/tecsecmty.com\/index.php\/wp-json\/wp\/v2\/product_cat?post=2814"},{"taxonomy":"product_tag","embeddable":true,"href":"https:\/\/tecsecmty.com\/index.php\/wp-json\/wp\/v2\/product_tag?post=2814"}],"curies":[{"name":"wp","href":"https:\/\/api.w.org\/{rel}","templated":true}]}}