{"id":2816,"date":"2023-02-22T22:00:14","date_gmt":"2023-02-23T04:00:14","guid":{"rendered":"https:\/\/tecsecmty.com\/index.php\/producto\/dahua-xvr1b04h-i-dvr-de-4-canales-5-megapixeles-lite-wizsense-cooper-i-h-265-4-canales2-ip-o-hasta-6-canales-ip-4-canales-con-smd-plus-busqueda-inteligente-humanos-y-vehiculos-codificacio\/"},"modified":"2023-03-22T23:23:12","modified_gmt":"2023-03-23T05:23:12","slug":"dahua-xvr1b04h-i-dvr-de-4-canales-5-megapixeles-lite-wizsense-cooper-i-h-265-4-canales2-ip-o-hasta-6-canales-ip-4-canales-con-smd-plus-busqueda-inteligente-humanos-y-vehiculos-codificacio","status":"publish","type":"product","link":"https:\/\/tecsecmty.com\/index.php\/producto\/dahua-xvr1b04h-i-dvr-de-4-canales-5-megapixeles-lite-wizsense-cooper-i-h-265-4-canales2-ip-o-hasta-6-canales-ip-4-canales-con-smd-plus-busqueda-inteligente-humanos-y-vehiculos-codificacio\/","title":{"rendered":"DAHUA XVR1B04H-I &#8211; DVR de 4 Canales 5 Megapixeles Lite\/ WizSense\/ Cooper-I\/ H.265+\/ 4 Canales+2 IP o Hasta 6 Canales IP\/ 4 Canales con SMD Plus\/ Busqueda Inteligente (Humanos y Vehiculos)\/ Codificaci\u00f3n Inteligente\/ 1 Puerto Sata 6TB\/"},"content":{"rendered":"<div class=\"row aling-items-center padding-bottom-2x\">\n<div class=\"col-lg-12\">\n<h5 class=\"card-title text-center\">Informaci\u00f3n General<\/h5>\n<p>El\u00a0<strong>XVR1B04H-I<\/strong>\u00a0es un\u00a0<strong>DVR\u00a0Cooper\u00a0<\/strong>con\u00a0<strong>SMD Plus\u00a0<\/strong>que pertenece a la serie\u00a0<strong>WizSense<\/strong>\u00a0con\u00a0<strong>Inteligencia Artificial<\/strong>, est\u00e1 dise\u00f1ado para reducir las tasas de falsas alarmas y los costos de vigilancia humana, lo que brinda un gran valor a los clientes en busca de productos con alarma precisa para personas \/ veh\u00edculos para elevar el nivel de seguridad de varias instalaciones interiores y exteriores.\u00a0Este grabador soporta<strong>\u00a04\u00a0canales HDCVI 5MP Lite<\/strong>\u00a0m\u00e1s\u00a0<strong>2 canales IP<\/strong>\u00a0( 6Mp m\u00e1ximo )\u00a0<strong>4 canales SMD Plus<\/strong>\u00a0y una\u00a0codificaci\u00f3n inteligente\u00a0en sus 8 canales.<\/p>\n<p><strong>*Las inteligencias se pierden al colocar un canal IP<\/strong><\/p>\n<p><img decoding=\"async\" class=\"overview-center-img-web\" src=\"https:\/\/tvc.mx\/media\/406767\/Dahua-XVR1B04H-I-Grabador-8-Canales-Inteligencia-imgpal.png\" alt=\"\" \/><\/div>\n<\/div>\n<div class=\"row align-items-center padding-bottom-2x\">\n<div class=\"col-md-5 order-md-2\"><img decoding=\"async\" class=\"d-block m-auto img-thumbnail\" src=\"https:\/\/tvc.mx\/media\/406771\/codificacion-de-video-inteligente-dahua.png\" alt=\" \" \/><\/div>\n<div class=\"col-md-7 order-md-1 text-md-left text-center\">\n<h2>Codificaci\u00f3n de Video Inteligente<\/h2>\n<p class=\"text-muted\">\n<p>El grabador\u00a0<strong>XVR1B04H-I<\/strong>\u00a0con su chip de inteligencia artificial permite tener una\u00a0<strong>codificaci\u00f3n de video inteligente<\/strong>, realizando el reconocimiento de las personas y veh\u00edculos en movimiento, si no hay personas o veh\u00edculos en la imagen reduce el ancho de banda de inmediato. El c\u00f3dec AI puede\u00a0<strong>reducir hasta un 50%<\/strong>\u00a0la tasa de bits y requisitos de almacenamiento sin perder la compatibilidad de decodificaci\u00f3n.<\/p>\n<p>&nbsp;<\/p>\n<\/div>\n<\/div>\n<hr class=\"padding-bottom-2x\" \/>\n<div class=\"row align-items-center padding-bottom-2x\">\n<div class=\"col-md-5\"><img decoding=\"async\" class=\"d-block m-auto img-thumbnail\" src=\"https:\/\/tvc.mx\/media\/406775\/codificacion-h.265-dahua.png\" alt=\" \" \/><\/div>\n<div class=\"col-md-7 text-md-left text-center\">\n<h2>Compresi\u00f3n H.265+<\/h2>\n<p class=\"text-muted\">\n<p>Smart H.265 +\u00a0es la implementaci\u00f3n optimizada del c\u00f3dec H.265 que utiliza una estrategia de codificaci\u00f3n adaptada a la escena, GOP din\u00e1mico, ROI din\u00e1mico,Flexible estructura de referencia multi-trama y reducci\u00f3n inteligente de ruido para ofrecer video de alta calidad sin forzar la red. La tecnolog\u00eda Smart H.265 + reduce la velocidad de bits y los requisitos de almacenamiento hasta en un 70% en comparaci\u00f3n con la compresi\u00f3n est\u00e1ndar de video H.265.<\/p>\n<p>&nbsp;<\/p>\n<\/div>\n<\/div>\n<hr class=\"padding-bottom-2x\" \/>\n<div class=\"row align-items-center padding-bottom-2x\">\n<div class=\"col-md-5 order-md-2\"><img decoding=\"async\" class=\"d-block m-auto img-thumbnail\" src=\"https:\/\/tvc.mx\/media\/406779\/SMD-plus-Dahua.png\" alt=\" \" \/><\/div>\n<div class=\"col-md-7 order-md-1 text-md-left text-center\">\n<h2>SMD Plus<\/h2>\n<p class=\"text-muted\">\n<p>El grabador\u00a0<strong>XVR1B04H-I\u00a0<\/strong>incorpora la funci\u00f3n denominada\u00a0<strong>Smart Motion Detection Plus<\/strong>, que es una actualizaci\u00f3n de la versi\u00f3n de SMD que mejora en gran medida la precisi\u00f3n de la alarma al cargar algoritmos de aprendizaje profundo. Analiza formas de personas y veh\u00edculos basado en la detecci\u00f3n de movimiento y env\u00edos de alarmas solo cuando la persona y el veh\u00edculo se detecten.<\/p>\n<p>&nbsp;<\/p>\n<\/div>\n<\/div>\n<hr class=\"padding-bottom-2x\" \/>\n<div class=\"row align-items-center padding-bottom-2x\">\n<div class=\"col-md-5\"><img decoding=\"async\" class=\"d-block m-auto img-thumbnail\" src=\"https:\/\/tvc.mx\/media\/406783\/tabla-de-compayibilidad-de-HDD-para-equipo-dahua.png\" alt=\" \" \/><\/div>\n<div class=\"col-md-7 text-md-left text-center\">\n<h2>Tabla de compatibilidad HDD<\/h2>\n<p class=\"text-muted\">\n<p>El almacenamiento es parte fundamental de un sistema de videovigilancia por tal motivo te recomendamos revisar nuestra lista de compatibilidad antes de seleccionar un disco duro (HDD).<\/p>\n<p>https:\/\/foro.tvc.mx\/docs\/lista-compatibilidad-hdd<\/p>\n<p>&nbsp;<\/p>\n<\/div>\n<\/div>\n<hr class=\"padding-bottom-2x\" \/>\n<div class=\"row align-items-center padding-bottom-2x\">\n<div class=\"col-md-5 order-md-2\"><img decoding=\"async\" class=\"d-block m-auto img-thumbnail\" src=\"https:\/\/tvc.mx\/media\/406787\/Dahua-XVR1B08H-I-Grabador-8-Canales-Inteligencia-imagen-principal-caracteristicas.png\" alt=\" \" \/><\/div>\n<div class=\"col-md-7 order-md-1 text-md-left text-center\">\n<h2>Principales Caracter\u00edsticas<\/h2>\n<p class=\"text-muted\">\n<ul>\n<li>Compresi\u00f3n de video de doble flujo H.265 + \/ H.265<\/li>\n<li>Admite codificaci\u00f3n AI de canal completo<\/li>\n<li>Admite entradas de video HDCVI \/ AHD \/ TVI \/ CVBS \/ IP<\/li>\n<li>Entradas de c\u00e1mara IP de 6 canales como m\u00e1ximo, cada canal hasta 6MP; Ancho de banda entrante m\u00e1ximo de 32 Mbps<\/li>\n<li>Transmisi\u00f3n de video de hasta 4 canales (canal anal\u00f3gico) SMD Plus<\/li>\n<\/ul>\n<p>&nbsp;<\/p>\n<\/div>\n<\/div>\n<hr class=\"padding-bottom-2x\" \/>\n<div class=\"row align-items-center padding-bottom-2x\">\n<div class=\"col-md-5\"><img decoding=\"async\" class=\"d-block m-auto img-thumbnail\" src=\"https:\/\/tvc.mx\/media\/406791\/Dahua-XVR1B08H-I-Grabador-8-Canales-Inteligencia-imagen-principal-especificaciones.png\" alt=\" \" \/><\/div>\n<div class=\"col-md-7 text-md-left text-center\">\n<h2>Especificaciones<\/h2>\n<p class=\"text-muted\">\n<ul>\n<li>Compresi\u00f3n de video de doble flujo H.265 + \/ H.265.<\/li>\n<li>Admite codificaci\u00f3n AI de canal completo.<\/li>\n<li>Admite entradas de video HDCVI \/ AHD \/ TVI \/ CVBS \/ IP.<\/li>\n<li>Soporta hasta 5MP Lite en c\u00e1maras HDCVI.<\/li>\n<li>Se pueden agregar hasta 2 c\u00e1maras IP ( 6Mp m\u00e1ximo ).<\/li>\n<li>Larga distancia de transmisi\u00f3n por cable coaxial.<\/li>\n<li>Soporta hasta 4 canales SMD Plus.<\/li>\n<li>Codificaci\u00f3n Inteligente.<\/li>\n<li>Interfaz monitor 1 HDMI, 1 VGA.<\/li>\n<li>Interfaz red 1 puerto RJ-45 (100 MB).<\/li>\n<li>Max. Acceso de usuario 128.<\/li>\n<li>1 puerto SATA, hasta 6 TB de capacidad.<\/li>\n<li>Peso Neto sin Disco Duro\u00a00.57 kg.<\/li>\n<li>Dimensiones 198.3 mm \u00d7 203.4 mm \u00d7 41.5 mm.<\/li>\n<\/ul>\n<p>&nbsp;<\/p>\n<\/div>\n<\/div>\n<hr class=\"padding-bottom-2x\" \/>\n<div class=\"row align-items-center padding-bottom-2x\">\n<div class=\"col-md-5 order-md-2\"><img decoding=\"async\" class=\"d-block m-auto img-thumbnail\" src=\"https:\/\/tvc.mx\/media\/406795\/Dahua.png\" alt=\" \" \/><\/div>\n<div class=\"col-md-7 order-md-1 text-md-left text-center\">\n<h2>Incluye<\/h2>\n<p class=\"text-muted\">\n<ul>\n<li>Fuente 12v \/ 2A<\/li>\n<li>Tornillos para montaje de HDD<\/li>\n<li>Mouse<\/li>\n<li>Cable SATA<\/li>\n<\/ul>\n<\/div>\n<\/div>\n","protected":false},"excerpt":{"rendered":"<p>Informaci\u00f3n General El\u00a0XVR1B04H-I\u00a0es un\u00a0DVR\u00a0Cooper\u00a0con\u00a0SMD Plus\u00a0que pertenece a la serie\u00a0WizSense\u00a0con\u00a0Inteligencia Artificial, est\u00e1 dise\u00f1ado para reducir las tasas de falsas alarmas y los costos de vigilancia humana, lo que brinda un gran valor a los clientes en busca de productos con alarma precisa para personas \/ veh\u00edculos&hellip;<\/p>\n","protected":false},"featured_media":2815,"comment_status":"open","ping_status":"closed","template":"","meta":{"om_disable_all_campaigns":false,"_monsterinsights_skip_tracking":false,"_monsterinsights_sitenote_active":false,"_monsterinsights_sitenote_note":"","_monsterinsights_sitenote_category":0},"product_brand":[],"product_cat":[171],"product_tag":[66,58,172,173],"class_list":{"0":"post-2816","1":"product","2":"type-product","3":"status-publish","4":"has-post-thumbnail","6":"product_cat-dvrs-hd-4-canales","7":"product_tag-dahua","8":"product_tag-dvr","9":"product_tag-dvr-dahua","10":"product_tag-videgrabadora-de-camaras","12":"first","13":"instock","14":"sale","15":"taxable","16":"shipping-taxable","17":"purchasable","18":"product-type-simple"},"aioseo_notices":[],"_links":{"self":[{"href":"https:\/\/tecsecmty.com\/index.php\/wp-json\/wp\/v2\/product\/2816","targetHints":{"allow":["GET"]}}],"collection":[{"href":"https:\/\/tecsecmty.com\/index.php\/wp-json\/wp\/v2\/product"}],"about":[{"href":"https:\/\/tecsecmty.com\/index.php\/wp-json\/wp\/v2\/types\/product"}],"replies":[{"embeddable":true,"href":"https:\/\/tecsecmty.com\/index.php\/wp-json\/wp\/v2\/comments?post=2816"}],"version-history":[{"count":0,"href":"https:\/\/tecsecmty.com\/index.php\/wp-json\/wp\/v2\/product\/2816\/revisions"}],"wp:featuredmedia":[{"embeddable":true,"href":"https:\/\/tecsecmty.com\/index.php\/wp-json\/wp\/v2\/media\/2815"}],"wp:attachment":[{"href":"https:\/\/tecsecmty.com\/index.php\/wp-json\/wp\/v2\/media?parent=2816"}],"wp:term":[{"taxonomy":"product_brand","embeddable":true,"href":"https:\/\/tecsecmty.com\/index.php\/wp-json\/wp\/v2\/product_brand?post=2816"},{"taxonomy":"product_cat","embeddable":true,"href":"https:\/\/tecsecmty.com\/index.php\/wp-json\/wp\/v2\/product_cat?post=2816"},{"taxonomy":"product_tag","embeddable":true,"href":"https:\/\/tecsecmty.com\/index.php\/wp-json\/wp\/v2\/product_tag?post=2816"}],"curies":[{"name":"wp","href":"https:\/\/api.w.org\/{rel}","templated":true}]}}