{"id":2820,"date":"2023-02-22T22:00:18","date_gmt":"2023-02-23T04:00:18","guid":{"rendered":"https:\/\/tecsecmty.com\/index.php\/producto\/dahua-xvr5104hs-4kl-i2-i3-dvr-de-4-canales-4k-wizsense-h-265-4-canales-hdcvi4-ip-hasta-8-ch-ip-1-ch-de-reconocimiento-facial-sdm-plus-1-ch-proteccion-perimetral-1-sata-de-hasta-10tb-sop\/"},"modified":"2023-03-22T23:23:12","modified_gmt":"2023-03-23T05:23:12","slug":"dahua-xvr5104hs-4kl-i2-i3-dvr-de-4-canales-4k-wizsense-h-265-4-canales-hdcvi4-ip-hasta-8-ch-ip-1-ch-de-reconocimiento-facial-sdm-plus-1-ch-proteccion-perimetral-1-sata-de-hasta-10tb-sop","status":"publish","type":"product","link":"https:\/\/tecsecmty.com\/index.php\/producto\/dahua-xvr5104hs-4kl-i2-i3-dvr-de-4-canales-4k-wizsense-h-265-4-canales-hdcvi4-ip-hasta-8-ch-ip-1-ch-de-reconocimiento-facial-sdm-plus-1-ch-proteccion-perimetral-1-sata-de-hasta-10tb-sop\/","title":{"rendered":"DAHUA XVR5104HS-4KL-I2 (I3) &#8211; DVR de 4 Canales 4k\/ WizSense\/ H.265+\/ 4 Canales HDCVI+4 IP\/ Hasta 8 Ch IP\/ 1 Ch de Reconocimiento Facial\/ SDM Plus\/ 1 Ch Proteccion Perimetral\/ 1 SATA de hasta 10TB\/ Soporta HDCVI\/AHD\/TVI\/CVBS"},"content":{"rendered":"<div class=\"row aling-items-center padding-bottom-2x\">\n<div class=\"col-lg-12\">\n<h5 class=\"card-title text-center\">Informaci\u00f3n general.<\/h5>\n<p><strong>WizSense<\/strong>\u00a0es una serie de productos y soluciones con\u00a0<strong>IA<\/strong>\u00a0que adoptan un chip de\u00a0<strong>inteligencia artificial<\/strong>\u00a0independiente que trabaja junto a un\u00a0<strong>algoritmo de aprendizaje profundo<\/strong>. Se centra en personas y veh\u00edculos logrando una\u00a0<strong>alta precisi\u00f3n<\/strong>\u00a0que permite a los usuarios actuar r\u00e1pidamente sobre objetivos definidos.<\/p>\n<p><strong>*Las inteligencias se pierden al colocar un canal IP<\/strong><\/p>\n<p><img decoding=\"async\" class=\"overview-center-img-web\" src=\"https:\/\/tvc.mx\/media\/460990\/dvr-4-canales-4k-wizsense-proteccion-perimetral-reconocimiento-facial-XVR5104HS-4KL-I2-Dahua.png\" alt=\"\" \/><\/div>\n<\/div>\n<div class=\"row align-items-center padding-bottom-2x\">\n<div class=\"col-md-5 order-md-2\"><img decoding=\"async\" class=\"d-block m-auto img-thumbnail\" src=\"https:\/\/tvc.mx\/media\/460992\/reconocimiento-facial-dahua.png\" alt=\" \" \/><\/div>\n<div class=\"col-md-7 order-md-1 text-md-left text-center\">\n<h2>Reconocimiento Facial.<\/h2>\n<p class=\"text-muted\">\n<p>La tecnolog\u00eda que anteriormente era exclusiva de las soluciones IP llega a los equipos anal\u00f3gicos de alta definici\u00f3n. El\u00a0<strong>reconocimiento facial sobre el streaming de vid<\/strong>eo nos permite obtener\u00a0<strong>metadatos del rostro<\/strong>\u00a0como lo son el g\u00e9nero, edad aproximada, expresi\u00f3n, gafas, barba, cubrebocas.<\/p>\n<p>\u00b7\u00a0\u00a0\u00a0\u00a0\u00a0\u00a0\u00a0\u00a0En este equipo al seleccionar la funci\u00f3n de Reconocimiento Facial no se pueden usar otros anal\u00edticos inteligentes.<\/p>\n<p>&nbsp;<\/p>\n<\/div>\n<\/div>\n<hr class=\"padding-bottom-2x\" \/>\n<div class=\"row align-items-center padding-bottom-2x\">\n<div class=\"col-md-5\"><img decoding=\"async\" class=\"d-block m-auto img-thumbnail\" src=\"https:\/\/tvc.mx\/media\/460994\/proteccion-perimetral-dahua.png\" alt=\" \" \/><\/div>\n<div class=\"col-md-7 text-md-left text-center\">\n<h2>Protecci\u00f3n perimetral.<\/h2>\n<p class=\"text-muted\">\n<p>El\u00a0<strong>XVR5104HS-4KL-I2<\/strong>\u00a0cuenta con\u00a0<strong>anal\u00edticos inteligentes<\/strong>\u00a0como el\u00a0<strong>tripwire e intrusi\u00f3n<\/strong>\u00a0que permiten mantener \u00e1reas resguardadas; potenciados con su chip y algoritmo de aprendizaje profundo generan un alto grado de precisi\u00f3n.<\/p>\n<p>&nbsp;<\/p>\n<\/div>\n<\/div>\n<hr class=\"padding-bottom-2x\" \/>\n<div class=\"row align-items-center padding-bottom-2x\">\n<div class=\"col-md-5 order-md-2\"><img decoding=\"async\" class=\"d-block m-auto img-thumbnail\" src=\"https:\/\/tvc.mx\/media\/460996\/codificacion-h.265-dahua.png\" alt=\" \" \/><\/div>\n<div class=\"col-md-7 order-md-1 text-md-left text-center\">\n<h2>H.265+<\/h2>\n<p class=\"text-muted\">\n<p class=\"ql-align-justify\">Dahua ha optimizado H.265 con su c\u00f3dec Smart H.265 +, proporcionando hasta\u00a0<strong>80% de ahorro de ancho de banda y almacenamiento<\/strong>\u00a0sobre el est\u00e1ndar H.264. Cuatro tecnolog\u00edas innovadoras trabajan en conjunto para hacer que Smart H.265 + sea tan potente<\/p>\n<p class=\"ql-align-justify\"><strong>\u00bfC\u00f3mo?<\/strong><\/p>\n<p class=\"ql-align-justify\">H.265 + toma una imagen de un entorno estable, lo utiliza como marco de fondo y se centra s\u00f3lo en los objetos en movimiento. Cuando hay una interrupci\u00f3n en el \u00e1rea de vigilancia, H265 + toma la imagen del objeto en movimiento y lo utiliza como marco de referencia. Si el objeto sigue movi\u00e9ndose, el sistema s\u00f3lo agrega datos de objetos en movimiento.<\/p>\n<p>&nbsp;<\/p>\n<\/div>\n<\/div>\n<hr class=\"padding-bottom-2x\" \/>\n<div class=\"row align-items-center padding-bottom-2x\">\n<div class=\"col-md-5\"><img decoding=\"async\" class=\"d-block m-auto img-thumbnail\" src=\"https:\/\/tvc.mx\/media\/460998\/tabla-de-compayibilidad-de-HDD-para-equipo-dahua.png\" alt=\" \" \/><\/div>\n<div class=\"col-md-7 text-md-left text-center\">\n<h2>Tabla de compatibilidad HDD<\/h2>\n<p class=\"text-muted\">\n<p>El almacenamiento es parte fundamental de un sistema de videovigilancia por tal motivo te recomendamos revisar nuestra lista de compatibilidad antes de seleccionar un disco duro (HDD).<\/p>\n<p>https:\/\/foro.tvc.mx\/docs\/lista-compatibilidad-hdd<\/p>\n<p>&nbsp;<\/p>\n<\/div>\n<\/div>\n<hr class=\"padding-bottom-2x\" \/>\n<div class=\"row align-items-center padding-bottom-2x\">\n<div class=\"col-md-5 order-md-2\"><img decoding=\"async\" class=\"d-block m-auto img-thumbnail\" src=\"https:\/\/tvc.mx\/media\/461000\/dvr-4-canales-4k-wizsense-proteccion-perimetral-reconocimiento-facial-XVR5104HS-4KL-I2-Dahua-caracteristicas.png\" alt=\" \" \/><\/div>\n<div class=\"col-md-7 order-md-1 text-md-left text-center\">\n<h2>Principales caracter\u00edsticas.<\/h2>\n<p class=\"text-muted\">\n<ul>\n<li>\u00a0Funcionamiento con los dispositivos Dahua que operan seg\u00fan el concepto de Internet de las cosas (IoT),<\/li>\n<li>POS &#8211; soporta los dispositivos instalados en los puntos de venta y muestra los datos de ellos como texto superpuesto en una ventana seleccionada del canal,<\/li>\n<li>SMD PLUS &#8211; b\u00fasqueda de un objeto clasificado como: persona, veh\u00edculo de motor, veh\u00edculo sin motor<\/li>\n<li>Soporte para Coax Audio\/Alarm,<\/li>\n<li>An\u00e1lisis Inteligente de la Imagen :\u00a0cruzamiento de la l\u00ednea (cable trampa), cruzamiento de la l\u00ednea (cable trampa),\u00a0objeto abandonado\/falta de objeto, clasificaci\u00f3n de personas y veh\u00edculos<\/li>\n<li>funciones avanzadas de reconocimiento facial y b\u00fasqueda de rostros<\/li>\n<li>Soporte para hasta 10 bases de datos de rostros, incluidas 10 000 im\u00e1genes de rostros<\/li>\n<li>Detecci\u00f3n de rostros que no est\u00e1n presentes en la base de datos del dispositivo<\/li>\n<li>B\u00fasqueda de rostros en grabaciones basada en max 8 fotos seleccionadas, con posibilidad de ajustar de forma independiente el umbral de similitud para cada foto<\/li>\n<\/ul>\n<p>&nbsp;<\/p>\n<\/div>\n<\/div>\n<hr class=\"padding-bottom-2x\" \/>\n<div class=\"row align-items-center padding-bottom-2x\">\n<div class=\"col-md-5\"><img decoding=\"async\" class=\"d-block m-auto img-thumbnail\" src=\"https:\/\/tvc.mx\/media\/461002\/dvr-4-canales-4k-wizsense-proteccion-perimetral-reconocimiento-facial-XVR5104HS-4KL-I2-Dahua-especificacioness.png\" alt=\" \" \/><\/div>\n<div class=\"col-md-7 text-md-left text-center\">\n<h2>Especificaciones<\/h2>\n<p class=\"text-muted\">\n<ul>\n<li>Entrada de c\u00e1mara anal\u00f3gica 4 canales, BNC<\/li>\n<li>Entrada de c\u00e1mara HDCVI: 4K, 6MP, 5MP, 4MP, 1080p @ 25\/30 fps, 720p @ 50\/60 fps, 720p @ 25\/30 fps<\/li>\n<li>Entrada de c\u00e1mara IP 4 + 4 canales, cada canal hasta 8MP<\/li>\n<li>Charla bidireccional Reutilizar entrada \/ salida de audio, RCA<\/li>\n<li>Compresi\u00f3n Codificaci\u00f3n AI \/ H.265 + \/ H.265 \/ H.264 + \/ H.264<\/li>\n<li>Interfaz 1 HDMI; 1 VGA<\/li>\n<li>1 puerto SATA, hasta 10 TB de capacidad<\/li>\n<li>2 puertos USB (USB 2.0)<\/li>\n<li>1 puerto, para control PTZ<\/li>\n<li>Fuente de alimentaci\u00f3n: DC 12V \/ 2A<\/li>\n<\/ul>\n<\/div>\n<\/div>\n","protected":false},"excerpt":{"rendered":"<p>Informaci\u00f3n general. WizSense\u00a0es una serie de productos y soluciones con\u00a0IA\u00a0que adoptan un chip de\u00a0inteligencia artificial\u00a0independiente que trabaja junto a un\u00a0algoritmo de aprendizaje profundo. Se centra en personas y veh\u00edculos logrando una\u00a0alta precisi\u00f3n\u00a0que permite a los usuarios actuar r\u00e1pidamente sobre objetivos definidos. *Las inteligencias se pierden&hellip;<\/p>\n","protected":false},"featured_media":2819,"comment_status":"open","ping_status":"closed","template":"","meta":{"om_disable_all_campaigns":false,"_monsterinsights_skip_tracking":false,"_monsterinsights_sitenote_active":false,"_monsterinsights_sitenote_note":"","_monsterinsights_sitenote_category":0},"product_brand":[],"product_cat":[171],"product_tag":[66,58,172,173],"class_list":{"0":"post-2820","1":"product","2":"type-product","3":"status-publish","4":"has-post-thumbnail","6":"product_cat-dvrs-hd-4-canales","7":"product_tag-dahua","8":"product_tag-dvr","9":"product_tag-dvr-dahua","10":"product_tag-videgrabadora-de-camaras","12":"first","13":"instock","14":"sale","15":"taxable","16":"shipping-taxable","17":"purchasable","18":"product-type-simple"},"aioseo_notices":[],"_links":{"self":[{"href":"https:\/\/tecsecmty.com\/index.php\/wp-json\/wp\/v2\/product\/2820","targetHints":{"allow":["GET"]}}],"collection":[{"href":"https:\/\/tecsecmty.com\/index.php\/wp-json\/wp\/v2\/product"}],"about":[{"href":"https:\/\/tecsecmty.com\/index.php\/wp-json\/wp\/v2\/types\/product"}],"replies":[{"embeddable":true,"href":"https:\/\/tecsecmty.com\/index.php\/wp-json\/wp\/v2\/comments?post=2820"}],"version-history":[{"count":0,"href":"https:\/\/tecsecmty.com\/index.php\/wp-json\/wp\/v2\/product\/2820\/revisions"}],"wp:featuredmedia":[{"embeddable":true,"href":"https:\/\/tecsecmty.com\/index.php\/wp-json\/wp\/v2\/media\/2819"}],"wp:attachment":[{"href":"https:\/\/tecsecmty.com\/index.php\/wp-json\/wp\/v2\/media?parent=2820"}],"wp:term":[{"taxonomy":"product_brand","embeddable":true,"href":"https:\/\/tecsecmty.com\/index.php\/wp-json\/wp\/v2\/product_brand?post=2820"},{"taxonomy":"product_cat","embeddable":true,"href":"https:\/\/tecsecmty.com\/index.php\/wp-json\/wp\/v2\/product_cat?post=2820"},{"taxonomy":"product_tag","embeddable":true,"href":"https:\/\/tecsecmty.com\/index.php\/wp-json\/wp\/v2\/product_tag?post=2820"}],"curies":[{"name":"wp","href":"https:\/\/api.w.org\/{rel}","templated":true}]}}