{"id":2822,"date":"2023-02-22T22:00:19","date_gmt":"2023-02-23T04:00:19","guid":{"rendered":"https:\/\/tecsecmty.com\/index.php\/producto\/dahua-xvr5104hs-4kl-i3-dvr-de-4-canales-4k-wizsense-h-265-4-canales-hdcvi4-ip-hasta-8-ch-ip-1-ch-de-reconocimiento-facial-codificacion-con-ia-sdm-plus-1-ch-proteccion-perimetral-1-sata-de\/"},"modified":"2023-03-22T23:23:12","modified_gmt":"2023-03-23T05:23:12","slug":"dahua-xvr5104hs-4kl-i3-dvr-de-4-canales-4k-wizsense-h-265-4-canales-hdcvi4-ip-hasta-8-ch-ip-1-ch-de-reconocimiento-facial-codificacion-con-ia-sdm-plus-1-ch-proteccion-perimetral-1-sata-de","status":"publish","type":"product","link":"https:\/\/tecsecmty.com\/index.php\/producto\/dahua-xvr5104hs-4kl-i3-dvr-de-4-canales-4k-wizsense-h-265-4-canales-hdcvi4-ip-hasta-8-ch-ip-1-ch-de-reconocimiento-facial-codificacion-con-ia-sdm-plus-1-ch-proteccion-perimetral-1-sata-de\/","title":{"rendered":"DAHUA XVR5104HS-4KL-I3 &#8211; DVR de 4 Canales 4k\/ WizSense\/ H.265+\/ 4 Canales HDCVI+4 IP\/ Hasta 8 Ch IP\/ 1 Ch de Reconocimiento Facial\/ Codificaci\u00f3n con IA\/ SDM Plus\/ 1 Ch Proteccion Perimetral\/ 1 SATA de hasta 10TB\/ Funciones IoT &amp; POS\/"},"content":{"rendered":"<div class=\"row aling-items-center padding-bottom-2x\">\n<div class=\"col-lg-12\">\n<h5 class=\"card-title text-center\">Informaci\u00f3n General<\/h5>\n<p>La nueva serie de grabadores,\u00a0<strong>XVR5104HS-4KL-I3<\/strong>\u00a0con SMD Plus de canal completo para beneficiar a los clientes con la actualizaci\u00f3n de IA. La serie est\u00e1 dise\u00f1ada para reducir las tasas de falsas alarmas y los costos de vigilancia humana, lo que brinda un gran valor a los clientes que buscan productos con alarmas precisas para humanos\/veh\u00edculos para elevar el nivel de seguridad de varias instalaciones interiores y exteriores.<\/p>\n<p><strong>*Las inteligencias se pierden al colocar un canal IP<\/strong><\/p>\n<p><img decoding=\"async\" class=\"overview-center-img-web\" src=\"https:\/\/tvc.mx\/media\/419143\/dvr-de-4-canales-4k-wizsense-sdm-plus-proteccion-perimetral-XVR5104HS-4KL-I3-dahua-principal.png\" alt=\"\" \/><\/div>\n<\/div>\n<div class=\"row align-items-center padding-bottom-2x\">\n<div class=\"col-md-5\"><img decoding=\"async\" class=\"d-block m-auto img-thumbnail\" src=\"https:\/\/tvc.mx\/media\/419147\/proteccion-perimetral-dahua.png\" alt=\" \" \/><\/div>\n<div class=\"col-md-7 text-md-left text-center\">\n<h2>Protecci\u00f3n perimetral<\/h2>\n<p class=\"text-muted\">\n<p>Filtrado autom\u00e1tico de falsas alarmas causadas por animales, hojas susurrantes, luces brillantes, etc. Permite que el sistema act\u00fae como reconocimiento secundario de los objetivos. Mejora de la precisi\u00f3n de las alarmas.<\/p>\n<p>&nbsp;<\/p>\n<\/div>\n<\/div>\n<hr class=\"padding-bottom-2x\" \/>\n<div class=\"row align-items-center padding-bottom-2x\">\n<div class=\"col-md-5 order-md-2\"><img decoding=\"async\" class=\"d-block m-auto img-thumbnail\" src=\"https:\/\/tvc.mx\/media\/419151\/reconocimiento-facial-dahua.png\" alt=\" \" \/><\/div>\n<div class=\"col-md-7 order-md-1 text-md-left text-center\">\n<h2>Reconocimiento Facial<\/h2>\n<p class=\"text-muted\">\n<p>Reconocimiento facial en tiempo real de transmisi\u00f3n de video. Funciones de an\u00e1lisis de atributos faciales que incluyen g\u00e9nero, edad, expresi\u00f3n, anteojos, bigote, m\u00e1scara bucal. Identificar personas y tambi\u00e9n capturar, grabar rostros con metadatos. Filtrado de caracter\u00edsticas faciales mientras se muestra en tiempo real, solo muestra caras con caracter\u00edsticas objetivo.<\/p>\n<p><strong>* El reconocimiento facial est\u00e1 en conflicto con SMD Plus y protecci\u00f3n perimetral.<\/strong><\/p>\n<p>&nbsp;<\/p>\n<\/div>\n<\/div>\n<hr class=\"padding-bottom-2x\" \/>\n<div class=\"row align-items-center padding-bottom-2x\">\n<div class=\"col-md-5\"><img decoding=\"async\" class=\"d-block m-auto img-thumbnail\" src=\"https:\/\/tvc.mx\/media\/419155\/SMD-plus-Dahua.png\" alt=\" \" \/><\/div>\n<div class=\"col-md-7 text-md-left text-center\">\n<h2>SMD Plus<\/h2>\n<p class=\"text-muted\">\n<p>SMD Plus, conocido como Smart Motion Detection Plus, que es una versi\u00f3n mejorada de SMD que mejora en gran medida la precisi\u00f3n de la alarma al cargar un algoritmo de aprendizaje profundo. Analiza las formas de personas y veh\u00edculos en funci\u00f3n de la detecci\u00f3n de movimiento y env\u00eda alarmas solo cuando la persona y el veh\u00edculo se entrometen.<\/p>\n<p>&nbsp;<\/p>\n<\/div>\n<\/div>\n<hr class=\"padding-bottom-2x\" \/>\n<div class=\"row align-items-center padding-bottom-2x\">\n<div class=\"col-md-5 order-md-2\"><img decoding=\"async\" class=\"d-block m-auto img-thumbnail\" src=\"https:\/\/tvc.mx\/media\/419159\/tabla-de-compayibilidad-de-HDD-para-equipo-dahua.png\" alt=\" \" \/><\/div>\n<div class=\"col-md-7 order-md-1 text-md-left text-center\">\n<h2>Tabla de compatibilidad HDD<\/h2>\n<p class=\"text-muted\">\n<p>El almacenamiento es parte fundamental de un sistema de videovigilancia por tal motivo te recomendamos revisar nuestra lista de compatibilidad antes de seleccionar un disco duro (HDD).<\/p>\n<p>https:\/\/foro.tvc.mx\/docs\/lista-compatibilidad-hdd<\/p>\n<p>&nbsp;<\/p>\n<\/div>\n<\/div>\n<hr class=\"padding-bottom-2x\" \/>\n<div class=\"row align-items-center padding-bottom-2x\">\n<div class=\"col-md-5\"><img decoding=\"async\" class=\"d-block m-auto img-thumbnail\" src=\"https:\/\/tvc.mx\/media\/419163\/dvr-de-4-canales-4k-wizsense-sdm-plus-proteccion-perimetral-XVR5104HS-4KL-I3-dahua-caracteristicas.png\" alt=\" \" \/><\/div>\n<div class=\"col-md-7 text-md-left text-center\">\n<h2>Principales Caracter\u00edsticas<\/h2>\n<p class=\"text-muted\">\n<ul>\n<li>Compresi\u00f3n de video de flujo dual H.265+\/H.265<\/li>\n<li>Admite codificaci\u00f3n AI de canal completo<\/li>\n<li>Admite entradas de video HDCVI\/AHD\/TVI\/CVBS\/IP<\/li>\n<li>Entradas m\u00e1ximas de c\u00e1mara IP de 8 canales, cada canal hasta 8MP; Ancho de banda entrante m\u00e1ximo de 64 Mbps<\/li>\n<li>Transmisi\u00f3n de video de hasta 1 canal (canal anal\u00f3gico) Protecci\u00f3n perimetral<\/li>\n<li>Transmisi\u00f3n de video de hasta 4 canales (canal anal\u00f3gico) SMD Plus<\/li>\n<li>Transmisi\u00f3n de video de hasta 1 canal (canal anal\u00f3gico) reconocimiento de rostro humano<\/li>\n<li>Funcionalidades IoT y POS<\/li>\n<\/ul>\n<p>&nbsp;<\/p>\n<\/div>\n<\/div>\n<hr class=\"padding-bottom-2x\" \/>\n<div class=\"row align-items-center padding-bottom-2x\">\n<div class=\"col-md-5 order-md-2\"><img decoding=\"async\" class=\"d-block m-auto img-thumbnail\" src=\"https:\/\/tvc.mx\/media\/419183\/dvr-de-4-canales-4k-wizsense-sdm-plus-proteccion-perimetral-XVR5104HS-4KL-I3-dahua-especificaciones.png\" alt=\" \" \/><\/div>\n<div class=\"col-md-7 order-md-1 text-md-left text-center\">\n<h2>Especificaciones<\/h2>\n<p class=\"text-muted\">\n<p><strong>Protecci\u00f3n perimetral\u00a0<\/strong><\/p>\n<ul>\n<li>Actuaci\u00f3n: 1 canal, 10 IVS para cada canal<\/li>\n<li>Clasificaci\u00f3n de objetos: Reconocimiento secundario humano\/veh\u00edculo para trampa e intrusi\u00f3n<\/li>\n<li>B\u00fasqueda de IA: B\u00fasqueda por clasificaci\u00f3n de objetivo (humano, veh\u00edculo)<\/li>\n<\/ul>\n<p><strong>Reconocimiento facial\u00a0<\/strong><\/p>\n<ul>\n<li>Actuaci\u00f3n: Procesamiento m\u00e1ximo de 8 im\u00e1genes faciales\/seg.<\/li>\n<li>Modo extra\u00f1o: Detecta rostros de extra\u00f1os (no en la base de datos de rostros del dispositivo). El umbral de similitud se puede configurar manualmente<\/li>\n<li>B\u00fasqueda de IA: Se buscan hasta 8 im\u00e1genes de la cara del objetivo al mismo tiempo, se puede establecer un umbral de similitud para cada imagen de la cara del objetivo<\/li>\n<\/ul>\n<p><strong>SMD Plus<\/strong><\/p>\n<ul>\n<li>Actuaci\u00f3n: 4 canales<\/li>\n<li>B\u00fasqueda de IA: B\u00fasqueda por clasificaci\u00f3n de objetivo (humano, veh\u00edculo)<\/li>\n<\/ul>\n<p><strong>General<\/strong><\/p>\n<ul>\n<li>Entrada de c\u00e1mara anal\u00f3gica 4 canales, BNC<\/li>\n<li>Entrada de c\u00e1mara IP 4+4 canales, cada canal hasta 8MP<\/li>\n<li>Compresi\u00f3n Codificaci\u00f3n AI\/H.265+\/H.265\/H.264+\/H.264<\/li>\n<li>1 puerto SATA, hasta 10 TB de capacidad<\/li>\n<li>2 puertos USB (USB 2.0)<\/li>\n<li>Fuente de alimentaci\u00f3n CC 12V\/2A<\/li>\n<\/ul>\n<\/div>\n<\/div>\n","protected":false},"excerpt":{"rendered":"<p>Informaci\u00f3n General La nueva serie de grabadores,\u00a0XVR5104HS-4KL-I3\u00a0con SMD Plus de canal completo para beneficiar a los clientes con la actualizaci\u00f3n de IA. La serie est\u00e1 dise\u00f1ada para reducir las tasas de falsas alarmas y los costos de vigilancia humana, lo que brinda un gran valor&hellip;<\/p>\n","protected":false},"featured_media":2821,"comment_status":"open","ping_status":"closed","template":"","meta":{"om_disable_all_campaigns":false,"_monsterinsights_skip_tracking":false,"_monsterinsights_sitenote_active":false,"_monsterinsights_sitenote_note":"","_monsterinsights_sitenote_category":0},"product_brand":[],"product_cat":[171],"product_tag":[66,58,172,173],"class_list":{"0":"post-2822","1":"product","2":"type-product","3":"status-publish","4":"has-post-thumbnail","6":"product_cat-dvrs-hd-4-canales","7":"product_tag-dahua","8":"product_tag-dvr","9":"product_tag-dvr-dahua","10":"product_tag-videgrabadora-de-camaras","12":"first","13":"instock","14":"sale","15":"taxable","16":"shipping-taxable","17":"purchasable","18":"product-type-simple"},"aioseo_notices":[],"_links":{"self":[{"href":"https:\/\/tecsecmty.com\/index.php\/wp-json\/wp\/v2\/product\/2822","targetHints":{"allow":["GET"]}}],"collection":[{"href":"https:\/\/tecsecmty.com\/index.php\/wp-json\/wp\/v2\/product"}],"about":[{"href":"https:\/\/tecsecmty.com\/index.php\/wp-json\/wp\/v2\/types\/product"}],"replies":[{"embeddable":true,"href":"https:\/\/tecsecmty.com\/index.php\/wp-json\/wp\/v2\/comments?post=2822"}],"version-history":[{"count":0,"href":"https:\/\/tecsecmty.com\/index.php\/wp-json\/wp\/v2\/product\/2822\/revisions"}],"wp:featuredmedia":[{"embeddable":true,"href":"https:\/\/tecsecmty.com\/index.php\/wp-json\/wp\/v2\/media\/2821"}],"wp:attachment":[{"href":"https:\/\/tecsecmty.com\/index.php\/wp-json\/wp\/v2\/media?parent=2822"}],"wp:term":[{"taxonomy":"product_brand","embeddable":true,"href":"https:\/\/tecsecmty.com\/index.php\/wp-json\/wp\/v2\/product_brand?post=2822"},{"taxonomy":"product_cat","embeddable":true,"href":"https:\/\/tecsecmty.com\/index.php\/wp-json\/wp\/v2\/product_cat?post=2822"},{"taxonomy":"product_tag","embeddable":true,"href":"https:\/\/tecsecmty.com\/index.php\/wp-json\/wp\/v2\/product_tag?post=2822"}],"curies":[{"name":"wp","href":"https:\/\/api.w.org\/{rel}","templated":true}]}}