{"id":2828,"date":"2023-02-22T22:00:24","date_gmt":"2023-02-23T04:00:24","guid":{"rendered":"https:\/\/tecsecmty.com\/index.php\/producto\/dahua-dh-xvr5116hs-i3-dvr-16-canales-5-megapixeles-lite-wizsense-h-265-16-ch-hdcvi-8-ip-hasta-24-canales-ip-2-canales-de-reconocimiento-facial-smd-plus-proteccion-perimetral-1-sata-soport\/"},"modified":"2023-03-22T23:22:28","modified_gmt":"2023-03-23T05:22:28","slug":"dahua-dh-xvr5116hs-i3-dvr-16-canales-5-megapixeles-lite-wizsense-h-265-16-ch-hdcvi-8-ip-hasta-24-canales-ip-2-canales-de-reconocimiento-facial-smd-plus-proteccion-perimetral-1-sata-soport","status":"publish","type":"product","link":"https:\/\/tecsecmty.com\/index.php\/producto\/dahua-dh-xvr5116hs-i3-dvr-16-canales-5-megapixeles-lite-wizsense-h-265-16-ch-hdcvi-8-ip-hasta-24-canales-ip-2-canales-de-reconocimiento-facial-smd-plus-proteccion-perimetral-1-sata-soport\/","title":{"rendered":"DAHUA DH-XVR5116HS-I3 &#8211; DVR 16 Canales 5 Megapixeles Lite\/ WizSense\/ H.265+\/ 16 Ch HDCVI +8 IP\/ Hasta 24 Canales IP\/ 2 Canales de Reconocimiento Facial\/ SMD Plus\/ Protecci\u00f3n Perimetral\/ 1 Sata\/ Soporta CVI\/AHD\/TVI\/ CVBS e IP\/ IoT&amp;POS\/"},"content":{"rendered":"<div class=\"row aling-items-center padding-bottom-2x\">\n<div class=\"col-lg-12\">\n<h5 class=\"card-title text-center\">Informaci\u00f3n General<\/h5>\n<p>El\u00a0<strong>XVR5116HS-I3<\/strong>\u00a0ha sido desarrollada para reducir las tasas de falsas alarmas y el costo de la vigilancia humana, brindando as\u00ed un gran valor a los clientes que buscan productos con alarma precisa para humanos\/veh\u00edculos para elevar el nivel de seguridad de varias instalaciones interiores y exteriores.<\/p>\n<p><img decoding=\"async\" class=\"overview-center-img-web\" src=\"https:\/\/tvc.mx\/media\/381463\/DVR-16-canales-5-megapixeles-lite-wizsense-XVR5116HS-I3-Dahua-b.png\" alt=\"\" \/><\/div>\n<\/div>\n<div class=\"row align-items-center padding-bottom-2x\">\n<div class=\"col-md-5 order-md-2\"><img decoding=\"async\" class=\"d-block m-auto img-thumbnail\" src=\"https:\/\/tvc.mx\/media\/381419\/proteccion-perimetral-dahua.png\" alt=\" \" \/><\/div>\n<div class=\"col-md-7 order-md-1 text-md-left text-center\">\n<h2>Protecci\u00f3n perimetral<\/h2>\n<p class=\"text-muted\">\n<p>Filtrado autom\u00e1tico de falsas alarmas causadas por animales, hojas susurrantes, luces brillantes, etc. Permite que el sistema act\u00fae como reconocimiento secundario de los objetivos. Mejora de la precisi\u00f3n de las alarmas.<\/p>\n<p>&nbsp;<\/p>\n<\/div>\n<\/div>\n<hr class=\"padding-bottom-2x\" \/>\n<div class=\"row align-items-center padding-bottom-2x\">\n<div class=\"col-md-5\"><img decoding=\"async\" class=\"d-block m-auto img-thumbnail\" src=\"https:\/\/tvc.mx\/media\/381423\/codificacion-h.265-dahua.png\" alt=\" \" \/><\/div>\n<div class=\"col-md-7 text-md-left text-center\">\n<h2>Inteligente H.265+<\/h2>\n<p class=\"text-muted\">\n<p>Smart Codec, H.265+ puede reducir hasta un 90 % la tasa de bits y los requisitos de almacenamiento en comparaci\u00f3n con H.264 sin tener que invertir en nuevas c\u00e1maras.<\/p>\n<p>&nbsp;<\/p>\n<\/div>\n<\/div>\n<hr class=\"padding-bottom-2x\" \/>\n<div class=\"row align-items-center padding-bottom-2x\">\n<div class=\"col-md-5 order-md-2\"><img decoding=\"async\" class=\"d-block m-auto img-thumbnail\" src=\"https:\/\/tvc.mx\/media\/381427\/Metadatos-dahua.png\" alt=\" \" \/><\/div>\n<div class=\"col-md-7 order-md-1 text-md-left text-center\">\n<h2>B\u00fasqueda de IA<\/h2>\n<p class=\"text-muted\">\n<p>Admite la b\u00fasqueda de IA por metadatos de diferentes objetivos o la carga de im\u00e1genes de rostros en el dispositivo y la comparaci\u00f3n con rostros grabados por similitud. Permita que los operadores busquen r\u00e1pida y f\u00e1cilmente a trav\u00e9s de m\u00faltiples canales y de larga duraci\u00f3n, averig\u00fcen de manera eficiente cu\u00e1ndo y d\u00f3nde apareci\u00f3 una persona de inter\u00e9s.<\/p>\n<p>&nbsp;<\/p>\n<\/div>\n<\/div>\n<hr class=\"padding-bottom-2x\" \/>\n<div class=\"row align-items-center padding-bottom-2x\">\n<div class=\"col-md-5\"><img decoding=\"async\" class=\"d-block m-auto img-thumbnail\" src=\"https:\/\/tvc.mx\/media\/381439\/Multiformatos-dahua.png\" alt=\" \" \/><\/div>\n<div class=\"col-md-7 text-md-left text-center\">\n<h2>Detecci\u00f3n autom\u00e1tica HDCVI\/AHD\/TVI\/CVBS<\/h2>\n<p class=\"text-muted\">\n<p>El XVR puede reconocer autom\u00e1ticamente la se\u00f1al de la c\u00e1mara frontal sin ning\u00fan ajuste. Hace que la operaci\u00f3n sea m\u00e1s amigable y conveniente.<\/p>\n<p>&nbsp;<\/p>\n<\/div>\n<\/div>\n<hr class=\"padding-bottom-2x\" \/>\n<div class=\"row align-items-center padding-bottom-2x\">\n<div class=\"col-md-5 order-md-2\"><img decoding=\"async\" class=\"d-block m-auto img-thumbnail\" src=\"https:\/\/tvc.mx\/media\/381471\/tabla-de-compayibilidad-de-HDD-para-equipo-dahua.png\" alt=\" \" \/><\/div>\n<div class=\"col-md-7 order-md-1 text-md-left text-center\">\n<h2>Tabla de compatibilidad HDD<\/h2>\n<p class=\"text-muted\">\n<p>El almacenamiento es parte fundamental de un sistema de videovigilancia por tal motivo te recomendamos revisar nuestra lista de compatibilidad antes de seleccionar un disco duro (HDD).<\/p>\n<p>https:\/\/foro.tvc.mx\/docs\/lista-compatibilidad-hdd<\/p>\n<p>&nbsp;<\/p>\n<\/div>\n<\/div>\n<hr class=\"padding-bottom-2x\" \/>\n<div class=\"row align-items-center padding-bottom-2x\">\n<div class=\"col-md-5\"><img decoding=\"async\" class=\"d-block m-auto img-thumbnail\" src=\"https:\/\/tvc.mx\/media\/381431\/arquitectura.png\" alt=\" \" \/><\/div>\n<div class=\"col-md-7 text-md-left text-center\">\n<h2>Caracter\u00edsticas Principales<\/h2>\n<p class=\"text-muted\">\n<p>\u00b7 Compresi\u00f3n de video de flujo dual H.265+\/H.265<\/p>\n<p>\u00b7 Admite codificaci\u00f3n de IA de canal completo<\/p>\n<p>\u00b7 Admite entradas de video HDCVI\/AHD\/TVI\/CVBS\/IP<\/p>\n<p>\u00b7 Transmisi\u00f3n de video de hasta 2 canales Protecci\u00f3n perimetral<\/p>\n<p>\u00b7 Transmisi\u00f3n de video de hasta 16 canales SMD Plus<\/p>\n<p>\u00b7 Transmisi\u00f3n de video de hasta 2 canales reconocimiento de rostro humano<\/p>\n<p>\u00b7 Funcionalidades IoT y POS<\/p>\n<p>&nbsp;<\/p>\n<\/div>\n<\/div>\n<hr class=\"padding-bottom-2x\" \/>\n<div class=\"row align-items-center padding-bottom-2x\">\n<div class=\"col-md-5 order-md-2\"><img decoding=\"async\" class=\"d-block m-auto img-thumbnail\" src=\"https:\/\/tvc.mx\/media\/374899\/Especificaciones-XVR5116HS-I3.png\" alt=\" \" \/><\/div>\n<div class=\"col-md-7 order-md-1 text-md-left text-center\">\n<h2>Especificaciones<\/h2>\n<p class=\"text-muted\">\n<ul>\n<li>Sistema operativo Linux integrado<\/li>\n<li>Entradas de c\u00e1mara IP de 24 canales como m\u00e1ximo, cada canal hasta 6MP; Ancho de banda entrante m\u00e1ximo de 128 Mbps<\/li>\n<li>Entrada de c\u00e1mara 16 canales, BNC: acceso adaptativo por defecto; Se pueden configurar accesos HDCVI, AHD, TVI y CVBS. E<\/li>\n<li>Entrada de c\u00e1mara IP 16+8 canales, cada canal hasta 6MP<\/li>\n<li>Muestreo de audio 8 KHz, 16 bits por canal<\/li>\n<li>Acceso de tel\u00e9fono m\u00f3vil iPhone, iPad, Android<\/li>\n<li>USB 2 puertos USB (1 USB 2.0, 1 USB 3.0)<\/li>\n<li>HDMI<\/li>\n<li>VGA<\/li>\n<li>Fuente de alimentaci\u00f3n CC12V, 2A<\/li>\n<li>Peso bruto 1,57 kg<\/li>\n<\/ul>\n<\/div>\n<\/div>\n","protected":false},"excerpt":{"rendered":"<p>Informaci\u00f3n General El\u00a0XVR5116HS-I3\u00a0ha sido desarrollada para reducir las tasas de falsas alarmas y el costo de la vigilancia humana, brindando as\u00ed un gran valor a los clientes que buscan productos con alarma precisa para humanos\/veh\u00edculos para elevar el nivel de seguridad de varias instalaciones interiores&hellip;<\/p>\n","protected":false},"featured_media":2827,"comment_status":"open","ping_status":"closed","template":"","meta":{"om_disable_all_campaigns":false,"_monsterinsights_skip_tracking":false,"_monsterinsights_sitenote_active":false,"_monsterinsights_sitenote_note":"","_monsterinsights_sitenote_category":0},"product_brand":[],"product_cat":[174],"product_tag":[66,58,172,173],"class_list":{"0":"post-2828","1":"product","2":"type-product","3":"status-publish","4":"has-post-thumbnail","6":"product_cat-dvrs-hd-16-canales","7":"product_tag-dahua","8":"product_tag-dvr","9":"product_tag-dvr-dahua","10":"product_tag-videgrabadora-de-camaras","12":"first","13":"instock","14":"sale","15":"taxable","16":"shipping-taxable","17":"purchasable","18":"product-type-simple"},"aioseo_notices":[],"_links":{"self":[{"href":"https:\/\/tecsecmty.com\/index.php\/wp-json\/wp\/v2\/product\/2828","targetHints":{"allow":["GET"]}}],"collection":[{"href":"https:\/\/tecsecmty.com\/index.php\/wp-json\/wp\/v2\/product"}],"about":[{"href":"https:\/\/tecsecmty.com\/index.php\/wp-json\/wp\/v2\/types\/product"}],"replies":[{"embeddable":true,"href":"https:\/\/tecsecmty.com\/index.php\/wp-json\/wp\/v2\/comments?post=2828"}],"version-history":[{"count":0,"href":"https:\/\/tecsecmty.com\/index.php\/wp-json\/wp\/v2\/product\/2828\/revisions"}],"wp:featuredmedia":[{"embeddable":true,"href":"https:\/\/tecsecmty.com\/index.php\/wp-json\/wp\/v2\/media\/2827"}],"wp:attachment":[{"href":"https:\/\/tecsecmty.com\/index.php\/wp-json\/wp\/v2\/media?parent=2828"}],"wp:term":[{"taxonomy":"product_brand","embeddable":true,"href":"https:\/\/tecsecmty.com\/index.php\/wp-json\/wp\/v2\/product_brand?post=2828"},{"taxonomy":"product_cat","embeddable":true,"href":"https:\/\/tecsecmty.com\/index.php\/wp-json\/wp\/v2\/product_cat?post=2828"},{"taxonomy":"product_tag","embeddable":true,"href":"https:\/\/tecsecmty.com\/index.php\/wp-json\/wp\/v2\/product_tag?post=2828"}],"curies":[{"name":"wp","href":"https:\/\/api.w.org\/{rel}","templated":true}]}}