{"id":2834,"date":"2023-02-22T22:00:32","date_gmt":"2023-02-23T04:00:32","guid":{"rendered":"https:\/\/tecsecmty.com\/index.php\/producto\/dahua-dh-xvr5416l-i3-dvr-de-16-canales-5-megapixeles-lite-4-bahias-para-discos-duros-wizsense-ia-h-265-8-canales-ip-adicionales-hasta-24-canales-ip-2-ch-de-reconocimiento-facial-smd-plus-c\/"},"modified":"2023-03-22T23:22:29","modified_gmt":"2023-03-23T05:22:29","slug":"dahua-dh-xvr5416l-i3-dvr-de-16-canales-5-megapixeles-lite-4-bahias-para-discos-duros-wizsense-ia-h-265-8-canales-ip-adicionales-hasta-24-canales-ip-2-ch-de-reconocimiento-facial-smd-plus-c","status":"publish","type":"product","link":"https:\/\/tecsecmty.com\/index.php\/producto\/dahua-dh-xvr5416l-i3-dvr-de-16-canales-5-megapixeles-lite-4-bahias-para-discos-duros-wizsense-ia-h-265-8-canales-ip-adicionales-hasta-24-canales-ip-2-ch-de-reconocimiento-facial-smd-plus-c\/","title":{"rendered":"DAHUA DH-XVR5416L-I3 &#8211; DVR de 16 Canales 5 Megapixeles Lite\/ 4 Bah\u00edas para Discos Duros\/ WizSense\/ IA\/ H.265+\/ 8 Canales IP Adicionales\/ Hasta 24 Canales IP\/ 2 Ch de Reconocimiento Facial\/ SMD Plus\/ Codificaci\u00f3n IA\/ IoT &amp; POS\/ E&amp;S de Alarmas\/ #PromoWD"},"content":{"rendered":"<div class=\"row aling-items-center padding-bottom-2x\">\n<div class=\"col-lg-12\">\n<h5 class=\"card-title text-center\">Informaci\u00f3n General<\/h5>\n<p class=\"ql-align-justify\">Lanzado por Dahua Technology, WizSense es una serie de productos de IA y soluciones que adoptan un chip de IA independiente y un algoritmo de aprendizaje profundo. Se enfoca en humanos y veh\u00edculos con alta precisi\u00f3n, lo que permite a los usuarios actuar r\u00e1pidamente sobre objetivos definidos. Basado en las tecnolog\u00edas avanzadas de Dahua, WizSense proporciona productos inteligentes, simples e inclusivos y soluciones.<\/p>\n<p><img decoding=\"async\" class=\"overview-center-img-web\" src=\"https:\/\/tvc.mx\/media\/526811\/DVR_16-CH_5MP_8-CH-IP_WizSense_AI_2-CH-FR_Dahua_DH-XVR5416L-I3_Over_Ppal.png\" alt=\"\" \/><\/div>\n<\/div>\n<div class=\"row align-items-center padding-bottom-2x\">\n<div class=\"col-md-5\"><img decoding=\"async\" class=\"d-block m-auto img-thumbnail\" src=\"https:\/\/tvc.mx\/media\/526859\/Face-Recognition.png\" alt=\" \" \/><\/div>\n<div class=\"col-md-7 text-md-left text-center\">\n<h2>Reconocimiento Facial<\/h2>\n<p class=\"text-muted\">\n<p>La tecnolog\u00eda Dahua Face Recognition extrae las caracter\u00edsticas de los rostros capturados y los compara con los de la base de datos de rostros para reconocer la identidad de la persona. Hasta 10 bases de datos de rostros pueden ser creados con 10,000 im\u00e1genes de rostros en total. Se puede agregar nombre, g\u00e9nero, cumplea\u00f1os, direcci\u00f3n, tipo de certificado, n\u00famero de certificado, pa\u00eds, regi\u00f3n y estado a cada imagen de rostro.<\/p>\n<h6>*El reconocimiento facial tiene efecto cuando se selecciona Face Recognition en el modo AI. El rendimiento de reconocimiento facial de IA por parte del grabador es de 2 canales.<\/h6>\n<p>&nbsp;<\/p>\n<\/div>\n<\/div>\n<hr class=\"padding-bottom-2x\" \/>\n<div class=\"row align-items-center padding-bottom-2x\">\n<div class=\"col-md-5 order-md-2\"><img decoding=\"async\" class=\"d-block m-auto img-thumbnail\" src=\"https:\/\/tvc.mx\/media\/526855\/proteccion-perimetral-dahua.png\" alt=\" \" \/><\/div>\n<div class=\"col-md-7 order-md-1 text-md-left text-center\">\n<h2>Protecci\u00f3n Perimetral<\/h2>\n<p class=\"text-muted\">\n<p>Filtra autom\u00e1ticamente las falsas alarmas causadas por animales, el vaiv\u00e9n de ramas y hojas, luces brillantes, etc. Permite que el sistema act\u00fae como un reconocimiento secundario para los objetivos. Mejora la precisi\u00f3n de las alertas.<\/p>\n<h6>*La protecci\u00f3n perimetral entra en vigor cuando se selecciona IVS y SMD en en el modo AI.<\/h6>\n<p>&nbsp;<\/p>\n<\/div>\n<\/div>\n<hr class=\"padding-bottom-2x\" \/>\n<div class=\"row align-items-center padding-bottom-2x\">\n<div class=\"col-md-5\"><img decoding=\"async\" class=\"d-block m-auto img-thumbnail\" src=\"https:\/\/tvc.mx\/media\/526871\/SMD-plus-Dahua.png\" alt=\" \" \/><\/div>\n<div class=\"col-md-7 text-md-left text-center\">\n<h2>SMD Plus<\/h2>\n<p class=\"text-muted\">\n<p class=\"ql-align-justify\">Con un algoritmo inteligente, la tecnolog\u00eda de SMD Plus (detecci\u00f3n de movimiento inteligente) de Dahua puede clasificar los objetivos que activan la detecci\u00f3n de movimiento y filtrar la detecci\u00f3n de alerta por movimiento activada por objetivos no concernientes para generar una alarma efectiva y precisa.<\/p>\n<h6>*SMD Plus surte efecto cuando se selecciona SMD o IVS&amp;SMD en el modo AI.<\/h6>\n<p>&nbsp;<\/p>\n<\/div>\n<\/div>\n<hr class=\"padding-bottom-2x\" \/>\n<div class=\"row align-items-center padding-bottom-2x\">\n<div class=\"col-md-5 order-md-2\"><img decoding=\"async\" class=\"d-block m-auto img-thumbnail\" src=\"https:\/\/tvc.mx\/media\/526887\/DVR_16-CH_5MP_8-CH-IP_WizSense_AI_2-CH-FR_Dahua_DH-XVR5416L-I3_Over_M_1.png\" alt=\" \" \/><\/div>\n<div class=\"col-md-7 order-md-1 text-md-left text-center\">\n<h2>Principales Caracter\u00edsticas<\/h2>\n<p class=\"text-muted\">\n<ul>\n<li>Compresi\u00f3n de video de flujo dual H.265+\/H.265.<\/li>\n<li>Admite codificaci\u00f3n AI de 16 canales.<\/li>\n<li>Admite entradas de video HDCVI\/AHD\/TVI\/CVBS\/IP.<\/li>\n<li>Protecci\u00f3n perimetral de hasta 4 canales (canal anal\u00f3gico)<\/li>\n<li>SMD Plus de hasta 16 canales (canal anal\u00f3gico)<\/li>\n<li>Hasta 2 canales de transmisi\u00f3n de video de reconocimiento de rostro humano (canal anal\u00f3gico)<\/li>\n<li>Funcionalidades IoT y POS.<\/li>\n<\/ul>\n<p>&nbsp;<\/p>\n<\/div>\n<\/div>\n<hr class=\"padding-bottom-2x\" \/>\n<div class=\"row align-items-center padding-bottom-2x\">\n<div class=\"col-md-5\"><img decoding=\"async\" class=\"d-block m-auto img-thumbnail\" src=\"https:\/\/tvc.mx\/media\/527047\/DVR_16-CH_5MP_8-CH-IP_WizSense_AI_2-CH-FR_Dahua_DH-XVR5416L-I3_Over_M_2.png\" alt=\" \" \/><\/div>\n<div class=\"col-md-7 text-md-left text-center\">\n<h2>Especificaciones<\/h2>\n<p class=\"text-muted\">\n<ul>\n<li>Fuente de alimentaci\u00f3n 100\u2013240 VCA, 50\u00b12 % Hz<\/li>\n<li>El consumo de energ\u00eda &lt;15 W (sin disco duro)<\/li>\n<li>Peso neto 4.45 kg (9.81 libras)<\/li>\n<li>Dimensiones del producto 1.5U, 440 mm \u00d7 420.2 mm \u00d7 76 mm (17.32&#8243; \u00d7 16.54&#8243; \u00d7 2.99&#8243;) (An. \u00d7 Pr. \u00d7 Al.)<\/li>\n<li>Temperatura de funcionamiento \u201310 \u00b0C a +55 \u00b0C (14 \u00b0F a +131 \u00b0F)<\/li>\n<li>Humedad de funcionamiento 10%\u201390% (HR)<\/li>\n<\/ul>\n<\/div>\n<\/div>\n","protected":false},"excerpt":{"rendered":"<p>Informaci\u00f3n General Lanzado por Dahua Technology, WizSense es una serie de productos de IA y soluciones que adoptan un chip de IA independiente y un algoritmo de aprendizaje profundo. Se enfoca en humanos y veh\u00edculos con alta precisi\u00f3n, lo que permite a los usuarios actuar&hellip;<\/p>\n","protected":false},"featured_media":2833,"comment_status":"open","ping_status":"closed","template":"","meta":{"om_disable_all_campaigns":false,"_monsterinsights_skip_tracking":false,"_monsterinsights_sitenote_active":false,"_monsterinsights_sitenote_note":"","_monsterinsights_sitenote_category":0},"product_brand":[],"product_cat":[174],"product_tag":[66,58,172,173],"class_list":{"0":"post-2834","1":"product","2":"type-product","3":"status-publish","4":"has-post-thumbnail","6":"product_cat-dvrs-hd-16-canales","7":"product_tag-dahua","8":"product_tag-dvr","9":"product_tag-dvr-dahua","10":"product_tag-videgrabadora-de-camaras","12":"first","13":"instock","14":"sale","15":"taxable","16":"shipping-taxable","17":"purchasable","18":"product-type-simple"},"aioseo_notices":[],"_links":{"self":[{"href":"https:\/\/tecsecmty.com\/index.php\/wp-json\/wp\/v2\/product\/2834","targetHints":{"allow":["GET"]}}],"collection":[{"href":"https:\/\/tecsecmty.com\/index.php\/wp-json\/wp\/v2\/product"}],"about":[{"href":"https:\/\/tecsecmty.com\/index.php\/wp-json\/wp\/v2\/types\/product"}],"replies":[{"embeddable":true,"href":"https:\/\/tecsecmty.com\/index.php\/wp-json\/wp\/v2\/comments?post=2834"}],"version-history":[{"count":0,"href":"https:\/\/tecsecmty.com\/index.php\/wp-json\/wp\/v2\/product\/2834\/revisions"}],"wp:featuredmedia":[{"embeddable":true,"href":"https:\/\/tecsecmty.com\/index.php\/wp-json\/wp\/v2\/media\/2833"}],"wp:attachment":[{"href":"https:\/\/tecsecmty.com\/index.php\/wp-json\/wp\/v2\/media?parent=2834"}],"wp:term":[{"taxonomy":"product_brand","embeddable":true,"href":"https:\/\/tecsecmty.com\/index.php\/wp-json\/wp\/v2\/product_brand?post=2834"},{"taxonomy":"product_cat","embeddable":true,"href":"https:\/\/tecsecmty.com\/index.php\/wp-json\/wp\/v2\/product_cat?post=2834"},{"taxonomy":"product_tag","embeddable":true,"href":"https:\/\/tecsecmty.com\/index.php\/wp-json\/wp\/v2\/product_tag?post=2834"}],"curies":[{"name":"wp","href":"https:\/\/api.w.org\/{rel}","templated":true}]}}