{"id":2842,"date":"2023-02-22T22:00:40","date_gmt":"2023-02-23T04:00:40","guid":{"rendered":"https:\/\/tecsecmty.com\/index.php\/producto\/dahua-dh-xvr5832s-4kl-i3-dvr-de-32-canales-4k-wizsense-h-265-hasta-32-canales-ip-2-canales-de-reconocimiento-facial-codificacion-ia-8-bahias-para-discos-duros-iotpos-lonuevo\/"},"modified":"2023-03-22T23:22:29","modified_gmt":"2023-03-23T05:22:29","slug":"dahua-dh-xvr5832s-4kl-i3-dvr-de-32-canales-4k-wizsense-h-265-hasta-32-canales-ip-2-canales-de-reconocimiento-facial-codificacion-ia-8-bahias-para-discos-duros-iotpos-lonuevo","status":"publish","type":"product","link":"https:\/\/tecsecmty.com\/index.php\/producto\/dahua-dh-xvr5832s-4kl-i3-dvr-de-32-canales-4k-wizsense-h-265-hasta-32-canales-ip-2-canales-de-reconocimiento-facial-codificacion-ia-8-bahias-para-discos-duros-iotpos-lonuevo\/","title":{"rendered":"DAHUA DH-XVR5832S-4KL-I3 &#8211; DVR de 32 Canales 4k\/ WizSense\/ H.265+\/ Hasta 32 Canales IP\/ 2 Canales de Reconocimiento Facial\/ Codificaci\u00f3n IA\/ 8 Bah\u00edas para Discos Duros\/ IoT&amp;POS\/ #LoNuevo"},"content":{"rendered":"<div class=\"row aling-items-center padding-bottom-2x\">\n<div class=\"col-lg-12\">\n<h5 class=\"card-title text-center\">Informaci\u00f3n General<\/h5>\n<p>Grabador de video digital WizSense de 32 canales Pentah\u00edbrido 4K-N\/5MP. Admite codificaci\u00f3n AI en sus 32 canales CVI. Permite hasta 32 canales (canal anal\u00f3gico) en trabajo con SMD plus. O hasta 6 canales (canal anal\u00f3gico) de reconocimiento de rostro humano. Es posible crear hasta 10 bases de datos de rostros, integrando 20,000 im\u00e1genes de rostros en total. Funcionalidades IoT y POS.<\/p>\n<p><img decoding=\"async\" class=\"overview-center-img-web\" src=\"https:\/\/tvc.mx\/media\/517819\/XVR_32-Canales_4k_WizSense_2CH_FR_IoT%26POS_Dahua_DH-XVR5832S-4KL-I3_Over_Ppal.png\" alt=\"\" \/><\/p>\n<\/div>\n<\/div>\n<div class=\"row align-items-center padding-bottom-2x\">\n<div class=\"col-md-5\"><img decoding=\"async\" class=\"d-block m-auto img-thumbnail\" src=\"https:\/\/tvc.mx\/media\/653842\/reconocimiento-facial-dahua.png\" alt=\" reconocimiento facial\" \/><\/div>\n<div class=\"col-md-7 text-md-left text-center\">\n<h2>Reconocimiento facial<\/h2>\n<p class=\"ql-align-justify\">La tecnolog\u00eda Dahua Face Recognition extrae las caracter\u00edsticas de las caras capturadas y las compara con las de la base de datos de caras para reconocer la identidad de la persona.<\/p>\n<p>&nbsp;<\/p>\n<\/div>\n<\/div>\n<hr class=\"padding-bottom-2x\" \/>\n<div class=\"row align-items-center padding-bottom-2x\">\n<div class=\"col-md-5 order-md-2\"><img decoding=\"async\" class=\"d-block m-auto img-thumbnail\" src=\"https:\/\/tvc.mx\/media\/653847\/proteccion-perimetral-dahua.png\" alt=\" \" \/><\/div>\n<div class=\"col-md-7 order-md-1 text-md-left text-center\">\n<h2>Protecci\u00f3n Perimetral<\/h2>\n<p class=\"ql-align-justify\">Filtra autom\u00e1ticamente las falsas alarmas causadas por animales, hojas susurrantes, luces brillantes, etc. Permite que el sistema act\u00fae como reconocimiento secundario de los objetivos. Mejora la precisi\u00f3n de la alarma.<\/p>\n<p>&nbsp;<\/p>\n<\/div>\n<\/div>\n<hr class=\"padding-bottom-2x\" \/>\n<div class=\"row align-items-center padding-bottom-2x\">\n<div class=\"col-md-5\"><img decoding=\"async\" class=\"d-block m-auto img-thumbnail\" src=\"https:\/\/tvc.mx\/media\/653852\/SMD-plus-Dahua.png\" alt=\" \" \/><\/div>\n<div class=\"col-md-7 text-md-left text-center\">\n<h2>SMD m\u00e1s<\/h2>\n<p class=\"ql-align-justify\">Con un algoritmo inteligente, la tecnolog\u00eda de detecci\u00f3n de movimiento inteligente de Dahua puede categorizar los objetivos que activan la detecci\u00f3n de movimiento y filtrar la alarma de de\u00a0tecci\u00f3n de movimiento activada por objetivos no afectados para generar una alarma efectiva y precisa.<\/p>\n<p>&nbsp;<\/p>\n<\/div>\n<\/div>\n<hr class=\"padding-bottom-2x\" \/>\n<div class=\"row align-items-center padding-bottom-2x\">\n<div class=\"col-md-5 order-md-2\"><img decoding=\"async\" class=\"d-block m-auto img-thumbnail\" src=\"https:\/\/tvc.mx\/media\/653862\/DAHUA-DH-XVR5832S-4KL-I3--DVR-32-Canales-4k-WizSense-H.265%2B-Hasta-32-Canales-IP-caracteristicas-principales.png\" alt=\" \" \/><\/div>\n<div class=\"col-md-7 order-md-1 text-md-left text-center\">\n<h2>Caracter\u00edsticas Principales<\/h2>\n<ul>\n<li>Compresi\u00f3n de video de flujo dual H.265+\/H.265.<\/li>\n<li>Admite codificaci\u00f3n AI de 32 canales.<\/li>\n<li>Admite entradas de video HDCVI\/AHD\/TVI\/CVBS\/IP.<\/li>\n<li>Max 32 canales de entradas de c\u00e1mara IP, cada canal hasta 12MP; Ancho de banda entrante m\u00e1ximo de 128 Mbps.<\/li>\n<li>Hasta 12 canales de transmisi\u00f3n de video (canal anal\u00f3gico) con protecci\u00f3n perimetral.<\/li>\n<li>Hasta 32 canales de transmisi\u00f3n de video (canal anal\u00f3gico) SMD plus.<\/li>\n<li>Hasta 6 canales de transmisi\u00f3n de video (canal anal\u00f3gico) de reconocimiento de rostros humanos.<\/li>\n<li>Funcionalidades IoT y POS.<\/li>\n<\/ul>\n<p>&nbsp;<\/p>\n<\/div>\n<\/div>\n<hr class=\"padding-bottom-2x\" \/>\n<div class=\"row align-items-center padding-bottom-2x\">\n<div class=\"col-md-5 order-md-2\"><img decoding=\"async\" class=\"d-block m-auto img-thumbnail\" src=\"https:\/\/tvc.mx\/media\/653867\/DAHUA-DH-XVR5832S-4KL-I3--DVR-32-Canales-4k-WizSense-H.265%2B-Hasta-32-Canales-IP-especificaciones-tecnicas.png\" alt=\" \" \/><\/div>\n<div class=\"col-md-7 order-md-1 text-md-left text-center\">\n<h2>Especificaciones T\u00e9cnicas<\/h2>\n<ul>\n<li>Procesador principal de grado industrial<\/li>\n<li>Sistema operativo; Linux integrado<\/li>\n<li>Interfaz de operaci\u00f3b: Web; interfaz de usuario local<\/li>\n<li>Desempe\u00f1o perimetral AI por registrador (N\u00famero de canales):\u00a0Modelo avanzado: 6 canales, 10 IVS para cada canal Modelo general:12canales, 10 IVS para cada canal<\/li>\n<li>Atributos de la cara;\u00a0G\u00e9nero; grupo de edad; lentes; expresiones; mascarilla; barba<\/li>\n<li>Detecci\u00f3n de rostro: Desempe\u00f1o de AI por registrador (N\u00famero de canales);<\/li>\n<\/ul>\n<h5><\/h5>\n<\/div>\n<\/div>\n","protected":false},"excerpt":{"rendered":"<p>Informaci\u00f3n General Grabador de video digital WizSense de 32 canales Pentah\u00edbrido 4K-N\/5MP. Admite codificaci\u00f3n AI en sus 32 canales CVI. Permite hasta 32 canales (canal anal\u00f3gico) en trabajo con SMD plus. O hasta 6 canales (canal anal\u00f3gico) de reconocimiento de rostro humano. Es posible crear&hellip;<\/p>\n","protected":false},"featured_media":2841,"comment_status":"open","ping_status":"closed","template":"","meta":{"om_disable_all_campaigns":false,"_monsterinsights_skip_tracking":false,"_monsterinsights_sitenote_active":false,"_monsterinsights_sitenote_note":"","_monsterinsights_sitenote_category":0},"product_brand":[],"product_cat":[174],"product_tag":[66,58,172,173],"class_list":{"0":"post-2842","1":"product","2":"type-product","3":"status-publish","4":"has-post-thumbnail","6":"product_cat-dvrs-hd-16-canales","7":"product_tag-dahua","8":"product_tag-dvr","9":"product_tag-dvr-dahua","10":"product_tag-videgrabadora-de-camaras","12":"first","13":"instock","14":"sale","15":"taxable","16":"shipping-taxable","17":"purchasable","18":"product-type-simple"},"aioseo_notices":[],"_links":{"self":[{"href":"https:\/\/tecsecmty.com\/index.php\/wp-json\/wp\/v2\/product\/2842","targetHints":{"allow":["GET"]}}],"collection":[{"href":"https:\/\/tecsecmty.com\/index.php\/wp-json\/wp\/v2\/product"}],"about":[{"href":"https:\/\/tecsecmty.com\/index.php\/wp-json\/wp\/v2\/types\/product"}],"replies":[{"embeddable":true,"href":"https:\/\/tecsecmty.com\/index.php\/wp-json\/wp\/v2\/comments?post=2842"}],"version-history":[{"count":0,"href":"https:\/\/tecsecmty.com\/index.php\/wp-json\/wp\/v2\/product\/2842\/revisions"}],"wp:featuredmedia":[{"embeddable":true,"href":"https:\/\/tecsecmty.com\/index.php\/wp-json\/wp\/v2\/media\/2841"}],"wp:attachment":[{"href":"https:\/\/tecsecmty.com\/index.php\/wp-json\/wp\/v2\/media?parent=2842"}],"wp:term":[{"taxonomy":"product_brand","embeddable":true,"href":"https:\/\/tecsecmty.com\/index.php\/wp-json\/wp\/v2\/product_brand?post=2842"},{"taxonomy":"product_cat","embeddable":true,"href":"https:\/\/tecsecmty.com\/index.php\/wp-json\/wp\/v2\/product_cat?post=2842"},{"taxonomy":"product_tag","embeddable":true,"href":"https:\/\/tecsecmty.com\/index.php\/wp-json\/wp\/v2\/product_tag?post=2842"}],"curies":[{"name":"wp","href":"https:\/\/api.w.org\/{rel}","templated":true}]}}