{"id":2844,"date":"2023-02-22T22:00:42","date_gmt":"2023-02-23T04:00:42","guid":{"rendered":"https:\/\/tecsecmty.com\/index.php\/producto\/dahua-dh-xvr5832s-i3-dvr-32-canales-de-5-megapixeles-n-1080p-wizsense-h-265-codificacion-ia-2-canales-de-reconocimiento-facial-hasta-32-canales-ip-32-canales-totales-smd-plus-proteccion-p\/"},"modified":"2023-03-22T23:22:29","modified_gmt":"2023-03-23T05:22:29","slug":"dahua-dh-xvr5832s-i3-dvr-32-canales-de-5-megapixeles-n-1080p-wizsense-h-265-codificacion-ia-2-canales-de-reconocimiento-facial-hasta-32-canales-ip-32-canales-totales-smd-plus-proteccion-p","status":"publish","type":"product","link":"https:\/\/tecsecmty.com\/index.php\/producto\/dahua-dh-xvr5832s-i3-dvr-32-canales-de-5-megapixeles-n-1080p-wizsense-h-265-codificacion-ia-2-canales-de-reconocimiento-facial-hasta-32-canales-ip-32-canales-totales-smd-plus-proteccion-p\/","title":{"rendered":"DAHUA DH-XVR5832S-I3 &#8211; DVR 32 Canales de 5 Megapixeles N\/ 1080p\/ Wizsense\/ H.265+\/ Codificaci\u00f3n IA\/ 2 Canales de Reconocimiento Facial\/ Hasta 32 Canales IP (32 Canales Totales)\/ SMD Plus\/ Protecci\u00f3n Perimetral\/ #XVRPRO\/ #LoNuevo"},"content":{"rendered":"<div class=\"row aling-items-center padding-bottom-2x\">\n<div class=\"col-lg-12\">\n<h5 class=\"card-title text-center\">Informaci\u00f3n general<\/h5>\n<p class=\"ql-align-justify\">Dahua Technology, un proveedor de servicios y soluciones de IoT inteligente centrado en video l\u00edder en el mundo, present\u00f3 su nueva serie XVR, la serie XVR5000-I3 con SMD Plus de canal completo m\u00e1x. para beneficiar a los clientes de la actualizaci\u00f3n de IA (la cantidad de canales difiere seg\u00fan el Consulte las especificaciones a continuaci\u00f3n para obtener informaci\u00f3n sobre el n\u00famero de canales). Esta serie ha sido desarrollada para reducir las tasas de falsas alarmas y el costo de la vigilancia humana, brindando as\u00ed un gran valor a los clientes que buscan productos con alarmas precisas para humanos\/veh\u00edculos para elevar el nivel de seguridad de varias instalaciones interiores y exteriores.<\/p>\n<p><img decoding=\"async\" class=\"overview-center-img-web\" src=\"https:\/\/tvc.mx\/media\/571531\/DAHUA-DH-XVR5832S-I3-DVR-32-Canales-5-Megapixeles-N-1080p-Wizsense-H-banner-pricipal.png\" alt=\"DVR\" \/><\/div>\n<\/div>\n<div class=\"row align-items-center padding-bottom-2x\">\n<div class=\"col-md-5\"><img decoding=\"async\" class=\"d-block m-auto img-thumbnail\" src=\"https:\/\/tvc.mx\/media\/571539\/proteccion-perimetral-dahua.png\" alt=\" Protecci\u00f3n\" \/><\/div>\n<div class=\"col-md-7 text-md-left text-center\">\n<h2>Protecci\u00f3n Perimetral<\/h2>\n<p class=\"text-muted\">\n<p class=\"ql-align-justify\">Filtra autom\u00e1ticamente las falsas alarmas causadas por animales, hojas susurrantes, luces brillantes, etc. Permite que el sistema act\u00fae como reconocimiento secundario de los objetivos. Mejora la precisi\u00f3n de la alarma.<\/p>\n<p>&nbsp;<\/p>\n<\/div>\n<\/div>\n<hr class=\"padding-bottom-2x\" \/>\n<div class=\"row align-items-center padding-bottom-2x\">\n<div class=\"col-md-5 order-md-2\"><img decoding=\"async\" class=\"d-block m-auto img-thumbnail\" src=\"https:\/\/tvc.mx\/media\/571547\/SMD-plus-Dahua.png\" alt=\" \" \/><\/div>\n<div class=\"col-md-7 order-md-1 text-md-left text-center\">\n<h2>SMD m\u00e1s<\/h2>\n<p class=\"text-muted\">\n<p>Filtra autom\u00e1ticamente las falsas alarmas causadas por animales, hojas susurrantes, luces<\/p>\n<p>brillantes, etc. Permite que el sistema act\u00fae como reconocimiento secundario de los objetivos.<\/p>\n<p>Mejora la precisi\u00f3n de la alarma.<\/p>\n<p>&nbsp;<\/p>\n<\/div>\n<\/div>\n<hr class=\"padding-bottom-2x\" \/>\n<div class=\"row align-items-center padding-bottom-2x\">\n<div class=\"col-md-5\"><img decoding=\"async\" class=\"d-block m-auto img-thumbnail\" src=\"https:\/\/tvc.mx\/media\/571551\/Iluminadores-inteligentes-dahua.png\" alt=\" Iluminadores \" \/><\/div>\n<div class=\"col-md-7 text-md-left text-center\">\n<h2>Iluminadores duales inteligentes<\/h2>\n<p class=\"text-muted\">\n<p class=\"ql-align-justify\">Con la tecnolog\u00eda Smart Dual Illuminators, puede seleccionar el modo de iluminaci\u00f3n inteligente para que el sistema cambie autom\u00e1ticamente entre el modo IR y el modo de luz blanca. Permite que se encienda la luz blanca cuando la funci\u00f3n SMD Plus\/Protecci\u00f3n perimetral del XVR habilitado para IA detecta un objetivo. Esto reduce significativamente la contaminaci\u00f3n lum\u00ednica por la noche. Junto con otros modos, incluido el modo IR y el modo de luz blanca, la tecnolog\u00eda inteligente de iluminaci\u00f3n dual puede cumplir con los requisitos de una amplia variedad de escenas.<\/p>\n<p>&nbsp;<\/p>\n<\/div>\n<\/div>\n<hr class=\"padding-bottom-2x\" \/>\n<div class=\"row align-items-center padding-bottom-2x\">\n<div class=\"col-md-5 order-md-2\"><img decoding=\"async\" class=\"d-block m-auto img-thumbnail\" src=\"https:\/\/tvc.mx\/media\/571559\/reconocimiento-facial-dahua.png\" alt=\" Reconocimiento facial\" \/><\/div>\n<div class=\"col-md-7 order-md-1 text-md-left text-center\">\n<h2>Reconocimiento facial<\/h2>\n<p class=\"text-muted\">\n<p class=\"ql-align-justify\">La tecnolog\u00eda Dahua Face Recognition extrae las caracter\u00edsticas de las caras capturadas y las compara con las de la base de datos de caras para reconocer la identidad de la persona.<\/p>\n<p>&nbsp;<\/p>\n<\/div>\n<\/div>\n<hr class=\"padding-bottom-2x\" \/>\n<div class=\"row align-items-center padding-bottom-2x\">\n<div class=\"col-md-5\"><img decoding=\"async\" class=\"d-block m-auto img-thumbnail\" src=\"https:\/\/tvc.mx\/media\/571563\/DAHUA-DH-XVR5832S-I3-DVR-32-Canales-5-Megapixeles-N-1080p-Wizsense-H-caracteristicas-pricipal.png\" alt=\" Caracteristicas\" \/><\/div>\n<div class=\"col-md-7 text-md-left text-center\">\n<h2>Caracter\u00edsticas Principales<\/h2>\n<p class=\"text-muted\">\n<p><strong>\u00b7\u00a0<\/strong>Compresi\u00f3n de video de flujo dual H.265+\/H.265.<\/p>\n<p><strong>\u00b7\u00a0<\/strong>Admite codificaci\u00f3n AI de 16 canales.<\/p>\n<p><strong>\u00b7\u00a0<\/strong>Admite entradas de video HDCVI\/AHD\/TVI\/CVBS\/IP.<\/p>\n<p><strong>\u00b7\u00a0<\/strong>Max 32 canales de entradas de c\u00e1mara IP, cada canal hasta 8MP; Ancho de banda entrante m\u00e1ximo de 128 Mbps.<\/p>\n<p><strong>\u00b7\u00a0<\/strong>Protecci\u00f3n perimetral de flujo de video de hasta 8 canales (canal anal\u00f3gico).<\/p>\n<p><strong>\u00b7\u00a0<\/strong>Transmisi\u00f3n de video de hasta 16 canales (canal anal\u00f3gico) SMD plus.<\/p>\n<p><strong>\u00b7\u00a0<\/strong>Hasta 2 canales de flujo de video (canal anal\u00f3gico) reconocimiento de rostro humano.<\/p>\n<p><strong>\u00b7\u00a0<\/strong>Funcionalidades IoT y POS.<\/p>\n<\/div>\n<\/div>\n","protected":false},"excerpt":{"rendered":"<p>Informaci\u00f3n general Dahua Technology, un proveedor de servicios y soluciones de IoT inteligente centrado en video l\u00edder en el mundo, present\u00f3 su nueva serie XVR, la serie XVR5000-I3 con SMD Plus de canal completo m\u00e1x. para beneficiar a los clientes de la actualizaci\u00f3n de IA&hellip;<\/p>\n","protected":false},"featured_media":2843,"comment_status":"open","ping_status":"closed","template":"","meta":{"om_disable_all_campaigns":false,"_monsterinsights_skip_tracking":false,"_monsterinsights_sitenote_active":false,"_monsterinsights_sitenote_note":"","_monsterinsights_sitenote_category":0},"product_brand":[],"product_cat":[174],"product_tag":[66,58,172,173],"class_list":{"0":"post-2844","1":"product","2":"type-product","3":"status-publish","4":"has-post-thumbnail","6":"product_cat-dvrs-hd-16-canales","7":"product_tag-dahua","8":"product_tag-dvr","9":"product_tag-dvr-dahua","10":"product_tag-videgrabadora-de-camaras","12":"first","13":"instock","14":"sale","15":"taxable","16":"shipping-taxable","17":"purchasable","18":"product-type-simple"},"aioseo_notices":[],"_links":{"self":[{"href":"https:\/\/tecsecmty.com\/index.php\/wp-json\/wp\/v2\/product\/2844","targetHints":{"allow":["GET"]}}],"collection":[{"href":"https:\/\/tecsecmty.com\/index.php\/wp-json\/wp\/v2\/product"}],"about":[{"href":"https:\/\/tecsecmty.com\/index.php\/wp-json\/wp\/v2\/types\/product"}],"replies":[{"embeddable":true,"href":"https:\/\/tecsecmty.com\/index.php\/wp-json\/wp\/v2\/comments?post=2844"}],"version-history":[{"count":0,"href":"https:\/\/tecsecmty.com\/index.php\/wp-json\/wp\/v2\/product\/2844\/revisions"}],"wp:featuredmedia":[{"embeddable":true,"href":"https:\/\/tecsecmty.com\/index.php\/wp-json\/wp\/v2\/media\/2843"}],"wp:attachment":[{"href":"https:\/\/tecsecmty.com\/index.php\/wp-json\/wp\/v2\/media?parent=2844"}],"wp:term":[{"taxonomy":"product_brand","embeddable":true,"href":"https:\/\/tecsecmty.com\/index.php\/wp-json\/wp\/v2\/product_brand?post=2844"},{"taxonomy":"product_cat","embeddable":true,"href":"https:\/\/tecsecmty.com\/index.php\/wp-json\/wp\/v2\/product_cat?post=2844"},{"taxonomy":"product_tag","embeddable":true,"href":"https:\/\/tecsecmty.com\/index.php\/wp-json\/wp\/v2\/product_tag?post=2844"}],"curies":[{"name":"wp","href":"https:\/\/api.w.org\/{rel}","templated":true}]}}