{"id":2846,"date":"2023-02-22T22:00:43","date_gmt":"2023-02-23T04:00:43","guid":{"rendered":"https:\/\/tecsecmty.com\/index.php\/producto\/dahua-dh-xvr7416l-4k-i3-dvr-de-16-canales-4k-wizsense-h-265-ia-4-bahias-de-discos-duros-16-canales-ip-6-canales-con-reconocimiento-facial-smd-plus-codificacion-ia-iotpos-xvrpro-lonue\/"},"modified":"2023-03-22T23:22:30","modified_gmt":"2023-03-23T05:22:30","slug":"dahua-dh-xvr7416l-4k-i3-dvr-de-16-canales-4k-wizsense-h-265-ia-4-bahias-de-discos-duros-16-canales-ip-6-canales-con-reconocimiento-facial-smd-plus-codificacion-ia-iotpos-xvrpro-lonue","status":"publish","type":"product","link":"https:\/\/tecsecmty.com\/index.php\/producto\/dahua-dh-xvr7416l-4k-i3-dvr-de-16-canales-4k-wizsense-h-265-ia-4-bahias-de-discos-duros-16-canales-ip-6-canales-con-reconocimiento-facial-smd-plus-codificacion-ia-iotpos-xvrpro-lonue\/","title":{"rendered":"DAHUA DH-XVR7416L-4K-I3 &#8211; DVR de 16 Canales 4k\/ WizSense\/ H.265+\/ IA\/ 4 Bah\u00edas de Discos Duros\/ +16 Canales IP\/ 6 Canales con Reconocimiento Facial\/ SMD Plus\/ Codificaci\u00f3n IA\/ IoT&amp;POS\/ #XVRPRO\/ #LoNuevo"},"content":{"rendered":"<div class=\"row aling-items-center padding-bottom-2x\">\n<div class=\"col-lg-12\">\n<h5 class=\"card-title text-center\">Informaci\u00f3n general<\/h5>\n<p class=\"ql-align-justify\">Dahua Technology, un proveedor de servicios y soluciones de IoT inteligente centrado en video l\u00edder en el mundo, present\u00f3 su nueva serie XVR, la serie XVR7000-4K-I3 con SMD Plus de canal completo m\u00e1x. para beneficiar a los clientes de la actualizaci\u00f3n de IA (la cantidad de canales difiere seg\u00fan en el modelo. Consulte las especificaciones a continuaci\u00f3n para obtener informaci\u00f3n sobre el n\u00famero de canales). Esta serie ha sido desarrollada para reducir las tasas de falsas alarmas y el costo de la vigilancia humana, brindando as\u00ed un gran valor a los clientes que buscan productos con alarmas precisas para humanos\/veh\u00edculos para elevar el nivel de seguridad de varias instalaciones interiores y exteriores.<\/p>\n<p><img decoding=\"async\" class=\"overview-center-img-web\" src=\"https:\/\/tvc.mx\/media\/570207\/DH-XVR7416L-4K-I3---DVR1-6-Canales-IP-4k-WizSense-H-baner-principal.png\" alt=\"DVR\" \/><\/div>\n<\/div>\n<div class=\"row align-items-center padding-bottom-2x\">\n<div class=\"col-md-5\"><img decoding=\"async\" class=\"d-block m-auto img-thumbnail\" src=\"https:\/\/tvc.mx\/media\/570219\/proteccion-perimetral-dahua.png\" alt=\" protecci\u00f3n\" \/><\/div>\n<div class=\"col-md-7 text-md-left text-center\">\n<h2>Protecci\u00f3n Perimetral<\/h2>\n<p class=\"text-muted\">\n<p class=\"ql-align-justify\">Filtra autom\u00e1ticamente las falsas alarmas causadas por animales, hojas susurrantes, luces brillantes, etc. Permite que el sistema act\u00fae como reconocimiento secundario de los objetivos. Mejora la precisi\u00f3n de la alarma.<\/p>\n<p>&nbsp;<\/p>\n<\/div>\n<\/div>\n<hr class=\"padding-bottom-2x\" \/>\n<div class=\"row align-items-center padding-bottom-2x\">\n<div class=\"col-md-5 order-md-2\"><img decoding=\"async\" class=\"d-block m-auto img-thumbnail\" src=\"https:\/\/tvc.mx\/media\/570239\/SMD-plus-Dahua.png\" alt=\" SMD M\u00e1s\" \/><\/div>\n<div class=\"col-md-7 order-md-1 text-md-left text-center\">\n<h2>SMD PLUS<\/h2>\n<p class=\"text-muted\">\n<p class=\"ql-align-justify\">Con un algoritmo inteligente, la tecnolog\u00eda de detecci\u00f3n de movimiento inteligente de Dahua puede categorizar los objetivos que activan la detecci\u00f3n de movimiento y filtrar la alarma de detecci\u00f3n de movimiento activada por objetivos no afectados para generar una alarma efectiva y precisa.<\/p>\n<p>&nbsp;<\/p>\n<\/div>\n<\/div>\n<hr class=\"padding-bottom-2x\" \/>\n<div class=\"row align-items-center padding-bottom-2x\">\n<div class=\"col-md-5\"><img decoding=\"async\" class=\"d-block m-auto img-thumbnail\" src=\"https:\/\/tvc.mx\/media\/570259\/Iluminadores-inteligentes-dahua.png\" alt=\" Iluminadores\" \/><\/div>\n<div class=\"col-md-7 text-md-left text-center\">\n<h2>Iluminadores duales inteligentes<\/h2>\n<p class=\"text-muted\">\n<p class=\"ql-align-justify\">Con la tecnolog\u00eda Smart Dual Illuminators, puede seleccionar el modo de iluminaci\u00f3n inteligente para que el sistema cambie autom\u00e1ticamente entre el modo IR y el modo de luz blanca. Permite que se encienda la luz blanca cuando la funci\u00f3n SMD Plus\/Protecci\u00f3n perimetral del XVR habilitado para IA detecta un objetivo. Esto reduce significativamente la contaminaci\u00f3n lum\u00ednica por la noche. Junto con otros modos, incluido el modo IR y el modo de luz blanca, la tecnolog\u00eda inteligente de iluminaci\u00f3n dual puede cumplir con los requisitos de una amplia variedad de escenas.<\/p>\n<p>&nbsp;<\/p>\n<\/div>\n<\/div>\n<hr class=\"padding-bottom-2x\" \/>\n<div class=\"row align-items-center padding-bottom-2x\">\n<div class=\"col-md-5 order-md-2\"><img decoding=\"async\" class=\"d-block m-auto img-thumbnail\" src=\"https:\/\/tvc.mx\/media\/570327\/DH-XVR07416-4KL-I3-DVR-16-Canales-IP-4k--WizSense--caracteristicas-principal.png\" alt=\" dvr\" \/><\/div>\n<div class=\"col-md-7 order-md-1 text-md-left text-center\">\n<h2>Caracter\u00edsticas Principales<\/h2>\n<p class=\"text-muted\">\n<p><strong>\u00b7\u00a0<\/strong>Compresi\u00f3n de video de flujo dual H.265+\/H.265.<\/p>\n<p><strong>\u00b7\u00a0<\/strong>Admite codificaci\u00f3n AI de 16 canales.<\/p>\n<p><strong>\u00b7\u00a0<\/strong>Admite entradas de video HDCVI\/AHD\/TVI\/CVBS\/IP.<\/p>\n<p><strong>\u00b7\u00a0<\/strong>Max 32 canales de entradas de c\u00e1mara IP, cada canal hasta 12MP; Ancho de banda entrante m\u00e1ximo de 128 Mbps.<\/p>\n<p><strong>\u00b7\u00a0<\/strong>Protecci\u00f3n perimetral de transmisi\u00f3n de video de hasta 12 canales (canal anal\u00f3gico).<\/p>\n<p><strong>\u00b7\u00a0<\/strong>Transmisi\u00f3n de video de hasta 16 canales (canal anal\u00f3gico) SMD plus.<\/p>\n<p><strong>\u00b7\u00a0<\/strong>Hasta 6 canales de flujo de video (canal anal\u00f3gico) reconocimiento de rostro humano.<\/p>\n<p><strong>\u00b7\u00a0<\/strong>Funcionalidades IoT y POS.<\/p>\n<p>&nbsp;<\/p>\n<\/div>\n<\/div>\n<hr class=\"padding-bottom-2x\" \/>\n<div class=\"row align-items-center padding-bottom-2x\">\n<div class=\"col-md-5\"><img decoding=\"async\" class=\"d-block m-auto img-thumbnail\" src=\"https:\/\/tvc.mx\/media\/570331\/DH-XVR7416-4KL-I3-DVR-16-Canales-IP-4k--WizSense--Especificaciones-tecnicas.png\" alt=\" Dimensiones\" \/><\/div>\n<div class=\"col-md-7 text-md-left text-center\">\n<h2>Especificaciones T\u00e9cnicas<\/h2>\n<p class=\"text-muted\">\n<p>Procesador de grado industrial<\/p>\n<p>Linux integrado<\/p>\n<p>Interfaz de operaci\u00f3n: Web, interfaz gr\u00e1fica dde usuario local}<\/p>\n<p>Detecci\u00f3n de rostro: genero; grupo de edad; lentes; expresiones; mascarilla; barba<\/p>\n<p>6 canales (hasta 112 imagenes de cara\/s)<\/p>\n<\/div>\n<\/div>\n","protected":false},"excerpt":{"rendered":"<p>Informaci\u00f3n general Dahua Technology, un proveedor de servicios y soluciones de IoT inteligente centrado en video l\u00edder en el mundo, present\u00f3 su nueva serie XVR, la serie XVR7000-4K-I3 con SMD Plus de canal completo m\u00e1x. para beneficiar a los clientes de la actualizaci\u00f3n de IA&hellip;<\/p>\n","protected":false},"featured_media":2845,"comment_status":"open","ping_status":"closed","template":"","meta":{"om_disable_all_campaigns":false,"_monsterinsights_skip_tracking":false,"_monsterinsights_sitenote_active":false,"_monsterinsights_sitenote_note":"","_monsterinsights_sitenote_category":0},"product_brand":[],"product_cat":[174],"product_tag":[66,58,172,173],"class_list":{"0":"post-2846","1":"product","2":"type-product","3":"status-publish","4":"has-post-thumbnail","6":"product_cat-dvrs-hd-16-canales","7":"product_tag-dahua","8":"product_tag-dvr","9":"product_tag-dvr-dahua","10":"product_tag-videgrabadora-de-camaras","12":"first","13":"instock","14":"sale","15":"taxable","16":"shipping-taxable","17":"purchasable","18":"product-type-simple"},"aioseo_notices":[],"_links":{"self":[{"href":"https:\/\/tecsecmty.com\/index.php\/wp-json\/wp\/v2\/product\/2846","targetHints":{"allow":["GET"]}}],"collection":[{"href":"https:\/\/tecsecmty.com\/index.php\/wp-json\/wp\/v2\/product"}],"about":[{"href":"https:\/\/tecsecmty.com\/index.php\/wp-json\/wp\/v2\/types\/product"}],"replies":[{"embeddable":true,"href":"https:\/\/tecsecmty.com\/index.php\/wp-json\/wp\/v2\/comments?post=2846"}],"version-history":[{"count":0,"href":"https:\/\/tecsecmty.com\/index.php\/wp-json\/wp\/v2\/product\/2846\/revisions"}],"wp:featuredmedia":[{"embeddable":true,"href":"https:\/\/tecsecmty.com\/index.php\/wp-json\/wp\/v2\/media\/2845"}],"wp:attachment":[{"href":"https:\/\/tecsecmty.com\/index.php\/wp-json\/wp\/v2\/media?parent=2846"}],"wp:term":[{"taxonomy":"product_brand","embeddable":true,"href":"https:\/\/tecsecmty.com\/index.php\/wp-json\/wp\/v2\/product_brand?post=2846"},{"taxonomy":"product_cat","embeddable":true,"href":"https:\/\/tecsecmty.com\/index.php\/wp-json\/wp\/v2\/product_cat?post=2846"},{"taxonomy":"product_tag","embeddable":true,"href":"https:\/\/tecsecmty.com\/index.php\/wp-json\/wp\/v2\/product_tag?post=2846"}],"curies":[{"name":"wp","href":"https:\/\/api.w.org\/{rel}","templated":true}]}}